{"id":4473,"date":"2025-07-29T17:00:03","date_gmt":"2025-07-29T09:00:03","guid":{"rendered":"https:\/\/www.moonepc.com\/?post_type=product&#038;p=4473"},"modified":"2025-09-23T14:02:28","modified_gmt":"2025-09-23T06:02:28","slug":"nj-series-screw-compressor-condensing-unit","status":"publish","type":"product","link":"https:\/\/www.moonepc.com\/es\/nj-series-screw-compressor-condensing-unit\/","title":{"rendered":"Unidad de condensaci\u00f3n del compresor de tornillo de la serie NJ"},"content":{"rendered":"<p>&nbsp;<\/p>\n<div class=\"host-lopnbnfpjmgpbppclhclehhgafnifija\" style=\"position: relative; z-index: 2147483647;\"><\/div>","protected":false},"excerpt":{"rendered":"<p>Temperatura del agua de entrada: 19-33\u2103<\/p>\n<p>Temperatura de evaporaci\u00f3n (serie Z): -23-0 \u2103<\/p>\n<p>Temperatura de evaporaci\u00f3n (serie D2): -46-20 \u2103<\/p>\n<p>Temperatura del aceite: 30-65\u2103<\/p>\n<p>Condiciones de aplicaci\u00f3n: la serie Z est\u00e1 dise\u00f1ada para condiciones de alta temperatura, mientras que la serie D2 es para condiciones de baja temperatura.<\/p>\n<div class=\"host-lopnbnfpjmgpbppclhclehhgafnifija\" style=\"position: relative; z-index: 2147483647;\"><\/div>","protected":false},"featured_media":4474,"comment_status":"closed","ping_status":"closed","template":"","meta":[],"product_brand":[],"product_cat":[74,75],"product_tag":[],"class_list":{"0":"post-4473","1":"product","2":"type-product","3":"status-publish","4":"has-post-thumbnail","6":"product_cat-chiller","7":"product_cat-compressor-condensing-unit","9":"first","10":"instock","11":"shipping-taxable","12":"product-type-simple"},"_links":{"self":[{"href":"https:\/\/www.moonepc.com\/es\/wp-json\/wp\/v2\/product\/4473","targetHints":{"allow":["GET"]}}],"collection":[{"href":"https:\/\/www.moonepc.com\/es\/wp-json\/wp\/v2\/product"}],"about":[{"href":"https:\/\/www.moonepc.com\/es\/wp-json\/wp\/v2\/types\/product"}],"replies":[{"embeddable":true,"href":"https:\/\/www.moonepc.com\/es\/wp-json\/wp\/v2\/comments?post=4473"}],"wp:featuredmedia":[{"embeddable":true,"href":"https:\/\/www.moonepc.com\/es\/wp-json\/wp\/v2\/media\/4474"}],"wp:attachment":[{"href":"https:\/\/www.moonepc.com\/es\/wp-json\/wp\/v2\/media?parent=4473"}],"wp:term":[{"taxonomy":"product_brand","embeddable":true,"href":"https:\/\/www.moonepc.com\/es\/wp-json\/wp\/v2\/product_brand?post=4473"},{"taxonomy":"product_cat","embeddable":true,"href":"https:\/\/www.moonepc.com\/es\/wp-json\/wp\/v2\/product_cat?post=4473"},{"taxonomy":"product_tag","embeddable":true,"href":"https:\/\/www.moonepc.com\/es\/wp-json\/wp\/v2\/product_tag?post=4473"}],"curies":[{"name":"WP","href":"https:\/\/api.w.org\/{rel}","templated":true}]}}