{"id":4475,"date":"2025-07-29T17:08:51","date_gmt":"2025-07-29T09:08:51","guid":{"rendered":"https:\/\/www.moonepc.com\/?post_type=product&#038;p=4475"},"modified":"2025-09-23T14:04:50","modified_gmt":"2025-09-23T06:04:50","slug":"flooded-low-temperature-brine-chiller","status":"publish","type":"product","link":"https:\/\/www.moonepc.com\/es\/flooded-low-temperature-brine-chiller\/","title":{"rendered":"Enfriador de salmuera de baja temperatura inundado"},"content":{"rendered":"<table>\n<tbody>\n<tr>\n<td colspan=\"2\" width=\"189\">Art\u00edculo<\/td>\n<td width=\"56\">Unidad<\/td>\n<td width=\"118\">YS12MZMSA(B)<\/td>\n<td width=\"117\">YS16MZMSA(B)<\/td>\n<td width=\"120\">YS20MZMSA(B)<\/td>\n<\/tr>\n<tr>\n<td colspan=\"2\" width=\"189\">Capacidad de refrigeraci\u00f3n<\/td>\n<td width=\"56\">KW<\/td>\n<td width=\"118\">168.2<\/td>\n<td width=\"117\">367<\/td>\n<td width=\"120\">704.4<\/td>\n<\/tr>\n<tr>\n<td colspan=\"2\" width=\"189\">Variedades de agua refrigerada<\/td>\n<td width=\"56\"><\/td>\n<td colspan=\"3\" width=\"357\">Soluci\u00f3n en agua de etilenglicol y soluci\u00f3n en agua de cloruro de calcio<\/td>\n<\/tr>\n<tr>\n<td colspan=\"2\" width=\"189\">Rango de control de capacidad<\/td>\n<td width=\"56\">%<\/td>\n<td colspan=\"3\" width=\"357\">15 a 100<\/td>\n<\/tr>\n<tr>\n<td rowspan=\"3\" width=\"69\">Refrigerante<\/td>\n<td width=\"120\">Variedades<\/td>\n<td width=\"56\"><\/td>\n<td colspan=\"3\" width=\"357\">R22<\/td>\n<\/tr>\n<tr>\n<td width=\"120\">Carga<\/td>\n<td width=\"56\">kilogramos<\/td>\n<td width=\"118\">~\u00a0200\/200<\/td>\n<td width=\"117\">~\u00a0330\/330<\/td>\n<td width=\"120\">~\u00a0600\/530<\/td>\n<\/tr>\n<tr>\n<td width=\"120\">Est\u00e1ndar<\/td>\n<td width=\"56\"><\/td>\n<td colspan=\"3\" width=\"357\">GB7373 CHClF2 industrial (F22)<\/td>\n<\/tr>\n<tr>\n<td rowspan=\"3\" width=\"69\">Refrigerante<\/p>\n<p>aceite<\/td>\n<td width=\"120\">Marca<\/td>\n<td width=\"56\"><\/td>\n<td colspan=\"3\" width=\"357\">El M-K4001<\/td>\n<\/tr>\n<tr>\n<td width=\"120\">Carga<\/td>\n<td width=\"56\">l<\/td>\n<td width=\"118\">~\u00a0110<\/td>\n<td width=\"117\">~\u00a0160<\/td>\n<td width=\"120\">~\u00a0370<\/td>\n<\/tr>\n<tr>\n<td width=\"120\">Est\u00e1ndar<\/td>\n<td width=\"56\"><\/td>\n<td colspan=\"3\" width=\"357\">\u00a0Q\/YB00J08.21.1 Aceite congelado (tipo mineral)<\/td>\n<\/tr>\n<tr>\n<td colspan=\"2\" width=\"189\">Modelo de compresor<\/td>\n<td width=\"56\"><\/td>\n<td width=\"118\">LG12M<\/td>\n<td width=\"117\">LG16M<\/td>\n<td width=\"120\">LG20M<\/td>\n<\/tr>\n<tr>\n<td colspan=\"2\" width=\"189\">Potencia nominal del motor<\/td>\n<td width=\"56\">KW<\/td>\n<td width=\"118\">65<\/td>\n<td width=\"117\">132<\/td>\n<td width=\"120\">250<\/td>\n<\/tr>\n<tr>\n<td colspan=\"2\" width=\"189\">Sistema el\u00e9ctrico<\/td>\n<td width=\"56\"><\/td>\n<td colspan=\"3\" width=\"357\">3P 380V 50HZ<\/td>\n<\/tr>\n<tr>\n<td rowspan=\"5\" width=\"69\">Condensador<\/td>\n<td width=\"120\">Tipo<\/td>\n<td width=\"56\"><\/td>\n<td colspan=\"3\" width=\"357\">Tubo de concha<\/td>\n<\/tr>\n<tr>\n<td width=\"120\">Temperatura de entrada de agua<\/td>\n<td width=\"56\">\u2103<\/td>\n<td colspan=\"3\" width=\"357\">30<\/td>\n<\/tr>\n<tr>\n<td width=\"120\">Circulaci\u00f3n de agua de enfriamiento<\/p>\n<p>volumen<\/td>\n<td width=\"56\">m3\/h<\/td>\n<td width=\"118\">40<\/td>\n<td width=\"117\">85<\/td>\n<td width=\"120\">155<\/td>\n<\/tr>\n<tr>\n<td width=\"120\">entrada de agua de enfriamiento y<\/p>\n<p>di\u00e1metro del tubo de salida<\/td>\n<td width=\"56\">&nbsp;<\/p>\n<p>mm (mm)<\/td>\n<td width=\"118\">&nbsp;<\/p>\n<p>DN80<\/td>\n<td width=\"117\">&nbsp;<\/p>\n<p>DN125<\/td>\n<td width=\"120\">&nbsp;<\/p>\n<p>DN150<\/td>\n<\/tr>\n<tr>\n<td width=\"120\">Presi\u00f3n de dise\u00f1o del lado del agua de enfriamiento<\/td>\n<td width=\"56\">&nbsp;<\/p>\n<p>de MPa<\/td>\n<td colspan=\"3\" width=\"357\">0.6<\/td>\n<\/tr>\n<\/tbody>\n<\/table>\n<p>&nbsp;<\/p>\n<table>\n<tbody>\n<tr>\n<td colspan=\"2\" width=\"189\">Art\u00edculo<\/td>\n<td width=\"56\">Unidad<\/td>\n<td width=\"118\">YS12MZMSA(B)<\/td>\n<td width=\"117\">YS16MZMSA(B)<\/td>\n<td width=\"120\">YS20MZMSA(B)<\/td>\n<\/tr>\n<tr>\n<td rowspan=\"5\" width=\"69\">&nbsp;<\/p>\n<p>&nbsp;<\/p>\n<p>&nbsp;<\/p>\n<p>&nbsp;<\/p>\n<p>&nbsp;<\/p>\n<p>Evaporador<\/td>\n<td width=\"120\">Tipo<\/td>\n<td width=\"56\"><\/td>\n<td colspan=\"3\" width=\"357\">Tipo inundado<\/td>\n<\/tr>\n<tr>\n<td width=\"120\">Agua de salida<\/p>\n<p>temperatura<\/td>\n<td width=\"56\">\u2103<\/td>\n<td colspan=\"3\" width=\"357\">-5<\/td>\n<\/tr>\n<tr>\n<td width=\"120\">Circulaci\u00f3n de agua refrigerada<\/p>\n<p>volumen<\/td>\n<td width=\"56\">&nbsp;<\/p>\n<p>&nbsp;<\/td>\n<td width=\"118\">35\/36<\/td>\n<td width=\"117\">70\/75<\/td>\n<td width=\"120\">135\/140<\/td>\n<\/tr>\n<tr>\n<td width=\"120\">Di\u00e1metro de deriva de entrada y salida de agua refrigerada<\/td>\n<td width=\"56\">&nbsp;<\/p>\n<p>mm (mm)<\/td>\n<td width=\"118\">&nbsp;<\/p>\n<p>DN80<\/td>\n<td width=\"117\">&nbsp;<\/p>\n<p>DN125<\/td>\n<td width=\"120\">&nbsp;<\/p>\n<p>DN150<\/td>\n<\/tr>\n<tr>\n<td width=\"120\">Presi\u00f3n de dise\u00f1o lateral de agua refrigerada<\/td>\n<td width=\"56\">&nbsp;<\/p>\n<p>de MPa<\/td>\n<td colspan=\"3\" width=\"357\">0.6<\/td>\n<\/tr>\n<tr>\n<td colspan=\"2\" width=\"189\">Factor de contaminaci\u00f3n del agua enfriada y el enfriamiento<\/p>\n<p>agua<\/td>\n<td width=\"56\">m2.k\/kw<\/td>\n<td colspan=\"3\" width=\"357\">0.086<\/td>\n<\/tr>\n<tr>\n<td colspan=\"2\" width=\"189\">Resistencia del condensador y evaporador<\/p>\n<p>en el camino del agua<\/td>\n<td width=\"56\">&nbsp;<\/p>\n<p>de MPa<\/td>\n<td colspan=\"3\" width=\"357\">\u2264 0,1<\/td>\n<\/tr>\n<tr>\n<td colspan=\"2\" width=\"189\">Est\u00e1ndar de calidad del agua de refrigeraci\u00f3n<\/td>\n<td width=\"56\"><\/td>\n<td colspan=\"3\" width=\"357\">GB50050 C\u00f3digo para el Dise\u00f1o de Tratamiento de Agua de Enfriamiento Recirculante Industrial<\/td>\n<\/tr>\n<tr>\n<td colspan=\"2\" width=\"189\">Dimensi\u00f3n del contorno (L * W * H)<\/td>\n<td width=\"56\">mm (mm)<\/td>\n<td width=\"118\">~\u00a03049*1886*1912<\/td>\n<td width=\"117\">~\u00a03178*2265*2217<\/td>\n<td width=\"120\">~\u00a03836*2435*2398\/<\/p>\n<p>~\u00a03763*2374*2302<\/td>\n<\/tr>\n<tr>\n<td colspan=\"2\" width=\"189\">Peso neto<\/td>\n<td width=\"56\">kilogramos<\/td>\n<td width=\"118\">~\u00a03750<\/td>\n<td width=\"117\">~\u00a05000<\/td>\n<td width=\"120\">~\u00a07000<\/td>\n<\/tr>\n<\/tbody>\n<\/table>\n<p>Nota:<br \/>\nLa temperatura de entrada y la temperatura de salida del agua es de 5 &#8220; \u2103 ; la temperatura de salida del agua refrigerada es -5 &#8220;  \u2103 y la diferencia entre la temperatura de entrada de agua y la temperatura de salida de agua es 5c.<\/p>\n<p>\u2461 El caudal de refrigerante secundario en la tabla se calcula de acuerdo con la concentraci\u00f3n en masa del 35% de soluci\u00f3n acuosa de etilenglicol y la concentraci\u00f3n en masa del 20,9% de soluci\u00f3n acuosa de cloruro de calcio.<\/p>\n<p>\u2462  En caso de uso de otros refrigerantes secundarios, el volumen de circulaci\u00f3n del agua refrigerada se recalcula seg\u00fan sus par\u00e1metros de propiedades f\u00edsicas.<\/p>\n<p>\u2463 En las tablas anteriores, el elemento antes\/denota una unidad de etilenglicol y el elemento despu\u00e9s\/denota una unidad de cloruro de calcio.<\/p>\n<div class=\"host-lopnbnfpjmgpbppclhclehhgafnifija\" style=\"position: relative; z-index: 2147483647;\"><\/div>","protected":false},"excerpt":{"rendered":"<p>Tipo de condensador: refrigerado por agua de c\u00e1scara y tubo, condensador de intercambiador de calor de placa, condensador evaporativo<\/p>\n<p>Tipo de evaporador: Tipo inundado<\/p>\n<p>Refrigerante: R134a, R507, etc.<\/p>\n<p>Temperatura del agua de salida: -5-35\u2103<\/p>\n<p>Refrigerante secundario: soluci\u00f3n de etilenglicol, soluci\u00f3n de cloruro de calcio, etc.<\/p>\n<p>Tipo de compresor: Compresores de serie semiherm\u00e9ticos de una sola etapa de tipo abierto, de unidad \u00fanica de tipo abierto de dos etapas, de unidad doble de tipo abierto de dos etapas<\/p>\n<div class=\"host-lopnbnfpjmgpbppclhclehhgafnifija\" style=\"position: relative; z-index: 2147483647;\"><\/div>","protected":false},"featured_media":5207,"comment_status":"closed","ping_status":"closed","template":"","meta":[],"product_brand":[],"product_cat":[74,76],"product_tag":[],"class_list":{"0":"post-4475","1":"product","2":"type-product","3":"status-publish","4":"has-post-thumbnail","6":"product_cat-chiller","7":"product_cat-low-temperature-brine-chiller","9":"first","10":"instock","11":"shipping-taxable","12":"product-type-simple"},"_links":{"self":[{"href":"https:\/\/www.moonepc.com\/es\/wp-json\/wp\/v2\/product\/4475","targetHints":{"allow":["GET"]}}],"collection":[{"href":"https:\/\/www.moonepc.com\/es\/wp-json\/wp\/v2\/product"}],"about":[{"href":"https:\/\/www.moonepc.com\/es\/wp-json\/wp\/v2\/types\/product"}],"replies":[{"embeddable":true,"href":"https:\/\/www.moonepc.com\/es\/wp-json\/wp\/v2\/comments?post=4475"}],"wp:featuredmedia":[{"embeddable":true,"href":"https:\/\/www.moonepc.com\/es\/wp-json\/wp\/v2\/media\/5207"}],"wp:attachment":[{"href":"https:\/\/www.moonepc.com\/es\/wp-json\/wp\/v2\/media?parent=4475"}],"wp:term":[{"taxonomy":"product_brand","embeddable":true,"href":"https:\/\/www.moonepc.com\/es\/wp-json\/wp\/v2\/product_brand?post=4475"},{"taxonomy":"product_cat","embeddable":true,"href":"https:\/\/www.moonepc.com\/es\/wp-json\/wp\/v2\/product_cat?post=4475"},{"taxonomy":"product_tag","embeddable":true,"href":"https:\/\/www.moonepc.com\/es\/wp-json\/wp\/v2\/product_tag?post=4475"}],"curies":[{"name":"WP","href":"https:\/\/api.w.org\/{rel}","templated":true}]}}