{"id":4482,"date":"2025-07-29T17:24:11","date_gmt":"2025-07-29T09:24:11","guid":{"rendered":"https:\/\/www.moonepc.com\/?post_type=product&#038;p=4482"},"modified":"2025-09-23T13:48:16","modified_gmt":"2025-09-23T05:48:16","slug":"siphon-type-low-temperature-brine-chiller","status":"publish","type":"product","link":"https:\/\/www.moonepc.com\/es\/siphon-type-low-temperature-brine-chiller\/","title":{"rendered":"Chiller de salmuera de baja temperatura de tipo sif\u00f3n"},"content":{"rendered":"<table style=\"width: 100%; height: 897px;\">\n<tbody>\n<tr style=\"height: 24px;\">\n<td style=\"width: 45.813%; height: 24px;\" colspan=\"3\" width=\"245\">Art\u00edculo<\/td>\n<td style=\"width: 12.2541%; height: 24px;\" width=\"47\">Unidad<\/td>\n<td style=\"width: 19.7745%; height: 24px;\" width=\"155\">YS16MZHSA(B)<\/td>\n<td style=\"width: 27.6768%; height: 24px;\" width=\"154\">YS20MZHSA(B)<\/td>\n<\/tr>\n<tr style=\"height: 24px;\">\n<td style=\"width: 45.813%; height: 24px;\" colspan=\"3\" width=\"245\">Capacidad de refrigeraci\u00f3n<\/td>\n<td style=\"width: 12.2541%; height: 24px;\" width=\"47\">potencia kW<\/td>\n<td style=\"width: 19.7745%; height: 24px;\" width=\"155\">377<\/td>\n<td style=\"width: 27.6768%; height: 24px;\" width=\"154\">732<\/td>\n<\/tr>\n<tr style=\"height: 72px;\">\n<td style=\"width: 45.813%; height: 72px;\" colspan=\"3\" width=\"245\">Variedades de refrigerantes secundarios<\/td>\n<td style=\"width: 12.2541%; height: 72px;\" width=\"47\"><\/td>\n<td style=\"width: 47.4513%; height: 72px;\" colspan=\"2\" width=\"309\">Soluci\u00f3n en agua de etilenglicol\/soluci\u00f3n en agua de cloruro de calcio<\/td>\n<\/tr>\n<tr style=\"height: 48px;\">\n<td style=\"width: 45.813%; height: 48px;\" colspan=\"3\" width=\"245\">Modo de control de capacidad<\/td>\n<td style=\"width: 12.2541%; height: 48px;\" width=\"47\"><\/td>\n<td style=\"width: 47.4513%; height: 48px;\" colspan=\"2\" width=\"309\">Autom\u00e1tico remoto\/autom\u00e1tico local<\/td>\n<\/tr>\n<tr style=\"height: 24px;\">\n<td style=\"width: 45.813%; height: 24px;\" colspan=\"3\" width=\"245\">Rango de control de capacidad<\/td>\n<td style=\"width: 12.2541%; height: 24px;\" width=\"47\">%<\/td>\n<td style=\"width: 47.4513%; height: 24px;\" colspan=\"2\" width=\"309\">15 a 100<\/td>\n<\/tr>\n<tr style=\"height: 24px;\">\n<td style=\"text-align: left; width: 23.5564%; height: 96px;\" colspan=\"2\" rowspan=\"3\" width=\"100\">Refrigerante<\/td>\n<td style=\"width: 22.2566%; height: 24px;\" width=\"111\">Variedades<\/td>\n<td style=\"width: 12.2541%; height: 24px;\" width=\"47\"><\/td>\n<td style=\"width: 47.4513%; height: 24px;\" colspan=\"2\" width=\"309\">R717<\/td>\n<\/tr>\n<tr style=\"height: 24px;\">\n<td style=\"width: 22.2566%; height: 24px;\" width=\"111\">Carga<\/td>\n<td style=\"width: 12.2541%; height: 24px;\" width=\"47\">kilogramos<\/td>\n<td style=\"width: 19.7745%; height: 24px;\" width=\"155\">~220<\/td>\n<td style=\"width: 27.6768%; height: 24px;\" width=\"154\">~380<\/td>\n<\/tr>\n<tr style=\"height: 48px;\">\n<td style=\"width: 22.2566%; height: 48px;\" width=\"111\">Est\u00e1ndar<\/td>\n<td style=\"width: 12.2541%; height: 48px;\" width=\"47\"><\/td>\n<td style=\"width: 47.4513%; height: 48px;\" colspan=\"2\" width=\"309\">GB536 Amoniaco anhidro licuado<\/td>\n<\/tr>\n<tr style=\"height: 24px;\">\n<td style=\"width: 23.5564%; height: 72px;\" colspan=\"2\" rowspan=\"3\" width=\"133\">Aceite refrigerante<\/td>\n<td style=\"width: 22.2566%; height: 24px;\" width=\"111\">Marca<\/td>\n<td style=\"width: 12.2541%; height: 24px;\" width=\"47\"><\/td>\n<td style=\"width: 47.4513%; height: 24px;\" colspan=\"2\" width=\"309\">El M-K4001<\/td>\n<\/tr>\n<tr style=\"height: 24px;\">\n<td style=\"width: 22.2566%; height: 24px;\" width=\"111\">Carga<\/td>\n<td style=\"width: 12.2541%; height: 24px;\" width=\"47\">Yo<\/td>\n<td style=\"width: 19.7745%; height: 24px;\" width=\"155\">~160<\/td>\n<td style=\"width: 27.6768%; height: 24px;\" width=\"154\">~370<\/td>\n<\/tr>\n<tr style=\"height: 24px;\">\n<td style=\"width: 22.2566%; height: 24px;\" width=\"111\">Est\u00e1ndar<\/td>\n<td style=\"width: 12.2541%; height: 24px;\" width=\"47\"><\/td>\n<td style=\"width: 47.4513%; height: 24px;\" colspan=\"2\" width=\"309\">P\/YB00J08.21.1-2011<\/td>\n<\/tr>\n<tr style=\"height: 24px;\">\n<td style=\"width: 45.813%; height: 24px;\" colspan=\"3\" width=\"245\">Modelo de compresor<\/td>\n<td style=\"width: 12.2541%; height: 24px;\" width=\"47\"><\/td>\n<td style=\"width: 19.7745%; height: 24px;\" width=\"155\">LG16M<\/td>\n<td style=\"width: 27.6768%; height: 24px;\" width=\"154\">LG20M<\/td>\n<\/tr>\n<tr style=\"height: 24px;\">\n<td style=\"width: 45.813%; height: 24px;\" colspan=\"3\" width=\"245\">Economizador<\/td>\n<td style=\"width: 12.2541%; height: 24px;\" width=\"47\"><\/td>\n<td style=\"width: 47.4513%; height: 24px;\" colspan=\"2\" width=\"309\">Sin N O<\/td>\n<\/tr>\n<tr style=\"height: 24px;\">\n<td style=\"width: 45.813%; height: 24px;\" colspan=\"3\" width=\"245\">Potencia nominal del motor<\/td>\n<td style=\"width: 12.2541%; height: 24px;\" width=\"47\">potencia kW<\/td>\n<td style=\"width: 19.7745%; height: 24px;\" width=\"155\">132<\/td>\n<td style=\"width: 27.6768%; height: 24px;\" width=\"154\">250<\/td>\n<\/tr>\n<tr style=\"height: 24px;\">\n<td style=\"width: 45.813%; height: 24px;\" colspan=\"3\" width=\"245\">Sistema el\u00e9ctrico\/Clase de protecci\u00f3n<\/td>\n<td style=\"width: 12.2541%; height: 24px;\" width=\"47\"><\/td>\n<td style=\"width: 47.4513%; height: 24px;\" colspan=\"2\" width=\"309\">3N 50Hz 380V \/ IP23<\/td>\n<\/tr>\n<tr style=\"height: 24px;\">\n<td style=\"width: 45.813%; height: 24px;\" colspan=\"3\" width=\"245\">Tipo de condensador<\/td>\n<td style=\"width: 12.2541%; height: 24px;\" width=\"47\"><\/td>\n<td style=\"width: 47.4513%; height: 24px;\" colspan=\"2\" width=\"309\">Tubo de concha<\/td>\n<\/tr>\n<tr style=\"height: 24px;\">\n<td style=\"width: 14.0929%; height: 210px;\" rowspan=\"4\" width=\"59\">Condensador de c\u00e1scara y tubo<\/td>\n<td style=\"width: 31.7201%; height: 24px;\" colspan=\"2\" width=\"185\">Temperatura de entrada de agua<\/td>\n<td style=\"width: 12.2541%; height: 24px;\" width=\"47\">\u2103<\/td>\n<td style=\"width: 47.4513%; height: 24px;\" colspan=\"2\" width=\"309\">30<\/td>\n<\/tr>\n<tr style=\"height: 48px;\">\n<td style=\"width: 31.7201%; height: 48px;\" colspan=\"2\" width=\"185\">Volumen de circulaci\u00f3n de agua de enfriamiento<\/td>\n<td style=\"width: 12.2541%; height: 48px;\" width=\"47\">m\u00b3\/h<\/td>\n<td style=\"width: 19.7745%; height: 48px;\" width=\"155\">83<\/td>\n<td style=\"width: 27.6768%; height: 48px; text-align: left;\" width=\"154\">161<\/td>\n<\/tr>\n<tr style=\"height: 90px;\">\n<td style=\"width: 31.7201%; height: 90px;\" colspan=\"2\" width=\"185\">Di\u00e1metro de la tuber\u00eda de entrada y salida de agua de enfriamiento<\/td>\n<td style=\"width: 12.2541%; height: 90px;\" width=\"47\">&nbsp;<\/p>\n<p>mm (mm)<\/td>\n<td style=\"width: 19.7745%; height: 90px;\" width=\"155\">&nbsp;<\/p>\n<p>DN125<\/td>\n<td style=\"width: 27.6768%; height: 90px;\" width=\"154\">&nbsp;<\/p>\n<p>DN200<\/td>\n<\/tr>\n<tr style=\"height: 48px;\">\n<td style=\"width: 31.7201%; height: 48px;\" colspan=\"2\" width=\"185\">Presi\u00f3n de dise\u00f1o del lado del agua de enfriamiento<\/td>\n<td style=\"width: 12.2541%; height: 48px;\" width=\"47\">de MPa<\/td>\n<td style=\"width: 47.4513%; height: 48px;\" colspan=\"2\" width=\"309\">0.6<\/td>\n<\/tr>\n<tr style=\"height: 26px;\">\n<td style=\"width: 14.0929%; height: 78px;\" rowspan=\"3\" width=\"59\">l\u00edquido<\/p>\n<p>receptor<\/td>\n<td style=\"width: 31.7201%; height: 26px;\" colspan=\"2\" width=\"185\">\u00a0Volumen<\/td>\n<td style=\"width: 12.2541%; height: 26px;\" width=\"47\">m\u00b3<\/td>\n<td style=\"width: 19.7745%; height: 26px;\" width=\"155\">0.8<\/td>\n<td style=\"width: 27.6768%; height: 26px;\" width=\"154\">1.4<\/td>\n<\/tr>\n<tr style=\"height: 26px;\">\n<td style=\"width: 31.7201%; height: 26px;\" colspan=\"2\" width=\"185\">Di\u00e1metro del tubo de entrada de l\u00edquido<\/td>\n<td style=\"width: 12.2541%; height: 26px;\" width=\"47\">mm (mm)<\/td>\n<td style=\"width: 19.7745%; height: 26px;\" width=\"155\">DN50<\/td>\n<td style=\"width: 27.6768%; height: 26px;\" width=\"154\">DN65<\/td>\n<\/tr>\n<tr style=\"height: 26px;\">\n<td style=\"width: 31.7201%; height: 26px;\" colspan=\"2\" width=\"185\">Di\u00e1metro de la tuber\u00eda de salida de gas<\/td>\n<td style=\"width: 12.2541%; height: 26px;\" width=\"47\">mm (mm)<\/td>\n<td style=\"width: 19.7745%; height: 26px;\" width=\"155\">DN50<\/td>\n<td style=\"width: 27.6768%; height: 26px;\" width=\"154\">DN65<\/td>\n<\/tr>\n<\/tbody>\n<\/table>\n<p>&nbsp;<\/p>\n<table>\n<tbody>\n<tr>\n<td colspan=\"3\" width=\"245\">\u00a0ltem<\/td>\n<td width=\"48\">Unidad<\/td>\n<td width=\"155\">YS16MZHSA(B)<\/td>\n<td width=\"154\">YS20MZHSA(B)<\/td>\n<\/tr>\n<tr>\n<td rowspan=\"4\" width=\"59\">&nbsp;<\/p>\n<p>Evaporador<\/td>\n<td colspan=\"2\" width=\"185\">Tipo<\/td>\n<td width=\"48\"><\/td>\n<td colspan=\"2\" width=\"309\">Tipo de sifonamiento<\/td>\n<\/tr>\n<tr>\n<td colspan=\"2\" width=\"185\">Volumen de circulaci\u00f3n de refrigerante secundario<\/td>\n<td width=\"48\">m\u00b3\/h<\/td>\n<td width=\"155\">78<\/td>\n<td width=\"154\">151<\/td>\n<\/tr>\n<tr>\n<td colspan=\"2\" width=\"185\">Di\u00e1metro de deriva de entrada y salida de refrigerante secundario<\/td>\n<td width=\"48\">mm (mm)<\/td>\n<td width=\"155\">&nbsp;<\/p>\n<p>DN125<\/td>\n<td width=\"154\">&nbsp;<\/p>\n<p>DN150<\/td>\n<\/tr>\n<tr>\n<td colspan=\"2\" width=\"185\">Presi\u00f3n de dise\u00f1o del lado del refrigerante secundario<\/td>\n<td width=\"48\">de MPa<\/td>\n<td colspan=\"2\" width=\"309\">0.6<\/td>\n<\/tr>\n<tr>\n<td rowspan=\"2\" width=\"59\">&nbsp;<\/p>\n<p>Enfriador de aceite<\/td>\n<td colspan=\"2\" width=\"185\">\u00a0Tipo<\/td>\n<td width=\"48\"><\/td>\n<td colspan=\"2\" width=\"309\">Tubo de concha<\/td>\n<\/tr>\n<tr>\n<td width=\"59\">Refrigerante<\/td>\n<td width=\"126\">Di\u00e1metro de deriva de la salida de gas<\/td>\n<td width=\"48\">mm (mm)<\/td>\n<td width=\"155\">DN50<\/td>\n<td width=\"154\">DN65<\/td>\n<\/tr>\n<tr>\n<td colspan=\"3\" width=\"245\">Factor de contaminaci\u00f3n del refrigerante secundario y el agua de refrigeraci\u00f3n<\/td>\n<td width=\"48\">m\u00b2.k\/kW<\/td>\n<td colspan=\"2\" width=\"309\">0.086<\/td>\n<\/tr>\n<tr>\n<td colspan=\"3\" width=\"245\">Resistencia del condensador y evaporador en el camino del agua<\/td>\n<td width=\"48\">de MPa<\/td>\n<td colspan=\"2\" width=\"309\">\u2264 0,1<\/td>\n<\/tr>\n<tr>\n<td colspan=\"3\" width=\"245\">Est\u00e1ndar de calidad del agua de refrigeraci\u00f3n<\/td>\n<td width=\"48\"><\/td>\n<td colspan=\"2\" width=\"309\">GB50050 C\u00f3digo para el dise\u00f1o de agua de refrigeraci\u00f3n recirculante industrial<\/p>\n<p>Tratamiento<\/td>\n<\/tr>\n<tr>\n<td colspan=\"3\" width=\"245\">Dimensi\u00f3n del contorno (L * W * H)<\/td>\n<td width=\"48\">mm (mm)<\/td>\n<td width=\"155\">~4095*3250*2940<\/td>\n<td width=\"154\">~4600*3500*3400<\/td>\n<\/tr>\n<tr>\n<td colspan=\"3\" width=\"245\">Peso neto<\/td>\n<td width=\"48\">kilogramos<\/td>\n<td width=\"155\">~8500<\/td>\n<td width=\"154\">~11000<\/td>\n<\/tr>\n<\/tbody>\n<\/table>\n<p>Nota:<\/p>\n<p>1.Las condiciones de trabajo dise\u00f1adas en la tabla: la temperatura de entrada de agua de refrigeraci\u00f3n de la concha y el tubo<\/p>\n<p>el condensador es de 30 \u2103 y la diferencia entre la temperatura de entrada de agua y la temperatura de salida de agua es de 5 \u2103;<\/p>\n<p>la temperatura de salida de agua refrigerada es -5 \u2103 y la diferencia entre la temperatura de entrada de agua y la salida de agua<\/p>\n<p>La temperatura es de 5 \u2103.<\/p>\n<p>2.El caudal de agua de los evaporadores se calcula de acuerdo con la concentraci\u00f3n de masa del 29,4% de soluci\u00f3n de agua de cloruro de calcio.<\/p>\n<p>3.El enfriador de aceite para la configuraci\u00f3n est\u00e1ndar del equipo es enfriado por refrigerantes.<\/p>\n<p>4. La distribuci\u00f3n de potencia del equipo considerar\u00e1 la potencia auxiliar para el motor de la bomba de aceite, el sistema de control, etc.<\/p>\n<p>5.El condensador evaporativo no est\u00e1 montado en la unidad.<\/p>\n<div class=\"host-lopnbnfpjmgpbppclhclehhgafnifija\" style=\"position: relative; z-index: 2147483647;\"><\/div>\n<div class=\"host-lopnbnfpjmgpbppclhclehhgafnifija\" style=\"position: relative; z-index: 2147483647;\"><\/div>","protected":false},"excerpt":{"rendered":"<p>Tipos de condensador: Shell-y-tubo enfriado por agua, intercambiador de calor de placa, condensador evaporativo<\/p>\n<p>Tipo de evaporador: Sifon<\/p>\n<p>Refrigerantes: R134a, R507, etc.<\/p>\n<p>Temperatura del agua de salida: -5\u00b0C a -35\u00b0C<\/p>\n<p>Refrigerantes secundarios: soluci\u00f3n de etilenglicol, soluci\u00f3n de cloruro de calcio, etc.<\/p>\n<p>Tipos de compresores: Compresores de serie semiherm\u00e9ticos de una sola etapa de tipo abierto, de unidad \u00fanica de tipo abierto de dos etapas, de unidad doble de tipo abierto de dos etapas<\/p>\n<div class=\"host-lopnbnfpjmgpbppclhclehhgafnifija\" style=\"position: relative; z-index: 2147483647;\"><\/div>","protected":false},"featured_media":4483,"comment_status":"closed","ping_status":"closed","template":"","meta":[],"product_brand":[],"product_cat":[74,76],"product_tag":[],"class_list":{"0":"post-4482","1":"product","2":"type-product","3":"status-publish","4":"has-post-thumbnail","6":"product_cat-chiller","7":"product_cat-low-temperature-brine-chiller","9":"first","10":"instock","11":"shipping-taxable","12":"product-type-simple"},"_links":{"self":[{"href":"https:\/\/www.moonepc.com\/es\/wp-json\/wp\/v2\/product\/4482","targetHints":{"allow":["GET"]}}],"collection":[{"href":"https:\/\/www.moonepc.com\/es\/wp-json\/wp\/v2\/product"}],"about":[{"href":"https:\/\/www.moonepc.com\/es\/wp-json\/wp\/v2\/types\/product"}],"replies":[{"embeddable":true,"href":"https:\/\/www.moonepc.com\/es\/wp-json\/wp\/v2\/comments?post=4482"}],"wp:featuredmedia":[{"embeddable":true,"href":"https:\/\/www.moonepc.com\/es\/wp-json\/wp\/v2\/media\/4483"}],"wp:attachment":[{"href":"https:\/\/www.moonepc.com\/es\/wp-json\/wp\/v2\/media?parent=4482"}],"wp:term":[{"taxonomy":"product_brand","embeddable":true,"href":"https:\/\/www.moonepc.com\/es\/wp-json\/wp\/v2\/product_brand?post=4482"},{"taxonomy":"product_cat","embeddable":true,"href":"https:\/\/www.moonepc.com\/es\/wp-json\/wp\/v2\/product_cat?post=4482"},{"taxonomy":"product_tag","embeddable":true,"href":"https:\/\/www.moonepc.com\/es\/wp-json\/wp\/v2\/product_tag?post=4482"}],"curies":[{"name":"WP","href":"https:\/\/api.w.org\/{rel}","templated":true}]}}