{"id":4487,"date":"2025-07-29T17:32:44","date_gmt":"2025-07-29T09:32:44","guid":{"rendered":"https:\/\/www.moonepc.com\/?post_type=product&#038;p=4487"},"modified":"2025-09-23T13:54:07","modified_gmt":"2025-09-23T05:54:07","slug":"dcl-series-centrifugal-chillers","status":"publish","type":"product","link":"https:\/\/www.moonepc.com\/es\/dcl-series-centrifugal-chillers\/","title":{"rendered":"Enfriadores centr\u00edfugos de la serie DCL"},"content":{"rendered":"<p>&nbsp;<\/p>\n<div class=\"host-lopnbnfpjmgpbppclhclehhgafnifija\" style=\"position: relative; z-index: 2147483647;\"><\/div>","protected":false},"excerpt":{"rendered":"<p>MOON-TECH&#8217; La l\u00ednea de productos de enfriadores centr\u00edfugos de S incluye enfriadores centr\u00edfugos de rodamientos magn\u00e9ticos de una etapa, de dos etapas, de dos etapas y de rodamientos de aire, ofreciendo una gama completa de soluciones para satisfacer diversas necesidades del cliente. Estos sistemas centr\u00edfugos de refrigeraci\u00f3n y bomba de calor enfriados por agua se utilizan ampliamente en: sistemas de recuperaci\u00f3n de calor enfriados por aire, sistemas de bomba de calor de fuente de agua \/ tierra, sistemas de bomba de calor de fuente de agua marina, sistemas de bomba de calor de fuente de aguas residuales, sistemas de recuperaci\u00f3n de calor residual, sistemas de bomba de calor de fuente de aire<\/p>\n<div class=\"host-lopnbnfpjmgpbppclhclehhgafnifija\" style=\"position: relative; z-index: 2147483647;\"><\/div>","protected":false},"featured_media":4488,"comment_status":"closed","ping_status":"closed","template":"","meta":[],"product_brand":[],"product_cat":[82,37],"product_tag":[],"class_list":{"0":"post-4487","1":"product","2":"type-product","3":"status-publish","4":"has-post-thumbnail","6":"product_cat-centrifugal-chiller-heat-pump-unit","7":"product_cat-hvac-products","9":"first","10":"instock","11":"shipping-taxable","12":"product-type-simple"},"_links":{"self":[{"href":"https:\/\/www.moonepc.com\/es\/wp-json\/wp\/v2\/product\/4487","targetHints":{"allow":["GET"]}}],"collection":[{"href":"https:\/\/www.moonepc.com\/es\/wp-json\/wp\/v2\/product"}],"about":[{"href":"https:\/\/www.moonepc.com\/es\/wp-json\/wp\/v2\/types\/product"}],"replies":[{"embeddable":true,"href":"https:\/\/www.moonepc.com\/es\/wp-json\/wp\/v2\/comments?post=4487"}],"wp:featuredmedia":[{"embeddable":true,"href":"https:\/\/www.moonepc.com\/es\/wp-json\/wp\/v2\/media\/4488"}],"wp:attachment":[{"href":"https:\/\/www.moonepc.com\/es\/wp-json\/wp\/v2\/media?parent=4487"}],"wp:term":[{"taxonomy":"product_brand","embeddable":true,"href":"https:\/\/www.moonepc.com\/es\/wp-json\/wp\/v2\/product_brand?post=4487"},{"taxonomy":"product_cat","embeddable":true,"href":"https:\/\/www.moonepc.com\/es\/wp-json\/wp\/v2\/product_cat?post=4487"},{"taxonomy":"product_tag","embeddable":true,"href":"https:\/\/www.moonepc.com\/es\/wp-json\/wp\/v2\/product_tag?post=4487"}],"curies":[{"name":"WP","href":"https:\/\/api.w.org\/{rel}","templated":true}]}}