{"id":4489,"date":"2025-07-29T17:42:30","date_gmt":"2025-07-29T09:42:30","guid":{"rendered":"https:\/\/www.moonepc.com\/?post_type=product&#038;p=4489"},"modified":"2025-09-23T14:06:32","modified_gmt":"2025-09-23T06:06:32","slug":"magnetic-suspension-centrifugal-chiller-heat-pump-unit","status":"publish","type":"product","link":"https:\/\/www.moonepc.com\/es\/magnetic-suspension-centrifugal-chiller-heat-pump-unit\/","title":{"rendered":"Unidad de enfriador centr\u00edfugo de suspensi\u00f3n magn\u00e9tica (bomba de calor)"},"content":{"rendered":"<p>&nbsp;<\/p>\n<div class=\"host-lopnbnfpjmgpbppclhclehhgafnifija\" style=\"position: relative; z-index: 2147483647;\"><\/div>","protected":false},"excerpt":{"rendered":"<p>Capacidad de enfriamiento:<\/p>\n<p>Enfriador de agua centr\u00edfugo de dos etapas: 100-900 RT<\/p>\n<p>Temperatura de entrada\/salida de agua refrigerada: 12\/7\u2103<\/p>\n<p>Temperatura de entrada\/salida de agua de enfriamiento: 30\/35\u2103<\/p>\n<p>Capacidad de calefacci\u00f3n:<\/p>\n<p>A temperatura ambiente -30 \u2103, la temperatura del agua de salida alcanza 75 \u2103<\/p>\n<p>Unidad de bomba de calor centr\u00edfuga con rodamiento magn\u00e9tico de frecuencia variable: 500-1934 kW<\/p>\n<div class=\"host-lopnbnfpjmgpbppclhclehhgafnifija\" style=\"position: relative; z-index: 2147483647;\"><\/div>","protected":false},"featured_media":5215,"comment_status":"closed","ping_status":"closed","template":"","meta":[],"product_brand":[],"product_cat":[82,37],"product_tag":[],"class_list":{"0":"post-4489","1":"product","2":"type-product","3":"status-publish","4":"has-post-thumbnail","6":"product_cat-centrifugal-chiller-heat-pump-unit","7":"product_cat-hvac-products","9":"first","10":"instock","11":"shipping-taxable","12":"product-type-simple"},"_links":{"self":[{"href":"https:\/\/www.moonepc.com\/es\/wp-json\/wp\/v2\/product\/4489","targetHints":{"allow":["GET"]}}],"collection":[{"href":"https:\/\/www.moonepc.com\/es\/wp-json\/wp\/v2\/product"}],"about":[{"href":"https:\/\/www.moonepc.com\/es\/wp-json\/wp\/v2\/types\/product"}],"replies":[{"embeddable":true,"href":"https:\/\/www.moonepc.com\/es\/wp-json\/wp\/v2\/comments?post=4489"}],"wp:featuredmedia":[{"embeddable":true,"href":"https:\/\/www.moonepc.com\/es\/wp-json\/wp\/v2\/media\/5215"}],"wp:attachment":[{"href":"https:\/\/www.moonepc.com\/es\/wp-json\/wp\/v2\/media?parent=4489"}],"wp:term":[{"taxonomy":"product_brand","embeddable":true,"href":"https:\/\/www.moonepc.com\/es\/wp-json\/wp\/v2\/product_brand?post=4489"},{"taxonomy":"product_cat","embeddable":true,"href":"https:\/\/www.moonepc.com\/es\/wp-json\/wp\/v2\/product_cat?post=4489"},{"taxonomy":"product_tag","embeddable":true,"href":"https:\/\/www.moonepc.com\/es\/wp-json\/wp\/v2\/product_tag?post=4489"}],"curies":[{"name":"WP","href":"https:\/\/api.w.org\/{rel}","templated":true}]}}