{"id":4491,"date":"2025-07-29T17:46:35","date_gmt":"2025-07-29T09:46:35","guid":{"rendered":"https:\/\/www.moonepc.com\/?post_type=product&#038;p=4491"},"modified":"2025-09-23T14:08:36","modified_gmt":"2025-09-23T06:08:36","slug":"two-stage-compression-centrifugal-chiller-heat-pump-unit","status":"publish","type":"product","link":"https:\/\/www.moonepc.com\/es\/two-stage-compression-centrifugal-chiller-heat-pump-unit\/","title":{"rendered":"Unidad de enfriador centr\u00edfugo de compresi\u00f3n de dos etapas (bomba de calor)"},"content":{"rendered":"<p>&nbsp;<\/p>\n<div class=\"host-lopnbnfpjmgpbppclhclehhgafnifija\" style=\"position: relative; z-index: 2147483647;\"><\/div>","protected":false},"excerpt":{"rendered":"<p>Los productos centr\u00edfugos de MOON-TECH abarcan ahora una amplia gama de series, incluyendo modelos centr\u00edfugos de una etapa, doble etapa, dos etapas, rodamientos magn\u00e9ticos y rodamientos de aire, que satisfacen las diversas necesidades de los usuarios.<\/p>\n<p>Las unidades de enfriador de agua centr\u00edfuga (bomba de calor) se utilizan ampliamente en sistemas de recuperaci\u00f3n de calor enfriados por aire, sistemas de bomba de calor de fuente de agua \/ tierra, sistemas de bomba de calor de fuente de agua de mar, sistemas de bomba de calor de fuente de aguas residuales, sistemas de recuperaci\u00f3n de calor residual y sistemas de bomba de calor de fuente de aire.<\/p>\n<div class=\"host-lopnbnfpjmgpbppclhclehhgafnifija\" style=\"position: relative; z-index: 2147483647;\"><\/div>","protected":false},"featured_media":5216,"comment_status":"closed","ping_status":"closed","template":"","meta":[],"product_brand":[],"product_cat":[82,37],"product_tag":[],"class_list":{"0":"post-4491","1":"product","2":"type-product","3":"status-publish","4":"has-post-thumbnail","6":"product_cat-centrifugal-chiller-heat-pump-unit","7":"product_cat-hvac-products","9":"first","10":"instock","11":"shipping-taxable","12":"product-type-simple"},"_links":{"self":[{"href":"https:\/\/www.moonepc.com\/es\/wp-json\/wp\/v2\/product\/4491","targetHints":{"allow":["GET"]}}],"collection":[{"href":"https:\/\/www.moonepc.com\/es\/wp-json\/wp\/v2\/product"}],"about":[{"href":"https:\/\/www.moonepc.com\/es\/wp-json\/wp\/v2\/types\/product"}],"replies":[{"embeddable":true,"href":"https:\/\/www.moonepc.com\/es\/wp-json\/wp\/v2\/comments?post=4491"}],"wp:featuredmedia":[{"embeddable":true,"href":"https:\/\/www.moonepc.com\/es\/wp-json\/wp\/v2\/media\/5216"}],"wp:attachment":[{"href":"https:\/\/www.moonepc.com\/es\/wp-json\/wp\/v2\/media?parent=4491"}],"wp:term":[{"taxonomy":"product_brand","embeddable":true,"href":"https:\/\/www.moonepc.com\/es\/wp-json\/wp\/v2\/product_brand?post=4491"},{"taxonomy":"product_cat","embeddable":true,"href":"https:\/\/www.moonepc.com\/es\/wp-json\/wp\/v2\/product_cat?post=4491"},{"taxonomy":"product_tag","embeddable":true,"href":"https:\/\/www.moonepc.com\/es\/wp-json\/wp\/v2\/product_tag?post=4491"}],"curies":[{"name":"WP","href":"https:\/\/api.w.org\/{rel}","templated":true}]}}