{"id":4494,"date":"2025-07-29T17:51:22","date_gmt":"2025-07-29T09:51:22","guid":{"rendered":"https:\/\/www.moonepc.com\/?post_type=product&#038;p=4494"},"modified":"2025-09-23T14:13:07","modified_gmt":"2025-09-23T06:13:07","slug":"absorption-type-large-temperature-difference-heat-exchange-equipment","status":"publish","type":"product","link":"https:\/\/www.moonepc.com\/es\/absorption-type-large-temperature-difference-heat-exchange-equipment\/","title":{"rendered":"Equipo de intercambio de calor de gran diferencia de temperatura tipo de absorci\u00f3n"},"content":{"rendered":"<p>&nbsp;<\/p>\n<div class=\"host-lopnbnfpjmgpbppclhclehhgafnifija\" style=\"position: relative; z-index: 2147483647;\"><\/div>","protected":false},"excerpt":{"rendered":"<p>El equipo de intercambio de calor de gran diferencia de temperatura de tipo de absorci\u00f3n utiliza el circuito de agua de calentamiento primario como fuente de energ\u00eda de accionamiento. Reduce la temperatura del agua de retorno del circuito primario a menos de 30\u00b0C al tiempo que garantiza la calidad de calentamiento del circuito secundario.<br \/>\nEste innovador sistema de intercambio de calor aumenta la capacidad de calefacci\u00f3n de las centrales t\u00e9rmicas en un 30%, reduce el consumo de energ\u00eda de los sistemas de calefacci\u00f3n de cogeneraci\u00f3n en un 40% y mejora la capacidad de circulaci\u00f3n y transporte existente en un 80%.<br \/>\nLa unidad de intercambio de calor por absorci\u00f3n se puede personalizar seg\u00fan los requisitos del cliente, con una \u00fanica unidad que soporta una superficie de calefacci\u00f3n de 40.000 a 300.000 m\u00b2.<\/p>\n<div class=\"host-lopnbnfpjmgpbppclhclehhgafnifija\" style=\"position: relative; z-index: 2147483647;\"><\/div>","protected":false},"featured_media":5222,"comment_status":"closed","ping_status":"closed","template":"","meta":[],"product_brand":[],"product_cat":[36],"product_tag":[],"class_list":{"0":"post-4494","1":"product","2":"type-product","3":"status-publish","4":"has-post-thumbnail","6":"product_cat-absorption-unit","8":"first","9":"instock","10":"shipping-taxable","11":"product-type-simple"},"_links":{"self":[{"href":"https:\/\/www.moonepc.com\/es\/wp-json\/wp\/v2\/product\/4494","targetHints":{"allow":["GET"]}}],"collection":[{"href":"https:\/\/www.moonepc.com\/es\/wp-json\/wp\/v2\/product"}],"about":[{"href":"https:\/\/www.moonepc.com\/es\/wp-json\/wp\/v2\/types\/product"}],"replies":[{"embeddable":true,"href":"https:\/\/www.moonepc.com\/es\/wp-json\/wp\/v2\/comments?post=4494"}],"wp:featuredmedia":[{"embeddable":true,"href":"https:\/\/www.moonepc.com\/es\/wp-json\/wp\/v2\/media\/5222"}],"wp:attachment":[{"href":"https:\/\/www.moonepc.com\/es\/wp-json\/wp\/v2\/media?parent=4494"}],"wp:term":[{"taxonomy":"product_brand","embeddable":true,"href":"https:\/\/www.moonepc.com\/es\/wp-json\/wp\/v2\/product_brand?post=4494"},{"taxonomy":"product_cat","embeddable":true,"href":"https:\/\/www.moonepc.com\/es\/wp-json\/wp\/v2\/product_cat?post=4494"},{"taxonomy":"product_tag","embeddable":true,"href":"https:\/\/www.moonepc.com\/es\/wp-json\/wp\/v2\/product_tag?post=4494"}],"curies":[{"name":"WP","href":"https:\/\/api.w.org\/{rel}","templated":true}]}}