{"id":4497,"date":"2025-07-29T17:56:17","date_gmt":"2025-07-29T09:56:17","guid":{"rendered":"https:\/\/www.moonepc.com\/?post_type=product&#038;p=4497"},"modified":"2025-09-23T14:14:32","modified_gmt":"2025-09-23T06:14:32","slug":"absorption-waste-heat-recovery-unit","status":"publish","type":"product","link":"https:\/\/www.moonepc.com\/es\/absorption-waste-heat-recovery-unit\/","title":{"rendered":"Unidad de recuperaci\u00f3n de calor residual de absorci\u00f3n"},"content":{"rendered":"<p>&nbsp;<\/p>\n<div class=\"host-lopnbnfpjmgpbppclhclehhgafnifija\" style=\"position: relative; z-index: 2147483647;\"><\/div>","protected":false},"excerpt":{"rendered":"<p>El dispositivo de recuperaci\u00f3n de calor residual utiliza una peque\u00f1a cantidad de calor a alta temperatura como energ\u00eda de accionamiento para generar una gran cantidad de calor \u00fatil a temperatura media. La bomba de aumento de calor eleva las fuentes de calor de baja temperatura a temperatura media utilizando energ\u00eda de alta temperatura, mejorando significativamente la eficiencia de utilizaci\u00f3n de la energ\u00eda t\u00e9rmica. Su coeficiente de rendimiento (COP) oscila entre 1,5 y 2,5, lo que refleja su eficiencia energ\u00e9tica.<\/p>\n<div class=\"host-lopnbnfpjmgpbppclhclehhgafnifija\" style=\"position: relative; z-index: 2147483647;\"><\/div>","protected":false},"featured_media":4499,"comment_status":"closed","ping_status":"closed","template":"","meta":[],"product_brand":[],"product_cat":[36],"product_tag":[],"class_list":{"0":"post-4497","1":"product","2":"type-product","3":"status-publish","4":"has-post-thumbnail","6":"product_cat-absorption-unit","8":"first","9":"instock","10":"shipping-taxable","11":"product-type-simple"},"_links":{"self":[{"href":"https:\/\/www.moonepc.com\/es\/wp-json\/wp\/v2\/product\/4497","targetHints":{"allow":["GET"]}}],"collection":[{"href":"https:\/\/www.moonepc.com\/es\/wp-json\/wp\/v2\/product"}],"about":[{"href":"https:\/\/www.moonepc.com\/es\/wp-json\/wp\/v2\/types\/product"}],"replies":[{"embeddable":true,"href":"https:\/\/www.moonepc.com\/es\/wp-json\/wp\/v2\/comments?post=4497"}],"wp:featuredmedia":[{"embeddable":true,"href":"https:\/\/www.moonepc.com\/es\/wp-json\/wp\/v2\/media\/4499"}],"wp:attachment":[{"href":"https:\/\/www.moonepc.com\/es\/wp-json\/wp\/v2\/media?parent=4497"}],"wp:term":[{"taxonomy":"product_brand","embeddable":true,"href":"https:\/\/www.moonepc.com\/es\/wp-json\/wp\/v2\/product_brand?post=4497"},{"taxonomy":"product_cat","embeddable":true,"href":"https:\/\/www.moonepc.com\/es\/wp-json\/wp\/v2\/product_cat?post=4497"},{"taxonomy":"product_tag","embeddable":true,"href":"https:\/\/www.moonepc.com\/es\/wp-json\/wp\/v2\/product_tag?post=4497"}],"curies":[{"name":"WP","href":"https:\/\/api.w.org\/{rel}","templated":true}]}}