{"id":4500,"date":"2025-07-29T17:59:21","date_gmt":"2025-07-29T09:59:21","guid":{"rendered":"https:\/\/www.moonepc.com\/?post_type=product&#038;p=4500"},"modified":"2025-09-23T14:18:15","modified_gmt":"2025-09-23T06:18:15","slug":"direct-fired-heating-unit","status":"publish","type":"product","link":"https:\/\/www.moonepc.com\/es\/direct-fired-heating-unit\/","title":{"rendered":"Unidad de calefacci\u00f3n a fuego directo"},"content":{"rendered":"<p>&nbsp;<\/p>\n<div class=\"host-lopnbnfpjmgpbppclhclehhgafnifija\" style=\"position: relative; z-index: 2147483647;\"><\/div>","protected":false},"excerpt":{"rendered":"<p>El gas natural se alimenta directamente a una unidad de aumento de calor de fuego directo para la combusti\u00f3n, reduciendo la temperatura de los gases de escape a menos de 30 \u00b0 C antes de la descarga. Este sistema recupera eficazmente el calor de condensaci\u00f3n de los gases de combusti\u00f3n sin aumentar el consumo de energ\u00eda. Tambi\u00e9n extrae calor de fuentes geot\u00e9rmicas poco profundas de bajo grado (suelo, aguas subterr\u00e1neas y aguas residuales municipales) para proporcionar calefacci\u00f3n a los usuarios. Este sistema puede lograr un ahorro energ\u00e9tico del 40% y una reducci\u00f3n de las emisiones de carbono del 40%. El condensado puede ser reciclado y reutilizado, eliminando el humo blanco, lo que resulta en beneficios ambientales significativos.<\/p>\n<div class=\"host-lopnbnfpjmgpbppclhclehhgafnifija\" style=\"position: relative; z-index: 2147483647;\"><\/div>","protected":false},"featured_media":5223,"comment_status":"closed","ping_status":"closed","template":"","meta":[],"product_brand":[],"product_cat":[91,36],"product_tag":[],"class_list":{"0":"post-4500","1":"product","2":"type-product","3":"status-publish","4":"has-post-thumbnail","6":"product_cat-absorption-heat-pump-equipment","7":"product_cat-absorption-unit","9":"first","10":"instock","11":"shipping-taxable","12":"product-type-simple"},"_links":{"self":[{"href":"https:\/\/www.moonepc.com\/es\/wp-json\/wp\/v2\/product\/4500","targetHints":{"allow":["GET"]}}],"collection":[{"href":"https:\/\/www.moonepc.com\/es\/wp-json\/wp\/v2\/product"}],"about":[{"href":"https:\/\/www.moonepc.com\/es\/wp-json\/wp\/v2\/types\/product"}],"replies":[{"embeddable":true,"href":"https:\/\/www.moonepc.com\/es\/wp-json\/wp\/v2\/comments?post=4500"}],"wp:featuredmedia":[{"embeddable":true,"href":"https:\/\/www.moonepc.com\/es\/wp-json\/wp\/v2\/media\/5223"}],"wp:attachment":[{"href":"https:\/\/www.moonepc.com\/es\/wp-json\/wp\/v2\/media?parent=4500"}],"wp:term":[{"taxonomy":"product_brand","embeddable":true,"href":"https:\/\/www.moonepc.com\/es\/wp-json\/wp\/v2\/product_brand?post=4500"},{"taxonomy":"product_cat","embeddable":true,"href":"https:\/\/www.moonepc.com\/es\/wp-json\/wp\/v2\/product_cat?post=4500"},{"taxonomy":"product_tag","embeddable":true,"href":"https:\/\/www.moonepc.com\/es\/wp-json\/wp\/v2\/product_tag?post=4500"}],"curies":[{"name":"WP","href":"https:\/\/api.w.org\/{rel}","templated":true}]}}