{"id":4504,"date":"2025-07-29T18:06:32","date_gmt":"2025-07-29T10:06:32","guid":{"rendered":"https:\/\/www.moonepc.com\/?post_type=product&#038;p=4504"},"modified":"2025-09-23T14:21:59","modified_gmt":"2025-09-23T06:21:59","slug":"type-ll-absorption-heat-pump-unit","status":"publish","type":"product","link":"https:\/\/www.moonepc.com\/es\/type-ll-absorption-heat-pump-unit\/","title":{"rendered":"Unidad de bomba de calor de absorci\u00f3n tipo ll"},"content":{"rendered":"<p>&nbsp;<\/p>\n<div class=\"host-lopnbnfpjmgpbppclhclehhgafnifija\" style=\"position: relative; z-index: 2147483647;\"><\/div>","protected":false},"excerpt":{"rendered":"<p>La bomba de calor de absorci\u00f3n de segundo tipo, tambi\u00e9n conocida como bomba de calor de aumento de temperatura, utiliza una gran cantidad de fuente de calor de temperatura media para generar una peque\u00f1a cantidad de energ\u00eda t\u00e9rmica \u00fatil de alta temperatura. La cantidad de calor de salida es menor que la entrada pero a una temperatura m\u00e1s alta que la fuente de temperatura media, mejorando efectivamente parte de la energ\u00eda t\u00e9rmica a un nivel de temperatura m\u00e1s alto, mejorando de este modo la utilidad de la fuente de calor. El coeficiente de rendimiento (COP) de las bombas de calor de absorci\u00f3n de segundo tipo es siempre inferior a 1, t\u00edpicamente oscilando de 0,4 a 0,5. No requiere fuentes de calor de accionamiento a alta temperatura, pero requiere agua de enfriamiento a temperatura relativamente baja.<\/p>\n<div class=\"host-lopnbnfpjmgpbppclhclehhgafnifija\" style=\"position: relative; z-index: 2147483647;\"><\/div>","protected":false},"featured_media":5224,"comment_status":"closed","ping_status":"closed","template":"","meta":[],"product_brand":[],"product_cat":[91,36],"product_tag":[],"class_list":{"0":"post-4504","1":"product","2":"type-product","3":"status-publish","4":"has-post-thumbnail","6":"product_cat-absorption-heat-pump-equipment","7":"product_cat-absorption-unit","9":"first","10":"instock","11":"shipping-taxable","12":"product-type-simple"},"_links":{"self":[{"href":"https:\/\/www.moonepc.com\/es\/wp-json\/wp\/v2\/product\/4504","targetHints":{"allow":["GET"]}}],"collection":[{"href":"https:\/\/www.moonepc.com\/es\/wp-json\/wp\/v2\/product"}],"about":[{"href":"https:\/\/www.moonepc.com\/es\/wp-json\/wp\/v2\/types\/product"}],"replies":[{"embeddable":true,"href":"https:\/\/www.moonepc.com\/es\/wp-json\/wp\/v2\/comments?post=4504"}],"wp:featuredmedia":[{"embeddable":true,"href":"https:\/\/www.moonepc.com\/es\/wp-json\/wp\/v2\/media\/5224"}],"wp:attachment":[{"href":"https:\/\/www.moonepc.com\/es\/wp-json\/wp\/v2\/media?parent=4504"}],"wp:term":[{"taxonomy":"product_brand","embeddable":true,"href":"https:\/\/www.moonepc.com\/es\/wp-json\/wp\/v2\/product_brand?post=4504"},{"taxonomy":"product_cat","embeddable":true,"href":"https:\/\/www.moonepc.com\/es\/wp-json\/wp\/v2\/product_cat?post=4504"},{"taxonomy":"product_tag","embeddable":true,"href":"https:\/\/www.moonepc.com\/es\/wp-json\/wp\/v2\/product_tag?post=4504"}],"curies":[{"name":"WP","href":"https:\/\/api.w.org\/{rel}","templated":true}]}}