{"id":4507,"date":"2025-07-29T18:11:31","date_gmt":"2025-07-29T10:11:31","guid":{"rendered":"https:\/\/www.moonepc.com\/?post_type=product&#038;p=4507"},"modified":"2025-09-23T14:23:45","modified_gmt":"2025-09-23T06:23:45","slug":"boil-off-gas-compressor-bog-screw-compressor","status":"publish","type":"product","link":"https:\/\/www.moonepc.com\/es\/boil-off-gas-compressor-bog-screw-compressor\/","title":{"rendered":"Compresor de gas de ebullici\u00f3n (compresor de tornillo BOG)"},"content":{"rendered":"<p>&nbsp;<\/p>\n<p><img fetchpriority=\"high\" decoding=\"async\" class=\"aligncenter size-full wp-image-5616\" src=\"https:\/\/www.moonepc.com\/wp-content\/uploads\/2025\/07\/Boil-Off-Gas-Compressor-BOG-Screw-Compressor_1-1.jpg\" alt=\"Compresor de gas de ebullici\u00f3n (compresor de tornillo BOG) _1\" width=\"1100\" height=\"561\" srcset=\"https:\/\/www.moonepc.com\/wp-content\/uploads\/2025\/07\/Boil-Off-Gas-Compressor-BOG-Screw-Compressor_1-1.jpg 1100w, https:\/\/www.moonepc.com\/wp-content\/uploads\/2025\/07\/Boil-Off-Gas-Compressor-BOG-Screw-Compressor_1-1-300x153.jpg 300w, https:\/\/www.moonepc.com\/wp-content\/uploads\/2025\/07\/Boil-Off-Gas-Compressor-BOG-Screw-Compressor_1-1-1024x522.jpg 1024w, https:\/\/www.moonepc.com\/wp-content\/uploads\/2025\/07\/Boil-Off-Gas-Compressor-BOG-Screw-Compressor_1-1-768x392.jpg 768w, https:\/\/www.moonepc.com\/wp-content\/uploads\/2025\/07\/Boil-Off-Gas-Compressor-BOG-Screw-Compressor_1-1-600x306.jpg 600w\" sizes=\"(max-width: 1100px) 100vw, 1100px\" \/><\/p>\n<p><strong>Condiciones aplicables de la unidad<\/strong><\/p>\n<table style=\"border-collapse: collapse; width: 100%; height: 168px;\">\n<tbody>\n<tr style=\"height: 24px;\">\n<td style=\"width: 50%; height: 24px;\">Proyecto<\/td>\n<td style=\"width: 50%; height: 24px;\"><\/td>\n<\/tr>\n<tr style=\"height: 24px;\">\n<td style=\"width: 50%; height: 24px;\">Presi\u00f3n de entrada MPa(G)<\/td>\n<td style=\"width: 50%; height: 24px;\">0~0.5<\/td>\n<\/tr>\n<tr style=\"height: 24px;\">\n<td style=\"width: 50%; height: 24px;\">Presi\u00f3n de salida MPa(G)<\/td>\n<td style=\"width: 50%; height: 24px;\">0.5~4.5<\/td>\n<\/tr>\n<tr style=\"height: 24px;\">\n<td style=\"width: 50%; height: 24px;\">Temperatura de entrada \u2103<\/td>\n<td style=\"width: 50%; height: 24px;\">&gt; -50<\/td>\n<\/tr>\n<tr style=\"height: 24px;\">\n<td style=\"width: 50%; height: 24px;\">Temperatura de salida \u2103<\/td>\n<td style=\"width: 50%; height: 24px;\">&lt; 50(1)<\/td>\n<\/tr>\n<tr style=\"height: 24px;\">\n<td style=\"width: 50%; height: 24px;\">Rango de regulaci\u00f3n del flujo %<\/td>\n<td style=\"width: 50%; height: 24px;\">10~100<\/td>\n<\/tr>\n<tr style=\"height: 24px;\">\n<td style=\"width: 50%; height: 24px;\">Modo de regulaci\u00f3n del flujo del compresor<\/td>\n<td style=\"width: 50%; height: 24px;\">V\u00e1lvula deslizante (m\u00b2)<\/td>\n<\/tr>\n<\/tbody>\n<\/table>\n<p>(1) Basado en la temperatura ambiente \u2264 40 \u2103.<br \/>\n(2) Flujo del compresor: se puede ajustar mediante la combinaci\u00f3n de v\u00e1lvulas deslizantes de conversi\u00f3n de frecuencia.<\/p>\n<p><img decoding=\"async\" class=\"aligncenter size-full wp-image-5617\" src=\"https:\/\/www.moonepc.com\/wp-content\/uploads\/2025\/07\/Boil-Off-Gas-Compressor-BOG-Screw-Compressor2_2.jpg\" alt=\"Compresor de gas de ebullici\u00f3n (compresor de tornillo BOG)2\" width=\"1100\" height=\"669\" srcset=\"https:\/\/www.moonepc.com\/wp-content\/uploads\/2025\/07\/Boil-Off-Gas-Compressor-BOG-Screw-Compressor2_2.jpg 1100w, https:\/\/www.moonepc.com\/wp-content\/uploads\/2025\/07\/Boil-Off-Gas-Compressor-BOG-Screw-Compressor2_2-300x182.jpg 300w, https:\/\/www.moonepc.com\/wp-content\/uploads\/2025\/07\/Boil-Off-Gas-Compressor-BOG-Screw-Compressor2_2-1024x623.jpg 1024w, https:\/\/www.moonepc.com\/wp-content\/uploads\/2025\/07\/Boil-Off-Gas-Compressor-BOG-Screw-Compressor2_2-768x467.jpg 768w, https:\/\/www.moonepc.com\/wp-content\/uploads\/2025\/07\/Boil-Off-Gas-Compressor-BOG-Screw-Compressor2_2-600x365.jpg 600w\" sizes=\"(max-width: 1100px) 100vw, 1100px\" \/><\/p>\n<p>&nbsp;<\/p>\n<p><strong>Compresor de BOG \/ presi\u00f3n de escape 1.0MPa (G)<\/strong><\/p>\n<table>\n<tbody>\n<tr>\n<td colspan=\"2\" width=\"184\">Capacidad de procesamiento diaria nominal<\/td>\n<td width=\"184\">10\u00b34Nm\u00b3\/d\u00eda<\/td>\n<td width=\"184\">0.5<\/td>\n<td width=\"184\">1<\/td>\n<td width=\"184\">2<\/td>\n<td width=\"184\">5<\/td>\n<td width=\"184\">7<\/td>\n<td width=\"184\">10<\/td>\n<td width=\"184\">15<\/td>\n<\/tr>\n<tr>\n<td rowspan=\"6\" width=\"184\">\u00a0Compresor<\/td>\n<td width=\"184\">Modelo de compresor<\/td>\n<td width=\"184\"><\/td>\n<td width=\"184\">BF12B<\/td>\n<td width=\"184\">BF12B<\/td>\n<td width=\"184\">BF16BM<\/td>\n<td width=\"184\">BF20BL<\/td>\n<td width=\"184\">BF25BM<\/td>\n<td width=\"184\">BF32BS<\/td>\n<td width=\"184\">BF32BM<\/td>\n<\/tr>\n<tr>\n<td width=\"184\">Presi\u00f3n de entrada del compresor<\/td>\n<td width=\"184\">MPa (G)<\/td>\n<td style=\"text-align: center;\" colspan=\"7\" width=\"184\">0<\/td>\n<\/tr>\n<tr>\n<td width=\"184\">Temperatura de entrada del compresor<\/td>\n<td width=\"184\">\u2103<\/td>\n<td style=\"text-align: center;\" colspan=\"7\" width=\"184\">&gt;  -50<\/td>\n<\/tr>\n<tr>\n<td width=\"184\">Presi\u00f3n de salida del compresor<\/td>\n<td width=\"184\">MPa (G)<\/td>\n<td style=\"text-align: center;\" colspan=\"7\" width=\"184\">0.5 &#8211; 1.0<\/td>\n<\/tr>\n<tr>\n<td width=\"184\">Potencia de transmisi\u00f3n del eje<\/td>\n<td width=\"184\">potencia kW<\/td>\n<td width=\"184\">16<\/td>\n<td width=\"184\">30<\/td>\n<td width=\"184\">62<\/td>\n<td width=\"184\">155<\/td>\n<td width=\"184\">230<\/td>\n<td width=\"184\">360<\/td>\n<td width=\"184\">460<\/td>\n<\/tr>\n<tr>\n<td width=\"184\">Velocidad de rotaci\u00f3n<\/td>\n<td width=\"184\">rpm<\/td>\n<td width=\"184\">1450<\/td>\n<td style=\"text-align: center;\" colspan=\"6\" width=\"184\">2960<\/td>\n<\/tr>\n<tr>\n<td rowspan=\"5\" width=\"184\">Motor principal<\/td>\n<td width=\"184\">Fuente de alimentaci\u00f3n<\/td>\n<td width=\"184\"><\/td>\n<td style=\"text-align: center;\" colspan=\"4\" width=\"184\">380V \/ 3PH \/ 50Hz<\/td>\n<td style=\"text-align: center;\" colspan=\"3\" width=\"184\">10kV \/ 3PH \/ 50Hz<\/td>\n<\/tr>\n<tr>\n<td width=\"184\">Explosi\u00f3n &#8211; grado de prueba del motor<\/td>\n<td width=\"184\"><\/td>\n<td width=\"184\"><\/td>\n<td width=\"184\"><\/td>\n<td width=\"184\">EX dIIBT4<\/td>\n<td width=\"184\"><\/td>\n<td width=\"184\"><\/td>\n<td width=\"184\"><\/td>\n<td width=\"184\"><\/td>\n<\/tr>\n<tr>\n<td width=\"184\">Potencia nominal del motor<\/td>\n<td width=\"184\">potencia kW<\/td>\n<td width=\"184\">22<\/td>\n<td width=\"184\">37<\/td>\n<td width=\"184\">75<\/td>\n<td width=\"184\">185<\/td>\n<td width=\"184\">280<\/td>\n<td width=\"184\">400<\/td>\n<td width=\"184\">500<\/td>\n<\/tr>\n<tr>\n<td width=\"184\">Modo de inicio<\/td>\n<td width=\"184\"><\/td>\n<td style=\"text-align: center;\" colspan=\"3\" width=\"184\">Estrella &#8211; Inicio del delta<\/td>\n<td style=\"text-align: center;\" colspan=\"4\" width=\"184\">Inicio directo<\/td>\n<\/tr>\n<tr>\n<td width=\"184\">Velocidad del motor<\/td>\n<td width=\"184\">r\/min<\/td>\n<td width=\"184\">1450<\/td>\n<td width=\"184\">2960<\/td>\n<td width=\"184\">2960<\/td>\n<td width=\"184\">2960<\/td>\n<td width=\"184\">2960<\/td>\n<td width=\"184\"><\/td>\n<td width=\"184\"><\/td>\n<\/tr>\n<tr>\n<td rowspan=\"4\" width=\"184\">Despu\u00e9s de &#8211; m\u00e1s fr\u00edo<\/td>\n<td width=\"184\">Tipo<\/td>\n<td width=\"184\"><\/td>\n<td style=\"text-align: center;\" colspan=\"7\" width=\"184\">Aire &#8211; enfriado \/ agua &#8211; enfriado<\/td>\n<\/tr>\n<tr>\n<td width=\"184\">Temperatura de salida<\/td>\n<td width=\"184\">\u2103<\/td>\n<td style=\"text-align: center;\" colspan=\"7\" width=\"184\">50<\/td>\n<\/tr>\n<tr>\n<td width=\"184\">Temperatura del aire de entrada<\/td>\n<td width=\"184\">\u2103<\/td>\n<td style=\"text-align: center;\" colspan=\"7\" width=\"184\">40<\/td>\n<\/tr>\n<tr>\n<td width=\"184\">Explosi\u00f3n &#8211; grado de prueba del motor del ventilador<\/td>\n<td width=\"184\"><\/td>\n<td style=\"text-align: center;\" colspan=\"7\" width=\"184\">EX dIIBT4<\/td>\n<\/tr>\n<\/tbody>\n<\/table>\n<p>&nbsp;<\/p>\n<div class=\"host-lopnbnfpjmgpbppclhclehhgafnifija\" style=\"position: relative; z-index: 2147483647;\"><\/div>","protected":false},"excerpt":{"rendered":"<p>&nbsp;<\/p>\n<div class=\"host-lopnbnfpjmgpbppclhclehhgafnifija\" style=\"position: relative; z-index: 2147483647;\"><\/div>","protected":false},"featured_media":5229,"comment_status":"closed","ping_status":"closed","template":"","meta":[],"product_brand":[],"product_cat":[39],"product_tag":[],"class_list":{"0":"post-4507","1":"product","2":"type-product","3":"status-publish","4":"has-post-thumbnail","6":"product_cat-energy-gas-compression-equipment","8":"first","9":"instock","10":"shipping-taxable","11":"product-type-simple"},"_links":{"self":[{"href":"https:\/\/www.moonepc.com\/es\/wp-json\/wp\/v2\/product\/4507","targetHints":{"allow":["GET"]}}],"collection":[{"href":"https:\/\/www.moonepc.com\/es\/wp-json\/wp\/v2\/product"}],"about":[{"href":"https:\/\/www.moonepc.com\/es\/wp-json\/wp\/v2\/types\/product"}],"replies":[{"embeddable":true,"href":"https:\/\/www.moonepc.com\/es\/wp-json\/wp\/v2\/comments?post=4507"}],"wp:featuredmedia":[{"embeddable":true,"href":"https:\/\/www.moonepc.com\/es\/wp-json\/wp\/v2\/media\/5229"}],"wp:attachment":[{"href":"https:\/\/www.moonepc.com\/es\/wp-json\/wp\/v2\/media?parent=4507"}],"wp:term":[{"taxonomy":"product_brand","embeddable":true,"href":"https:\/\/www.moonepc.com\/es\/wp-json\/wp\/v2\/product_brand?post=4507"},{"taxonomy":"product_cat","embeddable":true,"href":"https:\/\/www.moonepc.com\/es\/wp-json\/wp\/v2\/product_cat?post=4507"},{"taxonomy":"product_tag","embeddable":true,"href":"https:\/\/www.moonepc.com\/es\/wp-json\/wp\/v2\/product_tag?post=4507"}],"curies":[{"name":"WP","href":"https:\/\/api.w.org\/{rel}","templated":true}]}}