{"id":4511,"date":"2025-07-29T18:35:03","date_gmt":"2025-07-29T10:35:03","guid":{"rendered":"https:\/\/www.moonepc.com\/?post_type=product&#038;p=4511"},"modified":"2025-09-23T14:28:43","modified_gmt":"2025-09-23T06:28:43","slug":"mixed-refrigerant-compressor-mrc","status":"publish","type":"product","link":"https:\/\/www.moonepc.com\/es\/mixed-refrigerant-compressor-mrc\/","title":{"rendered":"Compresor de refrigerante mixto (MRC)"},"content":{"rendered":"<p><img fetchpriority=\"high\" decoding=\"async\" class=\"aligncenter wp-image-5231\" src=\"https:\/\/www.moonepc.com\/wp-content\/uploads\/2025\/07\/MR-process-flow-diagram-with-pre-cooling-cycle.jpg\" alt=\"Diagrama de flujo de proceso MR con ciclo de pre-enfriamiento\" width=\"1100\" height=\"1090\" srcset=\"https:\/\/www.moonepc.com\/wp-content\/uploads\/2025\/07\/MR-process-flow-diagram-with-pre-cooling-cycle.jpg 676w, https:\/\/www.moonepc.com\/wp-content\/uploads\/2025\/07\/MR-process-flow-diagram-with-pre-cooling-cycle-300x297.jpg 300w, https:\/\/www.moonepc.com\/wp-content\/uploads\/2025\/07\/MR-process-flow-diagram-with-pre-cooling-cycle-150x150.jpg 150w, https:\/\/www.moonepc.com\/wp-content\/uploads\/2025\/07\/MR-process-flow-diagram-with-pre-cooling-cycle-600x595.jpg 600w, https:\/\/www.moonepc.com\/wp-content\/uploads\/2025\/07\/MR-process-flow-diagram-with-pre-cooling-cycle-100x100.jpg 100w\" sizes=\"(max-width: 1100px) 100vw, 1100px\" \/><\/p>\n<p class=\"header-vfC6AV auto-hide-last-sibling-br\"><strong>Tabla de par\u00e1metros t\u00e9cnicos (compresi\u00f3n de doble etapa)<\/strong><\/p>\n<table style=\"width: 100%; height: 1911px;\">\n<tbody>\n<tr style=\"height: 52px;\">\n<td style=\"width: 25.2763%; height: 52px;\" colspan=\"2\" width=\"184\">Capacidad de licuaci\u00f3n diaria nominal<\/td>\n<td style=\"width: 11.9381%; height: 52px;\" width=\"184\">10\u2074 Nm\u00b3\/d\u00eda<\/td>\n<td style=\"width: 12.4539%; height: 52px;\" width=\"184\">0.5<\/td>\n<td style=\"width: 11.9381%; height: 52px;\" width=\"184\">1<\/td>\n<td style=\"width: 12.675%; height: 52px;\" width=\"184\">2<\/td>\n<td style=\"width: 11.6433%; height: 52px;\" width=\"184\">5<\/td>\n<td style=\"width: 12.675%; height: 52px;\" width=\"184\">10<\/td>\n<\/tr>\n<tr style=\"height: 52px;\">\n<td style=\"width: 98.5997%; height: 52px;\" colspan=\"8\">\n<p style=\"text-align: center;\">Compresor de etapa l<\/p>\n<\/td>\n<\/tr>\n<tr style=\"height: 52px;\">\n<td style=\"width: 12.7487%; height: 332px;\" rowspan=\"5\">&nbsp;<\/p>\n<p>&nbsp;<\/p>\n<p>Compresor<\/p>\n<p>&nbsp;<\/p>\n<p>&nbsp;<\/td>\n<td style=\"width: 12.5276%; height: 52px;\" width=\"184\">Modelo de compresor<\/td>\n<td style=\"width: 11.9381%; height: 52px;\" width=\"184\"><\/td>\n<td style=\"width: 12.4539%; height: 52px;\" width=\"184\">BF12B<\/td>\n<td style=\"width: 11.9381%; height: 52px;\" width=\"184\">BF16BM<\/td>\n<td style=\"width: 12.675%; height: 52px;\" width=\"184\">BF20BM<\/td>\n<td style=\"width: 11.6433%; height: 52px;\" width=\"184\">BF25BS<\/td>\n<td style=\"width: 12.675%; height: 52px;\" width=\"184\">BF32BS<\/td>\n<\/tr>\n<tr style=\"height: 76px;\">\n<td style=\"width: 12.5276%; height: 76px;\" width=\"184\">Presi\u00f3n de entrada del compresor<\/td>\n<td style=\"width: 11.9381%; height: 76px;\" width=\"184\">MPa (G)<\/td>\n<td style=\"width: 61.3853%; height: 76px;\" colspan=\"5\" width=\"184\">\n<p style=\"text-align: center;\">0.3 &#8211; 0.5<\/p>\n<\/td>\n<\/tr>\n<tr style=\"height: 76px;\">\n<td style=\"width: 12.5276%; height: 76px;\" width=\"184\">Presi\u00f3n de salida del compresor<\/td>\n<td style=\"width: 11.9381%; height: 76px;\" width=\"184\">MPa (G)<\/td>\n<td style=\"width: 61.3853%; height: 76px;\" colspan=\"5\" width=\"184\">\n<p style=\"text-align: center;\">1.2 &#8211; 1.4<\/p>\n<\/td>\n<\/tr>\n<tr style=\"height: 76px;\">\n<td style=\"width: 12.5276%; height: 76px;\" width=\"184\">Potencia de transmisi\u00f3n del eje<\/td>\n<td style=\"width: 11.9381%; height: 76px;\" width=\"184\">potencia kW<\/td>\n<td style=\"width: 12.4539%; height: 76px;\" width=\"184\">61<\/td>\n<td style=\"width: 11.9381%; height: 76px;\" width=\"184\">126<\/td>\n<td style=\"width: 12.675%; height: 76px;\" width=\"184\">244<\/td>\n<td style=\"width: 11.6433%; height: 76px;\" width=\"184\">393<\/td>\n<td style=\"width: 12.675%; height: 76px;\" width=\"184\">758<\/td>\n<\/tr>\n<tr style=\"height: 52px;\">\n<td style=\"width: 12.5276%; height: 52px;\" width=\"184\">Velocidad de rotaci\u00f3n<\/td>\n<td style=\"width: 11.9381%; height: 52px;\" width=\"184\">rpm<\/td>\n<td style=\"width: 12.4539%; height: 52px;\" width=\"184\">2960<\/td>\n<td style=\"width: 11.9381%; height: 52px;\" width=\"184\">2960<\/td>\n<td style=\"width: 12.675%; height: 52px;\" width=\"184\">2960<\/td>\n<td style=\"width: 11.6433%; height: 52px;\" width=\"184\">2960<\/td>\n<td style=\"width: 12.675%; height: 52px;\" width=\"184\">2960<\/td>\n<\/tr>\n<tr style=\"height: 52px;\">\n<td style=\"width: 12.7487%; height: 284px;\" rowspan=\"5\" width=\"184\">&nbsp;<\/p>\n<p>&nbsp;<\/p>\n<p>Motor principal<\/p>\n<p>&nbsp;<\/p>\n<p>&nbsp;<\/p>\n<p>&nbsp;<\/td>\n<td style=\"width: 12.5276%; height: 52px;\" width=\"184\">Fuente de alimentaci\u00f3n<\/td>\n<td style=\"width: 11.9381%; height: 52px;\" width=\"184\"><\/td>\n<td style=\"width: 37.067%; height: 52px;\" colspan=\"3\" width=\"184\">\n<p style=\"text-align: center;\">380V \/ 3PH \/ 50Hz<\/p>\n<\/td>\n<td style=\"width: 24.3183%; height: 52px;\" colspan=\"2\" width=\"184\">\n<p style=\"text-align: center;\">10kV \/ 3PH \/ 50Hz<\/p>\n<\/td>\n<\/tr>\n<tr style=\"height: 76px;\">\n<td style=\"width: 12.5276%; height: 76px;\" width=\"184\">Explosi\u00f3n &#8211; grado de prueba del motor<\/td>\n<td style=\"width: 11.9381%; height: 76px;\" width=\"184\"><\/td>\n<td style=\"width: 61.3853%; height: 76px;\" colspan=\"5\" width=\"184\">\n<p style=\"text-align: center;\">EX dIIBT4<\/p>\n<\/td>\n<\/tr>\n<tr style=\"height: 52px;\">\n<td style=\"width: 12.5276%; height: 52px;\" width=\"184\">Potencia nominal del motor<\/td>\n<td style=\"width: 11.9381%; height: 52px;\" width=\"184\">potencia kW<\/td>\n<td style=\"width: 12.4539%; height: 52px;\" width=\"184\">75<\/td>\n<td style=\"width: 11.9381%; height: 52px;\" width=\"184\">160<\/td>\n<td style=\"width: 12.675%; height: 52px;\" width=\"184\">280<\/td>\n<td style=\"width: 11.6433%; height: 52px;\" width=\"184\">450<\/td>\n<td style=\"width: 12.675%; height: 52px;\" width=\"184\">900<\/td>\n<\/tr>\n<tr style=\"height: 52px;\">\n<td style=\"width: 12.5276%; height: 52px;\" width=\"184\">Modo de inicio<\/td>\n<td style=\"width: 11.9381%; height: 52px;\" width=\"184\"><\/td>\n<td style=\"width: 37.067%; height: 52px;\" colspan=\"3\" width=\"184\">\n<p style=\"text-align: center;\">Estrella &#8211; Inicio del delta<\/p>\n<\/td>\n<td style=\"width: 24.3183%; height: 52px;\" colspan=\"2\" width=\"184\">\n<p style=\"text-align: center;\">Inicio directo<\/p>\n<\/td>\n<\/tr>\n<tr style=\"height: 52px;\">\n<td style=\"width: 12.5276%; height: 52px;\" width=\"184\">Velocidad del motor)<\/td>\n<td style=\"width: 11.9381%; height: 52px;\" width=\"184\">r\/min<\/td>\n<td style=\"width: 12.4539%; height: 52px;\" width=\"184\">2960<\/td>\n<td style=\"width: 11.9381%; height: 52px;\" width=\"184\">2960<\/td>\n<td style=\"width: 12.675%; height: 52px;\" width=\"184\">2960<\/td>\n<td style=\"width: 11.6433%; height: 52px;\" width=\"184\">2960<\/td>\n<td style=\"width: 12.675%; height: 52px;\" width=\"184\">2960<\/td>\n<\/tr>\n<tr style=\"height: 53px;\">\n<td style=\"width: 12.7487%; height: 159px;\" rowspan=\"3\" width=\"184\">&nbsp;<\/p>\n<p>Despu\u00e9s de &#8211; m\u00e1s fr\u00edo<\/p>\n<p>&nbsp;<\/p>\n<p>&nbsp;<\/td>\n<td style=\"width: 12.5276%; height: 53px;\" width=\"184\">Tipo<\/td>\n<td style=\"width: 11.9381%; height: 53px;\" width=\"184\"><\/td>\n<td style=\"width: 61.3853%; height: 53px;\" colspan=\"5\" width=\"184\">\n<p style=\"text-align: center;\">Aire &#8211; enfriado \/ agua &#8211; enfriado<\/p>\n<\/td>\n<\/tr>\n<tr style=\"height: 53px;\">\n<td style=\"width: 12.5276%; height: 53px;\" width=\"184\">Temperatura de salida<\/td>\n<td style=\"width: 11.9381%; height: 53px;\" width=\"184\">\u2103<\/td>\n<td style=\"width: 61.3853%; height: 53px;\" colspan=\"5\" width=\"184\">\n<p style=\"text-align: center;\">50<\/p>\n<\/td>\n<\/tr>\n<tr style=\"height: 53px;\">\n<td style=\"width: 12.5276%; height: 53px;\" width=\"184\">Temperatura del aire de entrada<\/td>\n<td style=\"width: 11.9381%; height: 53px;\" width=\"184\">\u2103<\/td>\n<td style=\"width: 61.3853%; height: 53px;\" colspan=\"5\" width=\"184\">\n<p style=\"text-align: center;\">40<\/p>\n<\/td>\n<\/tr>\n<tr style=\"height: 52px;\">\n<td style=\"width: 98.5997%; height: 52px;\" colspan=\"8\" width=\"184\">\n<p style=\"text-align: center;\">Compresor de etapa II<\/p>\n<\/td>\n<\/tr>\n<tr style=\"height: 52px;\">\n<td style=\"width: 12.7487%; height: 332px;\" rowspan=\"5\" width=\"184\">Compresor<\/p>\n<p>&nbsp;<\/p>\n<p>&nbsp;<\/p>\n<p>&nbsp;<\/p>\n<p>&nbsp;<\/td>\n<td style=\"width: 12.5276%; height: 52px;\" width=\"184\">Modelo de compresor<\/td>\n<td style=\"width: 11.9381%; height: 52px;\" width=\"184\"><\/td>\n<td style=\"width: 12.4539%; height: 52px;\" width=\"184\">BF12R<\/td>\n<td style=\"width: 11.9381%; height: 52px;\" width=\"184\">BF16R<\/td>\n<td style=\"width: 12.675%; height: 52px;\" width=\"184\">BF20R<\/td>\n<td style=\"width: 11.6433%; height: 52px;\" width=\"184\">BF25R<\/td>\n<td style=\"width: 12.675%; height: 52px;\" width=\"184\">BF32R<\/td>\n<\/tr>\n<tr style=\"height: 76px;\">\n<td style=\"width: 12.5276%; height: 76px;\" width=\"184\">Presi\u00f3n de entrada del compresor<\/td>\n<td style=\"width: 11.9381%; height: 76px;\" width=\"184\">MPa (G)<\/td>\n<td style=\"width: 61.3853%; height: 76px;\" colspan=\"5\" width=\"184\">\n<p style=\"text-align: center;\">1.2 &#8211; 1.4<\/p>\n<\/td>\n<\/tr>\n<tr style=\"height: 76px;\">\n<td style=\"width: 12.5276%; height: 76px;\" width=\"184\">Presi\u00f3n de salida del compresor<\/td>\n<td style=\"width: 11.9381%; height: 76px;\" width=\"184\">MPa (G)<\/td>\n<td style=\"width: 61.3853%; height: 76px;\" colspan=\"5\" width=\"184\">\n<p style=\"text-align: center;\">3.5 &#8211; 4.0<\/p>\n<\/td>\n<\/tr>\n<tr style=\"height: 76px;\">\n<td style=\"width: 12.5276%; height: 76px;\" width=\"184\">Potencia de transmisi\u00f3n del eje<\/td>\n<td style=\"width: 11.9381%; height: 76px;\" width=\"184\">potencia kW<\/td>\n<td style=\"width: 12.4539%; height: 76px;\" width=\"184\">80<\/td>\n<td style=\"width: 11.9381%; height: 76px;\" width=\"184\">160<\/td>\n<td style=\"width: 12.675%; height: 76px;\" width=\"184\">322<\/td>\n<td style=\"width: 11.6433%; height: 76px;\" width=\"184\">519<\/td>\n<td style=\"width: 12.675%; height: 76px;\" width=\"184\">1002<\/td>\n<\/tr>\n<tr style=\"height: 52px;\">\n<td style=\"width: 12.5276%; height: 52px;\" width=\"184\">Velocidad de rotaci\u00f3n<\/td>\n<td style=\"width: 11.9381%; height: 52px;\" width=\"184\">rpm<\/td>\n<td style=\"width: 12.4539%; height: 52px;\" width=\"184\">2960<\/td>\n<td style=\"width: 11.9381%; height: 52px;\" width=\"184\">2960<\/td>\n<td style=\"width: 12.675%; height: 52px;\" width=\"184\">2960<\/td>\n<td style=\"width: 11.6433%; height: 52px;\" width=\"184\">2960<\/td>\n<td style=\"width: 12.675%; height: 52px;\" width=\"184\">2960<\/td>\n<\/tr>\n<tr style=\"height: 132px;\">\n<td style=\"width: 12.7487%; height: 420px;\" rowspan=\"5\" width=\"184\">&nbsp;<\/p>\n<p>&nbsp;<\/p>\n<p>&nbsp;<\/p>\n<p>Motor principal<\/p>\n<p>&nbsp;<\/p>\n<p>&nbsp;<\/p>\n<p>&nbsp;<\/td>\n<td style=\"width: 12.5276%; height: 132px;\" width=\"184\">Fuente de alimentaci\u00f3n<\/td>\n<td style=\"width: 11.9381%; height: 132px;\" width=\"184\"><\/td>\n<td style=\"width: 37.067%; height: 132px;\" colspan=\"3\" width=\"184\">\n<p style=\"text-align: center;\">380V \/ 3PH \/ 50Hz<\/p>\n<\/td>\n<td style=\"width: 24.3183%; height: 132px;\" colspan=\"2\" width=\"184\">10kV \/ 3PH \/ 50Hz<\/td>\n<\/tr>\n<tr style=\"height: 132px;\">\n<td style=\"width: 12.5276%; height: 132px;\" width=\"184\">Explosi\u00f3n &#8211; grado de prueba del motor<\/td>\n<td style=\"width: 11.9381%; height: 132px;\" width=\"184\"><\/td>\n<td style=\"width: 61.3853%; height: 132px;\" colspan=\"5\" width=\"184\">\n<p style=\"text-align: center;\">EX dIIBT4<\/p>\n<\/td>\n<\/tr>\n<tr style=\"height: 52px;\">\n<td style=\"width: 12.5276%; height: 52px;\" width=\"184\">Potencia nominal del motor<\/td>\n<td style=\"width: 11.9381%; height: 52px;\" width=\"184\">potencia kW<\/td>\n<td style=\"width: 12.4539%; height: 52px;\" width=\"184\">90<\/td>\n<td style=\"width: 11.9381%; height: 52px;\" width=\"184\">180<\/td>\n<td style=\"width: 12.675%; height: 52px;\" width=\"184\">355<\/td>\n<td style=\"width: 11.6433%; height: 52px;\" width=\"184\">560<\/td>\n<td style=\"width: 12.675%; height: 52px;\" width=\"184\">1120<\/td>\n<\/tr>\n<tr style=\"height: 52px;\">\n<td style=\"width: 12.5276%; height: 52px;\" width=\"184\">Modo de inicio<\/td>\n<td style=\"width: 11.9381%; height: 52px;\" width=\"184\"><\/td>\n<td style=\"width: 37.067%; height: 52px;\" colspan=\"3\" width=\"184\">\n<p style=\"text-align: center;\">Estrella &#8211; Inicio del delta<\/p>\n<\/td>\n<td style=\"width: 24.3183%; height: 52px;\" colspan=\"2\" width=\"184\">\n<p style=\"text-align: center;\">Inicio directo<\/p>\n<\/td>\n<\/tr>\n<tr style=\"height: 52px;\">\n<td style=\"width: 12.5276%; height: 52px;\" width=\"184\">Velocidad del motor<\/td>\n<td style=\"width: 11.9381%; height: 52px;\" width=\"184\">r\/min<\/td>\n<td style=\"width: 12.4539%; height: 52px;\" width=\"184\">1460<\/td>\n<td style=\"width: 48.9314%; height: 52px;\" colspan=\"4\" width=\"184\">\n<p style=\"text-align: center;\">2960<\/p>\n<\/td>\n<\/tr>\n<tr style=\"height: 76px;\">\n<td style=\"width: 12.7487%; height: 76px;\" rowspan=\"3\" width=\"184\">Despu\u00e9s de &#8211; m\u00e1s fr\u00edo<\/p>\n<p>&nbsp;<\/p>\n<p>&nbsp;<\/td>\n<td style=\"width: 12.5276%; height: 76px;\" width=\"184\">Tipo<\/td>\n<td style=\"width: 11.9381%; height: 76px;\" width=\"184\"><\/td>\n<td style=\"width: 12.4539%; height: 76px;\" colspan=\"5\" width=\"184\">\n<p style=\"text-align: center;\">Aire &#8211; enfriado \/ agua &#8211; enfriado<\/p>\n<\/td>\n<\/tr>\n<tr style=\"height: 76px;\">\n<td style=\"width: 12.5276%; height: 76px;\" width=\"184\">Temperatura de salida<\/td>\n<td style=\"width: 11.9381%; height: 76px;\" width=\"184\">\u2103<\/td>\n<td style=\"width: 12.4539%; height: 76px;\" colspan=\"5\" width=\"184\">\n<p style=\"text-align: center;\">50<\/p>\n<\/td>\n<\/tr>\n<tr style=\"height: 76px;\">\n<td style=\"width: 12.5276%; height: 76px;\" width=\"184\">Temperatura del aire de entrada<\/td>\n<td style=\"width: 11.9381%; height: 76px;\" width=\"184\">\u2103<\/td>\n<td style=\"width: 12.4539%; height: 76px;\" colspan=\"5\" width=\"184\">\n<p style=\"text-align: center;\">40<\/p>\n<\/td>\n<\/tr>\n<\/tbody>\n<\/table>\n<div class=\"host-lopnbnfpjmgpbppclhclehhgafnifija\" style=\"position: relative; z-index: 2147483647;\"><\/div>","protected":false},"excerpt":{"rendered":"<p>Ciclo de enfriamiento principal: refrigerante mixto de baja presi\u00f3n sale del usuario &#8217; s caja fr\u00eda y se extrae en el compresor de refrigeraci\u00f3n principal. Despu\u00e9s de la compresi\u00f3n, se convierte en un gas de alta temperatura y alta presi\u00f3n. Luego entra en un separador de aceite para eliminar la mayor parte del aceite lubricante, y luego entra en un desengrasador de alta eficiencia para eliminar cualquier aceite lubricante restante. Luego entra en el sistema de refrigeraci\u00f3n principal&#8217; s postrefrigerador para intercambio de calor con aire\/agua. El calor liberado es llevado por el aire\/agua, y el refrigerante mezclado finalmente entra en la caja fr\u00eda.<\/p>\n<p>Ciclo de refrigeraci\u00f3n previa: Usando propano (R290) como refrigerante, refrigerante de baja temperatura y baja presi\u00f3n sale del usuario; s caja fr\u00eda y se extrae en el compresor de pre-enfriamiento. Despu\u00e9s de la compresi\u00f3n, se convierte en un gas de alta temperatura y alta presi\u00f3n. Luego entra en un separador de aceite para eliminar la mayor parte del aceite lubricante, y luego entra en un desengrasador de alta eficiencia para eliminar cualquier aceite lubricante restante. Luego entra en un condensador para intercambio de calor con aire\/agua, donde el calor liberado es llevado por el aire\/agua. Despu\u00e9s de condensarse en un l\u00edquido, el refrigerante entra en la caja fr\u00eda.<\/p>\n<div class=\"host-lopnbnfpjmgpbppclhclehhgafnifija\" style=\"position: relative; z-index: 2147483647;\"><\/div>","protected":false},"featured_media":5230,"comment_status":"closed","ping_status":"closed","template":"","meta":[],"product_brand":[],"product_cat":[39],"product_tag":[],"class_list":{"0":"post-4511","1":"product","2":"type-product","3":"status-publish","4":"has-post-thumbnail","6":"product_cat-energy-gas-compression-equipment","8":"first","9":"instock","10":"shipping-taxable","11":"product-type-simple"},"_links":{"self":[{"href":"https:\/\/www.moonepc.com\/es\/wp-json\/wp\/v2\/product\/4511","targetHints":{"allow":["GET"]}}],"collection":[{"href":"https:\/\/www.moonepc.com\/es\/wp-json\/wp\/v2\/product"}],"about":[{"href":"https:\/\/www.moonepc.com\/es\/wp-json\/wp\/v2\/types\/product"}],"replies":[{"embeddable":true,"href":"https:\/\/www.moonepc.com\/es\/wp-json\/wp\/v2\/comments?post=4511"}],"wp:featuredmedia":[{"embeddable":true,"href":"https:\/\/www.moonepc.com\/es\/wp-json\/wp\/v2\/media\/5230"}],"wp:attachment":[{"href":"https:\/\/www.moonepc.com\/es\/wp-json\/wp\/v2\/media?parent=4511"}],"wp:term":[{"taxonomy":"product_brand","embeddable":true,"href":"https:\/\/www.moonepc.com\/es\/wp-json\/wp\/v2\/product_brand?post=4511"},{"taxonomy":"product_cat","embeddable":true,"href":"https:\/\/www.moonepc.com\/es\/wp-json\/wp\/v2\/product_cat?post=4511"},{"taxonomy":"product_tag","embeddable":true,"href":"https:\/\/www.moonepc.com\/es\/wp-json\/wp\/v2\/product_tag?post=4511"}],"curies":[{"name":"WP","href":"https:\/\/api.w.org\/{rel}","templated":true}]}}