{"id":4531,"date":"2025-07-30T10:12:10","date_gmt":"2025-07-30T02:12:10","guid":{"rendered":"https:\/\/www.moonepc.com\/?post_type=product&#038;p=4531"},"modified":"2025-09-23T14:30:16","modified_gmt":"2025-09-23T06:30:16","slug":"natural-gas-compressor","status":"publish","type":"product","link":"https:\/\/www.moonepc.com\/es\/natural-gas-compressor\/","title":{"rendered":"Compresor de gas natural"},"content":{"rendered":"<p><img fetchpriority=\"high\" decoding=\"async\" class=\"aligncenter wp-image-5234\" src=\"https:\/\/www.moonepc.com\/wp-content\/uploads\/2025\/07\/Natural-Gas-Compressor-1.jpg\" alt=\"\" width=\"1100\" height=\"491\" srcset=\"https:\/\/www.moonepc.com\/wp-content\/uploads\/2025\/07\/Natural-Gas-Compressor-1.jpg 838w, https:\/\/www.moonepc.com\/wp-content\/uploads\/2025\/07\/Natural-Gas-Compressor-1-300x134.jpg 300w, https:\/\/www.moonepc.com\/wp-content\/uploads\/2025\/07\/Natural-Gas-Compressor-1-768x343.jpg 768w, https:\/\/www.moonepc.com\/wp-content\/uploads\/2025\/07\/Natural-Gas-Compressor-1-600x268.jpg 600w\" sizes=\"(max-width: 1100px) 100vw, 1100px\" \/> <img decoding=\"async\" class=\"aligncenter wp-image-5235\" src=\"https:\/\/www.moonepc.com\/wp-content\/uploads\/2025\/07\/Natural-Gas-Compressor1.jpg\" alt=\"Caso del compresor de gas natural\" width=\"1100\" height=\"560\" srcset=\"https:\/\/www.moonepc.com\/wp-content\/uploads\/2025\/07\/Natural-Gas-Compressor1.jpg 786w, https:\/\/www.moonepc.com\/wp-content\/uploads\/2025\/07\/Natural-Gas-Compressor1-300x153.jpg 300w, https:\/\/www.moonepc.com\/wp-content\/uploads\/2025\/07\/Natural-Gas-Compressor1-768x391.jpg 768w, https:\/\/www.moonepc.com\/wp-content\/uploads\/2025\/07\/Natural-Gas-Compressor1-600x305.jpg 600w\" sizes=\"(max-width: 1100px) 100vw, 1100px\" \/><\/p>\n<div class=\"host-lopnbnfpjmgpbppclhclehhgafnifija\" style=\"position: relative; z-index: 2147483647;\"><\/div>","protected":false},"excerpt":{"rendered":"<p>Las unidades de compresor de tornillo de gas natural Glacier son equipos presurizados para gas natural, petr\u00f3leo, petroqu\u00edmica, carb\u00f3n, qu\u00edmica, energ\u00eda el\u00e9ctrica, acero y otras industrias. Se usan ampliamente en la presurizaci\u00f3n de gasoductos de gas natural, licuaci\u00f3n de gas natural, recuperaci\u00f3n de gas B0G, MR (refrigerante mixto), metano de lecho de carb\u00f3n, biog\u00e1s y otra presurizaci\u00f3n de gas, y presurizaci\u00f3n de gas crudo en la producci\u00f3n de procesos.<\/p>\n<div class=\"host-lopnbnfpjmgpbppclhclehhgafnifija\" style=\"position: relative; z-index: 2147483647;\"><\/div>","protected":false},"featured_media":4532,"comment_status":"closed","ping_status":"closed","template":"","meta":[],"product_brand":[],"product_cat":[39],"product_tag":[],"class_list":{"0":"post-4531","1":"product","2":"type-product","3":"status-publish","4":"has-post-thumbnail","6":"product_cat-energy-gas-compression-equipment","8":"first","9":"instock","10":"shipping-taxable","11":"product-type-simple"},"_links":{"self":[{"href":"https:\/\/www.moonepc.com\/es\/wp-json\/wp\/v2\/product\/4531","targetHints":{"allow":["GET"]}}],"collection":[{"href":"https:\/\/www.moonepc.com\/es\/wp-json\/wp\/v2\/product"}],"about":[{"href":"https:\/\/www.moonepc.com\/es\/wp-json\/wp\/v2\/types\/product"}],"replies":[{"embeddable":true,"href":"https:\/\/www.moonepc.com\/es\/wp-json\/wp\/v2\/comments?post=4531"}],"wp:featuredmedia":[{"embeddable":true,"href":"https:\/\/www.moonepc.com\/es\/wp-json\/wp\/v2\/media\/4532"}],"wp:attachment":[{"href":"https:\/\/www.moonepc.com\/es\/wp-json\/wp\/v2\/media?parent=4531"}],"wp:term":[{"taxonomy":"product_brand","embeddable":true,"href":"https:\/\/www.moonepc.com\/es\/wp-json\/wp\/v2\/product_brand?post=4531"},{"taxonomy":"product_cat","embeddable":true,"href":"https:\/\/www.moonepc.com\/es\/wp-json\/wp\/v2\/product_cat?post=4531"},{"taxonomy":"product_tag","embeddable":true,"href":"https:\/\/www.moonepc.com\/es\/wp-json\/wp\/v2\/product_tag?post=4531"}],"curies":[{"name":"WP","href":"https:\/\/api.w.org\/{rel}","templated":true}]}}