{"id":4534,"date":"2025-07-30T10:14:39","date_gmt":"2025-07-30T02:14:39","guid":{"rendered":"https:\/\/www.moonepc.com\/?post_type=product&#038;p=4534"},"modified":"2025-09-23T14:32:31","modified_gmt":"2025-09-23T06:32:31","slug":"propane-pre-cooling-compressor","status":"publish","type":"product","link":"https:\/\/www.moonepc.com\/es\/propane-pre-cooling-compressor\/","title":{"rendered":"Compresor de pre-enfriamiento de propano"},"content":{"rendered":"<p>Proceso b\u00e1sico:<br \/>\nEste ciclo de refrigeraci\u00f3n utiliza propano (R290) como fluido de trabajo. Gas refrigerante de baja temperatura y baja presi\u00f3n del usuario&#8217; La caja fr\u00eda se extrae al compresor, se comprime y se convierte en gas de alta temperatura y alta presi\u00f3n. Luego entra en el separador de aceite, donde se separa la mayor parte del aceite lubricante. El gas fluye entonces al condensador, donde intercambia calor con aire\/agua. El calor liberado es entonces transportado por el aire\/agua. El propano se condensa en un l\u00edquido y luego se env\u00eda a la caja fr\u00eda para proporcionar pre-enfriamiento para el gas natural y el refrigerante mixto.<br \/>\nEn el circuito de aceite del compresor, el aceite de la unidad del compresor&#8217; El separador de aceite entra en el enfriador de aceite, donde intercambia calor con el aire\/agua. El calor es entonces transportado por el aire\/agua. El aceite enfriado pasa a trav\u00e9s del filtro de aceite y entra en la bomba de aceite, donde es presurizado y devuelto al compresor, proporcionando lubricaci\u00f3n y enfriamiento. La temperatura de suministro de aceite es controlada por una v\u00e1lvula de control de temperatura de aceite.<br \/>\n<img fetchpriority=\"high\" decoding=\"async\" src=\"https:\/\/www.moonepc.com\/wp-content\/uploads\/2025\/07\/Propane-Pre-Cooling-Compressor-1.jpg\" alt=\"Compresor de pre-enfriamiento de propano\" width=\"1027\" height=\"602\" \/><\/p>\n<p>Condiciones aplicables de la unidad<\/p>\n<table>\n<tbody>\n<tr>\n<td width=\"509\">Proyecto<\/td>\n<td width=\"505\"><\/td>\n<\/tr>\n<tr>\n<td width=\"509\">Presi\u00f3n de entrada MPa(G)<\/td>\n<td width=\"505\">0~0.5<\/td>\n<\/tr>\n<tr>\n<td width=\"509\">Presi\u00f3n de salida MPa(G)<\/td>\n<td width=\"505\">0.5~2.0<\/td>\n<\/tr>\n<tr>\n<td width=\"509\">Temperatura de entrada \u2103<\/td>\n<td width=\"505\">&gt; -50<\/td>\n<\/tr>\n<tr>\n<td width=\"509\">Temperatura de salida \u2103<\/td>\n<td width=\"505\">&lt; 90<\/td>\n<\/tr>\n<tr>\n<td width=\"509\">Rango de regulaci\u00f3n del flujo %<\/td>\n<td width=\"505\">10~100<\/td>\n<\/tr>\n<tr>\n<td width=\"509\">Modo de regulaci\u00f3n del flujo del compresor<\/td>\n<td width=\"505\">V\u00e1lvula deslizante*<\/td>\n<\/tr>\n<\/tbody>\n<\/table>\n<p>*: caudal del compresor: v\u00e1lvula deslizante de frecuencia variable combinada para la regulaci\u00f3n<\/p>\n<p>Tabla de par\u00e1metros t\u00e9cnicos<\/p>\n<p>Compresor BOG\/presi\u00f3n de escape 1.6MPa(G)<\/p>\n<table>\n<tbody>\n<tr>\n<td colspan=\"2\" width=\"180\">Art\u00edculo<\/td>\n<td width=\"41\">Unidad<\/td>\n<td width=\"54\">NJLG450<\/td>\n<td width=\"54\">NUJLG550<\/td>\n<td width=\"54\">NJLG650<\/td>\n<td width=\"54\">NJLG850<\/td>\n<td width=\"64\">NJLG1050<\/td>\n<td colspan=\"2\" width=\"61\">NJLG1250<\/td>\n<td colspan=\"2\" width=\"60\">NUJLG1450<\/td>\n<td width=\"61\">NJLG1650<\/td>\n<\/tr>\n<tr>\n<td rowspan=\"6\" width=\"36\">COMPRESI\u00d3N<\/p>\n<p>&nbsp;<\/td>\n<td width=\"144\">Modelo de compresor<\/td>\n<td width=\"41\"><\/td>\n<td width=\"54\">LG25(V) BS<\/td>\n<td width=\"54\">LG25(V) BM<\/td>\n<td width=\"54\">LG25(V) BL<\/td>\n<td width=\"54\">LG32(V) BS<\/td>\n<td width=\"64\">LG32(V) BM<\/td>\n<td colspan=\"2\" width=\"61\">LG32(V)BL<\/td>\n<td colspan=\"2\" width=\"60\">LG40(V)<\/td>\n<td width=\"61\">LG40(V) BM<\/td>\n<\/tr>\n<tr>\n<td width=\"144\">Capacidad de refrigeraci\u00f3n<\/td>\n<td width=\"41\">potencia kW<\/td>\n<td width=\"54\">439.2<\/td>\n<td width=\"54\">550.7<\/td>\n<td width=\"54\">681.8<\/td>\n<td width=\"54\">855.9<\/td>\n<td width=\"64\">1048.4<\/td>\n<td colspan=\"2\" width=\"61\">1220.5<\/td>\n<td colspan=\"2\" width=\"60\">1492.2<\/td>\n<td width=\"61\">1694<\/td>\n<\/tr>\n<tr>\n<td width=\"144\">Presi\u00f3n de entrada del compresor<\/td>\n<td width=\"41\">MPa (G)<\/td>\n<td colspan=\"10\" width=\"465\">&nbsp;<\/p>\n<p>0.02~0.04<\/td>\n<\/tr>\n<tr>\n<td width=\"144\">Presi\u00f3n de salida del compresor<\/td>\n<td width=\"41\">MPa (G)<\/td>\n<td colspan=\"10\" width=\"465\">1.4~1.6<\/td>\n<\/tr>\n<tr>\n<td width=\"144\">Potencia de transmisi\u00f3n del eje<\/td>\n<td width=\"41\">potencia kW<\/td>\n<td width=\"54\">298<\/td>\n<td width=\"54\">366.4<\/td>\n<td width=\"54\">453.3<\/td>\n<td width=\"54\">574.3<\/td>\n<td width=\"64\">701.9<\/td>\n<td colspan=\"2\" width=\"61\">819.5<\/td>\n<td colspan=\"2\" width=\"60\">1072<\/td>\n<td width=\"61\">1242.7<\/td>\n<\/tr>\n<tr>\n<td width=\"144\">Velocidad de rotaci\u00f3n<\/td>\n<td width=\"41\">rpm<\/td>\n<td width=\"54\">2960<\/td>\n<td width=\"54\">2960<\/td>\n<td width=\"54\">2960<\/td>\n<td width=\"54\">2960<\/td>\n<td width=\"64\">2960<\/td>\n<td colspan=\"2\" width=\"61\">2960<\/td>\n<td colspan=\"2\" width=\"60\">2960<\/td>\n<td width=\"61\">2960<\/td>\n<\/tr>\n<tr>\n<td rowspan=\"5\" width=\"36\">&nbsp;<\/p>\n<p>Motor principal<\/td>\n<td width=\"144\">Fuente de alimentaci\u00f3n<\/td>\n<td width=\"41\"><\/td>\n<td colspan=\"10\" width=\"465\">10KV \/ 3PH \/ 50Hz<\/td>\n<\/tr>\n<tr>\n<td width=\"144\">Grado a prueba de explosi\u00f3n de<\/p>\n<p>motor<\/td>\n<td width=\"41\"><\/td>\n<td colspan=\"10\" width=\"465\">EX dIIBT4<\/td>\n<\/tr>\n<tr>\n<td width=\"144\">Potencia nominal del motor<\/td>\n<td width=\"41\">potencia kW<\/td>\n<td width=\"54\">355<\/td>\n<td width=\"54\">400<\/td>\n<td width=\"54\">500<\/td>\n<td width=\"54\">630<\/td>\n<td width=\"64\">800<\/td>\n<td colspan=\"2\" width=\"61\">900<\/td>\n<td colspan=\"2\" width=\"60\">1250<\/td>\n<td width=\"61\">1400<\/td>\n<\/tr>\n<tr>\n<td width=\"144\">Modo de inicio<\/td>\n<td width=\"41\"><\/td>\n<td colspan=\"10\" width=\"465\">Inicio directo<\/td>\n<\/tr>\n<tr>\n<td width=\"144\">Velocidad del motor<\/td>\n<td width=\"41\">r\/min<\/td>\n<td colspan=\"10\" width=\"465\">2960<\/td>\n<\/tr>\n<tr>\n<td rowspan=\"6\" width=\"36\">&nbsp;<\/p>\n<p>&nbsp;<\/p>\n<p>Condensador<\/td>\n<td width=\"144\">Tipo<\/td>\n<td width=\"41\"><\/td>\n<td colspan=\"10\" width=\"465\">Enfriado por aire\/enfriado por agua<\/td>\n<\/tr>\n<tr>\n<td width=\"144\">Temperatura de entrada de gas<\/td>\n<td width=\"41\">\u2103<\/td>\n<td colspan=\"10\" width=\"465\">80<\/td>\n<\/tr>\n<tr>\n<td width=\"144\">Condensaci\u00f3n de gas<\/p>\n<p>temperatura<\/td>\n<td width=\"41\">&nbsp;<\/p>\n<p>\u2103<\/td>\n<td colspan=\"10\" width=\"465\">&nbsp;<\/p>\n<p>50\/40<\/td>\n<\/tr>\n<tr>\n<td width=\"144\">Aire\/agua de entrada<\/p>\n<p>temperatura<\/td>\n<td width=\"41\">&nbsp;<\/p>\n<p>\u2103<\/td>\n<td colspan=\"10\" width=\"465\">&nbsp;<\/p>\n<p>40\/32<\/td>\n<\/tr>\n<tr>\n<td width=\"144\">Grado a prueba de explosi\u00f3n del motor del ventilador<\/td>\n<td width=\"41\"><\/td>\n<td colspan=\"10\" width=\"465\">&nbsp;<\/p>\n<p>EX dIIBT4<\/td>\n<\/tr>\n<tr>\n<td width=\"144\">Carga de condensaci\u00f3n<\/td>\n<td width=\"41\">potencia kW<\/td>\n<td width=\"54\">737<\/td>\n<td width=\"54\">917<\/td>\n<td width=\"54\">1135<\/td>\n<td width=\"54\">1430<\/td>\n<td width=\"64\">1750<\/td>\n<td width=\"58\">2040<\/td>\n<td colspan=\"2\" width=\"61\">2564<\/td>\n<td colspan=\"2\" width=\"62\">2937<\/td>\n<\/tr>\n<\/tbody>\n<\/table>\n<table>\n<tbody>\n<tr>\n<td colspan=\"3\" width=\"262\">Art\u00edculo<\/td>\n<td width=\"61\">Unidad<\/td>\n<td width=\"82\">NULG450<\/td>\n<td width=\"81\">NJLG550<\/td>\n<td width=\"78\">NJLG650<\/td>\n<td width=\"81\">NJLG850<\/td>\n<td width=\"94\">NJLG1050<\/td>\n<td width=\"89\">NUJLG1250<\/td>\n<td width=\"89\">NJLG1450<\/td>\n<td width=\"90\">NJLG1650<\/td>\n<\/tr>\n<tr>\n<td rowspan=\"7\" width=\"50\">Sistema de aceite lubricante<\/td>\n<td colspan=\"2\" width=\"212\">Velocidad de flujo de la bomba de aceite<\/td>\n<td width=\"61\">L\/minutos<\/td>\n<td width=\"82\">220<\/td>\n<td width=\"81\">220<\/td>\n<td width=\"78\">220<\/td>\n<td width=\"81\">400<\/td>\n<td width=\"94\">400<\/td>\n<td width=\"89\">400<\/td>\n<td width=\"89\">800<\/td>\n<td width=\"90\">800<\/td>\n<\/tr>\n<tr>\n<td colspan=\"2\" width=\"212\">N\u00famero de bomba(s) de aceite<\/td>\n<td width=\"61\">Pieza<\/td>\n<td colspan=\"8\" width=\"688\">2 (uno en uso y el otro para uso en espera)<\/td>\n<\/tr>\n<tr>\n<td rowspan=\"5\" width=\"64\">&nbsp;<\/p>\n<p>Bomba de aceite\/motor<\/td>\n<td width=\"148\">Potencia<\/td>\n<td width=\"61\">kW\/pieza<\/td>\n<td width=\"82\">4<\/td>\n<td width=\"81\">4<\/td>\n<td width=\"78\">4<\/td>\n<td width=\"81\">7.5<\/td>\n<td width=\"94\">7.5<\/td>\n<td width=\"89\">7.5<\/td>\n<td width=\"89\">11<\/td>\n<td width=\"90\">11<\/td>\n<\/tr>\n<tr>\n<td width=\"148\">Sistema el\u00e9ctrico<\/td>\n<td width=\"61\"><\/td>\n<td colspan=\"8\" width=\"688\">380KV \/ 3PH \/ 50Hz<\/td>\n<\/tr>\n<tr>\n<td width=\"148\">A prueba de explosiones<\/p>\n<p>grado<\/td>\n<td width=\"61\"><\/td>\n<td colspan=\"8\" width=\"688\">&nbsp;<\/p>\n<p>EX dIIBT4<\/td>\n<\/tr>\n<tr>\n<td width=\"148\">Modo de inicio<\/td>\n<td width=\"61\"><\/td>\n<td colspan=\"8\" width=\"688\">Inicio directo<\/td>\n<\/tr>\n<tr>\n<td width=\"148\">Velocidad de rotaci\u00f3n<\/td>\n<td width=\"61\">r\/min<\/td>\n<td colspan=\"8\" width=\"688\">1450<\/td>\n<\/tr>\n<\/tbody>\n<\/table>\n<p>* La temperatura de evaporaci\u00f3n es -35&#8217; C y la temperatura de condensaci\u00f3n 40&#8217; C en la capacidad de enfriamiento (la temperatura de evaporaci\u00f3n puede ajustarse seg\u00fan el proceso del usuario).<\/p>\n<div class=\"host-lopnbnfpjmgpbppclhclehhgafnifija\" style=\"position: relative; z-index: 2147483647;\"><\/div>","protected":false},"excerpt":{"rendered":"<p>Este ciclo de refrigeraci\u00f3n utiliza propano (R290) como fluido de trabajo. Gas refrigerante de baja temperatura y baja presi\u00f3n del usuario&#8217; La caja fr\u00eda se extrae al compresor, se comprime y se convierte en gas de alta temperatura y alta presi\u00f3n. Luego entra en el separador de aceite, donde se separa la mayor parte del aceite lubricante. El gas fluye entonces al condensador, donde intercambia calor con aire\/agua. El calor liberado es entonces transportado por el aire\/agua, condensando el propano en un l\u00edquido. Este l\u00edquido se env\u00eda a continuaci\u00f3n a la caja fr\u00eda para proporcionar pre-enfriamiento para el gas natural y el refrigerante mixto.<\/p>\n<p>En el circuito de aceite del compresor, el aceite de la unidad del compresor&#8217; El separador de aceite entra en el enfriador de aceite, donde intercambia calor con el aire\/agua, donde el calor se lleva. El aceite enfriado pasa a trav\u00e9s del filtro de aceite y luego entra en la bomba de aceite, donde se presuriza y vuelve al compresor, proporcionando lubricaci\u00f3n y enfriamiento. La temperatura de suministro de aceite es controlada por una v\u00e1lvula de control de temperatura de aceite.<\/p>\n<div class=\"host-lopnbnfpjmgpbppclhclehhgafnifija\" style=\"position: relative; z-index: 2147483647;\"><\/div>","protected":false},"featured_media":5239,"comment_status":"closed","ping_status":"closed","template":"","meta":[],"product_brand":[],"product_cat":[39],"product_tag":[],"class_list":{"0":"post-4534","1":"product","2":"type-product","3":"status-publish","4":"has-post-thumbnail","6":"product_cat-energy-gas-compression-equipment","8":"first","9":"instock","10":"shipping-taxable","11":"product-type-simple"},"_links":{"self":[{"href":"https:\/\/www.moonepc.com\/es\/wp-json\/wp\/v2\/product\/4534","targetHints":{"allow":["GET"]}}],"collection":[{"href":"https:\/\/www.moonepc.com\/es\/wp-json\/wp\/v2\/product"}],"about":[{"href":"https:\/\/www.moonepc.com\/es\/wp-json\/wp\/v2\/types\/product"}],"replies":[{"embeddable":true,"href":"https:\/\/www.moonepc.com\/es\/wp-json\/wp\/v2\/comments?post=4534"}],"wp:featuredmedia":[{"embeddable":true,"href":"https:\/\/www.moonepc.com\/es\/wp-json\/wp\/v2\/media\/5239"}],"wp:attachment":[{"href":"https:\/\/www.moonepc.com\/es\/wp-json\/wp\/v2\/media?parent=4534"}],"wp:term":[{"taxonomy":"product_brand","embeddable":true,"href":"https:\/\/www.moonepc.com\/es\/wp-json\/wp\/v2\/product_brand?post=4534"},{"taxonomy":"product_cat","embeddable":true,"href":"https:\/\/www.moonepc.com\/es\/wp-json\/wp\/v2\/product_cat?post=4534"},{"taxonomy":"product_tag","embeddable":true,"href":"https:\/\/www.moonepc.com\/es\/wp-json\/wp\/v2\/product_tag?post=4534"}],"curies":[{"name":"WP","href":"https:\/\/api.w.org\/{rel}","templated":true}]}}