{"id":4535,"date":"2025-07-30T10:17:23","date_gmt":"2025-07-30T02:17:23","guid":{"rendered":"https:\/\/www.moonepc.com\/?post_type=product&#038;p=4535"},"modified":"2025-09-23T14:34:24","modified_gmt":"2025-09-23T06:34:24","slug":"coz-compressor","status":"publish","type":"product","link":"https:\/\/www.moonepc.com\/es\/coz-compressor\/","title":{"rendered":"CO\u2082  Compresor"},"content":{"rendered":"<p style=\"text-align: center;\">Condiciones aplicables al producto<\/p>\n<table style=\"border-collapse: collapse; width: 100%;\">\n<tbody>\n<tr>\n<td style=\"width: 50%;\">Presi\u00f3n de succi\u00f3n<\/td>\n<td style=\"width: 50%;\">0,04-2,0 MPa (a)<\/td>\n<\/tr>\n<tr>\n<td style=\"width: 50%;\">Presi\u00f3n de descarga<\/td>\n<td style=\"width: 50%;\">M\u00e1x. 5,2 MPa (a)<\/td>\n<\/tr>\n<tr>\n<td style=\"width: 50%;\">Etapa de compresi\u00f3n<\/td>\n<td style=\"width: 50%;\">Etapa \u00fanica, etapa doble<\/td>\n<\/tr>\n<tr>\n<td style=\"width: 50%;\">Flujo de volumen<\/td>\n<td style=\"width: 50%;\">150-10000m\u00b3\/h<\/td>\n<\/tr>\n<tr>\n<td style=\"width: 50%;\">Temperatura de succi\u00f3n<\/td>\n<td style=\"width: 50%;\">-50~50\u2103<\/td>\n<\/tr>\n<tr>\n<td style=\"width: 50%;\" rowspan=\"2\">Temperatura de descarga<\/td>\n<td style=\"width: 50%;\">\u2264 40 \u2103 (enfriado por agua)<\/td>\n<\/tr>\n<tr>\n<td style=\"width: 50%;\">Temperatura ambiente: 15 \u2103 (enfriado por aire)<\/td>\n<\/tr>\n<tr>\n<td style=\"width: 50%;\">M\u00e9todo de enfriamiento<\/td>\n<td style=\"width: 50%;\">Enfriamiento por agua, enfriamiento por aire<\/td>\n<\/tr>\n<tr>\n<td style=\"width: 50%;\" rowspan=\"3\">Ajuste del flujo de volumen (opcional)<\/td>\n<td style=\"width: 50%;\">V\u00e1lvula deslizante: 15 ~ 100%<\/td>\n<\/tr>\n<tr>\n<td style=\"width: 50%;\">Derrotaci\u00f3n de la v\u00e1lvula de deslizamiento: 0 ~ 100%<\/td>\n<\/tr>\n<tr>\n<td style=\"width: 50%;\">accionamiento de frecuencia variable de la v\u00e1lvula de deslizamiento: 10 ~ 100%<\/td>\n<\/tr>\n<tr>\n<td style=\"width: 50%;\">Grado a prueba de explosiones<\/td>\n<td style=\"width: 50%;\">Ex IIBT4, Ex IICT4<\/td>\n<\/tr>\n<\/tbody>\n<\/table>\n<p style=\"text-align: center;\">Casos de proyectos<\/p>\n<p><img fetchpriority=\"high\" decoding=\"async\" class=\"wp-image-5244 aligncenter\" src=\"https:\/\/www.moonepc.com\/wp-content\/uploads\/2025\/07\/Project-Cases.jpg\" alt=\"Casos de proyectos\" width=\"1100\" height=\"1479\" srcset=\"https:\/\/www.moonepc.com\/wp-content\/uploads\/2025\/07\/Project-Cases.jpg 604w, https:\/\/www.moonepc.com\/wp-content\/uploads\/2025\/07\/Project-Cases-223x300.jpg 223w, https:\/\/www.moonepc.com\/wp-content\/uploads\/2025\/07\/Project-Cases-600x807.jpg 600w\" sizes=\"(max-width: 1100px) 100vw, 1100px\" \/><\/p>\n<div class=\"host-lopnbnfpjmgpbppclhclehhgafnifija\" style=\"position: relative; z-index: 2147483647;\"><\/div>","protected":false},"excerpt":{"rendered":"<p>Tornillo CO \u2082  Los compresores son ampliamente utilizados en las industrias del petr\u00f3leo, petroqu\u00edmica, gas natural, carb\u00f3n, qu\u00edmico, amon\u00edaco sint\u00e9tico, generaci\u00f3n de energ\u00eda, acero y fermentaci\u00f3n de alimentos para la recuperaci\u00f3n y compresi\u00f3n de CO \u2082 gas. Son equipos clave para la producci\u00f3n de CO de grado industrial o alimentario \u2082  y se han implementado con \u00e9xito en m\u00faltiples proyectos CCUS (Captura, Utilizaci\u00f3n y Almacenamiento de Carbono).<br \/>\nPara cumplir con los estrictos requisitos de calidad de lubricantes de la industria alimentaria, los compresores est\u00e1n equipados con lubricantes de calidad alimentaria y separadores de aceite multietapa para reducir eficazmente el contenido de aceite en el CO. \u2082  salida de gas. Esto garantiza el cumplimiento de las normas de seguridad alimentaria al tiempo que mantiene un funcionamiento eficiente y fiable.<\/p>\n<div class=\"host-lopnbnfpjmgpbppclhclehhgafnifija\" style=\"position: relative; z-index: 2147483647;\"><\/div>","protected":false},"featured_media":5242,"comment_status":"closed","ping_status":"closed","template":"","meta":[],"product_brand":[],"product_cat":[35],"product_tag":[],"class_list":{"0":"post-4535","1":"product","2":"type-product","3":"status-publish","4":"has-post-thumbnail","6":"product_cat-non-energy-gas-compression-equipment","8":"first","9":"instock","10":"shipping-taxable","11":"product-type-simple"},"_links":{"self":[{"href":"https:\/\/www.moonepc.com\/es\/wp-json\/wp\/v2\/product\/4535","targetHints":{"allow":["GET"]}}],"collection":[{"href":"https:\/\/www.moonepc.com\/es\/wp-json\/wp\/v2\/product"}],"about":[{"href":"https:\/\/www.moonepc.com\/es\/wp-json\/wp\/v2\/types\/product"}],"replies":[{"embeddable":true,"href":"https:\/\/www.moonepc.com\/es\/wp-json\/wp\/v2\/comments?post=4535"}],"wp:featuredmedia":[{"embeddable":true,"href":"https:\/\/www.moonepc.com\/es\/wp-json\/wp\/v2\/media\/5242"}],"wp:attachment":[{"href":"https:\/\/www.moonepc.com\/es\/wp-json\/wp\/v2\/media?parent=4535"}],"wp:term":[{"taxonomy":"product_brand","embeddable":true,"href":"https:\/\/www.moonepc.com\/es\/wp-json\/wp\/v2\/product_brand?post=4535"},{"taxonomy":"product_cat","embeddable":true,"href":"https:\/\/www.moonepc.com\/es\/wp-json\/wp\/v2\/product_cat?post=4535"},{"taxonomy":"product_tag","embeddable":true,"href":"https:\/\/www.moonepc.com\/es\/wp-json\/wp\/v2\/product_tag?post=4535"}],"curies":[{"name":"WP","href":"https:\/\/api.w.org\/{rel}","templated":true}]}}