{"id":4538,"date":"2025-07-30T10:21:55","date_gmt":"2025-07-30T02:21:55","guid":{"rendered":"https:\/\/www.moonepc.com\/?post_type=product&#038;p=4538"},"modified":"2025-09-23T14:35:49","modified_gmt":"2025-09-23T06:35:49","slug":"helium-compressor-unit","status":"publish","type":"product","link":"https:\/\/www.moonepc.com\/es\/helium-compressor-unit\/","title":{"rendered":"Unidad Compresor Helio"},"content":{"rendered":"<p style=\"text-align: center;\">Condiciones aplicables al producto<\/p>\n<table style=\"border-collapse: collapse; width: 100%; height: 264px;\">\n<tbody>\n<tr style=\"height: 24px;\">\n<td style=\"width: 50%; height: 24px;\">Presi\u00f3n de succi\u00f3n<\/td>\n<td style=\"width: 50%; height: 24px;\">0,04-1,6 MPa (a)<\/td>\n<\/tr>\n<tr style=\"height: 24px;\">\n<td style=\"width: 50%; height: 24px;\">Presi\u00f3n de descarga<\/td>\n<td style=\"width: 50%; height: 24px;\">0,1-2,5 MPa (a)<\/td>\n<\/tr>\n<tr style=\"height: 24px;\">\n<td style=\"width: 50%; height: 24px;\">Etapa de compresi\u00f3n<\/td>\n<td style=\"width: 50%; height: 24px;\">Etapa \u00fanica, etapa doble<\/td>\n<\/tr>\n<tr style=\"height: 24px;\">\n<td style=\"width: 50%; height: 24px;\">Flujo de volumen<\/td>\n<td style=\"width: 50%; height: 24px;\">150-10000m\u00b3\/h<\/td>\n<\/tr>\n<tr style=\"height: 24px;\">\n<td style=\"width: 50%; height: 24px;\">Temperatura de succi\u00f3n<\/td>\n<td style=\"width: 50%; height: 24px;\">0~40\u2103<\/td>\n<\/tr>\n<tr style=\"height: 24px;\">\n<td style=\"width: 50%; height: 48px;\" rowspan=\"2\">Temperatura de descarga<\/td>\n<td style=\"width: 50%; height: 24px;\">\u2264 40 \u2103 (enfriado por agua)<\/td>\n<\/tr>\n<tr style=\"height: 24px;\">\n<td style=\"width: 50%; height: 24px;\">Temperatura ambiente: 15 \u2103 (enfriado por aire)<\/td>\n<\/tr>\n<tr style=\"height: 24px;\">\n<td style=\"width: 50%; height: 24px;\">M\u00e9todo de enfriamiento<\/td>\n<td style=\"width: 50%; height: 24px;\">Enfriamiento por agua, enfriamiento por aire<\/td>\n<\/tr>\n<tr style=\"height: 24px;\">\n<td style=\"width: 50%; height: 72px;\" rowspan=\"3\">Ajuste del flujo de volumen (opcional)<\/td>\n<td style=\"width: 50%; height: 24px;\">V\u00e1lvula deslizante: 15 ~ 100%<\/td>\n<\/tr>\n<tr style=\"height: 24px;\">\n<td style=\"width: 50%; height: 24px;\">Derrotaci\u00f3n de la v\u00e1lvula de deslizamiento: 0 ~ 100%<\/td>\n<\/tr>\n<tr style=\"height: 24px;\">\n<td style=\"width: 50%; height: 24px;\">accionamiento de frecuencia variable de la v\u00e1lvula de deslizamiento: 10 ~ 100%<\/td>\n<\/tr>\n<\/tbody>\n<\/table>\n<div class=\"host-lopnbnfpjmgpbppclhclehhgafnifija\" style=\"position: relative; z-index: 2147483647;\"><\/div>","protected":false},"excerpt":{"rendered":"<p>El compresor de helio se utiliza en la recuperaci\u00f3n de helio a partir de gas natural, la investigaci\u00f3n de superconductividad criog\u00e9nica y la producci\u00f3n de hidr\u00f3geno l\u00edquido en procesos criog\u00e9nicos. Est\u00e1 dise\u00f1ado para acomodar las fluctuaciones en la presi\u00f3n de succi\u00f3n, la presi\u00f3n de descarga y el flujo de admisi\u00f3n durante el funcionamiento.<\/p>\n<p>Dado el helio&#8217; tama\u00f1o molecular peque\u00f1o y alto potencial de fuga, el compresor est\u00e1 especialmente dise\u00f1ado con caracter\u00edsticas de dise\u00f1o avanzadas y t\u00e9cnicas de fabricaci\u00f3n especializadas. Esto garantiza que la unidad opere de manera eficiente, ahorre energ\u00eda y minimiza el riesgo de fugas, lo que la convierte en una opci\u00f3n fiable para aplicaciones industriales e investigadoras exigentes.<\/p>\n<div class=\"host-lopnbnfpjmgpbppclhclehhgafnifija\" style=\"position: relative; z-index: 2147483647;\"><\/div>","protected":false},"featured_media":4537,"comment_status":"closed","ping_status":"closed","template":"","meta":[],"product_brand":[],"product_cat":[35],"product_tag":[],"class_list":{"0":"post-4538","1":"product","2":"type-product","3":"status-publish","4":"has-post-thumbnail","6":"product_cat-non-energy-gas-compression-equipment","8":"first","9":"instock","10":"shipping-taxable","11":"product-type-simple"},"_links":{"self":[{"href":"https:\/\/www.moonepc.com\/es\/wp-json\/wp\/v2\/product\/4538","targetHints":{"allow":["GET"]}}],"collection":[{"href":"https:\/\/www.moonepc.com\/es\/wp-json\/wp\/v2\/product"}],"about":[{"href":"https:\/\/www.moonepc.com\/es\/wp-json\/wp\/v2\/types\/product"}],"replies":[{"embeddable":true,"href":"https:\/\/www.moonepc.com\/es\/wp-json\/wp\/v2\/comments?post=4538"}],"wp:featuredmedia":[{"embeddable":true,"href":"https:\/\/www.moonepc.com\/es\/wp-json\/wp\/v2\/media\/4537"}],"wp:attachment":[{"href":"https:\/\/www.moonepc.com\/es\/wp-json\/wp\/v2\/media?parent=4538"}],"wp:term":[{"taxonomy":"product_brand","embeddable":true,"href":"https:\/\/www.moonepc.com\/es\/wp-json\/wp\/v2\/product_brand?post=4538"},{"taxonomy":"product_cat","embeddable":true,"href":"https:\/\/www.moonepc.com\/es\/wp-json\/wp\/v2\/product_cat?post=4538"},{"taxonomy":"product_tag","embeddable":true,"href":"https:\/\/www.moonepc.com\/es\/wp-json\/wp\/v2\/product_tag?post=4538"}],"curies":[{"name":"WP","href":"https:\/\/api.w.org\/{rel}","templated":true}]}}