{"id":4539,"date":"2025-07-30T10:26:26","date_gmt":"2025-07-30T02:26:26","guid":{"rendered":"https:\/\/www.moonepc.com\/?post_type=product&#038;p=4539"},"modified":"2025-09-23T14:38:28","modified_gmt":"2025-09-23T06:38:28","slug":"air-cooler","status":"publish","type":"product","link":"https:\/\/www.moonepc.com\/es\/air-cooler\/","title":{"rendered":"enfriador de aire"},"content":{"rendered":"<p>Tabla de par\u00e1metros de selecci\u00f3n y configuraci\u00f3n est\u00e1ndar<\/p>\n<table>\n<tbody>\n<tr>\n<td width=\"180\">Art\u00edculo<\/td>\n<td width=\"229\">Lista opcional<\/td>\n<td width=\"192\">Configuraci\u00f3n est\u00e1ndar<\/td>\n<\/tr>\n<tr>\n<td width=\"180\">Tipo<\/td>\n<td width=\"229\">Montado en el techo, montado en el piso<\/td>\n<td width=\"192\">Montado en el techo<\/td>\n<\/tr>\n<tr>\n<td rowspan=\"2\" width=\"180\">Especificaciones y material del tubo de intercambio de calor \/ mm<\/td>\n<td width=\"229\">16X0.6\/S30403<\/td>\n<td rowspan=\"2\" width=\"192\">16X0.6\/S30403<\/td>\n<\/tr>\n<tr>\n<td width=\"229\">16X1.2\/6063T4<\/td>\n<\/tr>\n<tr>\n<td width=\"180\">aletas<\/td>\n<td width=\"229\">Aleta de aluminio 8011 \/ l\u00e1mina de aluminio hidr\u00f3fila P12-8011-0<\/td>\n<td width=\"192\">Aleta de aluminio 8011<\/td>\n<\/tr>\n<tr>\n<td width=\"180\">Refrigerante<\/td>\n<td width=\"229\">R717\/R744\/Etilenglicol<\/td>\n<td width=\"192\">\/<\/td>\n<\/tr>\n<tr>\n<td width=\"180\">Material de la carcasa<\/td>\n<td width=\"229\">Placa de zinc aluminizante \/ placa de acero inoxidable<\/td>\n<td width=\"192\">Placa de zinc aluminizante<\/td>\n<\/tr>\n<tr>\n<td width=\"180\">Protecci\u00f3n t\u00e9rmica del ventilador<\/td>\n<td width=\"229\">Con protecci\u00f3n t\u00e9rmica<\/td>\n<td width=\"192\">Con protecci\u00f3n t\u00e9rmica<\/td>\n<\/tr>\n<tr>\n<td width=\"180\">M\u00e9todo de descongelaci\u00f3n<\/td>\n<td width=\"229\">Agua\/amon\u00edaco caliente descongelaci\u00f3n\/agua amon\u00edaco caliente descongelaci\u00f3n<\/td>\n<td width=\"192\">&nbsp;<\/p>\n<p>agua<\/td>\n<\/tr>\n<tr>\n<td width=\"180\">Bandeja de goteo<\/td>\n<td width=\"229\">Con aislamiento t\u00e9rmico\/sin aislamiento t\u00e9rmico<\/td>\n<td width=\"192\">Sin aislamiento t\u00e9rmico<\/td>\n<\/tr>\n<tr>\n<td width=\"180\">deflector de agua<\/td>\n<td width=\"229\">Con\/Sin<\/td>\n<td width=\"192\">Con<\/td>\n<\/tr>\n<tr>\n<td width=\"180\">Calefacci\u00f3n el\u00e9ctrica de refrigeraci\u00f3n<\/td>\n<td width=\"229\">Con\/Sin<\/td>\n<td width=\"192\">Sin<\/td>\n<\/tr>\n<tr>\n<td width=\"180\">modo soplado<\/td>\n<td width=\"229\">aire inducido<\/td>\n<td width=\"192\">aire inducido<\/td>\n<\/tr>\n<tr>\n<td width=\"180\">Modo de suministro de l\u00edquido<\/td>\n<td width=\"229\">Suministro de bomba\/Suministro de gravedad<\/td>\n<td width=\"192\">Suministro de bomba<\/td>\n<\/tr>\n<tr>\n<td width=\"180\">Direcci\u00f3n de flujo del medio de trabajo<\/td>\n<td width=\"229\">Por debajo, por encima \/ por el lado, por el lado<\/td>\n<td width=\"192\">Por debajo, por encima<\/td>\n<\/tr>\n<tr>\n<td width=\"180\">Tipo de ventilador<\/td>\n<td width=\"229\">Tipo de tambor\/malla-tapa Tipo<\/td>\n<td width=\"192\">Tipo de tambor<\/td>\n<\/tr>\n<tr>\n<td width=\"180\">Direcci\u00f3n de suministro de l\u00edquidos<\/td>\n<td width=\"229\">izquierda \/ derecha<\/td>\n<td width=\"192\">derecha<\/td>\n<\/tr>\n<tr>\n<td width=\"180\">Patr\u00f3n de colocaci\u00f3n del tubo (mm)<\/td>\n<td width=\"229\">55X47.63<\/td>\n<td width=\"192\">55X47.63<\/td>\n<\/tr>\n<tr>\n<td width=\"180\">Espaciamiento de aletas (mm)<\/td>\n<td width=\"229\">612\/816<\/td>\n<td width=\"192\">\/<\/td>\n<\/tr>\n<\/tbody>\n<\/table>\n<p>Nota: Se recomienda que la bandeja de goteo debe aislarse cuando el m\u00e9todo de descongelaci\u00f3n es&#8221; Descongelaci\u00f3n de amon\u00edaco caliente.<\/p>\n<div class=\"host-lopnbnfpjmgpbppclhclehhgafnifija\" style=\"position: relative; z-index: 2147483647;\"><\/div>","protected":false},"excerpt":{"rendered":"<p>El enfriador de aire sirve como evaporador en un sistema de refrigeraci\u00f3n y es un componente clave de intercambio de calor utilizado en el almacenamiento en fr\u00edo log\u00edstico, veh\u00edculos de cadena de fr\u00edo y sistemas de aire acondicionado de talleres. Est\u00e1 disponible en varios materiales, incluyendo tubo de acero inoxidable con aletas de aluminio, tubo de aluminio con aletas de aluminio, tubo de cobre con aletas de aluminio y tubo de acero con aletas de acero.<\/p>\n<div class=\"host-lopnbnfpjmgpbppclhclehhgafnifija\" style=\"position: relative; z-index: 2147483647;\"><\/div>","protected":false},"featured_media":4540,"comment_status":"closed","ping_status":"closed","template":"","meta":[],"product_brand":[],"product_cat":[84],"product_tag":[],"class_list":{"0":"post-4539","1":"product","2":"type-product","3":"status-publish","4":"has-post-thumbnail","6":"product_cat-heat-exchanger","8":"first","9":"instock","10":"shipping-taxable","11":"product-type-simple"},"_links":{"self":[{"href":"https:\/\/www.moonepc.com\/es\/wp-json\/wp\/v2\/product\/4539","targetHints":{"allow":["GET"]}}],"collection":[{"href":"https:\/\/www.moonepc.com\/es\/wp-json\/wp\/v2\/product"}],"about":[{"href":"https:\/\/www.moonepc.com\/es\/wp-json\/wp\/v2\/types\/product"}],"replies":[{"embeddable":true,"href":"https:\/\/www.moonepc.com\/es\/wp-json\/wp\/v2\/comments?post=4539"}],"wp:featuredmedia":[{"embeddable":true,"href":"https:\/\/www.moonepc.com\/es\/wp-json\/wp\/v2\/media\/4540"}],"wp:attachment":[{"href":"https:\/\/www.moonepc.com\/es\/wp-json\/wp\/v2\/media?parent=4539"}],"wp:term":[{"taxonomy":"product_brand","embeddable":true,"href":"https:\/\/www.moonepc.com\/es\/wp-json\/wp\/v2\/product_brand?post=4539"},{"taxonomy":"product_cat","embeddable":true,"href":"https:\/\/www.moonepc.com\/es\/wp-json\/wp\/v2\/product_cat?post=4539"},{"taxonomy":"product_tag","embeddable":true,"href":"https:\/\/www.moonepc.com\/es\/wp-json\/wp\/v2\/product_tag?post=4539"}],"curies":[{"name":"WP","href":"https:\/\/api.w.org\/{rel}","templated":true}]}}