{"id":4557,"date":"2025-07-30T10:45:52","date_gmt":"2025-07-30T02:45:52","guid":{"rendered":"https:\/\/www.moonepc.com\/?post_type=product&#038;p=4557"},"modified":"2025-09-23T15:18:45","modified_gmt":"2025-09-23T07:18:45","slug":"vacuum-freeze-drying-equipment","status":"publish","type":"product","link":"https:\/\/www.moonepc.com\/es\/vacuum-freeze-drying-equipment\/","title":{"rendered":"Equipo de liofilizaci\u00f3n al vac\u00edo"},"content":{"rendered":"<p>&nbsp;<\/p>\n<div class=\"host-lopnbnfpjmgpbppclhclehhgafnifija\" style=\"position: relative; z-index: 2147483647;\"><\/div>","protected":false},"excerpt":{"rendered":"<p>Confiando en una madura R&amp; D y plataforma de fabricaci\u00f3n y guiada por la filosof\u00eda de \"M\u00e1xima precisi\u00f3n e integridad para la vida\", MOON-TECH se compromete a avanzar en la localizaci\u00f3n de la fabricaci\u00f3n de equipos m\u00e9dicos. La serie LYOMINI (secadoras de congelaci\u00f3n de laboratorio y piloto), la serie LYOROCK (secadoras de congelaci\u00f3n de producci\u00f3n), la serie LYOLAVA (secadoras de congelaci\u00f3n actualizadas), junto con sistemas de carga \/ descarga de viales, sistemas de carga \/ descarga de alta velocidad de peque\u00f1o volumen, sistemas de carga \/ descarga a baja temperatura y sistemas de carga \/ descarga de congelaci\u00f3n API, sirven de manera integral al proceso completo de I+ D y fabricaci\u00f3n.<\/p>\n<p>Modelo: LYOMINI4 ~ Serie 100<\/p>\n<p>\u00c1rea del estante: 0.2 m\u00b2 ~ 5 m\u00b2<\/p>\n<p>Capacidad de producci\u00f3n: viales de \u00d816 mm: 816 ~ 21.374 viales, viales de \u00d822 mm: 419 ~ 11.229 viales<\/p>\n<p>Capacidad de soluci\u00f3n a granel: 3 ~ 75 L<\/p>\n<p>Espaciamiento de estante: ajustable seg\u00fan los requisitos del usuario<\/p>\n<p>Temperatura del condensador: \u2264 -75\u00b0C<\/p>\n<div class=\"host-lopnbnfpjmgpbppclhclehhgafnifija\" style=\"position: relative; z-index: 2147483647;\"><\/div>","protected":false},"featured_media":5255,"comment_status":"closed","ping_status":"closed","template":"","meta":[],"product_brand":[],"product_cat":[86,85],"product_tag":[],"class_list":{"0":"post-4557","1":"product","2":"type-product","3":"status-publish","4":"has-post-thumbnail","6":"product_cat-food-freeze-dryer","7":"product_cat-quick-freezer-and-freeze-dryer","9":"first","10":"instock","11":"shipping-taxable","12":"product-type-simple"},"_links":{"self":[{"href":"https:\/\/www.moonepc.com\/es\/wp-json\/wp\/v2\/product\/4557","targetHints":{"allow":["GET"]}}],"collection":[{"href":"https:\/\/www.moonepc.com\/es\/wp-json\/wp\/v2\/product"}],"about":[{"href":"https:\/\/www.moonepc.com\/es\/wp-json\/wp\/v2\/types\/product"}],"replies":[{"embeddable":true,"href":"https:\/\/www.moonepc.com\/es\/wp-json\/wp\/v2\/comments?post=4557"}],"wp:featuredmedia":[{"embeddable":true,"href":"https:\/\/www.moonepc.com\/es\/wp-json\/wp\/v2\/media\/5255"}],"wp:attachment":[{"href":"https:\/\/www.moonepc.com\/es\/wp-json\/wp\/v2\/media?parent=4557"}],"wp:term":[{"taxonomy":"product_brand","embeddable":true,"href":"https:\/\/www.moonepc.com\/es\/wp-json\/wp\/v2\/product_brand?post=4557"},{"taxonomy":"product_cat","embeddable":true,"href":"https:\/\/www.moonepc.com\/es\/wp-json\/wp\/v2\/product_cat?post=4557"},{"taxonomy":"product_tag","embeddable":true,"href":"https:\/\/www.moonepc.com\/es\/wp-json\/wp\/v2\/product_tag?post=4557"}],"curies":[{"name":"WP","href":"https:\/\/api.w.org\/{rel}","templated":true}]}}