{"id":4558,"date":"2025-07-30T10:51:03","date_gmt":"2025-07-30T02:51:03","guid":{"rendered":"https:\/\/www.moonepc.com\/?post_type=product&#038;p=4558"},"modified":"2025-09-23T14:49:47","modified_gmt":"2025-09-23T06:49:47","slug":"spiral-quick-freezers","status":"publish","type":"product","link":"https:\/\/www.moonepc.com\/es\/spiral-quick-freezers\/","title":{"rendered":"Congeladores r\u00e1pidos en espiral"},"content":{"rendered":"<p>Congelador de doble espiral<\/p>\n<table>\n<tbody>\n<tr>\n<td width=\"124\">modelo<\/td>\n<td width=\"67\">LSS2012<\/td>\n<td width=\"67\">LSD2516<\/td>\n<td width=\"68\">LSD3014<\/td>\n<\/tr>\n<tr>\n<td width=\"124\">Ingredientes<\/td>\n<td colspan=\"3\" width=\"204\">Muslos de pollo crudos<\/td>\n<\/tr>\n<tr>\n<td width=\"124\">Peso<\/td>\n<td colspan=\"3\" width=\"204\">120 \u00b1 10g<\/td>\n<\/tr>\n<tr>\n<td width=\"124\">Temperatura de entrada<\/td>\n<td colspan=\"3\" width=\"204\">15\u2103<\/td>\n<\/tr>\n<tr>\n<td width=\"124\">Temperatura de salida<\/td>\n<td colspan=\"3\" width=\"204\">-18\u2103<\/td>\n<\/tr>\n<tr>\n<td width=\"124\">Congelaci\u00f3n dise\u00f1ada<\/p>\n<p>temperatura<\/td>\n<td colspan=\"3\" width=\"204\">-35\u2103<\/td>\n<\/tr>\n<tr>\n<td width=\"124\">Di\u00e1metro de la jaula rotativa<\/td>\n<td width=\"67\">2000mm<\/td>\n<td width=\"67\">2530mm<\/td>\n<td width=\"68\">3000 mm<\/td>\n<\/tr>\n<tr>\n<td width=\"124\">Capas<\/td>\n<td width=\"67\">12<\/td>\n<td width=\"67\">16<\/td>\n<td width=\"68\">14<\/td>\n<\/tr>\n<tr>\n<td width=\"124\">Ancho del cintur\u00f3n de malla<\/td>\n<td width=\"67\">650mm<\/td>\n<td width=\"67\">710 mm<\/td>\n<td width=\"68\">1000mm<\/td>\n<\/tr>\n<tr>\n<td width=\"124\">Producci\u00f3n est\u00e1ndar<\/td>\n<td width=\"67\">1000kg\/h<\/td>\n<td width=\"67\">2000 kg\/h<\/td>\n<td width=\"68\">3000 kg\/h<\/td>\n<\/tr>\n<tr>\n<td width=\"124\">Capacidad<\/td>\n<td width=\"67\">31.8kW<\/td>\n<td width=\"67\">48.8kW<\/td>\n<td width=\"68\">64.8kW<\/td>\n<\/tr>\n<\/tbody>\n<\/table>\n<p>Congelador de espiral \u00fanica<\/p>\n<table>\n<tbody>\n<tr>\n<td width=\"124\">modelo<\/td>\n<td width=\"67\">LSS2012<\/td>\n<td width=\"67\">LSS2514<\/td>\n<td width=\"68\">LSS3022<\/td>\n<\/tr>\n<tr>\n<td width=\"124\">Ingredientes<\/td>\n<td colspan=\"3\" width=\"203\">Muslos de pollo crudos<\/td>\n<\/tr>\n<tr>\n<td width=\"124\">Peso<\/td>\n<td colspan=\"3\" width=\"203\">120 \u00b1 10g<\/td>\n<\/tr>\n<tr>\n<td width=\"124\">Temperatura de entrada<\/td>\n<td colspan=\"3\" width=\"203\">15\u2103<\/td>\n<\/tr>\n<tr>\n<td width=\"124\">Temperatura de salida<\/td>\n<td colspan=\"3\" width=\"203\">-18\u2103<\/td>\n<\/tr>\n<tr>\n<td width=\"124\">Congelaci\u00f3n dise\u00f1ada<\/p>\n<p>temperatura<\/td>\n<td colspan=\"3\" width=\"203\">-35\u2103<\/td>\n<\/tr>\n<tr>\n<td width=\"124\">Di\u00e1metro de la jaula rotativa<\/td>\n<td width=\"67\">2000mm<\/td>\n<td width=\"67\">2530mm<\/td>\n<td width=\"68\">3000 mm<\/td>\n<\/tr>\n<tr>\n<td width=\"124\">Capas<\/td>\n<td width=\"67\">12<\/td>\n<td width=\"67\">14<\/td>\n<td width=\"68\">22<\/td>\n<\/tr>\n<tr>\n<td width=\"124\">Ancho del cintur\u00f3n de malla<\/td>\n<td width=\"67\">650mm<\/td>\n<td width=\"67\">800 mm<\/td>\n<td width=\"68\">850 mm<\/td>\n<\/tr>\n<tr>\n<td width=\"124\">Producci\u00f3n est\u00e1ndar<\/td>\n<td width=\"67\">500kg\/h<\/td>\n<td width=\"67\">1000kg\/h<\/td>\n<td width=\"68\">2000 kg\/h<\/td>\n<\/tr>\n<tr>\n<td width=\"124\">Capacidad<\/td>\n<td width=\"67\">16.8kW<\/td>\n<td width=\"67\">25.3kW<\/td>\n<td width=\"68\">45.3kW<\/td>\n<\/tr>\n<\/tbody>\n<\/table>\n<div class=\"host-lopnbnfpjmgpbppclhclehhgafnifija\" style=\"position: relative; z-index: 2147483647;\"><\/div>","protected":false},"excerpt":{"rendered":"<p>El congelador en espiral autoapilador adopta un dise\u00f1o de correa autoapiladora entrelazada, que apila autom\u00e1ticamente capa por capa en una cadena de accionamiento estable. La correa, compuesta por malla met\u00e1lica y placas laterales autosoportantes, forma una zona de congelaci\u00f3n sellada despu\u00e9s del apilamiento y funciona continuamente en un bucle en espiral. El flujo de aire fr\u00edo forzado circula verticalmente de arriba a abajo dentro de la zona apilada, asegurando el contacto completo con los productos. Esto da como resultado una alta eficiencia de intercambio de calor, reduciendo significativamente tanto el tiempo de congelaci\u00f3n como la p\u00e9rdida de deshidrataci\u00f3n del producto.<\/p>\n<div class=\"host-lopnbnfpjmgpbppclhclehhgafnifija\" style=\"position: relative; z-index: 2147483647;\"><\/div>","protected":false},"featured_media":5262,"comment_status":"closed","ping_status":"closed","template":"","meta":[],"product_brand":[],"product_cat":[87,85],"product_tag":[],"class_list":{"0":"post-4558","1":"product","2":"type-product","3":"status-publish","4":"has-post-thumbnail","6":"product_cat-quick-freezer","7":"product_cat-quick-freezer-and-freeze-dryer","9":"first","10":"instock","11":"shipping-taxable","12":"product-type-simple"},"_links":{"self":[{"href":"https:\/\/www.moonepc.com\/es\/wp-json\/wp\/v2\/product\/4558","targetHints":{"allow":["GET"]}}],"collection":[{"href":"https:\/\/www.moonepc.com\/es\/wp-json\/wp\/v2\/product"}],"about":[{"href":"https:\/\/www.moonepc.com\/es\/wp-json\/wp\/v2\/types\/product"}],"replies":[{"embeddable":true,"href":"https:\/\/www.moonepc.com\/es\/wp-json\/wp\/v2\/comments?post=4558"}],"wp:featuredmedia":[{"embeddable":true,"href":"https:\/\/www.moonepc.com\/es\/wp-json\/wp\/v2\/media\/5262"}],"wp:attachment":[{"href":"https:\/\/www.moonepc.com\/es\/wp-json\/wp\/v2\/media?parent=4558"}],"wp:term":[{"taxonomy":"product_brand","embeddable":true,"href":"https:\/\/www.moonepc.com\/es\/wp-json\/wp\/v2\/product_brand?post=4558"},{"taxonomy":"product_cat","embeddable":true,"href":"https:\/\/www.moonepc.com\/es\/wp-json\/wp\/v2\/product_cat?post=4558"},{"taxonomy":"product_tag","embeddable":true,"href":"https:\/\/www.moonepc.com\/es\/wp-json\/wp\/v2\/product_tag?post=4558"}],"curies":[{"name":"WP","href":"https:\/\/api.w.org\/{rel}","templated":true}]}}