{"id":4561,"date":"2025-07-30T10:56:57","date_gmt":"2025-07-30T02:56:57","guid":{"rendered":"https:\/\/www.moonepc.com\/?post_type=product&#038;p=4561"},"modified":"2025-09-23T14:50:54","modified_gmt":"2025-09-23T06:50:54","slug":"plate-quick-freezers","status":"publish","type":"product","link":"https:\/\/www.moonepc.com\/es\/plate-quick-freezers\/","title":{"rendered":"Congeladores r\u00e1pidos de placa"},"content":{"rendered":"<p>Los productos de congelaci\u00f3n continua del entorno de la rueda de hielo incluyen cuatro series principales de productos:<\/p>\n<p>dispositivos de congelaci\u00f3n r\u00e1pida de la serie de t\u00faneles, dispositivos de congelaci\u00f3n r\u00e1pida de la serie en espiral, dispositivos de congelaci\u00f3n r\u00e1pida fluidizados y dispositivos de congelaci\u00f3n r\u00e1pida de t\u00faneles inteligentes. Comparten las siguientes caracter\u00edsticas comunes significativas.<\/p>\n<table>\n<tbody>\n<tr>\n<td>10<\/td>\n<td colspan=\"4\"><\/td>\n<\/tr>\n<tr>\n<td width=\"159\">Espaciamiento efectivo de<\/p>\n<p>capas (mm)<\/td>\n<td colspan=\"4\" width=\"481\">55~105<\/td>\n<\/tr>\n<tr>\n<td width=\"159\">Entrada y amp; temperaturas del n\u00facleo de la carga de salida (\u2103)<\/td>\n<td colspan=\"4\" width=\"481\">+20\/-18<\/td>\n<\/tr>\n<tr>\n<td width=\"159\">Refrigerante<\/td>\n<td width=\"117\">R717<\/td>\n<td width=\"118\">R22<\/td>\n<td width=\"120\">R717<\/td>\n<td width=\"126\">R22<\/td>\n<\/tr>\n<tr>\n<td width=\"159\">Condiciones de trabajo del refrigerante (\u2103)<\/td>\n<td colspan=\"4\" width=\"481\">\u00b1 35<\/td>\n<\/tr>\n<tr>\n<td width=\"159\">Alimentaci\u00f3n l\u00edquida<\/p>\n<p>interfaz (mm)<\/td>\n<td width=\"117\">\u03a638<\/td>\n<td width=\"118\">11\/8 pulgadas<\/td>\n<td width=\"120\">\u03a645<\/td>\n<td width=\"126\">11\/8 pulgadas<\/td>\n<\/tr>\n<tr>\n<td width=\"159\">Interfaz de retorno de aire (mm)<\/td>\n<td width=\"117\">\u03a676<\/td>\n<td width=\"118\">\u03a676<\/td>\n<td width=\"120\">\u03a689<\/td>\n<td width=\"126\">\u03a676<\/td>\n<\/tr>\n<tr>\n<td width=\"159\">Consumo de refrigeraci\u00f3n<\/p>\n<p>(kw)<\/td>\n<td colspan=\"2\" width=\"235\">26<\/td>\n<td colspan=\"2\" width=\"246\">33<\/td>\n<\/tr>\n<tr>\n<td width=\"159\">Capacidad de congelaci\u00f3n nominal (kg\/cambio)<\/td>\n<td colspan=\"2\" width=\"235\">960<\/td>\n<td colspan=\"2\" width=\"246\">1200<\/td>\n<\/tr>\n<tr>\n<td width=\"159\">Potencia instalada (kW)<\/td>\n<td colspan=\"4\" width=\"481\">1.5<\/td>\n<\/tr>\n<tr>\n<td width=\"159\">Peso (t)<\/td>\n<td width=\"117\">3.1<\/td>\n<td width=\"118\">3.0<\/td>\n<td width=\"120\">3.4<\/td>\n<td width=\"126\">3.2<\/td>\n<\/tr>\n<\/tbody>\n<\/table>\n<table>\n<tbody>\n<tr>\n<td width=\"159\">modelo<\/td>\n<td colspan=\"2\" width=\"235\">MPF1500<\/td>\n<td colspan=\"2\" width=\"246\">MPF1800<\/td>\n<\/tr>\n<tr>\n<td width=\"159\">Resumen<\/p>\n<p>dimensionL * W * H (mm)<\/td>\n<td width=\"117\">3750*1680*3050<\/td>\n<td width=\"118\">3550*1680*3050<\/td>\n<td width=\"120\">3750*1680*3300<\/td>\n<td width=\"126\">3550*1680*3300<\/td>\n<\/tr>\n<tr>\n<td width=\"159\">Tama\u00f1o de la placa de congelaci\u00f3n (mm)<\/td>\n<td colspan=\"4\" width=\"481\">2060*1261<\/td>\n<\/tr>\n<tr>\n<td width=\"159\">Capas eficaces de placas de congelaci\u00f3n<\/td>\n<td colspan=\"2\" width=\"235\">10<\/td>\n<td colspan=\"2\" width=\"246\">12<\/td>\n<\/tr>\n<tr>\n<td width=\"159\">Espaciamiento efectivo de<\/p>\n<p>capas (mm)<\/td>\n<td colspan=\"4\" width=\"481\">55~105<\/td>\n<\/tr>\n<tr>\n<td width=\"159\">Entrada y amp; temperaturas del n\u00facleo de la carga de salida (\u2103)<\/td>\n<td colspan=\"4\" width=\"481\">+20\/-18<\/td>\n<\/tr>\n<tr>\n<td width=\"159\">Refrigerante<\/td>\n<td width=\"117\">R717<\/td>\n<td width=\"118\">R22<\/td>\n<td width=\"120\">R717<\/td>\n<td width=\"126\">R22<\/td>\n<\/tr>\n<tr>\n<td width=\"159\">Condiciones de trabajo del refrigerante (\u2103)<\/td>\n<td colspan=\"4\" width=\"481\">\u00b1 35<\/td>\n<\/tr>\n<tr>\n<td width=\"159\">Alimentaci\u00f3n l\u00edquida<\/p>\n<p>interfaz (mm)<\/td>\n<td width=\"117\">\u03a645<\/td>\n<td width=\"118\">13\/8 pulgadas<\/td>\n<td width=\"120\">\u03a645<\/td>\n<td width=\"126\">15\/8 pulgadas<\/td>\n<\/tr>\n<tr>\n<td width=\"159\">Interfaz de retorno de aire (mm)<\/td>\n<td width=\"117\">\u03a689<\/td>\n<td width=\"118\">\u03a676<\/td>\n<td width=\"120\">\u03a689<\/td>\n<td width=\"126\">\u03a689<\/td>\n<\/tr>\n<tr>\n<td width=\"159\">Consumo de refrigeraci\u00f3n<\/p>\n<p>(kw)<\/td>\n<td colspan=\"2\" width=\"235\">41<\/td>\n<td colspan=\"2\" width=\"246\">49<\/td>\n<\/tr>\n<tr>\n<td width=\"159\">Capacidad de congelaci\u00f3n nominal (kg\/cambio)<\/td>\n<td colspan=\"2\" width=\"235\">1500<\/td>\n<td colspan=\"2\" width=\"246\">1800<\/td>\n<\/tr>\n<tr>\n<td width=\"159\">Potencia instalada (kW)<\/td>\n<td colspan=\"4\" width=\"481\">1.5<\/td>\n<\/tr>\n<tr>\n<td width=\"159\">Peso (t)<\/td>\n<td width=\"117\">3.7<\/td>\n<td width=\"118\">3.6<\/td>\n<td width=\"120\">4.0<\/td>\n<td width=\"126\">3.8<\/td>\n<\/tr>\n<\/tbody>\n<\/table>\n<p>Nota: La capacidad de congelaci\u00f3n se basa en la bandeja de peces de cola de pelo, con dimensiones de 600 * 400 * 80 mm, 15 kg por bandeja.<\/p>\n<div class=\"host-lopnbnfpjmgpbppclhclehhgafnifija\" style=\"position: relative; z-index: 2147483647;\"><\/div>","protected":false},"excerpt":{"rendered":"<p>El congelador de placas permite una congelaci\u00f3n r\u00e1pida a trav\u00e9s del contacto de doble cara entre los alimentos y las placas met\u00e1licas. Las placas met\u00e1licas funcionan como evaporadores, contactando estrechamente tanto las superficies superior como inferior del alimento y transfiriendo directamente energ\u00eda fr\u00eda a \u00e9l. Dado que la conductividad t\u00e9rmica del metal es decenas de veces mayor que la de los sistemas de intercambio de calor basados en aire, esta configuraci\u00f3n logra una congelaci\u00f3n altamente eficiente y r\u00e1pida.<\/p>\n<div class=\"host-lopnbnfpjmgpbppclhclehhgafnifija\" style=\"position: relative; z-index: 2147483647;\"><\/div>","protected":false},"featured_media":5258,"comment_status":"closed","ping_status":"closed","template":"","meta":[],"product_brand":[],"product_cat":[87,85],"product_tag":[],"class_list":{"0":"post-4561","1":"product","2":"type-product","3":"status-publish","4":"has-post-thumbnail","6":"product_cat-quick-freezer","7":"product_cat-quick-freezer-and-freeze-dryer","9":"first","10":"instock","11":"shipping-taxable","12":"product-type-simple"},"_links":{"self":[{"href":"https:\/\/www.moonepc.com\/es\/wp-json\/wp\/v2\/product\/4561","targetHints":{"allow":["GET"]}}],"collection":[{"href":"https:\/\/www.moonepc.com\/es\/wp-json\/wp\/v2\/product"}],"about":[{"href":"https:\/\/www.moonepc.com\/es\/wp-json\/wp\/v2\/types\/product"}],"replies":[{"embeddable":true,"href":"https:\/\/www.moonepc.com\/es\/wp-json\/wp\/v2\/comments?post=4561"}],"wp:featuredmedia":[{"embeddable":true,"href":"https:\/\/www.moonepc.com\/es\/wp-json\/wp\/v2\/media\/5258"}],"wp:attachment":[{"href":"https:\/\/www.moonepc.com\/es\/wp-json\/wp\/v2\/media?parent=4561"}],"wp:term":[{"taxonomy":"product_brand","embeddable":true,"href":"https:\/\/www.moonepc.com\/es\/wp-json\/wp\/v2\/product_brand?post=4561"},{"taxonomy":"product_cat","embeddable":true,"href":"https:\/\/www.moonepc.com\/es\/wp-json\/wp\/v2\/product_cat?post=4561"},{"taxonomy":"product_tag","embeddable":true,"href":"https:\/\/www.moonepc.com\/es\/wp-json\/wp\/v2\/product_tag?post=4561"}],"curies":[{"name":"WP","href":"https:\/\/api.w.org\/{rel}","templated":true}]}}