{"id":4572,"date":"2025-07-30T11:58:33","date_gmt":"2025-07-30T03:58:33","guid":{"rendered":"https:\/\/www.moonepc.com\/?post_type=product&#038;p=4572"},"modified":"2025-09-23T14:45:58","modified_gmt":"2025-09-23T06:45:58","slug":"customized-vacuum-freeze-drying-equipment-2","status":"publish","type":"product","link":"https:\/\/www.moonepc.com\/es\/customized-vacuum-freeze-drying-equipment-2\/","title":{"rendered":"Equipo de liofilizaci\u00f3n al vac\u00edo personalizado"},"content":{"rendered":"<p><strong><b>T\u00e9cnica<\/b><\/strong><strong><b>\u00a0<\/b><\/strong><strong><b>Tabla de par\u00e1metros<\/b><\/strong><\/p>\n<table>\n<tbody>\n<tr>\n<td colspan=\"2\" width=\"147\">Art\u00edculo\\Modelo<\/td>\n<td width=\"97\">MTFD0.2-5L<\/td>\n<td width=\"129\">MTFD2.2-50L<\/td>\n<td width=\"103\">MTFD15-180L<\/td>\n<td width=\"126\">MTFD25-300L<\/td>\n<\/tr>\n<tr>\n<td colspan=\"2\" width=\"147\">Capacidad de carga de agua<\/p>\n<p>(L\/cambio)<\/td>\n<td width=\"97\">5<\/td>\n<td width=\"129\">50<\/td>\n<td width=\"103\">180<\/td>\n<td width=\"126\">300<\/td>\n<\/tr>\n<tr>\n<td colspan=\"2\" width=\"147\">Capacidad de alimentaci\u00f3n est\u00e1ndar<\/p>\n<p>(kg\/turno)<\/td>\n<td width=\"97\">2.5<\/td>\n<td width=\"129\">30<\/td>\n<td width=\"103\">200<\/td>\n<td width=\"126\">320<\/td>\n<\/tr>\n<tr>\n<td rowspan=\"6\" width=\"54\">&nbsp;<\/p>\n<p>&nbsp;<\/p>\n<p>&nbsp;<\/p>\n<p>&nbsp;<\/p>\n<p>montaje liofilizador<\/td>\n<td width=\"92\">Material<\/td>\n<td width=\"97\"><\/td>\n<td colspan=\"3\" width=\"359\">SUS304, Tratamiento de pasivaci\u00f3n de la superficie interior y exterior<\/td>\n<\/tr>\n<tr>\n<td width=\"92\">Dimensi\u00f3n exterior<\/p>\n<p>(mm)<\/td>\n<td width=\"97\">1000 \u00d7 1000 \u00d7 1400<\/td>\n<td width=\"129\">3000 \u00d7 2000 \u00d7<u>210<\/u>0<\/td>\n<td width=\"103\">4000 \u00d7 1800 \u00d7 2400<\/td>\n<td width=\"126\">\u03c62200\u00d77500<\/td>\n<\/tr>\n<tr>\n<td width=\"92\">ChamberDoor<\/td>\n<td width=\"97\">cuadrado, \u00fanico abierto<\/td>\n<td width=\"129\">Forma circular, abierta \u00fanica<\/td>\n<td width=\"103\">cuadrado, \u00fanico abierto<\/td>\n<td width=\"126\">Forma circular, abierta \u00fanica<\/td>\n<\/tr>\n<tr>\n<td width=\"92\">Trampa fr\u00edaTipo<\/td>\n<td colspan=\"2\" width=\"227\">Tipo montado por debajo<\/td>\n<td colspan=\"2\" width=\"230\">Tipo montado trasero<\/td>\n<\/tr>\n<tr>\n<td width=\"92\">Tipo de refrigeraci\u00f3n<\/td>\n<td colspan=\"4\" width=\"457\">Alimentaci\u00f3n de expansi\u00f3n directa, refrigerante: R404A \/ R507A<\/td>\n<\/tr>\n<tr>\n<td width=\"92\">Temperatura evaporativa<\/td>\n<td colspan=\"2\" width=\"227\">\u2264-50\u2103<\/td>\n<td colspan=\"2\" width=\"230\">\u2264-70\u2103<\/td>\n<\/tr>\n<tr>\n<td rowspan=\"7\" width=\"54\">&nbsp;<\/p>\n<p>&nbsp;<\/p>\n<p>&nbsp;<\/p>\n<p>&nbsp;<\/p>\n<p>&nbsp;<\/p>\n<p>&nbsp;<\/p>\n<p>&nbsp;<\/p>\n<p>&nbsp;<\/p>\n<p>Estante\/bandeja<\/td>\n<td width=\"92\">No.of Estante del producto<\/td>\n<td width=\"97\">3<\/td>\n<td width=\"129\">7<\/td>\n<td width=\"103\">14<\/td>\n<td width=\"126\">11<\/td>\n<\/tr>\n<tr>\n<td width=\"92\">\u00c1rea total del estante<\/td>\n<td width=\"97\">0.2m\u00b2<\/td>\n<td width=\"129\">2.2m\u00b2<\/td>\n<td width=\"103\">15 m\u00b2<\/td>\n<td width=\"126\">25m\u00b2<\/td>\n<\/tr>\n<tr>\n<td width=\"92\">&nbsp;<\/p>\n<p>Modo de transferencia de calor<\/td>\n<td width=\"97\">Calefacci\u00f3n el\u00e9ctrica<\/td>\n<td width=\"129\">Radiaci\u00f3n de circulaci\u00f3n<\/p>\n<p>Calefacci\u00f3n, intercambio de calor para<\/p>\n<p>Tubo de calefacci\u00f3n el\u00e9ctrica<\/td>\n<td colspan=\"2\" width=\"230\">Calentamiento de contacto de bandeja,<\/p>\n<p>Intercambio de calor para aceite de silicona<\/td>\n<\/tr>\n<tr>\n<td width=\"92\">Regulaci\u00f3n<\/p>\n<p>Rango de temperatura<\/p>\n<p>de los estantes<\/td>\n<td colspan=\"2\" width=\"227\">&nbsp;<\/p>\n<p>Temperatura ambiente ~ 100\u2103<\/td>\n<td colspan=\"2\" width=\"230\">&nbsp;<\/p>\n<p>-60\u2103~ 100\u2103<\/td>\n<\/tr>\n<tr>\n<td width=\"92\">Tama\u00f1o de la bandeja (mm)<\/td>\n<td width=\"97\">360 \u00d7 280 \u00d7 32<\/td>\n<td width=\"129\">680 \u00d7 550 \u00d7 32<\/td>\n<td width=\"103\">680 \u00d7 550 \u00d7 35<\/td>\n<td width=\"126\">700 \u00d7 600 \u00d7 35<\/td>\n<\/tr>\n<tr>\n<td width=\"92\">Cantidad de bandeja<\/td>\n<td width=\"97\">2<\/td>\n<td width=\"129\">6<\/td>\n<td width=\"103\">40<\/td>\n<td width=\"126\">120<\/td>\n<\/tr>\n<tr>\n<td width=\"92\">Tipo de carga<\/td>\n<td colspan=\"4\" width=\"457\">Carga y descarga manuales<\/td>\n<\/tr>\n<tr>\n<td rowspan=\"2\" width=\"54\">&nbsp;<\/p>\n<p>Vac\u00edo<\/p>\n<p>Sistema<\/td>\n<td width=\"92\">L\u00edmite est\u00e1tico de vac\u00edo para cada uno<\/td>\n<td colspan=\"4\" width=\"457\">&nbsp;<\/p>\n<p>13Pa<\/td>\n<\/tr>\n<tr>\n<td width=\"92\">Presi\u00f3n de trabajo en<\/p>\n<p>Papelera<\/td>\n<td colspan=\"4\" width=\"457\">30 ~ 133Pa<\/td>\n<\/tr>\n<tr>\n<td rowspan=\"4\" width=\"54\">&nbsp;<\/p>\n<p>&nbsp;<\/p>\n<p>Control<\/td>\n<td width=\"92\">Gabinete de control<\/td>\n<td colspan=\"4\" width=\"457\">Todo en uno, control PLC<\/td>\n<\/tr>\n<tr>\n<td width=\"92\">temperatura<\/td>\n<td colspan=\"4\" width=\"457\">Control de programaci\u00f3n<\/td>\n<\/tr>\n<tr>\n<td width=\"92\">Vac\u00edo<\/td>\n<td colspan=\"4\" width=\"457\">Control del medidor de vac\u00edo<\/td>\n<\/tr>\n<tr>\n<td width=\"92\">Voltaje<\/td>\n<td colspan=\"2\" width=\"227\">AC \/ 220V \/ 50HZ<\/td>\n<td colspan=\"2\" width=\"230\">AC \/ 380V \/ 50HZ<\/td>\n<\/tr>\n<\/tbody>\n<\/table>\n<p>&nbsp;<\/p>\n<p><strong><b>T\u00e9cnica<\/b><\/strong><strong><b>\u00a0<\/b><\/strong><strong><b>Tabla de par\u00e1metros<\/b><\/strong><\/p>\n<table>\n<tbody>\n<tr>\n<td colspan=\"2\" width=\"148\">Art\u00edculo\\Modelo<\/td>\n<td width=\"67\">MTFD25-300L<\/td>\n<td width=\"71\">MTFD50-600L<\/td>\n<td width=\"79\">MTFD100-1200L<\/td>\n<td width=\"78\">MTFD120-1500L<\/td>\n<td width=\"80\">MTFD200-2500<\/td>\n<td width=\"79\">L|MTFD240-3000L<\/td>\n<\/tr>\n<tr>\n<td colspan=\"2\" width=\"148\">Capacidad de carga de agua<\/p>\n<p>(L\/cambio)<\/td>\n<td width=\"67\">300<\/td>\n<td width=\"71\">600<\/td>\n<td width=\"79\">1200<\/td>\n<td width=\"78\">1500<\/td>\n<td width=\"80\">2500<\/td>\n<td width=\"79\">3000<\/td>\n<\/tr>\n<tr>\n<td colspan=\"2\" width=\"148\">Capacidad de alimentaci\u00f3n est\u00e1ndar<\/p>\n<p>(kg\/turno)<\/td>\n<td width=\"67\">320<\/td>\n<td width=\"71\">640<\/td>\n<td width=\"79\">1280<\/td>\n<td width=\"78\">1520<\/td>\n<td width=\"80\">2660<\/td>\n<td width=\"79\">3200<\/td>\n<\/tr>\n<tr>\n<td rowspan=\"6\" width=\"54\">&nbsp;<\/p>\n<p>&nbsp;<\/p>\n<p>&nbsp;<\/p>\n<p>&nbsp;<\/p>\n<p>&nbsp;<\/p>\n<p>montaje liofilizador<\/td>\n<td width=\"93\">Material<\/td>\n<td width=\"67\">SS400, Metal S<\/td>\n<td colspan=\"5\" width=\"389\">rezar en la superficie interior y la pintura en la superficie exterior \/ SUS304, tratamiento de pasivaci\u00f3n de la superficie interior y exterior<\/td>\n<\/tr>\n<tr>\n<td width=\"93\">Dimensi\u00f3n exterior<\/p>\n<p>(mm)<\/td>\n<td width=\"67\">\u03c61800\u00d76800<\/td>\n<td width=\"71\">\u03c62300\u00d76900<\/td>\n<td colspan=\"2\" width=\"158\">\u00a0\u03c62300\u00d79600\u00a0\u00a0\u00a0\u03c62500\u00d711000<\/td>\n<td colspan=\"2\" width=\"160\">\u03c62500\u00d711700\u00a0\u00a0\u00a0\u03c62500\u00d712850\u00a0\u03c62500\u00d77100\u00a0\u00a0\u00a0\u00a0\u03c62500\u00d77600<\/td>\n<\/tr>\n<tr>\n<td width=\"93\">ChamberDoor<\/td>\n<td colspan=\"2\" width=\"139\"><\/td>\n<td colspan=\"4\" width=\"318\">Forma circular, abierta \u00fanica<\/td>\n<\/tr>\n<tr>\n<td width=\"93\">Trampa fr\u00edaTipo<\/td>\n<td colspan=\"2\" width=\"139\">Tipo montado trasero<\/td>\n<td colspan=\"4\" width=\"318\">Tipo montado trasero\/tipo montado lateral<\/td>\n<\/tr>\n<tr>\n<td width=\"93\">Tipo de refrigeraci\u00f3n<\/td>\n<td colspan=\"6\" width=\"457\">Alimentaci\u00f3n de expansi\u00f3n directa \/ Alimentaci\u00f3n de bomba, refrigerante: R507A CO \u2082\/R717<\/td>\n<\/tr>\n<tr>\n<td width=\"93\">Temperatura evaporativa<\/td>\n<td colspan=\"6\" width=\"457\">\u2264-40\u2103<\/td>\n<\/tr>\n<tr>\n<td rowspan=\"7\" width=\"54\">&nbsp;<\/p>\n<p>&nbsp;<\/p>\n<p>&nbsp;<\/p>\n<p>&nbsp;<\/p>\n<p>&nbsp;<\/p>\n<p>&nbsp;<\/p>\n<p>Estante\/bandeja<\/td>\n<td width=\"93\">No.of Estante del producto<\/td>\n<td width=\"67\">11<\/td>\n<td width=\"71\">17<\/td>\n<td width=\"79\">17<\/td>\n<td width=\"78\">20<\/td>\n<td width=\"80\">20<\/td>\n<td width=\"79\">21<\/td>\n<\/tr>\n<tr>\n<td width=\"93\">\u00c1rea total del estante<\/td>\n<td width=\"67\">25m\u00b2<\/td>\n<td width=\"71\">50m\u00b2<\/td>\n<td width=\"79\">100m\u00b2<\/td>\n<td width=\"78\">120m\u00b2<\/td>\n<td width=\"80\">200m\u00b2<\/td>\n<td width=\"79\">240m\u00b2<\/td>\n<\/tr>\n<tr>\n<td width=\"93\">Modo de transferencia de calor<\/td>\n<td colspan=\"6\" width=\"457\">Calentamiento por radiaci\u00f3n de circulaci\u00f3n, intercambio de calor para vapor saturado de 0,5 MPa<\/td>\n<\/tr>\n<tr>\n<td width=\"93\">Regulaci\u00f3n<\/p>\n<p>Rango de temperatura<\/p>\n<p>de los estantes<\/td>\n<td colspan=\"6\" width=\"457\">&nbsp;<\/p>\n<p>Temperatura ambiente ~ 120\u2103<\/td>\n<\/tr>\n<tr>\n<td width=\"93\">Tama\u00f1o de la bandeja (mm)<\/td>\n<td width=\"67\">415 \u00d7 515 \u00d7 32<\/td>\n<td width=\"71\">680 \u00d7 550 \u00d7 32<\/td>\n<td width=\"79\">680 \u00d7 550 \u00d7 32<\/td>\n<td width=\"78\">680 \u00d7 550 \u00d7 32<\/td>\n<td width=\"80\">680 \u00d7 550 \u00d7 32<\/td>\n<td width=\"79\">680 \u00d7 550 \u00d7 32<\/td>\n<\/tr>\n<tr>\n<td width=\"93\">QTY de bandeja<\/td>\n<td width=\"67\">120<\/td>\n<td width=\"71\">128<\/td>\n<td width=\"79\">256<\/td>\n<td width=\"78\">304<\/td>\n<td width=\"80\">532<\/td>\n<td width=\"79\">640<\/td>\n<\/tr>\n<tr>\n<td width=\"93\">Tipo de carga<\/td>\n<td colspan=\"6\" width=\"457\">Tipo de carril de suspensi\u00f3n<\/td>\n<\/tr>\n<tr>\n<td rowspan=\"2\" width=\"54\">&nbsp;<\/p>\n<p>Vac\u00edo<\/p>\n<p>Sistema<\/td>\n<td width=\"93\">L\u00edmite est\u00e1tico de vac\u00edo para cada uno<\/td>\n<td colspan=\"6\" width=\"457\">13Pa<\/td>\n<\/tr>\n<tr>\n<td width=\"93\">Presi\u00f3n de trabajo en<\/p>\n<p>Papelera<\/td>\n<td colspan=\"6\" width=\"457\">30 ~ 133Pa<\/td>\n<\/tr>\n<tr>\n<td rowspan=\"4\" width=\"54\">&nbsp;<\/p>\n<p>&nbsp;<\/p>\n<p>&nbsp;<\/p>\n<p>Control<\/td>\n<td width=\"93\">Gabinete de control<\/td>\n<td colspan=\"6\" width=\"457\">Tipo de divisi\u00f3n, control PLC<\/td>\n<\/tr>\n<tr>\n<td width=\"93\">temperatura<\/td>\n<td colspan=\"6\" width=\"457\">Control del controlador de temperatura<\/td>\n<\/tr>\n<tr>\n<td width=\"93\">Vac\u00edo<\/td>\n<td colspan=\"6\" width=\"457\">Control del medidor de vac\u00edo<\/td>\n<\/tr>\n<tr>\n<td width=\"93\">Voltaje<\/td>\n<td colspan=\"6\" width=\"457\">AC \/ 380V \/ 50HZ<\/td>\n<\/tr>\n<\/tbody>\n<\/table>\n<div class=\"host-lopnbnfpjmgpbppclhclehhgafnifija\" style=\"position: relative; z-index: 2147483647;\"><\/div>","protected":false},"excerpt":{"rendered":"<p>Varios alimentos que contienen humedad se procesan de acuerdo con sus caracter\u00edsticas y luego se someten a condiciones de baja temperatura y alto vac\u00edo. Bajo estas condiciones, la humedad en los alimentos precongelados sublimase directamente del hielo al vapor de agua sin fundirse, deshidratando y secando as\u00ed los alimentos. El alimento conserva su color original, aroma, sabor, contenido nutricional y apariencia, y exhibe excelentes propiedades de rehidrataci\u00f3n, lo que lo convierte en un producto alimenticio natural e higi\u00e9nico ideal.<\/p>\n<div class=\"host-lopnbnfpjmgpbppclhclehhgafnifija\" style=\"position: relative; z-index: 2147483647;\"><\/div>","protected":false},"featured_media":5252,"comment_status":"closed","ping_status":"closed","template":"","meta":[],"product_brand":[],"product_cat":[86,85],"product_tag":[],"class_list":{"0":"post-4572","1":"product","2":"type-product","3":"status-publish","4":"has-post-thumbnail","6":"product_cat-food-freeze-dryer","7":"product_cat-quick-freezer-and-freeze-dryer","9":"first","10":"instock","11":"shipping-taxable","12":"product-type-simple"},"_links":{"self":[{"href":"https:\/\/www.moonepc.com\/es\/wp-json\/wp\/v2\/product\/4572","targetHints":{"allow":["GET"]}}],"collection":[{"href":"https:\/\/www.moonepc.com\/es\/wp-json\/wp\/v2\/product"}],"about":[{"href":"https:\/\/www.moonepc.com\/es\/wp-json\/wp\/v2\/types\/product"}],"replies":[{"embeddable":true,"href":"https:\/\/www.moonepc.com\/es\/wp-json\/wp\/v2\/comments?post=4572"}],"wp:featuredmedia":[{"embeddable":true,"href":"https:\/\/www.moonepc.com\/es\/wp-json\/wp\/v2\/media\/5252"}],"wp:attachment":[{"href":"https:\/\/www.moonepc.com\/es\/wp-json\/wp\/v2\/media?parent=4572"}],"wp:term":[{"taxonomy":"product_brand","embeddable":true,"href":"https:\/\/www.moonepc.com\/es\/wp-json\/wp\/v2\/product_brand?post=4572"},{"taxonomy":"product_cat","embeddable":true,"href":"https:\/\/www.moonepc.com\/es\/wp-json\/wp\/v2\/product_cat?post=4572"},{"taxonomy":"product_tag","embeddable":true,"href":"https:\/\/www.moonepc.com\/es\/wp-json\/wp\/v2\/product_tag?post=4572"}],"curies":[{"name":"WP","href":"https:\/\/api.w.org\/{rel}","templated":true}]}}