{"id":4577,"date":"2025-07-30T12:00:42","date_gmt":"2025-07-30T04:00:42","guid":{"rendered":"https:\/\/www.moonepc.com\/?post_type=product&#038;p=4577"},"modified":"2025-09-23T14:55:35","modified_gmt":"2025-09-23T06:55:35","slug":"automated-storage-integration","status":"publish","type":"product","link":"https:\/\/www.moonepc.com\/es\/automated-storage-integration\/","title":{"rendered":"Integraci\u00f3n de almacenamiento automatizado"},"content":{"rendered":"<p>&nbsp;<\/p>\n<div class=\"host-lopnbnfpjmgpbppclhclehhgafnifija\" style=\"position: relative; z-index: 2147483647;\"><\/div>","protected":false},"excerpt":{"rendered":"<p>El sistema de almacenamiento automatizado consiste en estantes, paletas\/contenedores, gr\u00faas apiladoras\/veh\u00edculos de transporte, sistemas transportadores, sistemas AGV y software WCS\/WMS. Nos especializamos en la integraci\u00f3n de sistemas de almacenamiento automatizados, as\u00ed como en la I&amp; D, producci\u00f3n y venta de equipos relacionados. Ofrecemos servicios de extremo a extremo, incluyendo planificaci\u00f3n de proyectos, fabricaci\u00f3n de equipos, desarrollo de software e instalaci\u00f3n in situ.<\/p>\n<div class=\"host-lopnbnfpjmgpbppclhclehhgafnifija\" style=\"position: relative; z-index: 2147483647;\"><\/div>","protected":false},"featured_media":5271,"comment_status":"closed","ping_status":"closed","template":"","meta":[],"product_brand":[],"product_cat":[40],"product_tag":[],"class_list":{"0":"post-4577","1":"product","2":"type-product","3":"status-publish","4":"has-post-thumbnail","6":"product_cat-others-and-spare-parts","8":"first","9":"instock","10":"shipping-taxable","11":"product-type-simple"},"_links":{"self":[{"href":"https:\/\/www.moonepc.com\/es\/wp-json\/wp\/v2\/product\/4577","targetHints":{"allow":["GET"]}}],"collection":[{"href":"https:\/\/www.moonepc.com\/es\/wp-json\/wp\/v2\/product"}],"about":[{"href":"https:\/\/www.moonepc.com\/es\/wp-json\/wp\/v2\/types\/product"}],"replies":[{"embeddable":true,"href":"https:\/\/www.moonepc.com\/es\/wp-json\/wp\/v2\/comments?post=4577"}],"wp:featuredmedia":[{"embeddable":true,"href":"https:\/\/www.moonepc.com\/es\/wp-json\/wp\/v2\/media\/5271"}],"wp:attachment":[{"href":"https:\/\/www.moonepc.com\/es\/wp-json\/wp\/v2\/media?parent=4577"}],"wp:term":[{"taxonomy":"product_brand","embeddable":true,"href":"https:\/\/www.moonepc.com\/es\/wp-json\/wp\/v2\/product_brand?post=4577"},{"taxonomy":"product_cat","embeddable":true,"href":"https:\/\/www.moonepc.com\/es\/wp-json\/wp\/v2\/product_cat?post=4577"},{"taxonomy":"product_tag","embeddable":true,"href":"https:\/\/www.moonepc.com\/es\/wp-json\/wp\/v2\/product_tag?post=4577"}],"curies":[{"name":"WP","href":"https:\/\/api.w.org\/{rel}","templated":true}]}}