{"id":4585,"date":"2025-07-30T12:07:45","date_gmt":"2025-07-30T04:07:45","guid":{"rendered":"https:\/\/www.moonepc.com\/?post_type=product&#038;p=4585"},"modified":"2025-09-23T14:57:31","modified_gmt":"2025-09-23T06:57:31","slug":"lce-making-machine","status":"publish","type":"product","link":"https:\/\/www.moonepc.com\/es\/lce-making-machine\/","title":{"rendered":"M\u00e1quina para hacer hielo"},"content":{"rendered":"<table>\n<tbody>\n<tr>\n<td width=\"14\">modelo<\/td>\n<td width=\"121\">modelo<\/td>\n<td width=\"102\">ICB-1T<\/td>\n<td width=\"102\">ICB-3T<\/td>\n<\/tr>\n<tr>\n<td width=\"14\">Producci\u00f3n diaria<\/td>\n<td width=\"121\">Dalyoutput<\/td>\n<td width=\"102\">1t \/ 24 horas<\/td>\n<td width=\"102\">3 t \/ 24 horas<\/td>\n<\/tr>\n<tr>\n<td width=\"14\">Capacidad de refrigeraci\u00f3n<\/td>\n<td width=\"121\">Capacidad de enfriamiento<\/td>\n<td width=\"102\">9.5k<\/td>\n<td width=\"102\">25kw<\/td>\n<\/tr>\n<tr>\n<td width=\"14\">Potencia total<\/td>\n<td width=\"121\">Potencia total<\/td>\n<td width=\"102\">5kw<\/td>\n<td width=\"102\">12 kw<\/td>\n<\/tr>\n<tr>\n<td width=\"14\">Peso del hielo<\/td>\n<td width=\"121\">kepeso<\/td>\n<td width=\"102\">25kg<\/td>\n<td width=\"102\">25kg<\/td>\n<\/tr>\n<tr>\n<td width=\"14\">N\u00famero de moldes de hielo<\/td>\n<td width=\"121\">N\u00famero de moldes<\/td>\n<td width=\"102\">20 piezas<\/td>\n<td width=\"102\">65 piezas<\/td>\n<\/tr>\n<tr>\n<td width=\"14\">Tiempo de congelaci\u00f3n<\/td>\n<td width=\"121\">Freczingtime<\/td>\n<td width=\"102\">8 horas<\/td>\n<td width=\"102\">8 horas<\/td>\n<\/tr>\n<tr>\n<td width=\"14\">M\u00e9todo de enfriamiento<\/td>\n<td width=\"121\">m\u00e9todo de cooing<\/td>\n<td width=\"102\">Aire - cooled refrigerado por aire<\/td>\n<td width=\"102\">Aire - cooled refrigerado por aire<\/td>\n<\/tr>\n<tr>\n<td width=\"14\">Presi\u00f3n de suministro de agua<\/td>\n<td width=\"121\">Presi\u00f3n de suministro de agua<\/td>\n<td width=\"102\">0.1Mp-0.5Mp<\/td>\n<td width=\"102\">0.1Mp-0.5Mp<\/td>\n<\/tr>\n<tr>\n<td width=\"14\">Tama\u00f1o de la unidad<\/td>\n<td width=\"121\">Tama\u00f1o de la unidad<\/td>\n<td width=\"102\">3300x14802000mm<\/td>\n<td width=\"102\">4700x2100x2000mm<\/td>\n<\/tr>\n<tr>\n<td colspan=\"4\" width=\"341\"><\/td>\n<\/tr>\n<tr>\n<td width=\"14\">modelo<\/td>\n<td width=\"121\">modelo<\/td>\n<td width=\"102\">ICB-5T<\/td>\n<td width=\"102\">ICB-8T<\/td>\n<\/tr>\n<tr>\n<td width=\"14\">Producci\u00f3n diaria<\/td>\n<td width=\"121\">Dalyoutput<\/td>\n<td width=\"102\">5t \/ 24 horas<\/td>\n<td width=\"102\">8t \/ 24 horas<\/td>\n<\/tr>\n<tr>\n<td width=\"14\">Capacidad de refrigeraci\u00f3n<\/td>\n<td width=\"121\">Capacidad de refrigeraci\u00f3n<\/td>\n<td width=\"102\">44 kw<\/td>\n<td width=\"102\">81kw<\/td>\n<\/tr>\n<tr>\n<td width=\"14\">Potencia total<\/td>\n<td width=\"121\">Potencia total<\/td>\n<td width=\"102\">20 kw<\/td>\n<td width=\"102\">35 kw<\/td>\n<\/tr>\n<tr>\n<td width=\"14\">Peso del hielo<\/td>\n<td width=\"121\">Peso de hielo<\/td>\n<td width=\"102\">25kg<\/td>\n<td width=\"102\">25kg<\/td>\n<\/tr>\n<tr>\n<td width=\"14\">N\u00famero de moldes de hielo<\/td>\n<td width=\"121\">Numberofcemoks<\/td>\n<td width=\"102\">99 piezas<\/td>\n<td width=\"102\">160pcs<\/td>\n<\/tr>\n<tr>\n<td width=\"14\">Tiempo de congelaci\u00f3n<\/td>\n<td width=\"121\">tiempo libre<\/td>\n<td width=\"102\">8 horas<\/td>\n<td width=\"102\">8 horas<\/td>\n<\/tr>\n<tr>\n<td width=\"14\">M\u00e9todo de enfriamiento<\/td>\n<td width=\"121\">m\u00e9todo de enfriamiento<\/td>\n<td width=\"102\">Enfriamiento por agua\/enfriamiento por evaporaci\u00f3n<\/td>\n<td width=\"102\">Enfriamiento por agua\/enfriamiento por evaporaci\u00f3n<\/td>\n<\/tr>\n<tr>\n<td width=\"14\">Presi\u00f3n de suministro de agua<\/td>\n<td width=\"121\">Presi\u00f3n de suministro de agua<\/td>\n<td width=\"102\">0.1Mp-0.5Mp<\/td>\n<td width=\"102\">0.1Mp-0.5Mp<\/td>\n<\/tr>\n<tr>\n<td width=\"14\">Tama\u00f1o de la unidad<\/td>\n<td width=\"121\">Tama\u00f1o de la unidad<\/td>\n<td width=\"102\">5500x2100x2000mm<\/td>\n<td width=\"102\">7500x25402350mm<\/td>\n<\/tr>\n<\/tbody>\n<\/table>\n<p>* 10t, 15t, 20t, 30t \/ 24hrs<\/p>\n<table>\n<tbody>\n<tr>\n<td width=\"14\">modelo<\/td>\n<td width=\"121\">modelo<\/td>\n<td width=\"102\">ICB-10T<\/td>\n<td width=\"102\">ICB-15T<\/td>\n<td width=\"109\">ICB-20T<\/td>\n<td width=\"102\">ICB-30T<\/td>\n<\/tr>\n<tr>\n<td width=\"14\">Producci\u00f3n diaria<\/td>\n<td width=\"121\">Salida diaria<\/td>\n<td width=\"102\">10t \/ 24 horas<\/td>\n<td width=\"102\">15 t \/ 24 horas<\/td>\n<td width=\"109\">201\/24 horas<\/td>\n<td width=\"102\">30t \/ 24 horas<\/td>\n<\/tr>\n<tr>\n<td width=\"14\">Capacidad de refrigeraci\u00f3n<\/td>\n<td width=\"121\">Capacidad de enfriamiento<\/td>\n<td width=\"102\">95 kw<\/td>\n<td width=\"102\">150kw<\/td>\n<td width=\"109\">180kw<\/td>\n<td width=\"102\">295kw<\/td>\n<\/tr>\n<tr>\n<td width=\"14\">Potencia total<\/td>\n<td width=\"121\">Potencia total<\/td>\n<td width=\"102\">45 kw<\/td>\n<td width=\"102\">68kw<\/td>\n<td width=\"109\">83 kw<\/td>\n<td width=\"102\">123kw<\/td>\n<\/tr>\n<tr>\n<td width=\"14\">Peso del hielo<\/td>\n<td width=\"121\">kepeso<\/td>\n<td width=\"102\">25kg<\/td>\n<td width=\"102\">50 kg<\/td>\n<td width=\"109\">50 kg<\/td>\n<td width=\"102\">50 kg<\/td>\n<\/tr>\n<tr>\n<td width=\"14\">N\u00famero de moldes de hielo<\/td>\n<td width=\"121\">N\u00famero de oficinas<\/td>\n<td width=\"102\">204pcs<\/td>\n<td width=\"102\">165pcs<\/td>\n<td width=\"109\">204pcs<\/td>\n<td width=\"102\">308 piezas<\/td>\n<\/tr>\n<tr>\n<td width=\"14\">Tiempo de congelaci\u00f3n<\/td>\n<td width=\"121\">Frecangtime<\/td>\n<td width=\"102\">8 horas<\/td>\n<td width=\"102\">9 horas<\/td>\n<td width=\"109\"><\/td>\n<td width=\"102\">9 horas<\/td>\n<\/tr>\n<tr>\n<td width=\"14\">M\u00e9todo de enfriamiento<\/td>\n<td width=\"121\">m\u00e9todo de enfriamiento<\/td>\n<td width=\"102\">Enfriamiento por agua\/enfriamiento por evaporaci\u00f3n<\/td>\n<td width=\"102\">Enfriamiento por agua\/enfriamiento por evaporaci\u00f3n<\/td>\n<td width=\"109\">Enfriamiento por agua\/enfriamiento por evaporaci\u00f3n<\/td>\n<td width=\"102\">Enfriamiento por agua\/enfriamiento por evaporaci\u00f3n<\/td>\n<\/tr>\n<tr>\n<td width=\"14\">Presi\u00f3n de suministro de agua<\/td>\n<td width=\"121\">Presi\u00f3n de suministro de agua<\/td>\n<td width=\"102\">0.1Mp-0.5Mp<\/td>\n<td width=\"102\">0.1Mp-0.5Mp<\/td>\n<td width=\"109\">0.1Mp-0.5Mp<\/td>\n<td width=\"102\">0.1Mp-0.5Mp<\/td>\n<\/tr>\n<tr>\n<td width=\"14\">Tama\u00f1o de la unidad<\/td>\n<td width=\"121\">Unitse<\/td>\n<td width=\"102\">7900x28002450mm<\/td>\n<td width=\"102\">8800x3100x2600mm<\/td>\n<td width=\"109\">10500x3100x2700mm<\/td>\n<td width=\"102\">13200x35002700mm<\/td>\n<\/tr>\n<\/tbody>\n<\/table>\n<div class=\"host-lopnbnfpjmgpbppclhclehhgafnifija\" style=\"position: relative; z-index: 2147483647;\"><\/div>","protected":false},"excerpt":{"rendered":"<p>En comparaci\u00f3n con las m\u00e1quinas de hielo de bloque tradicionales de tipo salmuera, la m\u00e1quina de hielo de bloque de refrigeraci\u00f3n directa produce hielo de bloque a trav\u00e9s de un m\u00e9todo de refrigeraci\u00f3n directa y destaca por su operaci\u00f3n automatizada, garantizando una mayor eficiencia y producci\u00f3n de hielo higi\u00e9nico, lo que la hace ideal para aplicaciones que requieren hielo de bloque limpio y fresco. Su dise\u00f1o duradero resiste la corrosi\u00f3n y el desgaste, proporcionando una vida \u00fatil m\u00e1s larga al tiempo que ofrece una soluci\u00f3n ecol\u00f3gica y eficiente en la energ\u00eda. Estas ventajas han hecho de las m\u00e1quinas de hielo de bloques una tendencia creciente en la tecnolog\u00eda de fabricaci\u00f3n de hielo para las industrias que requieren hielo fiable y de alta calidad a nivel mundial.<\/p>\n<div class=\"host-lopnbnfpjmgpbppclhclehhgafnifija\" style=\"position: relative; z-index: 2147483647;\"><\/div>","protected":false},"featured_media":5274,"comment_status":"closed","ping_status":"closed","template":"","meta":[],"product_brand":[],"product_cat":[40],"product_tag":[],"class_list":{"0":"post-4585","1":"product","2":"type-product","3":"status-publish","4":"has-post-thumbnail","6":"product_cat-others-and-spare-parts","8":"first","9":"instock","10":"shipping-taxable","11":"product-type-simple"},"_links":{"self":[{"href":"https:\/\/www.moonepc.com\/es\/wp-json\/wp\/v2\/product\/4585","targetHints":{"allow":["GET"]}}],"collection":[{"href":"https:\/\/www.moonepc.com\/es\/wp-json\/wp\/v2\/product"}],"about":[{"href":"https:\/\/www.moonepc.com\/es\/wp-json\/wp\/v2\/types\/product"}],"replies":[{"embeddable":true,"href":"https:\/\/www.moonepc.com\/es\/wp-json\/wp\/v2\/comments?post=4585"}],"wp:featuredmedia":[{"embeddable":true,"href":"https:\/\/www.moonepc.com\/es\/wp-json\/wp\/v2\/media\/5274"}],"wp:attachment":[{"href":"https:\/\/www.moonepc.com\/es\/wp-json\/wp\/v2\/media?parent=4585"}],"wp:term":[{"taxonomy":"product_brand","embeddable":true,"href":"https:\/\/www.moonepc.com\/es\/wp-json\/wp\/v2\/product_brand?post=4585"},{"taxonomy":"product_cat","embeddable":true,"href":"https:\/\/www.moonepc.com\/es\/wp-json\/wp\/v2\/product_cat?post=4585"},{"taxonomy":"product_tag","embeddable":true,"href":"https:\/\/www.moonepc.com\/es\/wp-json\/wp\/v2\/product_tag?post=4585"}],"curies":[{"name":"WP","href":"https:\/\/api.w.org\/{rel}","templated":true}]}}