{"id":4591,"date":"2025-07-30T12:09:25","date_gmt":"2025-07-30T04:09:25","guid":{"rendered":"https:\/\/www.moonepc.com\/?post_type=product&#038;p=4591"},"modified":"2025-09-23T14:59:02","modified_gmt":"2025-09-23T06:59:02","slug":"dynamic-ice-slurry-unit-disu","status":"publish","type":"product","link":"https:\/\/www.moonepc.com\/es\/dynamic-ice-slurry-unit-disu\/","title":{"rendered":"Unidad din\u00e1mica de lodo de hielo (DISU)"},"content":{"rendered":"<table style=\"border-collapse: collapse; width: 100%;\">\n<tbody>\n<tr>\n<td style=\"width: 50%;\">Productos de suspensi\u00f3n de hielo din\u00e1mica<\/p>\n<p>Producto 1: Amoniaco de evaporaci\u00f3n directa y unidad de fluido de trabajo R507<br \/>\nUtilizando fluidos de trabajo amigables con el medio ambiente amon\u00edaco y R507, esta unidad integrada de evaporaci\u00f3n directa de lodo de hielo<\/td>\n<td style=\"width: 50%;\"><\/td>\n<\/tr>\n<tr>\n<td style=\"width: 50%;\"><img fetchpriority=\"high\" decoding=\"async\" class=\"aligncenter size-full wp-image-5279\" src=\"https:\/\/www.moonepc.com\/wp-content\/uploads\/2025\/07\/lce-Slurry-Water-Generating-Units11.jpg\" alt=\"Unidades generadoras de lodos (agua) lce1\" width=\"583\" height=\"446\" srcset=\"https:\/\/www.moonepc.com\/wp-content\/uploads\/2025\/07\/lce-Slurry-Water-Generating-Units11.jpg 583w, https:\/\/www.moonepc.com\/wp-content\/uploads\/2025\/07\/lce-Slurry-Water-Generating-Units11-300x230.jpg 300w\" sizes=\"(max-width: 583px) 100vw, 583px\" \/><\/td>\n<td style=\"width: 50%;\"><img decoding=\"async\" class=\"aligncenter size-full wp-image-5280\" src=\"https:\/\/www.moonepc.com\/wp-content\/uploads\/2025\/07\/lce-Slurry-Water-Generating-Units13.jpg\" alt=\"Unidades generadoras de lodos (agua) lce1\" width=\"526\" height=\"497\" srcset=\"https:\/\/www.moonepc.com\/wp-content\/uploads\/2025\/07\/lce-Slurry-Water-Generating-Units13.jpg 526w, https:\/\/www.moonepc.com\/wp-content\/uploads\/2025\/07\/lce-Slurry-Water-Generating-Units13-300x283.jpg 300w\" sizes=\"(max-width: 526px) 100vw, 526px\" \/><\/td>\n<\/tr>\n<tr>\n<td style=\"width: 50%;\">Producto 2: Unidad integrada de almacenamiento en fr\u00edo sin sala de m\u00e1quinas<\/td>\n<td style=\"width: 50%;\"><\/td>\n<\/tr>\n<tr>\n<td style=\"width: 50%;\"><img decoding=\"async\" class=\"aligncenter size-full wp-image-5281\" src=\"https:\/\/www.moonepc.com\/wp-content\/uploads\/2025\/07\/lce-Slurry-Water-Generating-Units12.jpg\" alt=\"Unidades generadoras de lodos (agua) lce12\" width=\"433\" height=\"517\" srcset=\"https:\/\/www.moonepc.com\/wp-content\/uploads\/2025\/07\/lce-Slurry-Water-Generating-Units12.jpg 433w, https:\/\/www.moonepc.com\/wp-content\/uploads\/2025\/07\/lce-Slurry-Water-Generating-Units12-251x300.jpg 251w\" sizes=\"(max-width: 433px) 100vw, 433px\" \/><\/td>\n<td style=\"width: 50%;\"><img loading=\"lazy\" decoding=\"async\" class=\"aligncenter size-full wp-image-5282\" src=\"https:\/\/www.moonepc.com\/wp-content\/uploads\/2025\/07\/lce-Slurry-Water-Generating-Units124.jpg\" alt=\"\" width=\"771\" height=\"511\" srcset=\"https:\/\/www.moonepc.com\/wp-content\/uploads\/2025\/07\/lce-Slurry-Water-Generating-Units124.jpg 771w, https:\/\/www.moonepc.com\/wp-content\/uploads\/2025\/07\/lce-Slurry-Water-Generating-Units124-300x199.jpg 300w, https:\/\/www.moonepc.com\/wp-content\/uploads\/2025\/07\/lce-Slurry-Water-Generating-Units124-768x509.jpg 768w, https:\/\/www.moonepc.com\/wp-content\/uploads\/2025\/07\/lce-Slurry-Water-Generating-Units124-600x398.jpg 600w\" sizes=\"(max-width: 771px) 100vw, 771px\" \/><\/td>\n<\/tr>\n<tr>\n<td style=\"width: 50%;\">Producto 3: M\u00e1quina de nieve de las cuatro estaciones<\/td>\n<td style=\"width: 50%;\"><\/td>\n<\/tr>\n<tr>\n<td style=\"width: 50%;\"><img loading=\"lazy\" decoding=\"async\" class=\"aligncenter size-full wp-image-5283\" src=\"https:\/\/www.moonepc.com\/wp-content\/uploads\/2025\/07\/lce-Slurry-Water-Generating-Units1245.jpg\" alt=\"\" width=\"486\" height=\"601\" srcset=\"https:\/\/www.moonepc.com\/wp-content\/uploads\/2025\/07\/lce-Slurry-Water-Generating-Units1245.jpg 486w, https:\/\/www.moonepc.com\/wp-content\/uploads\/2025\/07\/lce-Slurry-Water-Generating-Units1245-243x300.jpg 243w\" sizes=\"(max-width: 486px) 100vw, 486px\" \/><\/td>\n<td style=\"width: 50%;\"><img loading=\"lazy\" decoding=\"async\" class=\"aligncenter size-full wp-image-5284\" src=\"https:\/\/www.moonepc.com\/wp-content\/uploads\/2025\/07\/lce-Slurry-Water-Generating-Units1247.jpg\" alt=\"Unidades generadoras de lodos (agua) lce124\" width=\"478\" height=\"556\" srcset=\"https:\/\/www.moonepc.com\/wp-content\/uploads\/2025\/07\/lce-Slurry-Water-Generating-Units1247.jpg 478w, https:\/\/www.moonepc.com\/wp-content\/uploads\/2025\/07\/lce-Slurry-Water-Generating-Units1247-258x300.jpg 258w\" sizes=\"(max-width: 478px) 100vw, 478px\" \/><\/td>\n<\/tr>\n<tr>\n<td style=\"width: 50%;\">Producto 4: M\u00e1quina de hielo l\u00edquido de alta concentraci\u00f3n<br \/>\nLos lodos con una concentraci\u00f3n inferior al 30% se pueden bombear a largas distancias utilizando una bomba de agua limpia est\u00e1ndar.<\/td>\n<td style=\"width: 50%;\"><\/td>\n<\/tr>\n<tr>\n<td style=\"width: 50%;\"><img loading=\"lazy\" decoding=\"async\" class=\"aligncenter size-full wp-image-5285\" src=\"https:\/\/www.moonepc.com\/wp-content\/uploads\/2025\/07\/7lce-Slurry-Water-Generating-Units124.jpg\" alt=\"Unidades generadoras de lodo (agua) 7lce124\" width=\"557\" height=\"737\" srcset=\"https:\/\/www.moonepc.com\/wp-content\/uploads\/2025\/07\/7lce-Slurry-Water-Generating-Units124.jpg 557w, https:\/\/www.moonepc.com\/wp-content\/uploads\/2025\/07\/7lce-Slurry-Water-Generating-Units124-227x300.jpg 227w\" sizes=\"(max-width: 557px) 100vw, 557px\" \/><\/td>\n<td style=\"width: 50%;\"><img loading=\"lazy\" decoding=\"async\" class=\"aligncenter size-full wp-image-5286\" src=\"https:\/\/www.moonepc.com\/wp-content\/uploads\/2025\/07\/lce-Slurry-Water-Generating-Units1124.jpg\" alt=\"Unidades generadoras de lodos (agua) lce1124\" width=\"457\" height=\"343\" srcset=\"https:\/\/www.moonepc.com\/wp-content\/uploads\/2025\/07\/lce-Slurry-Water-Generating-Units1124.jpg 457w, https:\/\/www.moonepc.com\/wp-content\/uploads\/2025\/07\/lce-Slurry-Water-Generating-Units1124-300x225.jpg 300w\" sizes=\"(max-width: 457px) 100vw, 457px\" \/><\/td>\n<\/tr>\n<\/tbody>\n<\/table>\n<p>&nbsp;<\/p>\n<div class=\"host-lopnbnfpjmgpbppclhclehhgafnifija\" style=\"position: relative; z-index: 2147483647;\"><\/div>","protected":false},"excerpt":{"rendered":"<p>La unidad din\u00e1mica de lodo de hielo (DISU), tambi\u00e9n conocida como la m\u00e1quina de hielo de agua superenfriada de alta eficiencia de amplio espectro de m\u00faltiples refrigerantes, es un sistema de refrigeraci\u00f3n eficiente en energ\u00eda recientemente desarrollado por MOON-TECH. La unidad adopta tecnolog\u00eda avanzada de fabricaci\u00f3n de hielo de agua superenfriada por evaporaci\u00f3n directa dom\u00e9stica, lo que resuelve eficazmente el problema de ineficiencia del intercambio de calor de los fabricantes de hielo tradicionales, cuyo rendimiento generalmente disminuye bruscamente con el tiempo. Cuenta con un consumo de energ\u00eda excepcionalmente bajo por tonelada de hielo producido.<br \/>\nCondiciones de funcionamiento: Tk = 30 ~ 45 \u00b0 C, Te = -3 ~ -4,5 \u00b0 C<br \/>\nConsumo energ\u00e9tico: \u226443 kWh\/tonelada de hielo<\/p>\n<div class=\"host-lopnbnfpjmgpbppclhclehhgafnifija\" style=\"position: relative; z-index: 2147483647;\"><\/div>","protected":false},"featured_media":5276,"comment_status":"closed","ping_status":"closed","template":"","meta":[],"product_brand":[],"product_cat":[40],"product_tag":[],"class_list":{"0":"post-4591","1":"product","2":"type-product","3":"status-publish","4":"has-post-thumbnail","6":"product_cat-others-and-spare-parts","8":"first","9":"instock","10":"shipping-taxable","11":"product-type-simple"},"_links":{"self":[{"href":"https:\/\/www.moonepc.com\/es\/wp-json\/wp\/v2\/product\/4591","targetHints":{"allow":["GET"]}}],"collection":[{"href":"https:\/\/www.moonepc.com\/es\/wp-json\/wp\/v2\/product"}],"about":[{"href":"https:\/\/www.moonepc.com\/es\/wp-json\/wp\/v2\/types\/product"}],"replies":[{"embeddable":true,"href":"https:\/\/www.moonepc.com\/es\/wp-json\/wp\/v2\/comments?post=4591"}],"wp:featuredmedia":[{"embeddable":true,"href":"https:\/\/www.moonepc.com\/es\/wp-json\/wp\/v2\/media\/5276"}],"wp:attachment":[{"href":"https:\/\/www.moonepc.com\/es\/wp-json\/wp\/v2\/media?parent=4591"}],"wp:term":[{"taxonomy":"product_brand","embeddable":true,"href":"https:\/\/www.moonepc.com\/es\/wp-json\/wp\/v2\/product_brand?post=4591"},{"taxonomy":"product_cat","embeddable":true,"href":"https:\/\/www.moonepc.com\/es\/wp-json\/wp\/v2\/product_cat?post=4591"},{"taxonomy":"product_tag","embeddable":true,"href":"https:\/\/www.moonepc.com\/es\/wp-json\/wp\/v2\/product_tag?post=4591"}],"curies":[{"name":"WP","href":"https:\/\/api.w.org\/{rel}","templated":true}]}}