{"id":4597,"date":"2025-07-30T12:17:50","date_gmt":"2025-07-30T04:17:50","guid":{"rendered":"https:\/\/www.moonepc.com\/?post_type=product&#038;p=4597"},"modified":"2025-09-23T15:01:16","modified_gmt":"2025-09-23T07:01:16","slug":"regulating-valves","status":"publish","type":"product","link":"https:\/\/www.moonepc.com\/es\/regulating-valves\/","title":{"rendered":"V\u00e1lvulas de regulaci\u00f3n"},"content":{"rendered":"<p>&nbsp;<\/p>\n<div class=\"host-lopnbnfpjmgpbppclhclehhgafnifija\" style=\"position: relative; z-index: 2147483647;\"><\/div>","protected":false},"excerpt":{"rendered":"<p>Las v\u00e1lvulas est\u00e1n disponibles en dos versiones diferentes &#8211; REG-SA y REG-SB dise\u00f1ados para fines de regulaci\u00f3n en l\u00edneas de l\u00edquidos y expansi\u00f3n.<\/p>\n<p>Las v\u00e1lvulas est\u00e1n dise\u00f1adas para cumplir con los estrictos requisitos de calidad de las instalaciones de refrigeraci\u00f3n especificados por las sociedades internacionales de clasificaci\u00f3n y est\u00e1n cuidadosamente dise\u00f1adas para presentar condiciones de flujo favorables y caracter\u00edsticas lineales precisas.<\/p>\n<p>REG-SA y REG-SB est\u00e1n equipados con tapa ventilada y el asiento trasero interno permite el reemplazo del sello del husillo mientras la v\u00e1lvula est\u00e1 activa, es decir, bajo presi\u00f3n.<\/p>\n<div class=\"host-lopnbnfpjmgpbppclhclehhgafnifija\" style=\"position: relative; z-index: 2147483647;\"><\/div>","protected":false},"featured_media":4594,"comment_status":"closed","ping_status":"closed","template":"","meta":[],"product_brand":[],"product_cat":[80,40],"product_tag":[],"class_list":{"0":"post-4597","1":"product","2":"type-product","3":"status-publish","4":"has-post-thumbnail","6":"product_cat-industrial-refrigeration-valves","7":"product_cat-others-and-spare-parts","9":"first","10":"instock","11":"shipping-taxable","12":"product-type-simple"},"_links":{"self":[{"href":"https:\/\/www.moonepc.com\/es\/wp-json\/wp\/v2\/product\/4597","targetHints":{"allow":["GET"]}}],"collection":[{"href":"https:\/\/www.moonepc.com\/es\/wp-json\/wp\/v2\/product"}],"about":[{"href":"https:\/\/www.moonepc.com\/es\/wp-json\/wp\/v2\/types\/product"}],"replies":[{"embeddable":true,"href":"https:\/\/www.moonepc.com\/es\/wp-json\/wp\/v2\/comments?post=4597"}],"wp:featuredmedia":[{"embeddable":true,"href":"https:\/\/www.moonepc.com\/es\/wp-json\/wp\/v2\/media\/4594"}],"wp:attachment":[{"href":"https:\/\/www.moonepc.com\/es\/wp-json\/wp\/v2\/media?parent=4597"}],"wp:term":[{"taxonomy":"product_brand","embeddable":true,"href":"https:\/\/www.moonepc.com\/es\/wp-json\/wp\/v2\/product_brand?post=4597"},{"taxonomy":"product_cat","embeddable":true,"href":"https:\/\/www.moonepc.com\/es\/wp-json\/wp\/v2\/product_cat?post=4597"},{"taxonomy":"product_tag","embeddable":true,"href":"https:\/\/www.moonepc.com\/es\/wp-json\/wp\/v2\/product_tag?post=4597"}],"curies":[{"name":"WP","href":"https:\/\/api.w.org\/{rel}","templated":true}]}}