{"id":4598,"date":"2025-07-30T12:22:05","date_gmt":"2025-07-30T04:22:05","guid":{"rendered":"https:\/\/www.moonepc.com\/?post_type=product&#038;p=4598"},"modified":"2025-09-23T15:03:07","modified_gmt":"2025-09-23T07:03:07","slug":"safety-relief-valves","status":"publish","type":"product","link":"https:\/\/www.moonepc.com\/es\/safety-relief-valves\/","title":{"rendered":"V\u00e1lvulas de seguridad"},"content":{"rendered":"<p>&nbsp;<\/p>\n<div class=\"host-lopnbnfpjmgpbppclhclehhgafnifija\" style=\"position: relative; z-index: 2147483647;\"><\/div>","protected":false},"excerpt":{"rendered":"<p>La v\u00e1lvula est\u00e1 dise\u00f1ada para cumplir con los estrictos requisitos de calidad y seguridad para las instalaciones de refrigeraci\u00f3n, especificados por las sociedades internacionales de clasificaci\u00f3n.<\/p>\n<p>La v\u00e1lvula se recomienda como v\u00e1lvula de seguridad externa e interna en plantas de refrigeraci\u00f3n. La carcasa de muelle est\u00e1 cerrada herm\u00e9ticamente para evitar fugas de refrigerante.<\/p>\n<p>Las v\u00e1lvulas se pueden suministrar con presiones fijadas entre 10 y 25 bar g (145 y 363 psi g).<\/p>\n<p>V\u00e1lvulas de ajuste de presi\u00f3n est\u00e1ndar que tienen &#8220; Certificado de ajuste de presi\u00f3n T\u00dcV&#8221; con cada v\u00e1lvula, tambi\u00e9n est\u00e1n disponibles.<\/p>\n<div class=\"host-lopnbnfpjmgpbppclhclehhgafnifija\" style=\"position: relative; z-index: 2147483647;\"><\/div>","protected":false},"featured_media":4599,"comment_status":"closed","ping_status":"closed","template":"","meta":[],"product_brand":[],"product_cat":[80,40],"product_tag":[],"class_list":{"0":"post-4598","1":"product","2":"type-product","3":"status-publish","4":"has-post-thumbnail","6":"product_cat-industrial-refrigeration-valves","7":"product_cat-others-and-spare-parts","9":"first","10":"instock","11":"shipping-taxable","12":"product-type-simple"},"_links":{"self":[{"href":"https:\/\/www.moonepc.com\/es\/wp-json\/wp\/v2\/product\/4598","targetHints":{"allow":["GET"]}}],"collection":[{"href":"https:\/\/www.moonepc.com\/es\/wp-json\/wp\/v2\/product"}],"about":[{"href":"https:\/\/www.moonepc.com\/es\/wp-json\/wp\/v2\/types\/product"}],"replies":[{"embeddable":true,"href":"https:\/\/www.moonepc.com\/es\/wp-json\/wp\/v2\/comments?post=4598"}],"wp:featuredmedia":[{"embeddable":true,"href":"https:\/\/www.moonepc.com\/es\/wp-json\/wp\/v2\/media\/4599"}],"wp:attachment":[{"href":"https:\/\/www.moonepc.com\/es\/wp-json\/wp\/v2\/media?parent=4598"}],"wp:term":[{"taxonomy":"product_brand","embeddable":true,"href":"https:\/\/www.moonepc.com\/es\/wp-json\/wp\/v2\/product_brand?post=4598"},{"taxonomy":"product_cat","embeddable":true,"href":"https:\/\/www.moonepc.com\/es\/wp-json\/wp\/v2\/product_cat?post=4598"},{"taxonomy":"product_tag","embeddable":true,"href":"https:\/\/www.moonepc.com\/es\/wp-json\/wp\/v2\/product_tag?post=4598"}],"curies":[{"name":"WP","href":"https:\/\/api.w.org\/{rel}","templated":true}]}}