{"id":4601,"date":"2025-07-30T12:23:28","date_gmt":"2025-07-30T04:23:28","guid":{"rendered":"https:\/\/www.moonepc.com\/?post_type=product&#038;p=4601"},"modified":"2025-09-23T15:04:32","modified_gmt":"2025-09-23T07:04:32","slug":"stop-check-valves","status":"publish","type":"product","link":"https:\/\/www.moonepc.com\/es\/stop-check-valves\/","title":{"rendered":"V\u00e1lvulas de retenci\u00f3n de parada"},"content":{"rendered":"<p>&nbsp;<\/p>\n<div class=\"host-lopnbnfpjmgpbppclhclehhgafnifija\" style=\"position: relative; z-index: 2147483647;\"><\/div>","protected":false},"excerpt":{"rendered":"<p>Las v\u00e1lvulas est\u00e1n dise\u00f1adas para abrirse a presiones diferenciales muy bajas, permiten condiciones de flujo favorables y son f\u00e1ciles de desmontar para inspecci\u00f3n y servicio.<\/p>\n<p>El cono de la v\u00e1lvula tiene una flexibilidad incorporada para garantizar un cierre preciso y apretado hacia el asiento de la v\u00e1lvula.<\/p>\n<p>Un efecto amortiguador bien equilibrado entre el pist\u00f3n y el cilindro proporciona una protecci\u00f3n \u00f3ptima durante cargas bajas y contra pulsaciones.<\/p>\n<div class=\"host-lopnbnfpjmgpbppclhclehhgafnifija\" style=\"position: relative; z-index: 2147483647;\"><\/div>","protected":false},"featured_media":4600,"comment_status":"closed","ping_status":"closed","template":"","meta":[],"product_brand":[],"product_cat":[80,40],"product_tag":[],"class_list":{"0":"post-4601","1":"product","2":"type-product","3":"status-publish","4":"has-post-thumbnail","6":"product_cat-industrial-refrigeration-valves","7":"product_cat-others-and-spare-parts","9":"first","10":"instock","11":"shipping-taxable","12":"product-type-simple"},"_links":{"self":[{"href":"https:\/\/www.moonepc.com\/es\/wp-json\/wp\/v2\/product\/4601","targetHints":{"allow":["GET"]}}],"collection":[{"href":"https:\/\/www.moonepc.com\/es\/wp-json\/wp\/v2\/product"}],"about":[{"href":"https:\/\/www.moonepc.com\/es\/wp-json\/wp\/v2\/types\/product"}],"replies":[{"embeddable":true,"href":"https:\/\/www.moonepc.com\/es\/wp-json\/wp\/v2\/comments?post=4601"}],"wp:featuredmedia":[{"embeddable":true,"href":"https:\/\/www.moonepc.com\/es\/wp-json\/wp\/v2\/media\/4600"}],"wp:attachment":[{"href":"https:\/\/www.moonepc.com\/es\/wp-json\/wp\/v2\/media?parent=4601"}],"wp:term":[{"taxonomy":"product_brand","embeddable":true,"href":"https:\/\/www.moonepc.com\/es\/wp-json\/wp\/v2\/product_brand?post=4601"},{"taxonomy":"product_cat","embeddable":true,"href":"https:\/\/www.moonepc.com\/es\/wp-json\/wp\/v2\/product_cat?post=4601"},{"taxonomy":"product_tag","embeddable":true,"href":"https:\/\/www.moonepc.com\/es\/wp-json\/wp\/v2\/product_tag?post=4601"}],"curies":[{"name":"WP","href":"https:\/\/api.w.org\/{rel}","templated":true}]}}