{"id":4602,"date":"2025-07-30T12:26:30","date_gmt":"2025-07-30T04:26:30","guid":{"rendered":"https:\/\/www.moonepc.com\/?post_type=product&#038;p=4602"},"modified":"2025-09-23T15:05:53","modified_gmt":"2025-09-23T07:05:53","slug":"stop-valves","status":"publish","type":"product","link":"https:\/\/www.moonepc.com\/es\/stop-valves\/","title":{"rendered":"V\u00e1lvulas de parada"},"content":{"rendered":"<p>&nbsp;<\/p>\n<div class=\"host-lopnbnfpjmgpbppclhclehhgafnifija\" style=\"position: relative; z-index: 2147483647;\"><\/div>","protected":false},"excerpt":{"rendered":"<p>Las v\u00e1lvulas de tope SVA est\u00e1n disponibles en versiones angulares y rectas y con cuello est\u00e1ndar (SVA-S) y cuello largo (SVA-L)<\/p>\n<p>Las v\u00e1lvulas de detenci\u00f3n est\u00e1n dise\u00f1adas para satisfacer todos los requisitos de aplicaciones de refrigeraci\u00f3n industrial y est\u00e1n dise\u00f1adas para dar caracter\u00edsticas de flujo favorables y son f\u00e1ciles de desmontar y reparar cuando sea necesario.<\/p>\n<p>El cono de v\u00e1lvula est\u00e1 dise\u00f1ado para asegurar un cierre perfecto y soportar una alta pulsaci\u00f3n y vibraci\u00f3n del sistema, que puede estar presente espec\u00edficamente en la l\u00ednea de descarga.<\/p>\n<div class=\"host-lopnbnfpjmgpbppclhclehhgafnifija\" style=\"position: relative; z-index: 2147483647;\"><\/div>","protected":false},"featured_media":4603,"comment_status":"closed","ping_status":"closed","template":"","meta":[],"product_brand":[],"product_cat":[80,40],"product_tag":[],"class_list":{"0":"post-4602","1":"product","2":"type-product","3":"status-publish","4":"has-post-thumbnail","6":"product_cat-industrial-refrigeration-valves","7":"product_cat-others-and-spare-parts","9":"first","10":"instock","11":"shipping-taxable","12":"product-type-simple"},"_links":{"self":[{"href":"https:\/\/www.moonepc.com\/es\/wp-json\/wp\/v2\/product\/4602","targetHints":{"allow":["GET"]}}],"collection":[{"href":"https:\/\/www.moonepc.com\/es\/wp-json\/wp\/v2\/product"}],"about":[{"href":"https:\/\/www.moonepc.com\/es\/wp-json\/wp\/v2\/types\/product"}],"replies":[{"embeddable":true,"href":"https:\/\/www.moonepc.com\/es\/wp-json\/wp\/v2\/comments?post=4602"}],"wp:featuredmedia":[{"embeddable":true,"href":"https:\/\/www.moonepc.com\/es\/wp-json\/wp\/v2\/media\/4603"}],"wp:attachment":[{"href":"https:\/\/www.moonepc.com\/es\/wp-json\/wp\/v2\/media?parent=4602"}],"wp:term":[{"taxonomy":"product_brand","embeddable":true,"href":"https:\/\/www.moonepc.com\/es\/wp-json\/wp\/v2\/product_brand?post=4602"},{"taxonomy":"product_cat","embeddable":true,"href":"https:\/\/www.moonepc.com\/es\/wp-json\/wp\/v2\/product_cat?post=4602"},{"taxonomy":"product_tag","embeddable":true,"href":"https:\/\/www.moonepc.com\/es\/wp-json\/wp\/v2\/product_tag?post=4602"}],"curies":[{"name":"WP","href":"https:\/\/api.w.org\/{rel}","templated":true}]}}