{"id":4605,"date":"2025-07-30T13:35:45","date_gmt":"2025-07-30T05:35:45","guid":{"rendered":"https:\/\/www.moonepc.com\/?post_type=product&#038;p=4605"},"modified":"2025-09-23T15:08:47","modified_gmt":"2025-09-23T07:08:47","slug":"refrigerant-oil","status":"publish","type":"product","link":"https:\/\/www.moonepc.com\/es\/refrigerant-oil\/","title":{"rendered":"Aceite refrigerante"},"content":{"rendered":"<p>&nbsp;<\/p>\n<div class=\"host-lopnbnfpjmgpbppclhclehhgafnifija\" style=\"position: relative; z-index: 2147483647;\"><\/div>","protected":false},"excerpt":{"rendered":"<p>Aceite refrigerante<\/p>\n<p>El aceite refrigerante MOON-TECH es desarrollado conjuntamente por el Instituto de Investigaci\u00f3n de Aceites de Refrigeraci\u00f3n de China National Petroleum Corporation y Moon Environment Technology Co., Ltd. para cumplir con los requisitos operativos del equipo de refrigeraci\u00f3n MOON-TECH. Hay m\u00e1s de 150 tipos de aceite refrigerante MOON-TECH, utilizado principalmente para amon\u00edaco, fre\u00f3n, CO2, propano y otros medios de trabajo de refrigeraci\u00f3n. De acuerdo con diferentes medios de trabajo de refrigeraci\u00f3n y condiciones de trabajo, podemos combinar diferentes tipos de aceite refrigerante para satisfacer las diferentes partes del sistema de refrigeraci\u00f3n.<\/p>\n<p>&nbsp;<\/p>\n<div class=\"host-lopnbnfpjmgpbppclhclehhgafnifija\" style=\"position: relative; z-index: 2147483647;\"><\/div>","protected":false},"featured_media":4606,"comment_status":"closed","ping_status":"closed","template":"","meta":[],"product_brand":[],"product_cat":[40],"product_tag":[],"class_list":{"0":"post-4605","1":"product","2":"type-product","3":"status-publish","4":"has-post-thumbnail","6":"product_cat-others-and-spare-parts","8":"first","9":"instock","10":"shipping-taxable","11":"product-type-simple"},"_links":{"self":[{"href":"https:\/\/www.moonepc.com\/es\/wp-json\/wp\/v2\/product\/4605","targetHints":{"allow":["GET"]}}],"collection":[{"href":"https:\/\/www.moonepc.com\/es\/wp-json\/wp\/v2\/product"}],"about":[{"href":"https:\/\/www.moonepc.com\/es\/wp-json\/wp\/v2\/types\/product"}],"replies":[{"embeddable":true,"href":"https:\/\/www.moonepc.com\/es\/wp-json\/wp\/v2\/comments?post=4605"}],"wp:featuredmedia":[{"embeddable":true,"href":"https:\/\/www.moonepc.com\/es\/wp-json\/wp\/v2\/media\/4606"}],"wp:attachment":[{"href":"https:\/\/www.moonepc.com\/es\/wp-json\/wp\/v2\/media?parent=4605"}],"wp:term":[{"taxonomy":"product_brand","embeddable":true,"href":"https:\/\/www.moonepc.com\/es\/wp-json\/wp\/v2\/product_brand?post=4605"},{"taxonomy":"product_cat","embeddable":true,"href":"https:\/\/www.moonepc.com\/es\/wp-json\/wp\/v2\/product_cat?post=4605"},{"taxonomy":"product_tag","embeddable":true,"href":"https:\/\/www.moonepc.com\/es\/wp-json\/wp\/v2\/product_tag?post=4605"}],"curies":[{"name":"WP","href":"https:\/\/api.w.org\/{rel}","templated":true}]}}