{"id":4612,"date":"2025-07-30T15:23:43","date_gmt":"2025-07-30T07:23:43","guid":{"rendered":"https:\/\/www.moonepc.com\/?post_type=product&#038;p=4612"},"modified":"2025-09-23T14:20:08","modified_gmt":"2025-09-23T06:20:08","slug":"flue-gas-heating-unit","status":"publish","type":"product","link":"https:\/\/www.moonepc.com\/es\/flue-gas-heating-unit\/","title":{"rendered":"Unidad de calefacci\u00f3n de gases de flujo"},"content":{"rendered":"<p>&nbsp;<\/p>\n<div class=\"host-lopnbnfpjmgpbppclhclehhgafnifija\" style=\"position: relative; z-index: 2147483647;\"><\/div>","protected":false},"excerpt":{"rendered":"<p>La unidad est\u00e1 integrada con el equipo de generaci\u00f3n de energ\u00eda de un sistema de trigeneraci\u00f3n a gas. Utilizando los gases de combusti\u00f3n de alta temperatura como fuerza motriz, extrae calor de fuentes de energ\u00eda de bajo grado (suelo, aguas subterr\u00e1neas y aguas residuales) sin aumentar otro consumo de energ\u00eda, al mismo tiempo que reduce la temperatura de escape de los gases de combusti\u00f3n a menos de 30 \u00b0 C. En el modo de calefacci\u00f3n de invierno, el sistema&#8217; La capacidad de calentamiento se puede aumentar en un 50% en comparaci\u00f3n con los refrigeradores de absorci\u00f3n tradicionales. En el modo de refrigeraci\u00f3n de verano, la unidad sirve como fuente de refrigeraci\u00f3n para el sistema central de aire acondicionado, inyectando de nuevo calor que de lo contrario se descargar\u00eda al medio ambiente a trav\u00e9s de la torre de refrigeraci\u00f3n de nuevo al suelo. Esto logra una extracci\u00f3n equilibrada de calor y liberaci\u00f3n del suelo tanto en invierno como en verano, garantizando un funcionamiento estable a largo plazo del sistema.<\/p>\n<div class=\"host-lopnbnfpjmgpbppclhclehhgafnifija\" style=\"position: relative; z-index: 2147483647;\"><\/div>","protected":false},"featured_media":5227,"comment_status":"closed","ping_status":"closed","template":"","meta":[],"product_brand":[],"product_cat":[91,36],"product_tag":[],"class_list":{"0":"post-4612","1":"product","2":"type-product","3":"status-publish","4":"has-post-thumbnail","6":"product_cat-absorption-heat-pump-equipment","7":"product_cat-absorption-unit","9":"first","10":"instock","11":"shipping-taxable","12":"product-type-simple"},"_links":{"self":[{"href":"https:\/\/www.moonepc.com\/es\/wp-json\/wp\/v2\/product\/4612","targetHints":{"allow":["GET"]}}],"collection":[{"href":"https:\/\/www.moonepc.com\/es\/wp-json\/wp\/v2\/product"}],"about":[{"href":"https:\/\/www.moonepc.com\/es\/wp-json\/wp\/v2\/types\/product"}],"replies":[{"embeddable":true,"href":"https:\/\/www.moonepc.com\/es\/wp-json\/wp\/v2\/comments?post=4612"}],"wp:featuredmedia":[{"embeddable":true,"href":"https:\/\/www.moonepc.com\/es\/wp-json\/wp\/v2\/media\/5227"}],"wp:attachment":[{"href":"https:\/\/www.moonepc.com\/es\/wp-json\/wp\/v2\/media?parent=4612"}],"wp:term":[{"taxonomy":"product_brand","embeddable":true,"href":"https:\/\/www.moonepc.com\/es\/wp-json\/wp\/v2\/product_brand?post=4612"},{"taxonomy":"product_cat","embeddable":true,"href":"https:\/\/www.moonepc.com\/es\/wp-json\/wp\/v2\/product_cat?post=4612"},{"taxonomy":"product_tag","embeddable":true,"href":"https:\/\/www.moonepc.com\/es\/wp-json\/wp\/v2\/product_tag?post=4612"}],"curies":[{"name":"WP","href":"https:\/\/api.w.org\/{rel}","templated":true}]}}