{"id":5042,"date":"2025-08-08T16:03:45","date_gmt":"2025-08-08T08:03:45","guid":{"rendered":"https:\/\/www.moonepc.com\/?post_type=product&#038;p=5042"},"modified":"2025-09-23T14:47:49","modified_gmt":"2025-09-23T06:47:49","slug":"fluidized-quick-freezers","status":"publish","type":"product","link":"https:\/\/www.moonepc.com\/es\/fluidized-quick-freezers\/","title":{"rendered":"Congeladores r\u00e1pidos fluidizados"},"content":{"rendered":"<table>\n<tbody>\n<tr>\n<td width=\"132\">Modo de producto 1<\/td>\n<td width=\"101\">MVD1000<\/td>\n<td width=\"101\">MVD1500<\/td>\n<td width=\"101\">MVD2000<\/td>\n<td width=\"101\">MVD2500<\/td>\n<td width=\"102\">MVD3000<\/td>\n<\/tr>\n<tr>\n<td width=\"132\">C\u00f3digo de pedido<\/td>\n<td width=\"101\">018641010000<\/td>\n<td width=\"101\">018641020000<\/td>\n<td width=\"101\">018641030000<\/td>\n<td width=\"101\">018641040000<\/td>\n<td width=\"102\">018641050000<\/td>\n<\/tr>\n<tr>\n<td width=\"132\">Capacidad de congelaci\u00f3n nominal (kg\/h)<\/td>\n<td width=\"101\">1000<\/td>\n<td width=\"101\">1500<\/td>\n<td width=\"101\">2000<\/td>\n<td width=\"101\">2500<\/td>\n<td width=\"102\">3000<\/td>\n<\/tr>\n<tr>\n<td width=\"132\">Anchura efectiva del cintur\u00f3n de malla (mm)<\/td>\n<td colspan=\"5\" width=\"510\">1150<\/td>\n<\/tr>\n<tr>\n<td width=\"132\">Altura de entrada de alimentaci\u00f3n<\/p>\n<p>(mm)<\/td>\n<td colspan=\"5\" width=\"510\">100<\/td>\n<\/tr>\n<tr>\n<td width=\"132\">Entrada y amp; salida<\/p>\n<p>n\u00facleo de bienes materiales<\/p>\n<p>temperatura (\u2103)<\/td>\n<td colspan=\"5\" width=\"510\">+15\/-18<\/td>\n<\/tr>\n<tr>\n<td width=\"132\">Temperatura congelada<\/p>\n<p>(\u2103)<\/td>\n<td colspan=\"5\" width=\"510\">-35<\/td>\n<\/tr>\n<tr>\n<td width=\"132\">Agua descongelada<\/p>\n<p>Cantidad (m3)<\/p>\n<p>\/time)<\/td>\n<td width=\"101\">16<\/td>\n<td width=\"101\">22<\/td>\n<td width=\"101\">30<\/td>\n<td width=\"101\">36<\/td>\n<td width=\"102\">43<\/td>\n<\/tr>\n<tr>\n<td width=\"132\">Consumo en fr\u00edo<\/p>\n<p>bajo nominal<\/p>\n<p>condiciones de trabajo<\/p>\n<p>(kW)<\/td>\n<td width=\"101\">&nbsp;<\/p>\n<p>150<\/td>\n<td width=\"101\">&nbsp;<\/p>\n<p>220<\/td>\n<td width=\"101\">&nbsp;<\/p>\n<p>290<\/td>\n<td width=\"101\">&nbsp;<\/p>\n<p>360<\/td>\n<td width=\"102\">&nbsp;<\/p>\n<p>430<\/td>\n<\/tr>\n<tr>\n<td width=\"132\">Capacidad instalada<\/p>\n<p>(kW)<\/td>\n<td width=\"101\">28<\/td>\n<td width=\"101\">40<\/td>\n<td width=\"101\">52<\/td>\n<td width=\"101\">58<\/td>\n<td width=\"102\">77<\/td>\n<\/tr>\n<tr>\n<td width=\"132\">Peso neto (t)<\/td>\n<td width=\"101\">6<\/td>\n<td width=\"101\">8<\/td>\n<td width=\"101\">9.5<\/td>\n<td width=\"101\">10<\/td>\n<td width=\"102\">12<\/td>\n<\/tr>\n<tr>\n<td width=\"132\">Peso de funcionamiento (t)<\/td>\n<td width=\"101\">6.6<\/td>\n<td width=\"101\">8.8<\/td>\n<td width=\"101\">10.5<\/td>\n<td width=\"101\">11<\/td>\n<td width=\"102\">13.2<\/td>\n<\/tr>\n<\/tbody>\n<\/table>\n<p>Nota:<\/p>\n<ol>\n<li>La capacidad de congelaci\u00f3n nominal est\u00e1 dise\u00f1ada seg\u00fan los granos de espada verde, con el contenido de agua del 70% y la densidad de distribuci\u00f3n del material de 900 kg \/ m3;<\/li>\n<li>El consumo de fr\u00edo bajo condiciones de trabajo nominales se calcula seg\u00fan la temperatura de vaporizaci\u00f3n del condicionado de funcionamiento -40 \u2103. Cuando la temperatura de congelaci\u00f3n real es diferente del valor en la tabla, configure el equipo del sistema de acuerdo con las condiciones de funcionamiento reales.<\/li>\n<li>Aplicable a m\u00faltiples refrigerantes o refrigerantes secundarios tales como R717, R22, R404A, R507C, R134a, etc.<\/li>\n<li>El modo de alimentaci\u00f3n del evaporador se utiliza como el modo de alimentaci\u00f3n de la bomba.<\/li>\n<\/ol>\n<div class=\"host-lopnbnfpjmgpbppclhclehhgafnifija\" style=\"position: relative; z-index: 2147483647;\"><\/div>","protected":false},"excerpt":{"rendered":"<p>Este dise\u00f1o avanzado de dos etapas enfr\u00eda r\u00e1pidamente la superficie de las part\u00edculas de alimentos hasta el punto de congelaci\u00f3n, evitando que se peguen a trav\u00e9s de la vibraci\u00f3n mec\u00e1nica. En la segunda etapa, la congelaci\u00f3n profunda garantiza resultados \u00f3ptimos de congelaci\u00f3n. Es la soluci\u00f3n ideal para la congelaci\u00f3n r\u00e1pida individual (IQF) de productos alimenticios granulares, en rodajas y en forma de bloques.<\/p>\n<div class=\"host-lopnbnfpjmgpbppclhclehhgafnifija\" style=\"position: relative; z-index: 2147483647;\"><\/div>","protected":false},"featured_media":5265,"comment_status":"closed","ping_status":"closed","template":"","meta":[],"product_brand":[],"product_cat":[87,85],"product_tag":[],"class_list":{"0":"post-5042","1":"product","2":"type-product","3":"status-publish","4":"has-post-thumbnail","6":"product_cat-quick-freezer","7":"product_cat-quick-freezer-and-freeze-dryer","9":"first","10":"instock","11":"shipping-taxable","12":"product-type-simple"},"_links":{"self":[{"href":"https:\/\/www.moonepc.com\/es\/wp-json\/wp\/v2\/product\/5042","targetHints":{"allow":["GET"]}}],"collection":[{"href":"https:\/\/www.moonepc.com\/es\/wp-json\/wp\/v2\/product"}],"about":[{"href":"https:\/\/www.moonepc.com\/es\/wp-json\/wp\/v2\/types\/product"}],"replies":[{"embeddable":true,"href":"https:\/\/www.moonepc.com\/es\/wp-json\/wp\/v2\/comments?post=5042"}],"wp:featuredmedia":[{"embeddable":true,"href":"https:\/\/www.moonepc.com\/es\/wp-json\/wp\/v2\/media\/5265"}],"wp:attachment":[{"href":"https:\/\/www.moonepc.com\/es\/wp-json\/wp\/v2\/media?parent=5042"}],"wp:term":[{"taxonomy":"product_brand","embeddable":true,"href":"https:\/\/www.moonepc.com\/es\/wp-json\/wp\/v2\/product_brand?post=5042"},{"taxonomy":"product_cat","embeddable":true,"href":"https:\/\/www.moonepc.com\/es\/wp-json\/wp\/v2\/product_cat?post=5042"},{"taxonomy":"product_tag","embeddable":true,"href":"https:\/\/www.moonepc.com\/es\/wp-json\/wp\/v2\/product_tag?post=5042"}],"curies":[{"name":"WP","href":"https:\/\/api.w.org\/{rel}","templated":true}]}}