{"id":5288,"date":"2025-08-11T16:49:45","date_gmt":"2025-08-11T08:49:45","guid":{"rendered":"https:\/\/www.moonepc.com\/?post_type=product&#038;p=5288"},"modified":"2025-09-23T15:07:03","modified_gmt":"2025-09-23T07:07:03","slug":"refrigeration-valves","status":"publish","type":"product","link":"https:\/\/www.moonepc.com\/es\/refrigeration-valves\/","title":{"rendered":"V\u00e1lvulas de refrigeraci\u00f3n"},"content":{"rendered":"<p>&nbsp;<\/p>\n<div class=\"host-lopnbnfpjmgpbppclhclehhgafnifija\" style=\"position: relative; z-index: 2147483647;\"><\/div>","protected":false},"excerpt":{"rendered":"<p>V\u00e1lvulas de refrigeraci\u00f3n industrial<\/p>\n<p>MOON-TECH ofrece DANFOSS, AMG, HANSEN y otras marcas de v\u00e1lvulas de refrigeraci\u00f3n industrial. La v\u00e1lvula es aplicable a todos los refrigerantes de uso general y gases y l\u00edquidos no corrosivos, incluyendo amon\u00edaco, fl\u00faor, CO2, propano y propileno.<\/p>\n<div class=\"host-lopnbnfpjmgpbppclhclehhgafnifija\" style=\"position: relative; z-index: 2147483647;\"><\/div>","protected":false},"featured_media":5289,"comment_status":"closed","ping_status":"closed","template":"","meta":[],"product_brand":[],"product_cat":[80,40],"product_tag":[],"class_list":{"0":"post-5288","1":"product","2":"type-product","3":"status-publish","4":"has-post-thumbnail","6":"product_cat-industrial-refrigeration-valves","7":"product_cat-others-and-spare-parts","9":"first","10":"instock","11":"shipping-taxable","12":"product-type-simple"},"_links":{"self":[{"href":"https:\/\/www.moonepc.com\/es\/wp-json\/wp\/v2\/product\/5288","targetHints":{"allow":["GET"]}}],"collection":[{"href":"https:\/\/www.moonepc.com\/es\/wp-json\/wp\/v2\/product"}],"about":[{"href":"https:\/\/www.moonepc.com\/es\/wp-json\/wp\/v2\/types\/product"}],"replies":[{"embeddable":true,"href":"https:\/\/www.moonepc.com\/es\/wp-json\/wp\/v2\/comments?post=5288"}],"wp:featuredmedia":[{"embeddable":true,"href":"https:\/\/www.moonepc.com\/es\/wp-json\/wp\/v2\/media\/5289"}],"wp:attachment":[{"href":"https:\/\/www.moonepc.com\/es\/wp-json\/wp\/v2\/media?parent=5288"}],"wp:term":[{"taxonomy":"product_brand","embeddable":true,"href":"https:\/\/www.moonepc.com\/es\/wp-json\/wp\/v2\/product_brand?post=5288"},{"taxonomy":"product_cat","embeddable":true,"href":"https:\/\/www.moonepc.com\/es\/wp-json\/wp\/v2\/product_cat?post=5288"},{"taxonomy":"product_tag","embeddable":true,"href":"https:\/\/www.moonepc.com\/es\/wp-json\/wp\/v2\/product_tag?post=5288"}],"curies":[{"name":"WP","href":"https:\/\/api.w.org\/{rel}","templated":true}]}}