{"id":5593,"date":"2025-08-20T12:17:11","date_gmt":"2025-08-20T04:17:11","guid":{"rendered":"https:\/\/www.moonepc.com\/?post_type=product&#038;p=5593"},"modified":"2025-09-23T13:50:09","modified_gmt":"2025-09-23T05:50:09","slug":"red-water-chiller","status":"publish","type":"product","link":"https:\/\/www.moonepc.com\/es\/red-water-chiller\/","title":{"rendered":"Chiller de agua roja"},"content":{"rendered":"<p>&nbsp;<\/p>\n<div class=\"host-lopnbnfpjmgpbppclhclehhgafnifija\" style=\"position: relative; z-index: 2147483647;\"><\/div>","protected":false},"excerpt":{"rendered":"<p>Refrigerante: R717, R22, R507A y otros<\/p>\n<p>Capacidad de refrigeraci\u00f3n: 300-1200 kW<\/p>\n<p>Velocidad de flujo de agua de enfriamiento: 50-200 m\u00b3 \/ h<\/p>\n<p>El enfriador de agua roja es un sistema avanzado que integra procesos de pre-enfriamiento de aves de corral con refrigeraci\u00f3n. Cuenta con un evaporador de pel\u00edcula de ca\u00edda de alta eficiencia con suministro de l\u00edquido alimentado por bomba, controles autom\u00e1ticos de alto rendimiento y eficiencia superior de intercambio de calor. El sistema est\u00e1 dise\u00f1ado con capacidades anti-hielo para prevenir la obstrucci\u00f3n, reduciendo significativamente el consumo de energ\u00eda.<\/p>\n<div class=\"host-lopnbnfpjmgpbppclhclehhgafnifija\" style=\"position: relative; z-index: 2147483647;\"><\/div>","protected":false},"featured_media":5611,"comment_status":"closed","ping_status":"closed","template":"","meta":[],"product_brand":[],"product_cat":[74,76],"product_tag":[],"class_list":{"0":"post-5593","1":"product","2":"type-product","3":"status-publish","4":"has-post-thumbnail","6":"product_cat-chiller","7":"product_cat-low-temperature-brine-chiller","9":"first","10":"instock","11":"shipping-taxable","12":"product-type-simple"},"_links":{"self":[{"href":"https:\/\/www.moonepc.com\/es\/wp-json\/wp\/v2\/product\/5593","targetHints":{"allow":["GET"]}}],"collection":[{"href":"https:\/\/www.moonepc.com\/es\/wp-json\/wp\/v2\/product"}],"about":[{"href":"https:\/\/www.moonepc.com\/es\/wp-json\/wp\/v2\/types\/product"}],"replies":[{"embeddable":true,"href":"https:\/\/www.moonepc.com\/es\/wp-json\/wp\/v2\/comments?post=5593"}],"wp:featuredmedia":[{"embeddable":true,"href":"https:\/\/www.moonepc.com\/es\/wp-json\/wp\/v2\/media\/5611"}],"wp:attachment":[{"href":"https:\/\/www.moonepc.com\/es\/wp-json\/wp\/v2\/media?parent=5593"}],"wp:term":[{"taxonomy":"product_brand","embeddable":true,"href":"https:\/\/www.moonepc.com\/es\/wp-json\/wp\/v2\/product_brand?post=5593"},{"taxonomy":"product_cat","embeddable":true,"href":"https:\/\/www.moonepc.com\/es\/wp-json\/wp\/v2\/product_cat?post=5593"},{"taxonomy":"product_tag","embeddable":true,"href":"https:\/\/www.moonepc.com\/es\/wp-json\/wp\/v2\/product_tag?post=5593"}],"curies":[{"name":"WP","href":"https:\/\/api.w.org\/{rel}","templated":true}]}}