{"id":4473,"date":"2025-07-29T17:00:03","date_gmt":"2025-07-29T09:00:03","guid":{"rendered":"https:\/\/www.moonepc.com\/?post_type=product&#038;p=4473"},"modified":"2025-09-23T14:02:28","modified_gmt":"2025-09-23T06:02:28","slug":"nj-series-screw-compressor-condensing-unit","status":"publish","type":"product","link":"https:\/\/www.moonepc.com\/fr\/nj-series-screw-compressor-condensing-unit\/","title":{"rendered":"Unit\u00e9 de condensation de compresseur \u00e0 vis s\u00e9rie NJ"},"content":{"rendered":"<p>&nbsp;<\/p>\n<div class=\"host-lopnbnfpjmgpbppclhclehhgafnifija\" style=\"position: relative; z-index: 2147483647;\"><\/div>","protected":false},"excerpt":{"rendered":"<p>Temp\u00e9rature de l'eau d'entr\u00e9e: 19 \u2014 33\u2103<\/p>\n<p>Temp\u00e9rature d'\u00e9vaporation (s\u00e9rie Z): -23-0 \u2103<\/p>\n<p>Temp\u00e9rature d'\u00e9vaporation (s\u00e9rie D2): -46--20\u2103<\/p>\n<p>Temp\u00e9rature de l'huile: 30-65\u2103<\/p>\n<p>Conditions d'application: la s\u00e9rie Z est con\u00e7ue pour les conditions \u00e0 haute temp\u00e9rature, tandis que la s\u00e9rie D2 est pour les conditions \u00e0 basse temp\u00e9rature.<\/p>\n<div class=\"host-lopnbnfpjmgpbppclhclehhgafnifija\" style=\"position: relative; z-index: 2147483647;\"><\/div>","protected":false},"featured_media":4474,"comment_status":"closed","ping_status":"closed","template":"","meta":[],"product_brand":[],"product_cat":[74,75],"product_tag":[],"class_list":{"0":"post-4473","1":"product","2":"type-product","3":"status-publish","4":"has-post-thumbnail","6":"product_cat-chiller","7":"product_cat-compressor-condensing-unit","9":"first","10":"instock","11":"shipping-taxable","12":"product-type-simple"},"_links":{"self":[{"href":"https:\/\/www.moonepc.com\/fr\/wp-json\/wp\/v2\/product\/4473","targetHints":{"allow":["GET"]}}],"collection":[{"href":"https:\/\/www.moonepc.com\/fr\/wp-json\/wp\/v2\/product"}],"about":[{"href":"https:\/\/www.moonepc.com\/fr\/wp-json\/wp\/v2\/types\/product"}],"replies":[{"embeddable":true,"href":"https:\/\/www.moonepc.com\/fr\/wp-json\/wp\/v2\/comments?post=4473"}],"wp:featuredmedia":[{"embeddable":true,"href":"https:\/\/www.moonepc.com\/fr\/wp-json\/wp\/v2\/media\/4474"}],"wp:attachment":[{"href":"https:\/\/www.moonepc.com\/fr\/wp-json\/wp\/v2\/media?parent=4473"}],"wp:term":[{"taxonomy":"product_brand","embeddable":true,"href":"https:\/\/www.moonepc.com\/fr\/wp-json\/wp\/v2\/product_brand?post=4473"},{"taxonomy":"product_cat","embeddable":true,"href":"https:\/\/www.moonepc.com\/fr\/wp-json\/wp\/v2\/product_cat?post=4473"},{"taxonomy":"product_tag","embeddable":true,"href":"https:\/\/www.moonepc.com\/fr\/wp-json\/wp\/v2\/product_tag?post=4473"}],"curies":[{"name":"WP","href":"https:\/\/api.w.org\/{rel}","templated":true}]}}