{"id":4475,"date":"2025-07-29T17:08:51","date_gmt":"2025-07-29T09:08:51","guid":{"rendered":"https:\/\/www.moonepc.com\/?post_type=product&#038;p=4475"},"modified":"2025-09-23T14:04:50","modified_gmt":"2025-09-23T06:04:50","slug":"flooded-low-temperature-brine-chiller","status":"publish","type":"product","link":"https:\/\/www.moonepc.com\/fr\/flooded-low-temperature-brine-chiller\/","title":{"rendered":"Refrig\u00e9rateur de sal\u00e9e inond\u00e9 \u00e0 basse temp\u00e9rature"},"content":{"rendered":"<table>\n<tbody>\n<tr>\n<td colspan=\"2\" width=\"189\">Article<\/td>\n<td width=\"56\">Unit\u00e9<\/td>\n<td width=\"118\">YS12MZMSA(B)<\/td>\n<td width=\"117\">YS16MZMSA(B)<\/td>\n<td width=\"120\">YS20MZMSA(B)<\/td>\n<\/tr>\n<tr>\n<td colspan=\"2\" width=\"189\">Capacit\u00e9 de r\u00e9frig\u00e9ration<\/td>\n<td width=\"56\">kW<\/td>\n<td width=\"118\">168.2<\/td>\n<td width=\"117\">367<\/td>\n<td width=\"120\">704.4<\/td>\n<\/tr>\n<tr>\n<td colspan=\"2\" width=\"189\">Vari\u00e9t\u00e9s d'eau refroidie<\/td>\n<td width=\"56\"><\/td>\n<td colspan=\"3\" width=\"357\">Solution aqueuse d'\u00e9thyl\u00e8ne glycol et solution aqueuse de chlorure de calcium<\/td>\n<\/tr>\n<tr>\n<td colspan=\"2\" width=\"189\">Gamme de contr\u00f4le de capacit\u00e9<\/td>\n<td width=\"56\">%<\/td>\n<td colspan=\"3\" width=\"357\">15 \u00e0 100<\/td>\n<\/tr>\n<tr>\n<td rowspan=\"3\" width=\"69\">R\u00e9frig\u00e9rant<\/td>\n<td width=\"120\">Vari\u00e9t\u00e9s<\/td>\n<td width=\"56\"><\/td>\n<td colspan=\"3\" width=\"357\">R22<\/td>\n<\/tr>\n<tr>\n<td width=\"120\">Charge<\/td>\n<td width=\"56\">kilogrammes<\/td>\n<td width=\"118\">~\u00a0200\/200<\/td>\n<td width=\"117\">~\u00a0330\/330<\/td>\n<td width=\"120\">~\u00a0600\/530<\/td>\n<\/tr>\n<tr>\n<td width=\"120\">Standard<\/td>\n<td width=\"56\"><\/td>\n<td colspan=\"3\" width=\"357\">GB7373 CHClF2 industriel (F22)<\/td>\n<\/tr>\n<tr>\n<td rowspan=\"3\" width=\"69\">R\u00e9frig\u00e9rant<\/p>\n<p>huile<\/td>\n<td width=\"120\">marque<\/td>\n<td width=\"56\"><\/td>\n<td colspan=\"3\" width=\"357\">Le M-K4001<\/td>\n<\/tr>\n<tr>\n<td width=\"120\">Charge<\/td>\n<td width=\"56\">l<\/td>\n<td width=\"118\">~\u00a0110<\/td>\n<td width=\"117\">~\u00a0160<\/td>\n<td width=\"120\">~\u00a0370<\/td>\n<\/tr>\n<tr>\n<td width=\"120\">Standard<\/td>\n<td width=\"56\"><\/td>\n<td colspan=\"3\" width=\"357\">\u00a0Q\/YB00J08.21.1\"Huile congel\u00e9e (type min\u00e9ral)\"<\/td>\n<\/tr>\n<tr>\n<td colspan=\"2\" width=\"189\">Mod\u00e8le de compresseur<\/td>\n<td width=\"56\"><\/td>\n<td width=\"118\">LG12M<\/td>\n<td width=\"117\">LG16M<\/td>\n<td width=\"120\">LG20M<\/td>\n<\/tr>\n<tr>\n<td colspan=\"2\" width=\"189\">Puissance nominale du moteur<\/td>\n<td width=\"56\">kW<\/td>\n<td width=\"118\">65<\/td>\n<td width=\"117\">132<\/td>\n<td width=\"120\">250<\/td>\n<\/tr>\n<tr>\n<td colspan=\"2\" width=\"189\">Syst\u00e8me \u00e9lectrique<\/td>\n<td width=\"56\"><\/td>\n<td colspan=\"3\" width=\"357\">3P 380V 50HZ<\/td>\n<\/tr>\n<tr>\n<td rowspan=\"5\" width=\"69\">condensateur<\/td>\n<td width=\"120\">Type<\/td>\n<td width=\"56\"><\/td>\n<td colspan=\"3\" width=\"357\">Shell-tube<\/td>\n<\/tr>\n<tr>\n<td width=\"120\">Temp\u00e9rature d'entr\u00e9e d'eau<\/td>\n<td width=\"56\">\u2103<\/td>\n<td colspan=\"3\" width=\"357\">30<\/td>\n<\/tr>\n<tr>\n<td width=\"120\">Circulation de l'eau de refroidissement<\/p>\n<p>volume<\/td>\n<td width=\"56\">m3\/h<\/td>\n<td width=\"118\">40<\/td>\n<td width=\"117\">85<\/td>\n<td width=\"120\">155<\/td>\n<\/tr>\n<tr>\n<td width=\"120\">Entr\u00e9e d'eau de refroidissement et<\/p>\n<p>diam\u00e8tre du tuyau de sortie<\/td>\n<td width=\"56\">&nbsp;<\/p>\n<p>mm<\/td>\n<td width=\"118\">&nbsp;<\/p>\n<p>DN80<\/td>\n<td width=\"117\">&nbsp;<\/p>\n<p>DN125<\/td>\n<td width=\"120\">&nbsp;<\/p>\n<p>DN150<\/td>\n<\/tr>\n<tr>\n<td width=\"120\">Pression de conception c\u00f4t\u00e9 eau de refroidissement<\/td>\n<td width=\"56\">&nbsp;<\/p>\n<p>MPa<\/td>\n<td colspan=\"3\" width=\"357\">0.6<\/td>\n<\/tr>\n<\/tbody>\n<\/table>\n<p>&nbsp;<\/p>\n<table>\n<tbody>\n<tr>\n<td colspan=\"2\" width=\"189\">Article<\/td>\n<td width=\"56\">Unit\u00e9<\/td>\n<td width=\"118\">YS12MZMSA(B)<\/td>\n<td width=\"117\">YS16MZMSA(B)<\/td>\n<td width=\"120\">YS20MZMSA(B)<\/td>\n<\/tr>\n<tr>\n<td rowspan=\"5\" width=\"69\">&nbsp;<\/p>\n<p>&nbsp;<\/p>\n<p>&nbsp;<\/p>\n<p>&nbsp;<\/p>\n<p>&nbsp;<\/p>\n<p>\u00c9vaporateur<\/td>\n<td width=\"120\">Type<\/td>\n<td width=\"56\"><\/td>\n<td colspan=\"3\" width=\"357\">Type inond\u00e9<\/td>\n<\/tr>\n<tr>\n<td width=\"120\">Eau de sortie<\/p>\n<p>temp\u00e9rature<\/td>\n<td width=\"56\">\u2103<\/td>\n<td colspan=\"3\" width=\"357\">-5<\/td>\n<\/tr>\n<tr>\n<td width=\"120\">Circulation de l'eau refroidie<\/p>\n<p>volume<\/td>\n<td width=\"56\">&nbsp;<\/p>\n<p>&nbsp;<\/td>\n<td width=\"118\">35\/36<\/td>\n<td width=\"117\">70\/75<\/td>\n<td width=\"120\">135\/140<\/td>\n<\/tr>\n<tr>\n<td width=\"120\">Diam\u00e8tre de d\u00e9rive de l'entr\u00e9e et de la sortie d'eau refroidie<\/td>\n<td width=\"56\">&nbsp;<\/p>\n<p>mm<\/td>\n<td width=\"118\">&nbsp;<\/p>\n<p>DN80<\/td>\n<td width=\"117\">&nbsp;<\/p>\n<p>DN125<\/td>\n<td width=\"120\">&nbsp;<\/p>\n<p>DN150<\/td>\n<\/tr>\n<tr>\n<td width=\"120\">Pression de conception c\u00f4t\u00e9 eau refroidie<\/td>\n<td width=\"56\">&nbsp;<\/p>\n<p>MPa<\/td>\n<td colspan=\"3\" width=\"357\">0.6<\/td>\n<\/tr>\n<tr>\n<td colspan=\"2\" width=\"189\">Facteur de d\u00e9faillance de l'eau refroidie et du refroidissement<\/p>\n<p>eau<\/td>\n<td width=\"56\">m2.k\/kw<\/td>\n<td colspan=\"3\" width=\"357\">0.086<\/td>\n<\/tr>\n<tr>\n<td colspan=\"2\" width=\"189\">R\u00e9sistance du condensateur et de l'\u00e9vaporateur<\/p>\n<p>sur le chemin de l'eau<\/td>\n<td width=\"56\">&nbsp;<\/p>\n<p>MPa<\/td>\n<td colspan=\"3\" width=\"357\">\u2264 0,1<\/td>\n<\/tr>\n<tr>\n<td colspan=\"2\" width=\"189\">Norme de qualit\u00e9 de l'eau de refroidissement<\/td>\n<td width=\"56\"><\/td>\n<td colspan=\"3\" width=\"357\">GB50050 Code pour la conception du traitement de l'eau de refroidissement recirculante industrielle<\/td>\n<\/tr>\n<tr>\n<td colspan=\"2\" width=\"189\">Dimension de contour (L * L * H)<\/td>\n<td width=\"56\">mm<\/td>\n<td width=\"118\">~\u00a03049*1886*1912<\/td>\n<td width=\"117\">~\u00a03178*2265*2217<\/td>\n<td width=\"120\">~\u00a03836*2435*2398\/<\/p>\n<p>~\u00a03763*2374*2302<\/td>\n<\/tr>\n<tr>\n<td colspan=\"2\" width=\"189\">Poids net<\/td>\n<td width=\"56\">kilogrammes<\/td>\n<td width=\"118\">~\u00a03750<\/td>\n<td width=\"117\">~\u00a05000<\/td>\n<td width=\"120\">~\u00a07000<\/td>\n<\/tr>\n<\/tbody>\n<\/table>\n<p>Note :<br \/>\nLa temp\u00e9rature d'entr\u00e9e et la temp\u00e9rature de sortie d'eau est de 5 &#8220; \u2103 ; la temp\u00e9rature de sortie de l'eau refroidie est -5 &#8220;  \u2103 et la diff\u00e9rence entre la temp\u00e9rature d'entr\u00e9e d'eau et la temp\u00e9rature de sortie d'eau is5c.<\/p>\n<p>\u2461 Le d\u00e9bit de r\u00e9frig\u00e9rant secondaire dans le tableau est calcul\u00e9 selon une concentration en masse de 35 % de solution aqueuse d'\u00e9thyl\u00e8ne glycol et une concentration en masse de 20,9 % de solution aqueuse de chlorure de calcium.<\/p>\n<p>\u2462  En cas d'utilisation d'autres r\u00e9frig\u00e9rants secondaires, le volume de circulation du schiste d'eau refroidie est recalcul\u00e9 en fonction de ses param\u00e8tres physiques.<\/p>\n<p>\u2463 Dans les tableaux ci-dessus, le point avant\/d\u00e9signe une unit\u00e9 \u00e9thyl\u00e8ne glycol et le point apr\u00e8s\/d\u00e9signe une unit\u00e9 chlorure de calcium.<\/p>\n<div class=\"host-lopnbnfpjmgpbppclhclehhgafnifija\" style=\"position: relative; z-index: 2147483647;\"><\/div>","protected":false},"excerpt":{"rendered":"<p>Type de condensateur: refroidi \u00e0 l'eau \u00e0 coquille et \u00e0 tube, condensateur \u00e0 plaque d'\u00e9changeur de chaleur, condensateur \u00e9vaporatif<\/p>\n<p>Type d'\u00e9vaporateur: Type inond\u00e9<\/p>\n<p>R\u00e9frig\u00e9rant: R134a, R507, etc.<\/p>\n<p>Temp\u00e9rature de l'eau de sortie: -5-35\u2103<\/p>\n<p>Liquide de refroidissement secondaire: solution d'\u00e9thyl\u00e8ne glycol, solution de chlorure de calcium, etc.<\/p>\n<p>Type de compresseur: Type ouvert \u00e0 un \u00e9tage, type ouvert \u00e0 une unit\u00e9 \u00e0 deux \u00e9tages, type ouvert \u00e0 double unit\u00e9 \u00e0 deux \u00e9tages, compresseurs de s\u00e9rie semi-herm\u00e9tiques<\/p>\n<div class=\"host-lopnbnfpjmgpbppclhclehhgafnifija\" style=\"position: relative; z-index: 2147483647;\"><\/div>","protected":false},"featured_media":5207,"comment_status":"closed","ping_status":"closed","template":"","meta":[],"product_brand":[],"product_cat":[74,76],"product_tag":[],"class_list":{"0":"post-4475","1":"product","2":"type-product","3":"status-publish","4":"has-post-thumbnail","6":"product_cat-chiller","7":"product_cat-low-temperature-brine-chiller","9":"first","10":"instock","11":"shipping-taxable","12":"product-type-simple"},"_links":{"self":[{"href":"https:\/\/www.moonepc.com\/fr\/wp-json\/wp\/v2\/product\/4475","targetHints":{"allow":["GET"]}}],"collection":[{"href":"https:\/\/www.moonepc.com\/fr\/wp-json\/wp\/v2\/product"}],"about":[{"href":"https:\/\/www.moonepc.com\/fr\/wp-json\/wp\/v2\/types\/product"}],"replies":[{"embeddable":true,"href":"https:\/\/www.moonepc.com\/fr\/wp-json\/wp\/v2\/comments?post=4475"}],"wp:featuredmedia":[{"embeddable":true,"href":"https:\/\/www.moonepc.com\/fr\/wp-json\/wp\/v2\/media\/5207"}],"wp:attachment":[{"href":"https:\/\/www.moonepc.com\/fr\/wp-json\/wp\/v2\/media?parent=4475"}],"wp:term":[{"taxonomy":"product_brand","embeddable":true,"href":"https:\/\/www.moonepc.com\/fr\/wp-json\/wp\/v2\/product_brand?post=4475"},{"taxonomy":"product_cat","embeddable":true,"href":"https:\/\/www.moonepc.com\/fr\/wp-json\/wp\/v2\/product_cat?post=4475"},{"taxonomy":"product_tag","embeddable":true,"href":"https:\/\/www.moonepc.com\/fr\/wp-json\/wp\/v2\/product_tag?post=4475"}],"curies":[{"name":"WP","href":"https:\/\/api.w.org\/{rel}","templated":true}]}}