{"id":4477,"date":"2025-07-29T17:12:05","date_gmt":"2025-07-29T09:12:05","guid":{"rendered":"https:\/\/www.moonepc.com\/?post_type=product&#038;p=4477"},"modified":"2025-09-23T13:43:43","modified_gmt":"2025-09-23T05:43:43","slug":"gept-r290-co2-high-efficiency-phase-change-refrigerating-unit","status":"publish","type":"product","link":"https:\/\/www.moonepc.com\/fr\/gept-r290-co2-high-efficiency-phase-change-refrigerating-unit\/","title":{"rendered":"GEPT-R290 CO2 Unit\u00e9 de r\u00e9frig\u00e9ration \u00e0 changement de phase \u00e0 haut rendement"},"content":{"rendered":"<p>&nbsp;<\/p>\n<div class=\"host-lopnbnfpjmgpbppclhclehhgafnifija\" style=\"position: relative; z-index: 2147483647;\"><\/div>\n<div class=\"host-lopnbnfpjmgpbppclhclehhgafnifija\" style=\"position: relative; z-index: 2147483647;\"><\/div>","protected":false},"excerpt":{"rendered":"<p>Le compresseur R290 est con\u00e7u conform\u00e9ment \u00e0 la norme API 619, am\u00e9liorant consid\u00e9rablement les performances d'\u00e9tanch\u00e9it\u00e9 et la fiabilit\u00e9.<\/p>\n<ul>\n<li>L'unit\u00e9 dispose d'une conception anti-explosion pour une s\u00e9curit\u00e9 accrue.<\/li>\n<li>\u00c9quip\u00e9 d'un \u00e9vaporateur de film \u00e0 chute pour un \u00e9change de chaleur tr\u00e8s efficace.<\/li>\n<li>Utilise des r\u00e9frig\u00e9rants respectueux de l'environnement: R290 et R744 (CO \u2082).<\/li>\n<li>COP \u00e9lev\u00e9 (coefficient de performance) avec faible consommation d'\u00e9nergie de la pompe de circulation, r\u00e9duisant les co\u00fbts op\u00e9rationnels.<\/li>\n<\/ul>\n<div class=\"host-lopnbnfpjmgpbppclhclehhgafnifija\" style=\"position: relative; z-index: 2147483647;\"><\/div>\n<div class=\"host-lopnbnfpjmgpbppclhclehhgafnifija\" style=\"position: relative; z-index: 2147483647;\"><\/div>","protected":false},"featured_media":4478,"comment_status":"closed","ping_status":"closed","template":"","meta":[],"product_brand":[],"product_cat":[74,76],"product_tag":[],"class_list":{"0":"post-4477","1":"product","2":"type-product","3":"status-publish","4":"has-post-thumbnail","6":"product_cat-chiller","7":"product_cat-low-temperature-brine-chiller","9":"first","10":"instock","11":"shipping-taxable","12":"product-type-simple"},"_links":{"self":[{"href":"https:\/\/www.moonepc.com\/fr\/wp-json\/wp\/v2\/product\/4477","targetHints":{"allow":["GET"]}}],"collection":[{"href":"https:\/\/www.moonepc.com\/fr\/wp-json\/wp\/v2\/product"}],"about":[{"href":"https:\/\/www.moonepc.com\/fr\/wp-json\/wp\/v2\/types\/product"}],"replies":[{"embeddable":true,"href":"https:\/\/www.moonepc.com\/fr\/wp-json\/wp\/v2\/comments?post=4477"}],"wp:featuredmedia":[{"embeddable":true,"href":"https:\/\/www.moonepc.com\/fr\/wp-json\/wp\/v2\/media\/4478"}],"wp:attachment":[{"href":"https:\/\/www.moonepc.com\/fr\/wp-json\/wp\/v2\/media?parent=4477"}],"wp:term":[{"taxonomy":"product_brand","embeddable":true,"href":"https:\/\/www.moonepc.com\/fr\/wp-json\/wp\/v2\/product_brand?post=4477"},{"taxonomy":"product_cat","embeddable":true,"href":"https:\/\/www.moonepc.com\/fr\/wp-json\/wp\/v2\/product_cat?post=4477"},{"taxonomy":"product_tag","embeddable":true,"href":"https:\/\/www.moonepc.com\/fr\/wp-json\/wp\/v2\/product_tag?post=4477"}],"curies":[{"name":"WP","href":"https:\/\/api.w.org\/{rel}","templated":true}]}}