{"id":4481,"date":"2025-07-29T17:19:16","date_gmt":"2025-07-29T09:19:16","guid":{"rendered":"https:\/\/www.moonepc.com\/?post_type=product&#038;p=4481"},"modified":"2025-09-23T13:45:22","modified_gmt":"2025-09-23T05:45:22","slug":"ls-series-screw-chiller","status":"publish","type":"product","link":"https:\/\/www.moonepc.com\/fr\/ls-series-screw-chiller\/","title":{"rendered":"LS-s\u00e9rie-vis-refroidisseur"},"content":{"rendered":"<table>\n<tbody>\n<tr>\n<td colspan=\"2\" width=\"183\">Article<\/td>\n<td width=\"59\">Unit\u00e9<\/td>\n<td width=\"120\">LS20MMSA(B)<\/td>\n<td width=\"120\">LS20LMSA(B)<\/td>\n<td width=\"120\">LS25MMSA(B)<\/td>\n<\/tr>\n<tr>\n<td colspan=\"2\" width=\"183\">Capacit\u00e9 de r\u00e9frig\u00e9ration<\/td>\n<td width=\"59\">kW<\/td>\n<td width=\"120\">1211<\/td>\n<td width=\"120\">1588<\/td>\n<td width=\"120\">2489<\/td>\n<\/tr>\n<tr>\n<td colspan=\"2\" width=\"183\">Vari\u00e9t\u00e9s d'eau refroidie<\/td>\n<td width=\"59\"><\/td>\n<td colspan=\"3\" width=\"360\">Eau<\/td>\n<\/tr>\n<tr>\n<td colspan=\"2\" width=\"183\">Gamme de contr\u00f4le de capacit\u00e9<\/td>\n<td width=\"59\">%<\/td>\n<td colspan=\"3\" width=\"360\">15 \u00e0 100<\/td>\n<\/tr>\n<tr>\n<td rowspan=\"3\" width=\"69\">R\u00e9frig\u00e9rant<\/td>\n<td width=\"114\">Vari\u00e9t\u00e9s<\/td>\n<td width=\"59\"><\/td>\n<td colspan=\"3\" width=\"360\">R22<\/td>\n<\/tr>\n<tr>\n<td width=\"114\">Charge<\/td>\n<td width=\"59\">kilogrammes<\/td>\n<td width=\"120\">~\u00a0650<\/td>\n<td width=\"120\">~\u00a0750<\/td>\n<td width=\"120\">~\u00a01200<\/td>\n<\/tr>\n<tr>\n<td width=\"114\">Standard<\/td>\n<td width=\"59\"><\/td>\n<td colspan=\"3\" width=\"360\">GB7373 CHClF2 industriel (F22)<\/td>\n<\/tr>\n<tr>\n<td rowspan=\"3\" width=\"69\">Huile r\u00e9frig\u00e9rante<\/td>\n<td width=\"114\">marque<\/td>\n<td width=\"59\"><\/td>\n<td colspan=\"3\" width=\"360\">Le M-K4001<\/td>\n<\/tr>\n<tr>\n<td width=\"114\">Charge<\/td>\n<td width=\"59\">l<\/td>\n<td width=\"120\">~\u00a0370<\/td>\n<td width=\"120\">~\u00a0470<\/td>\n<td width=\"120\">~\u00a0760<\/td>\n<\/tr>\n<tr>\n<td width=\"114\">Standard<\/td>\n<td width=\"59\"><\/td>\n<td colspan=\"3\" width=\"360\">Q\/YB00J08.21.1Huile de r\u00e9frig\u00e9ration (type min\u00e9ral)<\/td>\n<\/tr>\n<tr>\n<td colspan=\"2\" width=\"183\">Mod\u00e8le de compresseur<\/td>\n<td width=\"59\"><\/td>\n<td width=\"120\">LG20M<\/td>\n<td width=\"120\">LG20L<\/td>\n<td width=\"120\">LG25M<\/td>\n<\/tr>\n<tr>\n<td colspan=\"2\" width=\"183\">Puissance nominale du moteur<\/td>\n<td width=\"59\">kW<\/td>\n<td width=\"120\">250<\/td>\n<td width=\"120\">315<\/td>\n<td width=\"120\">500<\/td>\n<\/tr>\n<tr>\n<td colspan=\"2\" width=\"183\">Syst\u00e8me \u00e9lectrique<\/td>\n<td width=\"59\"><\/td>\n<td width=\"120\">3N 50Hz 380V<\/td>\n<td colspan=\"2\" width=\"240\">3N 50Hz 10kV<\/td>\n<\/tr>\n<tr>\n<td rowspan=\"5\" width=\"69\">&nbsp;<\/p>\n<p>condensateur<\/td>\n<td width=\"114\">Type<\/td>\n<td width=\"59\"><\/td>\n<td colspan=\"3\" width=\"360\">Type de coquille et de tube<\/td>\n<\/tr>\n<tr>\n<td width=\"114\">Temp\u00e9rature d'entr\u00e9e d'eau<\/td>\n<td width=\"59\">\u2103<\/td>\n<td colspan=\"3\" width=\"360\">30<\/td>\n<\/tr>\n<tr>\n<td width=\"114\">Circulation de l'eau de refroidissement<\/p>\n<p>volume<\/td>\n<td width=\"59\">&nbsp;<\/p>\n<p>m3\/h<\/td>\n<td width=\"120\">&nbsp;<\/p>\n<p>240<\/td>\n<td width=\"120\">&nbsp;<\/p>\n<p>320<\/td>\n<td width=\"120\">&nbsp;<\/p>\n<p>500<\/td>\n<\/tr>\n<tr>\n<td width=\"114\">Diam\u00e8tre des tuyaux d'entr\u00e9e et de sortie d'eau de refroidissement<\/td>\n<td width=\"59\">&nbsp;<\/p>\n<p>mm<\/td>\n<td width=\"120\">&nbsp;<\/p>\n<p>DN200<\/td>\n<td width=\"120\">&nbsp;<\/p>\n<p>DN250<\/td>\n<td width=\"120\">&nbsp;<\/p>\n<p>DN300<\/td>\n<\/tr>\n<tr>\n<td width=\"114\">Pression de conception c\u00f4t\u00e9 eau de refroidissement<\/td>\n<td width=\"59\">&nbsp;<\/p>\n<p>MPa<\/td>\n<td colspan=\"3\" width=\"360\">&nbsp;<\/p>\n<p>0.6<\/td>\n<\/tr>\n<\/tbody>\n<\/table>\n<table>\n<tbody>\n<tr>\n<td colspan=\"2\" width=\"183\">Article<\/td>\n<td width=\"59\">Unit\u00e9<\/td>\n<td width=\"120\">LS20MMSA(B)<\/td>\n<td width=\"120\">LS20LMSA(B)<\/td>\n<td width=\"120\">LS25MMSA(B)<\/td>\n<\/tr>\n<tr>\n<td rowspan=\"5\" width=\"69\">&nbsp;<\/p>\n<p>&nbsp;<\/p>\n<p>&nbsp;<\/p>\n<p>\u00c9vaporateur<\/td>\n<td width=\"114\">Type<\/td>\n<td width=\"59\"><\/td>\n<td colspan=\"3\" width=\"360\">Type inond\u00e9<\/td>\n<\/tr>\n<tr>\n<td width=\"114\">Temp\u00e9rature de l'eau de sortie<\/td>\n<td width=\"59\">&nbsp;<\/p>\n<p>\u2103<\/td>\n<td colspan=\"3\" width=\"360\">&nbsp;<\/p>\n<p>7<\/td>\n<\/tr>\n<tr>\n<td width=\"114\">Volume de circulation de l'eau refroidie<\/td>\n<td width=\"59\">&nbsp;<\/p>\n<p>m3\/h<\/td>\n<td width=\"120\">&nbsp;<\/p>\n<p>210<\/td>\n<td width=\"120\">&nbsp;<\/p>\n<p>270<\/td>\n<td width=\"120\">&nbsp;<\/p>\n<p>430<\/td>\n<\/tr>\n<tr>\n<td width=\"114\">Diam\u00e8tre de d\u00e9rive de l'entr\u00e9e et de la sortie d'eau refroidie<\/td>\n<td width=\"59\">&nbsp;<\/p>\n<p>mm<\/td>\n<td width=\"120\">&nbsp;<\/p>\n<p>DN200<\/td>\n<td width=\"120\">&nbsp;<\/p>\n<p>DN200<\/td>\n<td width=\"120\">&nbsp;<\/p>\n<p>DN250<\/td>\n<\/tr>\n<tr>\n<td width=\"114\">Pression de conception c\u00f4t\u00e9 eau refroidie<\/td>\n<td width=\"59\">&nbsp;<\/p>\n<p>MPa<\/td>\n<td colspan=\"3\" width=\"360\">&nbsp;<\/p>\n<p>1.0<\/td>\n<\/tr>\n<tr>\n<td colspan=\"2\" width=\"183\">Facteur de fouling de l'eau refroidie et<\/p>\n<p>eau de refroidissement<\/td>\n<td width=\"59\">&nbsp;<\/p>\n<p>m2.k\/kw<\/td>\n<td colspan=\"3\" width=\"360\">&nbsp;<\/p>\n<p>0.086<\/td>\n<\/tr>\n<tr>\n<td colspan=\"2\" width=\"183\">R\u00e9sistance du condensateur et de l'\u00e9vaporateur<\/p>\n<p>sur le chemin de l'eau<\/td>\n<td width=\"59\">&nbsp;<\/p>\n<p>MPa<\/td>\n<td colspan=\"3\" width=\"360\">&nbsp;<\/p>\n<p>\u2264 0,1<\/td>\n<\/tr>\n<tr>\n<td colspan=\"2\" width=\"183\">Norme de qualit\u00e9 de l'eau de refroidissement<\/td>\n<td width=\"59\"><\/td>\n<td colspan=\"3\" width=\"360\">GB50050 Code pour la conception du traitement de l'eau de refroidissement recirculante industrielle<\/td>\n<\/tr>\n<tr>\n<td colspan=\"2\" width=\"183\">Dimension de contour (L * L * H)<\/td>\n<td width=\"59\">mm<\/td>\n<td width=\"120\">~\u00a03840*2720*2700<\/td>\n<td width=\"120\">~\u00a04198*3190*3279<\/td>\n<td width=\"120\">~\u00a04890*3400*3150<\/td>\n<\/tr>\n<tr>\n<td colspan=\"2\" width=\"183\">Poids net<\/td>\n<td width=\"59\">kilogrammes<\/td>\n<td width=\"120\">~\u00a08200<\/td>\n<td width=\"120\">~\u00a09700<\/td>\n<td width=\"120\">~\u00a015000<\/td>\n<\/tr>\n<\/tbody>\n<\/table>\n<p style=\"text-align: left;\">Note :<\/p>\n<ol>\n<li style=\"text-align: left;\">Les conditions de travail con\u00e7ues dans le tableau: la temp\u00e9rature d'entr\u00e9e d'eau de refroidissement du condensateur est de 30 \u2103 et la diff\u00e9rence entre la temp\u00e9rature d'entr\u00e9e d'eau et la temp\u00e9rature de sortie d'eau est de 5 \u2103; la temp\u00e9rature de sortie d'eau refroidie est de 7 \u2103 et la diff\u00e9rence entre la temp\u00e9rature d'entr\u00e9e d'eau et la temp\u00e9rature de sortie d'eau est de 5 \u2103. Unit\u00e9 sans \u00e9conomiseur<\/li>\n<li style=\"text-align: left;\">Se r\u00e9f\u00e9rer au tableau des param\u00e8tres de performance des unit\u00e9s pour la capacit\u00e9 de r\u00e9frig\u00e9ration dans d'autres conditions de travail.<\/li>\n<\/ol>\n<div class=\"host-lopnbnfpjmgpbppclhclehhgafnifija\" style=\"position: relative; z-index: 2147483647;\"><\/div>","protected":false},"excerpt":{"rendered":"<p>Mod\u00e8le: LS20MMSA(B) \u2013 LS32LMSA(B) S\u00e9rie<\/p>\n<p>Types de condensateur: refroidi \u00e0 l'eau \u00e0 coquille et \u00e0 tube, \u00e9changeur de chaleur \u00e0 plaques, condensateur \u00e9vaporatif<\/p>\n<p>Types d'\u00e9vaporateur: inond\u00e9, siphon, \u00e9changeur de chaleur \u00e0 plaques, type sec<\/p>\n<p>Temp\u00e9rature de sortie d'eau refroidie: 5\u00b0C \u00e0 10\u00b0C<\/p>\n<p>Temp\u00e9rature d'entr\u00e9e d'eau de refroidissement: 19\u00b0C \u00e0 33\u00b0C<\/p>\n<div class=\"host-lopnbnfpjmgpbppclhclehhgafnifija\" style=\"position: relative; z-index: 2147483647;\"><\/div>","protected":false},"featured_media":4480,"comment_status":"closed","ping_status":"closed","template":"","meta":[],"product_brand":[],"product_cat":[74,76],"product_tag":[],"class_list":{"0":"post-4481","1":"product","2":"type-product","3":"status-publish","4":"has-post-thumbnail","6":"product_cat-chiller","7":"product_cat-low-temperature-brine-chiller","9":"first","10":"instock","11":"shipping-taxable","12":"product-type-simple"},"_links":{"self":[{"href":"https:\/\/www.moonepc.com\/fr\/wp-json\/wp\/v2\/product\/4481","targetHints":{"allow":["GET"]}}],"collection":[{"href":"https:\/\/www.moonepc.com\/fr\/wp-json\/wp\/v2\/product"}],"about":[{"href":"https:\/\/www.moonepc.com\/fr\/wp-json\/wp\/v2\/types\/product"}],"replies":[{"embeddable":true,"href":"https:\/\/www.moonepc.com\/fr\/wp-json\/wp\/v2\/comments?post=4481"}],"wp:featuredmedia":[{"embeddable":true,"href":"https:\/\/www.moonepc.com\/fr\/wp-json\/wp\/v2\/media\/4480"}],"wp:attachment":[{"href":"https:\/\/www.moonepc.com\/fr\/wp-json\/wp\/v2\/media?parent=4481"}],"wp:term":[{"taxonomy":"product_brand","embeddable":true,"href":"https:\/\/www.moonepc.com\/fr\/wp-json\/wp\/v2\/product_brand?post=4481"},{"taxonomy":"product_cat","embeddable":true,"href":"https:\/\/www.moonepc.com\/fr\/wp-json\/wp\/v2\/product_cat?post=4481"},{"taxonomy":"product_tag","embeddable":true,"href":"https:\/\/www.moonepc.com\/fr\/wp-json\/wp\/v2\/product_tag?post=4481"}],"curies":[{"name":"WP","href":"https:\/\/api.w.org\/{rel}","templated":true}]}}