{"id":4482,"date":"2025-07-29T17:24:11","date_gmt":"2025-07-29T09:24:11","guid":{"rendered":"https:\/\/www.moonepc.com\/?post_type=product&#038;p=4482"},"modified":"2025-09-23T13:48:16","modified_gmt":"2025-09-23T05:48:16","slug":"siphon-type-low-temperature-brine-chiller","status":"publish","type":"product","link":"https:\/\/www.moonepc.com\/fr\/siphon-type-low-temperature-brine-chiller\/","title":{"rendered":"Refrig\u00e9rateur de sel \u00e0 basse temp\u00e9rature de type Siphon"},"content":{"rendered":"<table style=\"width: 100%; height: 897px;\">\n<tbody>\n<tr style=\"height: 24px;\">\n<td style=\"width: 45.813%; height: 24px;\" colspan=\"3\" width=\"245\">Article<\/td>\n<td style=\"width: 12.2541%; height: 24px;\" width=\"47\">Unit\u00e9<\/td>\n<td style=\"width: 19.7745%; height: 24px;\" width=\"155\">YS16MZHSA(B)<\/td>\n<td style=\"width: 27.6768%; height: 24px;\" width=\"154\">YS20MZHSA(B)<\/td>\n<\/tr>\n<tr style=\"height: 24px;\">\n<td style=\"width: 45.813%; height: 24px;\" colspan=\"3\" width=\"245\">Capacit\u00e9 de r\u00e9frig\u00e9ration<\/td>\n<td style=\"width: 12.2541%; height: 24px;\" width=\"47\">kW<\/td>\n<td style=\"width: 19.7745%; height: 24px;\" width=\"155\">377<\/td>\n<td style=\"width: 27.6768%; height: 24px;\" width=\"154\">732<\/td>\n<\/tr>\n<tr style=\"height: 72px;\">\n<td style=\"width: 45.813%; height: 72px;\" colspan=\"3\" width=\"245\">Vari\u00e9t\u00e9s de r\u00e9frig\u00e9rants secondaires<\/td>\n<td style=\"width: 12.2541%; height: 72px;\" width=\"47\"><\/td>\n<td style=\"width: 47.4513%; height: 72px;\" colspan=\"2\" width=\"309\">Solution aqueuse d'\u00e9thyl\u00e8ne glycol\/solution aqueuse de chlorure de calcium<\/td>\n<\/tr>\n<tr style=\"height: 48px;\">\n<td style=\"width: 45.813%; height: 48px;\" colspan=\"3\" width=\"245\">Mode de contr\u00f4le de capacit\u00e9<\/td>\n<td style=\"width: 12.2541%; height: 48px;\" width=\"47\"><\/td>\n<td style=\"width: 47.4513%; height: 48px;\" colspan=\"2\" width=\"309\">Automatique \u00e0 distance\/automatique locale<\/td>\n<\/tr>\n<tr style=\"height: 24px;\">\n<td style=\"width: 45.813%; height: 24px;\" colspan=\"3\" width=\"245\">Gamme de contr\u00f4le de capacit\u00e9<\/td>\n<td style=\"width: 12.2541%; height: 24px;\" width=\"47\">%<\/td>\n<td style=\"width: 47.4513%; height: 24px;\" colspan=\"2\" width=\"309\">15 \u00e0 100<\/td>\n<\/tr>\n<tr style=\"height: 24px;\">\n<td style=\"text-align: left; width: 23.5564%; height: 96px;\" colspan=\"2\" rowspan=\"3\" width=\"100\">R\u00e9frig\u00e9rant<\/td>\n<td style=\"width: 22.2566%; height: 24px;\" width=\"111\">Vari\u00e9t\u00e9s<\/td>\n<td style=\"width: 12.2541%; height: 24px;\" width=\"47\"><\/td>\n<td style=\"width: 47.4513%; height: 24px;\" colspan=\"2\" width=\"309\">R717<\/td>\n<\/tr>\n<tr style=\"height: 24px;\">\n<td style=\"width: 22.2566%; height: 24px;\" width=\"111\">Charge<\/td>\n<td style=\"width: 12.2541%; height: 24px;\" width=\"47\">kilogrammes<\/td>\n<td style=\"width: 19.7745%; height: 24px;\" width=\"155\">~220<\/td>\n<td style=\"width: 27.6768%; height: 24px;\" width=\"154\">~380<\/td>\n<\/tr>\n<tr style=\"height: 48px;\">\n<td style=\"width: 22.2566%; height: 48px;\" width=\"111\">Standard<\/td>\n<td style=\"width: 12.2541%; height: 48px;\" width=\"47\"><\/td>\n<td style=\"width: 47.4513%; height: 48px;\" colspan=\"2\" width=\"309\">GB536 Ammoniaque anhydre liqu\u00e9fi\u00e9<\/td>\n<\/tr>\n<tr style=\"height: 24px;\">\n<td style=\"width: 23.5564%; height: 72px;\" colspan=\"2\" rowspan=\"3\" width=\"133\">Huile r\u00e9frig\u00e9rante<\/td>\n<td style=\"width: 22.2566%; height: 24px;\" width=\"111\">marque<\/td>\n<td style=\"width: 12.2541%; height: 24px;\" width=\"47\"><\/td>\n<td style=\"width: 47.4513%; height: 24px;\" colspan=\"2\" width=\"309\">Le M-K4001<\/td>\n<\/tr>\n<tr style=\"height: 24px;\">\n<td style=\"width: 22.2566%; height: 24px;\" width=\"111\">Charge<\/td>\n<td style=\"width: 12.2541%; height: 24px;\" width=\"47\">Je<\/td>\n<td style=\"width: 19.7745%; height: 24px;\" width=\"155\">~160<\/td>\n<td style=\"width: 27.6768%; height: 24px;\" width=\"154\">~370<\/td>\n<\/tr>\n<tr style=\"height: 24px;\">\n<td style=\"width: 22.2566%; height: 24px;\" width=\"111\">Standard<\/td>\n<td style=\"width: 12.2541%; height: 24px;\" width=\"47\"><\/td>\n<td style=\"width: 47.4513%; height: 24px;\" colspan=\"2\" width=\"309\">Q\/YB00J08.21.1-2011<\/td>\n<\/tr>\n<tr style=\"height: 24px;\">\n<td style=\"width: 45.813%; height: 24px;\" colspan=\"3\" width=\"245\">Mod\u00e8le de compresseur<\/td>\n<td style=\"width: 12.2541%; height: 24px;\" width=\"47\"><\/td>\n<td style=\"width: 19.7745%; height: 24px;\" width=\"155\">LG16M<\/td>\n<td style=\"width: 27.6768%; height: 24px;\" width=\"154\">LG20M<\/td>\n<\/tr>\n<tr style=\"height: 24px;\">\n<td style=\"width: 45.813%; height: 24px;\" colspan=\"3\" width=\"245\">Economiseur<\/td>\n<td style=\"width: 12.2541%; height: 24px;\" width=\"47\"><\/td>\n<td style=\"width: 47.4513%; height: 24px;\" colspan=\"2\" width=\"309\">Aucun n o<\/td>\n<\/tr>\n<tr style=\"height: 24px;\">\n<td style=\"width: 45.813%; height: 24px;\" colspan=\"3\" width=\"245\">Puissance nominale du moteur<\/td>\n<td style=\"width: 12.2541%; height: 24px;\" width=\"47\">kW<\/td>\n<td style=\"width: 19.7745%; height: 24px;\" width=\"155\">132<\/td>\n<td style=\"width: 27.6768%; height: 24px;\" width=\"154\">250<\/td>\n<\/tr>\n<tr style=\"height: 24px;\">\n<td style=\"width: 45.813%; height: 24px;\" colspan=\"3\" width=\"245\">Syst\u00e8me \u00e9lectrique\/Classe de protection<\/td>\n<td style=\"width: 12.2541%; height: 24px;\" width=\"47\"><\/td>\n<td style=\"width: 47.4513%; height: 24px;\" colspan=\"2\" width=\"309\">3N 50Hz 380V \/ IP23<\/td>\n<\/tr>\n<tr style=\"height: 24px;\">\n<td style=\"width: 45.813%; height: 24px;\" colspan=\"3\" width=\"245\">Type de condensateur<\/td>\n<td style=\"width: 12.2541%; height: 24px;\" width=\"47\"><\/td>\n<td style=\"width: 47.4513%; height: 24px;\" colspan=\"2\" width=\"309\">Shell-tube<\/td>\n<\/tr>\n<tr style=\"height: 24px;\">\n<td style=\"width: 14.0929%; height: 210px;\" rowspan=\"4\" width=\"59\">Condenseur \u00e0 coque et \u00e0 tube<\/td>\n<td style=\"width: 31.7201%; height: 24px;\" colspan=\"2\" width=\"185\">Temp\u00e9rature d'entr\u00e9e d'eau<\/td>\n<td style=\"width: 12.2541%; height: 24px;\" width=\"47\">\u2103<\/td>\n<td style=\"width: 47.4513%; height: 24px;\" colspan=\"2\" width=\"309\">30<\/td>\n<\/tr>\n<tr style=\"height: 48px;\">\n<td style=\"width: 31.7201%; height: 48px;\" colspan=\"2\" width=\"185\">Volume de circulation de l'eau de refroidissement<\/td>\n<td style=\"width: 12.2541%; height: 48px;\" width=\"47\">m\u00b3\/h<\/td>\n<td style=\"width: 19.7745%; height: 48px;\" width=\"155\">83<\/td>\n<td style=\"width: 27.6768%; height: 48px; text-align: left;\" width=\"154\">161<\/td>\n<\/tr>\n<tr style=\"height: 90px;\">\n<td style=\"width: 31.7201%; height: 90px;\" colspan=\"2\" width=\"185\">Diam\u00e8tre des tuyaux d'entr\u00e9e et de sortie d'eau de refroidissement<\/td>\n<td style=\"width: 12.2541%; height: 90px;\" width=\"47\">&nbsp;<\/p>\n<p>mm<\/td>\n<td style=\"width: 19.7745%; height: 90px;\" width=\"155\">&nbsp;<\/p>\n<p>DN125<\/td>\n<td style=\"width: 27.6768%; height: 90px;\" width=\"154\">&nbsp;<\/p>\n<p>DN200<\/td>\n<\/tr>\n<tr style=\"height: 48px;\">\n<td style=\"width: 31.7201%; height: 48px;\" colspan=\"2\" width=\"185\">Pression de conception c\u00f4t\u00e9 eau de refroidissement<\/td>\n<td style=\"width: 12.2541%; height: 48px;\" width=\"47\">MPa<\/td>\n<td style=\"width: 47.4513%; height: 48px;\" colspan=\"2\" width=\"309\">0.6<\/td>\n<\/tr>\n<tr style=\"height: 26px;\">\n<td style=\"width: 14.0929%; height: 78px;\" rowspan=\"3\" width=\"59\">Liquide<\/p>\n<p>r\u00e9cepteur<\/td>\n<td style=\"width: 31.7201%; height: 26px;\" colspan=\"2\" width=\"185\">\u00a0Volume<\/td>\n<td style=\"width: 12.2541%; height: 26px;\" width=\"47\">m\u00b3<\/td>\n<td style=\"width: 19.7745%; height: 26px;\" width=\"155\">0.8<\/td>\n<td style=\"width: 27.6768%; height: 26px;\" width=\"154\">1.4<\/td>\n<\/tr>\n<tr style=\"height: 26px;\">\n<td style=\"width: 31.7201%; height: 26px;\" colspan=\"2\" width=\"185\">Diam\u00e8tre du tuyau d'entr\u00e9e de liquide<\/td>\n<td style=\"width: 12.2541%; height: 26px;\" width=\"47\">mm<\/td>\n<td style=\"width: 19.7745%; height: 26px;\" width=\"155\">DN50<\/td>\n<td style=\"width: 27.6768%; height: 26px;\" width=\"154\">DN65<\/td>\n<\/tr>\n<tr style=\"height: 26px;\">\n<td style=\"width: 31.7201%; height: 26px;\" colspan=\"2\" width=\"185\">Diam\u00e8tre du tuyau de sortie de gaz<\/td>\n<td style=\"width: 12.2541%; height: 26px;\" width=\"47\">mm<\/td>\n<td style=\"width: 19.7745%; height: 26px;\" width=\"155\">DN50<\/td>\n<td style=\"width: 27.6768%; height: 26px;\" width=\"154\">DN65<\/td>\n<\/tr>\n<\/tbody>\n<\/table>\n<p>&nbsp;<\/p>\n<table>\n<tbody>\n<tr>\n<td colspan=\"3\" width=\"245\">\u00a0ltem<\/td>\n<td width=\"48\">Unit\u00e9<\/td>\n<td width=\"155\">YS16MZHSA(B)<\/td>\n<td width=\"154\">YS20MZHSA(B)<\/td>\n<\/tr>\n<tr>\n<td rowspan=\"4\" width=\"59\">&nbsp;<\/p>\n<p>\u00c9vaporateur<\/td>\n<td colspan=\"2\" width=\"185\">Type<\/td>\n<td width=\"48\"><\/td>\n<td colspan=\"2\" width=\"309\">Type de sifonnage<\/td>\n<\/tr>\n<tr>\n<td colspan=\"2\" width=\"185\">Volume de circulation du r\u00e9frig\u00e9rant secondaire<\/td>\n<td width=\"48\">m\u00b3\/h<\/td>\n<td width=\"155\">78<\/td>\n<td width=\"154\">151<\/td>\n<\/tr>\n<tr>\n<td colspan=\"2\" width=\"185\">Diam\u00e8tre de d\u00e9rive de l'entr\u00e9e et de la sortie de r\u00e9frig\u00e9rant secondaire<\/td>\n<td width=\"48\">mm<\/td>\n<td width=\"155\">&nbsp;<\/p>\n<p>DN125<\/td>\n<td width=\"154\">&nbsp;<\/p>\n<p>DN150<\/td>\n<\/tr>\n<tr>\n<td colspan=\"2\" width=\"185\">Pression de conception c\u00f4t\u00e9 r\u00e9frig\u00e9rant secondaire<\/td>\n<td width=\"48\">MPa<\/td>\n<td colspan=\"2\" width=\"309\">0.6<\/td>\n<\/tr>\n<tr>\n<td rowspan=\"2\" width=\"59\">&nbsp;<\/p>\n<p>Refroidisseur d'huile<\/td>\n<td colspan=\"2\" width=\"185\">\u00a0Type<\/td>\n<td width=\"48\"><\/td>\n<td colspan=\"2\" width=\"309\">Shell-tube<\/td>\n<\/tr>\n<tr>\n<td width=\"59\">R\u00e9frig\u00e9rant<\/td>\n<td width=\"126\">Diam\u00e8tre de d\u00e9rive de la sortie de gaz<\/td>\n<td width=\"48\">mm<\/td>\n<td width=\"155\">DN50<\/td>\n<td width=\"154\">DN65<\/td>\n<\/tr>\n<tr>\n<td colspan=\"3\" width=\"245\">Facteur de d\u00e9faillance du r\u00e9frig\u00e9rant secondaire et de l'eau de refroidissement<\/td>\n<td width=\"48\">m\u00b2.k\/kW<\/td>\n<td colspan=\"2\" width=\"309\">0.086<\/td>\n<\/tr>\n<tr>\n<td colspan=\"3\" width=\"245\">R\u00e9sistance du condensateur et de l'\u00e9vaporateur sur la voie d'eau<\/td>\n<td width=\"48\">MPa<\/td>\n<td colspan=\"2\" width=\"309\">\u2264 0,1<\/td>\n<\/tr>\n<tr>\n<td colspan=\"3\" width=\"245\">Norme de qualit\u00e9 de l'eau de refroidissement<\/td>\n<td width=\"48\"><\/td>\n<td colspan=\"2\" width=\"309\">GB50050 Code pour la conception d'eau de refroidissement recirculante industrielle<\/p>\n<p>Traitement<\/td>\n<\/tr>\n<tr>\n<td colspan=\"3\" width=\"245\">Dimension de contour (L * L * H)<\/td>\n<td width=\"48\">mm<\/td>\n<td width=\"155\">~4095*3250*2940<\/td>\n<td width=\"154\">~4600*3500*3400<\/td>\n<\/tr>\n<tr>\n<td colspan=\"3\" width=\"245\">Poids net<\/td>\n<td width=\"48\">kilogrammes<\/td>\n<td width=\"155\">~8500<\/td>\n<td width=\"154\">~11000<\/td>\n<\/tr>\n<\/tbody>\n<\/table>\n<p>Note :<\/p>\n<p>1.Les conditions de travail con\u00e7ues dans la table: la temp\u00e9rature d'entr\u00e9e d'eau de refroidissement de la coquille et du tube<\/p>\n<p>le condensateur est de 30 \u2103 et la diff\u00e9rence entre la temp\u00e9rature d'entr\u00e9e d'eau et la temp\u00e9rature de sortie d'eau est de 5 \u2103;<\/p>\n<p>la temp\u00e9rature de sortie d'eau refroidie est -5 \u2103 et la diff\u00e9rence entre la temp\u00e9rature d'entr\u00e9e d'eau et la sortie d'eau<\/p>\n<p>La temp\u00e9rature est de 5 \u2103.<\/p>\n<p>2.Le d\u00e9bit d'eau des \u00e9vaporateurs est calcul\u00e9 selon la concentration massique de 29,4% de solution d'eau de chlorure de calcium.<\/p>\n<p>3.Le refroidisseur d'huile pour la configuration standard de l'\u00e9quipement est refroidi par des r\u00e9frig\u00e9rants.<\/p>\n<p>4.La distribution de puissance de l'\u00e9quipement doit consid\u00e9rer la puissance auxiliaire pour le moteur de la pompe \u00e0 huile, le syst\u00e8me de commande, etc.<\/p>\n<p>5.Le condensateur \u00e9vaporatif n'est pas mont\u00e9 sur l'unit\u00e9.<\/p>\n<div class=\"host-lopnbnfpjmgpbppclhclehhgafnifija\" style=\"position: relative; z-index: 2147483647;\"><\/div>\n<div class=\"host-lopnbnfpjmgpbppclhclehhgafnifija\" style=\"position: relative; z-index: 2147483647;\"><\/div>","protected":false},"excerpt":{"rendered":"<p>Types de condensateur: refroidi \u00e0 l'eau par coquille et tube, \u00e9changeur de chaleur \u00e0 plaques, condensateur \u00e9vaporatif<\/p>\n<p>Type d'\u00e9vaporateur: Siphon<\/p>\n<p>R\u00e9frig\u00e9rants : R134a, R507, etc.<\/p>\n<p>Temp\u00e9rature de l'eau de sortie: -5\u00b0C \u00e0 -35\u00b0C<\/p>\n<p>Coolidants secondaires: solution d'\u00e9thyl\u00e8ne glycol, solution de chlorure de calcium, etc.<\/p>\n<p>Types de compresseurs: Compresseurs de s\u00e9rie semi-herm\u00e9tiques \u00e0 \u00e9tage unique de type ouvert, \u00e0 deux \u00e9tages \u00e0 unit\u00e9 unique de type ouvert, \u00e0 deux \u00e9tages \u00e0 unit\u00e9 double de type ouvert<\/p>\n<div class=\"host-lopnbnfpjmgpbppclhclehhgafnifija\" style=\"position: relative; z-index: 2147483647;\"><\/div>","protected":false},"featured_media":4483,"comment_status":"closed","ping_status":"closed","template":"","meta":[],"product_brand":[],"product_cat":[74,76],"product_tag":[],"class_list":{"0":"post-4482","1":"product","2":"type-product","3":"status-publish","4":"has-post-thumbnail","6":"product_cat-chiller","7":"product_cat-low-temperature-brine-chiller","9":"first","10":"instock","11":"shipping-taxable","12":"product-type-simple"},"_links":{"self":[{"href":"https:\/\/www.moonepc.com\/fr\/wp-json\/wp\/v2\/product\/4482","targetHints":{"allow":["GET"]}}],"collection":[{"href":"https:\/\/www.moonepc.com\/fr\/wp-json\/wp\/v2\/product"}],"about":[{"href":"https:\/\/www.moonepc.com\/fr\/wp-json\/wp\/v2\/types\/product"}],"replies":[{"embeddable":true,"href":"https:\/\/www.moonepc.com\/fr\/wp-json\/wp\/v2\/comments?post=4482"}],"wp:featuredmedia":[{"embeddable":true,"href":"https:\/\/www.moonepc.com\/fr\/wp-json\/wp\/v2\/media\/4483"}],"wp:attachment":[{"href":"https:\/\/www.moonepc.com\/fr\/wp-json\/wp\/v2\/media?parent=4482"}],"wp:term":[{"taxonomy":"product_brand","embeddable":true,"href":"https:\/\/www.moonepc.com\/fr\/wp-json\/wp\/v2\/product_brand?post=4482"},{"taxonomy":"product_cat","embeddable":true,"href":"https:\/\/www.moonepc.com\/fr\/wp-json\/wp\/v2\/product_cat?post=4482"},{"taxonomy":"product_tag","embeddable":true,"href":"https:\/\/www.moonepc.com\/fr\/wp-json\/wp\/v2\/product_tag?post=4482"}],"curies":[{"name":"WP","href":"https:\/\/api.w.org\/{rel}","templated":true}]}}