{"id":4487,"date":"2025-07-29T17:32:44","date_gmt":"2025-07-29T09:32:44","guid":{"rendered":"https:\/\/www.moonepc.com\/?post_type=product&#038;p=4487"},"modified":"2025-09-23T13:54:07","modified_gmt":"2025-09-23T05:54:07","slug":"dcl-series-centrifugal-chillers","status":"publish","type":"product","link":"https:\/\/www.moonepc.com\/fr\/dcl-series-centrifugal-chillers\/","title":{"rendered":"Refrig\u00e9rateurs centrifuges de la s\u00e9rie DCL"},"content":{"rendered":"<p>&nbsp;<\/p>\n<div class=\"host-lopnbnfpjmgpbppclhclehhgafnifija\" style=\"position: relative; z-index: 2147483647;\"><\/div>","protected":false},"excerpt":{"rendered":"<p>MOON-TECH&#8217; La gamme de produits de refroidisseur centrifuge s comprend des refroidisseurs centrifuges \u00e0 un \u00e9tage, \u00e0 deux \u00e9tages, \u00e0 deux \u00e9tages, \u00e0 roulements magn\u00e9tiques et \u00e0 air, offrant une gamme compl\u00e8te de solutions pour r\u00e9pondre aux besoins divers des clients. Ces syst\u00e8mes de refroidissement et de pompe \u00e0 chaleur centrifuges refroidis \u00e0 l'eau sont largement utilis\u00e9s dans: Syst\u00e8mes de r\u00e9cup\u00e9ration de chaleur refroidis \u00e0 l'air, Syst\u00e8mes de pompe \u00e0 chaleur \u00e0 source d'eau \/ sol, Syst\u00e8mes de pompe \u00e0 chaleur \u00e0 source d'eau de mer, Syst\u00e8mes de pompe \u00e0 chaleur \u00e0 source d'eaux us\u00e9es, Syst\u00e8mes de r\u00e9cup\u00e9ration de chaleur r\u00e9siduelle<\/p>\n<div class=\"host-lopnbnfpjmgpbppclhclehhgafnifija\" style=\"position: relative; z-index: 2147483647;\"><\/div>","protected":false},"featured_media":4488,"comment_status":"closed","ping_status":"closed","template":"","meta":[],"product_brand":[],"product_cat":[82,37],"product_tag":[],"class_list":{"0":"post-4487","1":"product","2":"type-product","3":"status-publish","4":"has-post-thumbnail","6":"product_cat-centrifugal-chiller-heat-pump-unit","7":"product_cat-hvac-products","9":"first","10":"instock","11":"shipping-taxable","12":"product-type-simple"},"_links":{"self":[{"href":"https:\/\/www.moonepc.com\/fr\/wp-json\/wp\/v2\/product\/4487","targetHints":{"allow":["GET"]}}],"collection":[{"href":"https:\/\/www.moonepc.com\/fr\/wp-json\/wp\/v2\/product"}],"about":[{"href":"https:\/\/www.moonepc.com\/fr\/wp-json\/wp\/v2\/types\/product"}],"replies":[{"embeddable":true,"href":"https:\/\/www.moonepc.com\/fr\/wp-json\/wp\/v2\/comments?post=4487"}],"wp:featuredmedia":[{"embeddable":true,"href":"https:\/\/www.moonepc.com\/fr\/wp-json\/wp\/v2\/media\/4488"}],"wp:attachment":[{"href":"https:\/\/www.moonepc.com\/fr\/wp-json\/wp\/v2\/media?parent=4487"}],"wp:term":[{"taxonomy":"product_brand","embeddable":true,"href":"https:\/\/www.moonepc.com\/fr\/wp-json\/wp\/v2\/product_brand?post=4487"},{"taxonomy":"product_cat","embeddable":true,"href":"https:\/\/www.moonepc.com\/fr\/wp-json\/wp\/v2\/product_cat?post=4487"},{"taxonomy":"product_tag","embeddable":true,"href":"https:\/\/www.moonepc.com\/fr\/wp-json\/wp\/v2\/product_tag?post=4487"}],"curies":[{"name":"WP","href":"https:\/\/api.w.org\/{rel}","templated":true}]}}