{"id":4489,"date":"2025-07-29T17:42:30","date_gmt":"2025-07-29T09:42:30","guid":{"rendered":"https:\/\/www.moonepc.com\/?post_type=product&#038;p=4489"},"modified":"2025-09-23T14:06:32","modified_gmt":"2025-09-23T06:06:32","slug":"magnetic-suspension-centrifugal-chiller-heat-pump-unit","status":"publish","type":"product","link":"https:\/\/www.moonepc.com\/fr\/magnetic-suspension-centrifugal-chiller-heat-pump-unit\/","title":{"rendered":"Unit\u00e9 refroidisseur centrifuge \u00e0 suspension magn\u00e9tique (pompe \u00e0 chaleur)"},"content":{"rendered":"<p>&nbsp;<\/p>\n<div class=\"host-lopnbnfpjmgpbppclhclehhgafnifija\" style=\"position: relative; z-index: 2147483647;\"><\/div>","protected":false},"excerpt":{"rendered":"<p>Capacit\u00e9 de refroidissement:<\/p>\n<p>Refrig\u00e9rateur \u00e0 eau centrifuge \u00e0 deux \u00e9tages: 100-900 RT<\/p>\n<p>Temp\u00e9rature d'entr\u00e9e\/sortie d'eau refroidie: 12\/7\u2103<\/p>\n<p>Temp\u00e9rature d'entr\u00e9e\/sortie d'eau de refroidissement: 30\/35\u2103<\/p>\n<p>Capacit\u00e9 de chauffage:<\/p>\n<p>\u00c0 la temp\u00e9rature ambiante -30 \u2103, la temp\u00e9rature de l'eau de sortie atteint 75 \u2103<\/p>\n<p>Pompe \u00e0 chaleur centrifuge \u00e0 fr\u00e9quence variable \u00e0 roulement magn\u00e9tique : 500 \u00e0 1934 kW<\/p>\n<div class=\"host-lopnbnfpjmgpbppclhclehhgafnifija\" style=\"position: relative; z-index: 2147483647;\"><\/div>","protected":false},"featured_media":5215,"comment_status":"closed","ping_status":"closed","template":"","meta":[],"product_brand":[],"product_cat":[82,37],"product_tag":[],"class_list":{"0":"post-4489","1":"product","2":"type-product","3":"status-publish","4":"has-post-thumbnail","6":"product_cat-centrifugal-chiller-heat-pump-unit","7":"product_cat-hvac-products","9":"first","10":"instock","11":"shipping-taxable","12":"product-type-simple"},"_links":{"self":[{"href":"https:\/\/www.moonepc.com\/fr\/wp-json\/wp\/v2\/product\/4489","targetHints":{"allow":["GET"]}}],"collection":[{"href":"https:\/\/www.moonepc.com\/fr\/wp-json\/wp\/v2\/product"}],"about":[{"href":"https:\/\/www.moonepc.com\/fr\/wp-json\/wp\/v2\/types\/product"}],"replies":[{"embeddable":true,"href":"https:\/\/www.moonepc.com\/fr\/wp-json\/wp\/v2\/comments?post=4489"}],"wp:featuredmedia":[{"embeddable":true,"href":"https:\/\/www.moonepc.com\/fr\/wp-json\/wp\/v2\/media\/5215"}],"wp:attachment":[{"href":"https:\/\/www.moonepc.com\/fr\/wp-json\/wp\/v2\/media?parent=4489"}],"wp:term":[{"taxonomy":"product_brand","embeddable":true,"href":"https:\/\/www.moonepc.com\/fr\/wp-json\/wp\/v2\/product_brand?post=4489"},{"taxonomy":"product_cat","embeddable":true,"href":"https:\/\/www.moonepc.com\/fr\/wp-json\/wp\/v2\/product_cat?post=4489"},{"taxonomy":"product_tag","embeddable":true,"href":"https:\/\/www.moonepc.com\/fr\/wp-json\/wp\/v2\/product_tag?post=4489"}],"curies":[{"name":"WP","href":"https:\/\/api.w.org\/{rel}","templated":true}]}}