{"id":4491,"date":"2025-07-29T17:46:35","date_gmt":"2025-07-29T09:46:35","guid":{"rendered":"https:\/\/www.moonepc.com\/?post_type=product&#038;p=4491"},"modified":"2025-09-23T14:08:36","modified_gmt":"2025-09-23T06:08:36","slug":"two-stage-compression-centrifugal-chiller-heat-pump-unit","status":"publish","type":"product","link":"https:\/\/www.moonepc.com\/fr\/two-stage-compression-centrifugal-chiller-heat-pump-unit\/","title":{"rendered":"Unit\u00e9 refroidisseur centrifuge \u00e0 compression \u00e0 deux \u00e9tages (pompe \u00e0 chaleur)"},"content":{"rendered":"<p>&nbsp;<\/p>\n<div class=\"host-lopnbnfpjmgpbppclhclehhgafnifija\" style=\"position: relative; z-index: 2147483647;\"><\/div>","protected":false},"excerpt":{"rendered":"<p>Les produits centrifuges MOON-TECH couvrent d\u00e9sormais une large gamme de s\u00e9ries, y compris des mod\u00e8les \u00e0 un \u00e9tage, \u00e0 deux \u00e9tages, \u00e0 deux \u00e9tages, \u00e0 roulements magn\u00e9tiques et \u00e0 roulements \u00e0 air, r\u00e9pondant aux besoins divers des utilisateurs.<\/p>\n<p>Les unit\u00e9s de refroidisseur \u00e0 eau centrifuge (pompe \u00e0 chaleur) sont largement utilis\u00e9es dans les syst\u00e8mes de r\u00e9cup\u00e9ration de chaleur refroidis \u00e0 l'air, les syst\u00e8mes de pompe \u00e0 chaleur \u00e0 source d'eau \/ sol, les syst\u00e8mes de pompe \u00e0 chaleur \u00e0 source d'eau de mer, les syst\u00e8mes de pompe \u00e0 chaleur \u00e0 source d'eaux us\u00e9es, les syst\u00e8mes de r\u00e9cup\u00e9ration de chaleur r\u00e9siduelle et les syst\u00e8mes de pompe \u00e0 chaleur \u00e0 source d'<\/p>\n<div class=\"host-lopnbnfpjmgpbppclhclehhgafnifija\" style=\"position: relative; z-index: 2147483647;\"><\/div>","protected":false},"featured_media":5216,"comment_status":"closed","ping_status":"closed","template":"","meta":[],"product_brand":[],"product_cat":[82,37],"product_tag":[],"class_list":{"0":"post-4491","1":"product","2":"type-product","3":"status-publish","4":"has-post-thumbnail","6":"product_cat-centrifugal-chiller-heat-pump-unit","7":"product_cat-hvac-products","9":"first","10":"instock","11":"shipping-taxable","12":"product-type-simple"},"_links":{"self":[{"href":"https:\/\/www.moonepc.com\/fr\/wp-json\/wp\/v2\/product\/4491","targetHints":{"allow":["GET"]}}],"collection":[{"href":"https:\/\/www.moonepc.com\/fr\/wp-json\/wp\/v2\/product"}],"about":[{"href":"https:\/\/www.moonepc.com\/fr\/wp-json\/wp\/v2\/types\/product"}],"replies":[{"embeddable":true,"href":"https:\/\/www.moonepc.com\/fr\/wp-json\/wp\/v2\/comments?post=4491"}],"wp:featuredmedia":[{"embeddable":true,"href":"https:\/\/www.moonepc.com\/fr\/wp-json\/wp\/v2\/media\/5216"}],"wp:attachment":[{"href":"https:\/\/www.moonepc.com\/fr\/wp-json\/wp\/v2\/media?parent=4491"}],"wp:term":[{"taxonomy":"product_brand","embeddable":true,"href":"https:\/\/www.moonepc.com\/fr\/wp-json\/wp\/v2\/product_brand?post=4491"},{"taxonomy":"product_cat","embeddable":true,"href":"https:\/\/www.moonepc.com\/fr\/wp-json\/wp\/v2\/product_cat?post=4491"},{"taxonomy":"product_tag","embeddable":true,"href":"https:\/\/www.moonepc.com\/fr\/wp-json\/wp\/v2\/product_tag?post=4491"}],"curies":[{"name":"WP","href":"https:\/\/api.w.org\/{rel}","templated":true}]}}