{"id":4494,"date":"2025-07-29T17:51:22","date_gmt":"2025-07-29T09:51:22","guid":{"rendered":"https:\/\/www.moonepc.com\/?post_type=product&#038;p=4494"},"modified":"2025-09-23T14:13:07","modified_gmt":"2025-09-23T06:13:07","slug":"absorption-type-large-temperature-difference-heat-exchange-equipment","status":"publish","type":"product","link":"https:\/\/www.moonepc.com\/fr\/absorption-type-large-temperature-difference-heat-exchange-equipment\/","title":{"rendered":"Type d'absorption grande diff\u00e9rence de temp\u00e9rature \u00e9quipement d'\u00e9change de chaleur"},"content":{"rendered":"<p>&nbsp;<\/p>\n<div class=\"host-lopnbnfpjmgpbppclhclehhgafnifija\" style=\"position: relative; z-index: 2147483647;\"><\/div>","protected":false},"excerpt":{"rendered":"<p>L'\u00e9quipement d'\u00e9change de chaleur \u00e0 grande diff\u00e9rence de temp\u00e9rature de type absorption utilise le circuit d'eau de chauffage primaire comme source d'\u00e9nergie d'entra\u00eenement. Il r\u00e9duit la temp\u00e9rature de l'eau de retour du circuit primaire \u00e0 moins de 30\u00b0C tout en assurant la qualit\u00e9 de chauffage du circuit secondaire.<br \/>\nCe syst\u00e8me innovant d'\u00e9change de chaleur augmente la capacit\u00e9 de chauffage des centrales thermiques de 30 %, r\u00e9duit la consommation d'\u00e9nergie des syst\u00e8mes de chauffage de cog\u00e9n\u00e9ration de 40 % et am\u00e9liore la capacit\u00e9 de circulation et de transport existante de 80 %.<br \/>\nL'unit\u00e9 d'\u00e9change de chaleur \u00e0 absorption peut \u00eatre personnalis\u00e9e selon les besoins du client, avec une seule unit\u00e9 supportant une surface chauffante de 40 000 \u00e0 300 000 m\u00b2.<\/p>\n<div class=\"host-lopnbnfpjmgpbppclhclehhgafnifija\" style=\"position: relative; z-index: 2147483647;\"><\/div>","protected":false},"featured_media":5222,"comment_status":"closed","ping_status":"closed","template":"","meta":[],"product_brand":[],"product_cat":[36],"product_tag":[],"class_list":{"0":"post-4494","1":"product","2":"type-product","3":"status-publish","4":"has-post-thumbnail","6":"product_cat-absorption-unit","8":"first","9":"instock","10":"shipping-taxable","11":"product-type-simple"},"_links":{"self":[{"href":"https:\/\/www.moonepc.com\/fr\/wp-json\/wp\/v2\/product\/4494","targetHints":{"allow":["GET"]}}],"collection":[{"href":"https:\/\/www.moonepc.com\/fr\/wp-json\/wp\/v2\/product"}],"about":[{"href":"https:\/\/www.moonepc.com\/fr\/wp-json\/wp\/v2\/types\/product"}],"replies":[{"embeddable":true,"href":"https:\/\/www.moonepc.com\/fr\/wp-json\/wp\/v2\/comments?post=4494"}],"wp:featuredmedia":[{"embeddable":true,"href":"https:\/\/www.moonepc.com\/fr\/wp-json\/wp\/v2\/media\/5222"}],"wp:attachment":[{"href":"https:\/\/www.moonepc.com\/fr\/wp-json\/wp\/v2\/media?parent=4494"}],"wp:term":[{"taxonomy":"product_brand","embeddable":true,"href":"https:\/\/www.moonepc.com\/fr\/wp-json\/wp\/v2\/product_brand?post=4494"},{"taxonomy":"product_cat","embeddable":true,"href":"https:\/\/www.moonepc.com\/fr\/wp-json\/wp\/v2\/product_cat?post=4494"},{"taxonomy":"product_tag","embeddable":true,"href":"https:\/\/www.moonepc.com\/fr\/wp-json\/wp\/v2\/product_tag?post=4494"}],"curies":[{"name":"WP","href":"https:\/\/api.w.org\/{rel}","templated":true}]}}