{"id":4497,"date":"2025-07-29T17:56:17","date_gmt":"2025-07-29T09:56:17","guid":{"rendered":"https:\/\/www.moonepc.com\/?post_type=product&#038;p=4497"},"modified":"2025-09-23T14:14:32","modified_gmt":"2025-09-23T06:14:32","slug":"absorption-waste-heat-recovery-unit","status":"publish","type":"product","link":"https:\/\/www.moonepc.com\/fr\/absorption-waste-heat-recovery-unit\/","title":{"rendered":"Unit\u00e9 de r\u00e9cup\u00e9ration de chaleur r\u00e9siduelle par absorption"},"content":{"rendered":"<p>&nbsp;<\/p>\n<div class=\"host-lopnbnfpjmgpbppclhclehhgafnifija\" style=\"position: relative; z-index: 2147483647;\"><\/div>","protected":false},"excerpt":{"rendered":"<p>Le dispositif de r\u00e9cup\u00e9ration de chaleur r\u00e9siduelle utilise une petite quantit\u00e9 de chaleur \u00e0 haute temp\u00e9rature comme \u00e9nergie motrice pour g\u00e9n\u00e9rer une grande quantit\u00e9 de chaleur utile \u00e0 temp\u00e9rature moyenne. La pompe de renforcement de chaleur \u00e9l\u00e8ve les sources de chaleur \u00e0 basse temp\u00e9rature \u00e0 moyenne temp\u00e9rature en utilisant de l'\u00e9nergie \u00e0 haute temp\u00e9rature, am\u00e9liorant consid\u00e9rablement l'efficacit\u00e9 d'utilisation de l'\u00e9nergie thermique. Son coefficient de performance (COP) varie entre 1,5 et 2,5, refl\u00e9tant son efficacit\u00e9 \u00e9nerg\u00e9tique.<\/p>\n<div class=\"host-lopnbnfpjmgpbppclhclehhgafnifija\" style=\"position: relative; z-index: 2147483647;\"><\/div>","protected":false},"featured_media":4499,"comment_status":"closed","ping_status":"closed","template":"","meta":[],"product_brand":[],"product_cat":[36],"product_tag":[],"class_list":{"0":"post-4497","1":"product","2":"type-product","3":"status-publish","4":"has-post-thumbnail","6":"product_cat-absorption-unit","8":"first","9":"instock","10":"shipping-taxable","11":"product-type-simple"},"_links":{"self":[{"href":"https:\/\/www.moonepc.com\/fr\/wp-json\/wp\/v2\/product\/4497","targetHints":{"allow":["GET"]}}],"collection":[{"href":"https:\/\/www.moonepc.com\/fr\/wp-json\/wp\/v2\/product"}],"about":[{"href":"https:\/\/www.moonepc.com\/fr\/wp-json\/wp\/v2\/types\/product"}],"replies":[{"embeddable":true,"href":"https:\/\/www.moonepc.com\/fr\/wp-json\/wp\/v2\/comments?post=4497"}],"wp:featuredmedia":[{"embeddable":true,"href":"https:\/\/www.moonepc.com\/fr\/wp-json\/wp\/v2\/media\/4499"}],"wp:attachment":[{"href":"https:\/\/www.moonepc.com\/fr\/wp-json\/wp\/v2\/media?parent=4497"}],"wp:term":[{"taxonomy":"product_brand","embeddable":true,"href":"https:\/\/www.moonepc.com\/fr\/wp-json\/wp\/v2\/product_brand?post=4497"},{"taxonomy":"product_cat","embeddable":true,"href":"https:\/\/www.moonepc.com\/fr\/wp-json\/wp\/v2\/product_cat?post=4497"},{"taxonomy":"product_tag","embeddable":true,"href":"https:\/\/www.moonepc.com\/fr\/wp-json\/wp\/v2\/product_tag?post=4497"}],"curies":[{"name":"WP","href":"https:\/\/api.w.org\/{rel}","templated":true}]}}