{"id":4500,"date":"2025-07-29T17:59:21","date_gmt":"2025-07-29T09:59:21","guid":{"rendered":"https:\/\/www.moonepc.com\/?post_type=product&#038;p=4500"},"modified":"2025-09-23T14:18:15","modified_gmt":"2025-09-23T06:18:15","slug":"direct-fired-heating-unit","status":"publish","type":"product","link":"https:\/\/www.moonepc.com\/fr\/direct-fired-heating-unit\/","title":{"rendered":"Unit\u00e9 de chauffage direct"},"content":{"rendered":"<p>&nbsp;<\/p>\n<div class=\"host-lopnbnfpjmgpbppclhclehhgafnifija\" style=\"position: relative; z-index: 2147483647;\"><\/div>","protected":false},"excerpt":{"rendered":"<p>Le gaz naturel est directement aliment\u00e9 dans une unit\u00e9 de combustion \u00e0 chauffage direct, r\u00e9duisant la temp\u00e9rature des gaz d'\u00e9chappement \u00e0 moins de 30\u00b0C avant la d\u00e9charge. Ce syst\u00e8me r\u00e9cup\u00e8re efficacement la chaleur de condensation des gaz de fum\u00e9e sans augmenter la consommation d'\u00e9nergie. Il extrait \u00e9galement la chaleur de sources g\u00e9othermiques peu profondes de faible qualit\u00e9 (sol, eaux souterraines et eaux us\u00e9es municipales) pour fournir du chauffage aux utilisateurs. Ce syst\u00e8me permet d\u2019\u00e9conomiser 40 % d\u2019\u00e9nergie et de r\u00e9duire les \u00e9missions de carbone de 40 %. Le condensate peut \u00eatre recycl\u00e9 et r\u00e9utilis\u00e9, \u00e9liminant la fum\u00e9e blanche, ce qui entra\u00eene des avantages environnementaux importants.<\/p>\n<div class=\"host-lopnbnfpjmgpbppclhclehhgafnifija\" style=\"position: relative; z-index: 2147483647;\"><\/div>","protected":false},"featured_media":5223,"comment_status":"closed","ping_status":"closed","template":"","meta":[],"product_brand":[],"product_cat":[91,36],"product_tag":[],"class_list":{"0":"post-4500","1":"product","2":"type-product","3":"status-publish","4":"has-post-thumbnail","6":"product_cat-absorption-heat-pump-equipment","7":"product_cat-absorption-unit","9":"first","10":"instock","11":"shipping-taxable","12":"product-type-simple"},"_links":{"self":[{"href":"https:\/\/www.moonepc.com\/fr\/wp-json\/wp\/v2\/product\/4500","targetHints":{"allow":["GET"]}}],"collection":[{"href":"https:\/\/www.moonepc.com\/fr\/wp-json\/wp\/v2\/product"}],"about":[{"href":"https:\/\/www.moonepc.com\/fr\/wp-json\/wp\/v2\/types\/product"}],"replies":[{"embeddable":true,"href":"https:\/\/www.moonepc.com\/fr\/wp-json\/wp\/v2\/comments?post=4500"}],"wp:featuredmedia":[{"embeddable":true,"href":"https:\/\/www.moonepc.com\/fr\/wp-json\/wp\/v2\/media\/5223"}],"wp:attachment":[{"href":"https:\/\/www.moonepc.com\/fr\/wp-json\/wp\/v2\/media?parent=4500"}],"wp:term":[{"taxonomy":"product_brand","embeddable":true,"href":"https:\/\/www.moonepc.com\/fr\/wp-json\/wp\/v2\/product_brand?post=4500"},{"taxonomy":"product_cat","embeddable":true,"href":"https:\/\/www.moonepc.com\/fr\/wp-json\/wp\/v2\/product_cat?post=4500"},{"taxonomy":"product_tag","embeddable":true,"href":"https:\/\/www.moonepc.com\/fr\/wp-json\/wp\/v2\/product_tag?post=4500"}],"curies":[{"name":"WP","href":"https:\/\/api.w.org\/{rel}","templated":true}]}}