{"id":4504,"date":"2025-07-29T18:06:32","date_gmt":"2025-07-29T10:06:32","guid":{"rendered":"https:\/\/www.moonepc.com\/?post_type=product&#038;p=4504"},"modified":"2025-09-23T14:21:59","modified_gmt":"2025-09-23T06:21:59","slug":"type-ll-absorption-heat-pump-unit","status":"publish","type":"product","link":"https:\/\/www.moonepc.com\/fr\/type-ll-absorption-heat-pump-unit\/","title":{"rendered":"Unit\u00e9 de pompe \u00e0 chaleur \u00e0 absorption de type ll"},"content":{"rendered":"<p>&nbsp;<\/p>\n<div class=\"host-lopnbnfpjmgpbppclhclehhgafnifija\" style=\"position: relative; z-index: 2147483647;\"><\/div>","protected":false},"excerpt":{"rendered":"<p>La pompe \u00e0 chaleur \u00e0 absorption de deuxi\u00e8me type, \u00e9galement connue sous le nom de pompe \u00e0 chaleur \u00e0 hausse de temp\u00e9rature, utilise une grande quantit\u00e9 de source de chaleur \u00e0 temp\u00e9rature moyenne pour g\u00e9n\u00e9rer une petite quantit\u00e9 d'\u00e9nergie thermique utile \u00e0 temp\u00e9rature \u00e9lev\u00e9e. Elle fonctionne en utilisant la chaleur \u00e0 temp\u00e9rature moyenne et basse comme \u00e9nergie motrice, exploitant la diff\u00e9rence de potentiel thermique entre les sources \u00e0 temp\u00e9rature moyenne et basse. La quantit\u00e9 de chaleur de sortie est inf\u00e9rieure \u00e0 celle d'entr\u00e9e mais \u00e0 une temp\u00e9rature plus \u00e9lev\u00e9e que la source \u00e0 temp\u00e9rature moyenne, am\u00e9liorant effectivement une partie de l'\u00e9nergie thermique \u00e0 un niveau de temp\u00e9rature plus \u00e9lev\u00e9, am\u00e9liorant ainsi l'utilit\u00e9 de la source de chaleur. Le coefficient de performance (COP) des pompes \u00e0 chaleur \u00e0 absorption de deuxi\u00e8me type est toujours inf\u00e9rieur \u00e0 1, g\u00e9n\u00e9ralement allant de 0,4 \u00e0 0,5. Il ne n\u00e9cessite pas de sources de chaleur de conduite \u00e0 haute temp\u00e9rature, mais n\u00e9cessite de l'eau de refroidissement \u00e0 temp\u00e9rature relativement basse.<\/p>\n<div class=\"host-lopnbnfpjmgpbppclhclehhgafnifija\" style=\"position: relative; z-index: 2147483647;\"><\/div>","protected":false},"featured_media":5224,"comment_status":"closed","ping_status":"closed","template":"","meta":[],"product_brand":[],"product_cat":[91,36],"product_tag":[],"class_list":{"0":"post-4504","1":"product","2":"type-product","3":"status-publish","4":"has-post-thumbnail","6":"product_cat-absorption-heat-pump-equipment","7":"product_cat-absorption-unit","9":"first","10":"instock","11":"shipping-taxable","12":"product-type-simple"},"_links":{"self":[{"href":"https:\/\/www.moonepc.com\/fr\/wp-json\/wp\/v2\/product\/4504","targetHints":{"allow":["GET"]}}],"collection":[{"href":"https:\/\/www.moonepc.com\/fr\/wp-json\/wp\/v2\/product"}],"about":[{"href":"https:\/\/www.moonepc.com\/fr\/wp-json\/wp\/v2\/types\/product"}],"replies":[{"embeddable":true,"href":"https:\/\/www.moonepc.com\/fr\/wp-json\/wp\/v2\/comments?post=4504"}],"wp:featuredmedia":[{"embeddable":true,"href":"https:\/\/www.moonepc.com\/fr\/wp-json\/wp\/v2\/media\/5224"}],"wp:attachment":[{"href":"https:\/\/www.moonepc.com\/fr\/wp-json\/wp\/v2\/media?parent=4504"}],"wp:term":[{"taxonomy":"product_brand","embeddable":true,"href":"https:\/\/www.moonepc.com\/fr\/wp-json\/wp\/v2\/product_brand?post=4504"},{"taxonomy":"product_cat","embeddable":true,"href":"https:\/\/www.moonepc.com\/fr\/wp-json\/wp\/v2\/product_cat?post=4504"},{"taxonomy":"product_tag","embeddable":true,"href":"https:\/\/www.moonepc.com\/fr\/wp-json\/wp\/v2\/product_tag?post=4504"}],"curies":[{"name":"WP","href":"https:\/\/api.w.org\/{rel}","templated":true}]}}