{"id":4507,"date":"2025-07-29T18:11:31","date_gmt":"2025-07-29T10:11:31","guid":{"rendered":"https:\/\/www.moonepc.com\/?post_type=product&#038;p=4507"},"modified":"2025-09-23T14:23:45","modified_gmt":"2025-09-23T06:23:45","slug":"boil-off-gas-compressor-bog-screw-compressor","status":"publish","type":"product","link":"https:\/\/www.moonepc.com\/fr\/boil-off-gas-compressor-bog-screw-compressor\/","title":{"rendered":"Compresseur \u00e0 gaz \u00e0 \u00e9bullition (compresseur \u00e0 vis BOG)"},"content":{"rendered":"<p>&nbsp;<\/p>\n<p><img fetchpriority=\"high\" decoding=\"async\" class=\"aligncenter size-full wp-image-5616\" src=\"https:\/\/www.moonepc.com\/wp-content\/uploads\/2025\/07\/Boil-Off-Gas-Compressor-BOG-Screw-Compressor_1-1.jpg\" alt=\"Compresseur \u00e0 gaz \u00e0 \u00e9bullition (Compresseur \u00e0 vis BOG) _1\" width=\"1100\" height=\"561\" srcset=\"https:\/\/www.moonepc.com\/wp-content\/uploads\/2025\/07\/Boil-Off-Gas-Compressor-BOG-Screw-Compressor_1-1.jpg 1100w, https:\/\/www.moonepc.com\/wp-content\/uploads\/2025\/07\/Boil-Off-Gas-Compressor-BOG-Screw-Compressor_1-1-300x153.jpg 300w, https:\/\/www.moonepc.com\/wp-content\/uploads\/2025\/07\/Boil-Off-Gas-Compressor-BOG-Screw-Compressor_1-1-1024x522.jpg 1024w, https:\/\/www.moonepc.com\/wp-content\/uploads\/2025\/07\/Boil-Off-Gas-Compressor-BOG-Screw-Compressor_1-1-768x392.jpg 768w, https:\/\/www.moonepc.com\/wp-content\/uploads\/2025\/07\/Boil-Off-Gas-Compressor-BOG-Screw-Compressor_1-1-600x306.jpg 600w\" sizes=\"(max-width: 1100px) 100vw, 1100px\" \/><\/p>\n<p><strong>Conditions applicables de l'unit\u00e9<\/strong><\/p>\n<table style=\"border-collapse: collapse; width: 100%; height: 168px;\">\n<tbody>\n<tr style=\"height: 24px;\">\n<td style=\"width: 50%; height: 24px;\">Projet<\/td>\n<td style=\"width: 50%; height: 24px;\"><\/td>\n<\/tr>\n<tr style=\"height: 24px;\">\n<td style=\"width: 50%; height: 24px;\">Pression d'entr\u00e9e MPa(G)<\/td>\n<td style=\"width: 50%; height: 24px;\">0~0.5<\/td>\n<\/tr>\n<tr style=\"height: 24px;\">\n<td style=\"width: 50%; height: 24px;\">Pression de sortie MPa(G)<\/td>\n<td style=\"width: 50%; height: 24px;\">0.5~4.5<\/td>\n<\/tr>\n<tr style=\"height: 24px;\">\n<td style=\"width: 50%; height: 24px;\">Temp\u00e9rature d'entr\u00e9e \u2103<\/td>\n<td style=\"width: 50%; height: 24px;\">&gt; -50<\/td>\n<\/tr>\n<tr style=\"height: 24px;\">\n<td style=\"width: 50%; height: 24px;\">Temp\u00e9rature de sortie \u2103<\/td>\n<td style=\"width: 50%; height: 24px;\">&lt; 50(1)<\/td>\n<\/tr>\n<tr style=\"height: 24px;\">\n<td style=\"width: 50%; height: 24px;\">Plage de r\u00e9gulation du d\u00e9bit %<\/td>\n<td style=\"width: 50%; height: 24px;\">10~100<\/td>\n<\/tr>\n<tr style=\"height: 24px;\">\n<td style=\"width: 50%; height: 24px;\">Mode de r\u00e9gulation du d\u00e9bit du compresseur<\/td>\n<td style=\"width: 50%; height: 24px;\">Valve coulissante (m\u00b2)<\/td>\n<\/tr>\n<\/tbody>\n<\/table>\n<p>(1) Bas\u00e9 sur la temp\u00e9rature ambiante \u2264 40 \u2103.<br \/>\n(2) d\u00e9bit du compresseur: peut \u00eatre ajust\u00e9 par combinaison de vanne coulissante de conversion de fr\u00e9quence.<\/p>\n<p><img decoding=\"async\" class=\"aligncenter size-full wp-image-5617\" src=\"https:\/\/www.moonepc.com\/wp-content\/uploads\/2025\/07\/Boil-Off-Gas-Compressor-BOG-Screw-Compressor2_2.jpg\" alt=\"Compresseur \u00e0 gaz \u00e0 \u00e9bullition (compresseur \u00e0 vis BOG)2\" width=\"1100\" height=\"669\" srcset=\"https:\/\/www.moonepc.com\/wp-content\/uploads\/2025\/07\/Boil-Off-Gas-Compressor-BOG-Screw-Compressor2_2.jpg 1100w, https:\/\/www.moonepc.com\/wp-content\/uploads\/2025\/07\/Boil-Off-Gas-Compressor-BOG-Screw-Compressor2_2-300x182.jpg 300w, https:\/\/www.moonepc.com\/wp-content\/uploads\/2025\/07\/Boil-Off-Gas-Compressor-BOG-Screw-Compressor2_2-1024x623.jpg 1024w, https:\/\/www.moonepc.com\/wp-content\/uploads\/2025\/07\/Boil-Off-Gas-Compressor-BOG-Screw-Compressor2_2-768x467.jpg 768w, https:\/\/www.moonepc.com\/wp-content\/uploads\/2025\/07\/Boil-Off-Gas-Compressor-BOG-Screw-Compressor2_2-600x365.jpg 600w\" sizes=\"(max-width: 1100px) 100vw, 1100px\" \/><\/p>\n<p>&nbsp;<\/p>\n<p><strong>Compresseur BOG\/pression d'\u00e9chappement 1.0MPa(G)<\/strong><\/p>\n<table>\n<tbody>\n<tr>\n<td colspan=\"2\" width=\"184\">Capacit\u00e9 de traitement quotidienne nominale<\/td>\n<td width=\"184\">10\u00b34Nm\u00b3\/jour<\/td>\n<td width=\"184\">0.5<\/td>\n<td width=\"184\">1<\/td>\n<td width=\"184\">2<\/td>\n<td width=\"184\">5<\/td>\n<td width=\"184\">7<\/td>\n<td width=\"184\">10<\/td>\n<td width=\"184\">15<\/td>\n<\/tr>\n<tr>\n<td rowspan=\"6\" width=\"184\">\u00a0Compresseur<\/td>\n<td width=\"184\">Mod\u00e8le de compresseur<\/td>\n<td width=\"184\"><\/td>\n<td width=\"184\">BF12B<\/td>\n<td width=\"184\">BF12B<\/td>\n<td width=\"184\">BF16BM<\/td>\n<td width=\"184\">BF20BL<\/td>\n<td width=\"184\">BF25BM<\/td>\n<td width=\"184\">BF32BS<\/td>\n<td width=\"184\">BF32BM<\/td>\n<\/tr>\n<tr>\n<td width=\"184\">Pression d'entr\u00e9e du compresseur<\/td>\n<td width=\"184\">MPa(G)<\/td>\n<td style=\"text-align: center;\" colspan=\"7\" width=\"184\">0<\/td>\n<\/tr>\n<tr>\n<td width=\"184\">Temp\u00e9rature d'entr\u00e9e du compresseur<\/td>\n<td width=\"184\">\u2103<\/td>\n<td style=\"text-align: center;\" colspan=\"7\" width=\"184\">&gt;  -50<\/td>\n<\/tr>\n<tr>\n<td width=\"184\">Pression de sortie du compresseur<\/td>\n<td width=\"184\">MPa(G)<\/td>\n<td style=\"text-align: center;\" colspan=\"7\" width=\"184\">0.5 &#8211; 1.0<\/td>\n<\/tr>\n<tr>\n<td width=\"184\">Puissance de transmission de l'arbre<\/td>\n<td width=\"184\">kW<\/td>\n<td width=\"184\">16<\/td>\n<td width=\"184\">30<\/td>\n<td width=\"184\">62<\/td>\n<td width=\"184\">155<\/td>\n<td width=\"184\">230<\/td>\n<td width=\"184\">360<\/td>\n<td width=\"184\">460<\/td>\n<\/tr>\n<tr>\n<td width=\"184\">Vitesse de rotation<\/td>\n<td width=\"184\">rpm<\/td>\n<td width=\"184\">1450<\/td>\n<td style=\"text-align: center;\" colspan=\"6\" width=\"184\">2960<\/td>\n<\/tr>\n<tr>\n<td rowspan=\"5\" width=\"184\">Moteur principal<\/td>\n<td width=\"184\">Alimentation \u00e9lectrique<\/td>\n<td width=\"184\"><\/td>\n<td style=\"text-align: center;\" colspan=\"4\" width=\"184\">380V \/ 3PH \/ 50Hz<\/td>\n<td style=\"text-align: center;\" colspan=\"3\" width=\"184\">10kV \/ 3PH \/ 50Hz<\/td>\n<\/tr>\n<tr>\n<td width=\"184\">Explosion &#8211; qualit\u00e9 de preuve du moteur<\/td>\n<td width=\"184\"><\/td>\n<td width=\"184\"><\/td>\n<td width=\"184\"><\/td>\n<td width=\"184\">EX dIIBT4<\/td>\n<td width=\"184\"><\/td>\n<td width=\"184\"><\/td>\n<td width=\"184\"><\/td>\n<td width=\"184\"><\/td>\n<\/tr>\n<tr>\n<td width=\"184\">Puissance nominale du moteur<\/td>\n<td width=\"184\">kW<\/td>\n<td width=\"184\">22<\/td>\n<td width=\"184\">37<\/td>\n<td width=\"184\">75<\/td>\n<td width=\"184\">185<\/td>\n<td width=\"184\">280<\/td>\n<td width=\"184\">400<\/td>\n<td width=\"184\">500<\/td>\n<\/tr>\n<tr>\n<td width=\"184\">Mode de d\u00e9marrage<\/td>\n<td width=\"184\"><\/td>\n<td style=\"text-align: center;\" colspan=\"3\" width=\"184\">\u00c9toile &#8211; D\u00e9but du delta<\/td>\n<td style=\"text-align: center;\" colspan=\"4\" width=\"184\">D\u00e9marrage direct<\/td>\n<\/tr>\n<tr>\n<td width=\"184\">Vitesse du moteur<\/td>\n<td width=\"184\">r\/min<\/td>\n<td width=\"184\">1450<\/td>\n<td width=\"184\">2960<\/td>\n<td width=\"184\">2960<\/td>\n<td width=\"184\">2960<\/td>\n<td width=\"184\">2960<\/td>\n<td width=\"184\"><\/td>\n<td width=\"184\"><\/td>\n<\/tr>\n<tr>\n<td rowspan=\"4\" width=\"184\">Apr\u00e8s &#8211; refroidisseur<\/td>\n<td width=\"184\">Type<\/td>\n<td width=\"184\"><\/td>\n<td style=\"text-align: center;\" colspan=\"7\" width=\"184\">Air &#8211; refroidi\/eau &#8211; refroidi<\/td>\n<\/tr>\n<tr>\n<td width=\"184\">Temp\u00e9rature de sortie<\/td>\n<td width=\"184\">\u2103<\/td>\n<td style=\"text-align: center;\" colspan=\"7\" width=\"184\">50<\/td>\n<\/tr>\n<tr>\n<td width=\"184\">Temp\u00e9rature de l'air d'entr\u00e9e<\/td>\n<td width=\"184\">\u2103<\/td>\n<td style=\"text-align: center;\" colspan=\"7\" width=\"184\">40<\/td>\n<\/tr>\n<tr>\n<td width=\"184\">Explosion &#8211; qualit\u00e9 de preuve du moteur de ventilateur<\/td>\n<td width=\"184\"><\/td>\n<td style=\"text-align: center;\" colspan=\"7\" width=\"184\">EX dIIBT4<\/td>\n<\/tr>\n<\/tbody>\n<\/table>\n<p>&nbsp;<\/p>\n<div class=\"host-lopnbnfpjmgpbppclhclehhgafnifija\" style=\"position: relative; z-index: 2147483647;\"><\/div>","protected":false},"excerpt":{"rendered":"<p>&nbsp;<\/p>\n<div class=\"host-lopnbnfpjmgpbppclhclehhgafnifija\" style=\"position: relative; z-index: 2147483647;\"><\/div>","protected":false},"featured_media":5229,"comment_status":"closed","ping_status":"closed","template":"","meta":[],"product_brand":[],"product_cat":[39],"product_tag":[],"class_list":{"0":"post-4507","1":"product","2":"type-product","3":"status-publish","4":"has-post-thumbnail","6":"product_cat-energy-gas-compression-equipment","8":"first","9":"instock","10":"shipping-taxable","11":"product-type-simple"},"_links":{"self":[{"href":"https:\/\/www.moonepc.com\/fr\/wp-json\/wp\/v2\/product\/4507","targetHints":{"allow":["GET"]}}],"collection":[{"href":"https:\/\/www.moonepc.com\/fr\/wp-json\/wp\/v2\/product"}],"about":[{"href":"https:\/\/www.moonepc.com\/fr\/wp-json\/wp\/v2\/types\/product"}],"replies":[{"embeddable":true,"href":"https:\/\/www.moonepc.com\/fr\/wp-json\/wp\/v2\/comments?post=4507"}],"wp:featuredmedia":[{"embeddable":true,"href":"https:\/\/www.moonepc.com\/fr\/wp-json\/wp\/v2\/media\/5229"}],"wp:attachment":[{"href":"https:\/\/www.moonepc.com\/fr\/wp-json\/wp\/v2\/media?parent=4507"}],"wp:term":[{"taxonomy":"product_brand","embeddable":true,"href":"https:\/\/www.moonepc.com\/fr\/wp-json\/wp\/v2\/product_brand?post=4507"},{"taxonomy":"product_cat","embeddable":true,"href":"https:\/\/www.moonepc.com\/fr\/wp-json\/wp\/v2\/product_cat?post=4507"},{"taxonomy":"product_tag","embeddable":true,"href":"https:\/\/www.moonepc.com\/fr\/wp-json\/wp\/v2\/product_tag?post=4507"}],"curies":[{"name":"WP","href":"https:\/\/api.w.org\/{rel}","templated":true}]}}