{"id":4511,"date":"2025-07-29T18:35:03","date_gmt":"2025-07-29T10:35:03","guid":{"rendered":"https:\/\/www.moonepc.com\/?post_type=product&#038;p=4511"},"modified":"2025-09-23T14:28:43","modified_gmt":"2025-09-23T06:28:43","slug":"mixed-refrigerant-compressor-mrc","status":"publish","type":"product","link":"https:\/\/www.moonepc.com\/fr\/mixed-refrigerant-compressor-mrc\/","title":{"rendered":"Compresseur r\u00e9frig\u00e9rant mixte (MRC)"},"content":{"rendered":"<p><img fetchpriority=\"high\" decoding=\"async\" class=\"aligncenter wp-image-5231\" src=\"https:\/\/www.moonepc.com\/wp-content\/uploads\/2025\/07\/MR-process-flow-diagram-with-pre-cooling-cycle.jpg\" alt=\"Diagramme de flux de processus MR avec cycle de pr\u00e9refroidissement\" width=\"1100\" height=\"1090\" srcset=\"https:\/\/www.moonepc.com\/wp-content\/uploads\/2025\/07\/MR-process-flow-diagram-with-pre-cooling-cycle.jpg 676w, https:\/\/www.moonepc.com\/wp-content\/uploads\/2025\/07\/MR-process-flow-diagram-with-pre-cooling-cycle-300x297.jpg 300w, https:\/\/www.moonepc.com\/wp-content\/uploads\/2025\/07\/MR-process-flow-diagram-with-pre-cooling-cycle-150x150.jpg 150w, https:\/\/www.moonepc.com\/wp-content\/uploads\/2025\/07\/MR-process-flow-diagram-with-pre-cooling-cycle-600x595.jpg 600w, https:\/\/www.moonepc.com\/wp-content\/uploads\/2025\/07\/MR-process-flow-diagram-with-pre-cooling-cycle-100x100.jpg 100w\" sizes=\"(max-width: 1100px) 100vw, 1100px\" \/><\/p>\n<p class=\"header-vfC6AV auto-hide-last-sibling-br\"><strong>Tableau des param\u00e8tres techniques (Compression \u00e0 deux \u00e9tapes)<\/strong><\/p>\n<table style=\"width: 100%; height: 1911px;\">\n<tbody>\n<tr style=\"height: 52px;\">\n<td style=\"width: 25.2763%; height: 52px;\" colspan=\"2\" width=\"184\">Capacit\u00e9 de liqu\u00e9faction quotidienne nominale<\/td>\n<td style=\"width: 11.9381%; height: 52px;\" width=\"184\">10\u2074 Nm\u00b3\/jour<\/td>\n<td style=\"width: 12.4539%; height: 52px;\" width=\"184\">0.5<\/td>\n<td style=\"width: 11.9381%; height: 52px;\" width=\"184\">1<\/td>\n<td style=\"width: 12.675%; height: 52px;\" width=\"184\">2<\/td>\n<td style=\"width: 11.6433%; height: 52px;\" width=\"184\">5<\/td>\n<td style=\"width: 12.675%; height: 52px;\" width=\"184\">10<\/td>\n<\/tr>\n<tr style=\"height: 52px;\">\n<td style=\"width: 98.5997%; height: 52px;\" colspan=\"8\">\n<p style=\"text-align: center;\">Compresseur d'\u00e9tape l<\/p>\n<\/td>\n<\/tr>\n<tr style=\"height: 52px;\">\n<td style=\"width: 12.7487%; height: 332px;\" rowspan=\"5\">&nbsp;<\/p>\n<p>&nbsp;<\/p>\n<p>Compresseur<\/p>\n<p>&nbsp;<\/p>\n<p>&nbsp;<\/td>\n<td style=\"width: 12.5276%; height: 52px;\" width=\"184\">Mod\u00e8le de compresseur<\/td>\n<td style=\"width: 11.9381%; height: 52px;\" width=\"184\"><\/td>\n<td style=\"width: 12.4539%; height: 52px;\" width=\"184\">BF12B<\/td>\n<td style=\"width: 11.9381%; height: 52px;\" width=\"184\">BF16BM<\/td>\n<td style=\"width: 12.675%; height: 52px;\" width=\"184\">BF20BM<\/td>\n<td style=\"width: 11.6433%; height: 52px;\" width=\"184\">BF25BS<\/td>\n<td style=\"width: 12.675%; height: 52px;\" width=\"184\">BF32BS<\/td>\n<\/tr>\n<tr style=\"height: 76px;\">\n<td style=\"width: 12.5276%; height: 76px;\" width=\"184\">Pression d'entr\u00e9e du compresseur<\/td>\n<td style=\"width: 11.9381%; height: 76px;\" width=\"184\">MPa(G)<\/td>\n<td style=\"width: 61.3853%; height: 76px;\" colspan=\"5\" width=\"184\">\n<p style=\"text-align: center;\">0.3 &#8211; 0.5<\/p>\n<\/td>\n<\/tr>\n<tr style=\"height: 76px;\">\n<td style=\"width: 12.5276%; height: 76px;\" width=\"184\">Pression de sortie du compresseur<\/td>\n<td style=\"width: 11.9381%; height: 76px;\" width=\"184\">MPa(G)<\/td>\n<td style=\"width: 61.3853%; height: 76px;\" colspan=\"5\" width=\"184\">\n<p style=\"text-align: center;\">1.2 &#8211; 1.4<\/p>\n<\/td>\n<\/tr>\n<tr style=\"height: 76px;\">\n<td style=\"width: 12.5276%; height: 76px;\" width=\"184\">Puissance de transmission de l'arbre<\/td>\n<td style=\"width: 11.9381%; height: 76px;\" width=\"184\">kW<\/td>\n<td style=\"width: 12.4539%; height: 76px;\" width=\"184\">61<\/td>\n<td style=\"width: 11.9381%; height: 76px;\" width=\"184\">126<\/td>\n<td style=\"width: 12.675%; height: 76px;\" width=\"184\">244<\/td>\n<td style=\"width: 11.6433%; height: 76px;\" width=\"184\">393<\/td>\n<td style=\"width: 12.675%; height: 76px;\" width=\"184\">758<\/td>\n<\/tr>\n<tr style=\"height: 52px;\">\n<td style=\"width: 12.5276%; height: 52px;\" width=\"184\">Vitesse de rotation<\/td>\n<td style=\"width: 11.9381%; height: 52px;\" width=\"184\">rpm<\/td>\n<td style=\"width: 12.4539%; height: 52px;\" width=\"184\">2960<\/td>\n<td style=\"width: 11.9381%; height: 52px;\" width=\"184\">2960<\/td>\n<td style=\"width: 12.675%; height: 52px;\" width=\"184\">2960<\/td>\n<td style=\"width: 11.6433%; height: 52px;\" width=\"184\">2960<\/td>\n<td style=\"width: 12.675%; height: 52px;\" width=\"184\">2960<\/td>\n<\/tr>\n<tr style=\"height: 52px;\">\n<td style=\"width: 12.7487%; height: 284px;\" rowspan=\"5\" width=\"184\">&nbsp;<\/p>\n<p>&nbsp;<\/p>\n<p>Moteur principal<\/p>\n<p>&nbsp;<\/p>\n<p>&nbsp;<\/p>\n<p>&nbsp;<\/td>\n<td style=\"width: 12.5276%; height: 52px;\" width=\"184\">Alimentation \u00e9lectrique<\/td>\n<td style=\"width: 11.9381%; height: 52px;\" width=\"184\"><\/td>\n<td style=\"width: 37.067%; height: 52px;\" colspan=\"3\" width=\"184\">\n<p style=\"text-align: center;\">380V \/ 3PH \/ 50Hz<\/p>\n<\/td>\n<td style=\"width: 24.3183%; height: 52px;\" colspan=\"2\" width=\"184\">\n<p style=\"text-align: center;\">10kV \/ 3PH \/ 50Hz<\/p>\n<\/td>\n<\/tr>\n<tr style=\"height: 76px;\">\n<td style=\"width: 12.5276%; height: 76px;\" width=\"184\">Explosion &#8211; qualit\u00e9 de preuve du moteur<\/td>\n<td style=\"width: 11.9381%; height: 76px;\" width=\"184\"><\/td>\n<td style=\"width: 61.3853%; height: 76px;\" colspan=\"5\" width=\"184\">\n<p style=\"text-align: center;\">EX dIIBT4<\/p>\n<\/td>\n<\/tr>\n<tr style=\"height: 52px;\">\n<td style=\"width: 12.5276%; height: 52px;\" width=\"184\">Puissance nominale du moteur<\/td>\n<td style=\"width: 11.9381%; height: 52px;\" width=\"184\">kW<\/td>\n<td style=\"width: 12.4539%; height: 52px;\" width=\"184\">75<\/td>\n<td style=\"width: 11.9381%; height: 52px;\" width=\"184\">160<\/td>\n<td style=\"width: 12.675%; height: 52px;\" width=\"184\">280<\/td>\n<td style=\"width: 11.6433%; height: 52px;\" width=\"184\">450<\/td>\n<td style=\"width: 12.675%; height: 52px;\" width=\"184\">900<\/td>\n<\/tr>\n<tr style=\"height: 52px;\">\n<td style=\"width: 12.5276%; height: 52px;\" width=\"184\">Mode de d\u00e9marrage<\/td>\n<td style=\"width: 11.9381%; height: 52px;\" width=\"184\"><\/td>\n<td style=\"width: 37.067%; height: 52px;\" colspan=\"3\" width=\"184\">\n<p style=\"text-align: center;\">\u00c9toile &#8211; D\u00e9but du delta<\/p>\n<\/td>\n<td style=\"width: 24.3183%; height: 52px;\" colspan=\"2\" width=\"184\">\n<p style=\"text-align: center;\">D\u00e9marrage direct<\/p>\n<\/td>\n<\/tr>\n<tr style=\"height: 52px;\">\n<td style=\"width: 12.5276%; height: 52px;\" width=\"184\">Vitesse du moteur)<\/td>\n<td style=\"width: 11.9381%; height: 52px;\" width=\"184\">r\/min<\/td>\n<td style=\"width: 12.4539%; height: 52px;\" width=\"184\">2960<\/td>\n<td style=\"width: 11.9381%; height: 52px;\" width=\"184\">2960<\/td>\n<td style=\"width: 12.675%; height: 52px;\" width=\"184\">2960<\/td>\n<td style=\"width: 11.6433%; height: 52px;\" width=\"184\">2960<\/td>\n<td style=\"width: 12.675%; height: 52px;\" width=\"184\">2960<\/td>\n<\/tr>\n<tr style=\"height: 53px;\">\n<td style=\"width: 12.7487%; height: 159px;\" rowspan=\"3\" width=\"184\">&nbsp;<\/p>\n<p>Apr\u00e8s &#8211; refroidisseur<\/p>\n<p>&nbsp;<\/p>\n<p>&nbsp;<\/td>\n<td style=\"width: 12.5276%; height: 53px;\" width=\"184\">Type<\/td>\n<td style=\"width: 11.9381%; height: 53px;\" width=\"184\"><\/td>\n<td style=\"width: 61.3853%; height: 53px;\" colspan=\"5\" width=\"184\">\n<p style=\"text-align: center;\">Air &#8211; refroidi\/eau &#8211; refroidi<\/p>\n<\/td>\n<\/tr>\n<tr style=\"height: 53px;\">\n<td style=\"width: 12.5276%; height: 53px;\" width=\"184\">Temp\u00e9rature de sortie<\/td>\n<td style=\"width: 11.9381%; height: 53px;\" width=\"184\">\u2103<\/td>\n<td style=\"width: 61.3853%; height: 53px;\" colspan=\"5\" width=\"184\">\n<p style=\"text-align: center;\">50<\/p>\n<\/td>\n<\/tr>\n<tr style=\"height: 53px;\">\n<td style=\"width: 12.5276%; height: 53px;\" width=\"184\">Temp\u00e9rature de l'air d'entr\u00e9e<\/td>\n<td style=\"width: 11.9381%; height: 53px;\" width=\"184\">\u2103<\/td>\n<td style=\"width: 61.3853%; height: 53px;\" colspan=\"5\" width=\"184\">\n<p style=\"text-align: center;\">40<\/p>\n<\/td>\n<\/tr>\n<tr style=\"height: 52px;\">\n<td style=\"width: 98.5997%; height: 52px;\" colspan=\"8\" width=\"184\">\n<p style=\"text-align: center;\">Compresseur de phase II<\/p>\n<\/td>\n<\/tr>\n<tr style=\"height: 52px;\">\n<td style=\"width: 12.7487%; height: 332px;\" rowspan=\"5\" width=\"184\">Compresseur<\/p>\n<p>&nbsp;<\/p>\n<p>&nbsp;<\/p>\n<p>&nbsp;<\/p>\n<p>&nbsp;<\/td>\n<td style=\"width: 12.5276%; height: 52px;\" width=\"184\">Mod\u00e8le de compresseur<\/td>\n<td style=\"width: 11.9381%; height: 52px;\" width=\"184\"><\/td>\n<td style=\"width: 12.4539%; height: 52px;\" width=\"184\">BF12R<\/td>\n<td style=\"width: 11.9381%; height: 52px;\" width=\"184\">BF16R<\/td>\n<td style=\"width: 12.675%; height: 52px;\" width=\"184\">le BF20R<\/td>\n<td style=\"width: 11.6433%; height: 52px;\" width=\"184\">BF25R<\/td>\n<td style=\"width: 12.675%; height: 52px;\" width=\"184\">le BF32R<\/td>\n<\/tr>\n<tr style=\"height: 76px;\">\n<td style=\"width: 12.5276%; height: 76px;\" width=\"184\">Pression d'entr\u00e9e du compresseur<\/td>\n<td style=\"width: 11.9381%; height: 76px;\" width=\"184\">MPa(G)<\/td>\n<td style=\"width: 61.3853%; height: 76px;\" colspan=\"5\" width=\"184\">\n<p style=\"text-align: center;\">1.2 &#8211; 1.4<\/p>\n<\/td>\n<\/tr>\n<tr style=\"height: 76px;\">\n<td style=\"width: 12.5276%; height: 76px;\" width=\"184\">Pression de sortie du compresseur<\/td>\n<td style=\"width: 11.9381%; height: 76px;\" width=\"184\">MPa(G)<\/td>\n<td style=\"width: 61.3853%; height: 76px;\" colspan=\"5\" width=\"184\">\n<p style=\"text-align: center;\">3.5 &#8211; 4.0<\/p>\n<\/td>\n<\/tr>\n<tr style=\"height: 76px;\">\n<td style=\"width: 12.5276%; height: 76px;\" width=\"184\">Puissance de transmission de l'arbre<\/td>\n<td style=\"width: 11.9381%; height: 76px;\" width=\"184\">kW<\/td>\n<td style=\"width: 12.4539%; height: 76px;\" width=\"184\">80<\/td>\n<td style=\"width: 11.9381%; height: 76px;\" width=\"184\">160<\/td>\n<td style=\"width: 12.675%; height: 76px;\" width=\"184\">322<\/td>\n<td style=\"width: 11.6433%; height: 76px;\" width=\"184\">519<\/td>\n<td style=\"width: 12.675%; height: 76px;\" width=\"184\">1002<\/td>\n<\/tr>\n<tr style=\"height: 52px;\">\n<td style=\"width: 12.5276%; height: 52px;\" width=\"184\">Vitesse de rotation<\/td>\n<td style=\"width: 11.9381%; height: 52px;\" width=\"184\">rpm<\/td>\n<td style=\"width: 12.4539%; height: 52px;\" width=\"184\">2960<\/td>\n<td style=\"width: 11.9381%; height: 52px;\" width=\"184\">2960<\/td>\n<td style=\"width: 12.675%; height: 52px;\" width=\"184\">2960<\/td>\n<td style=\"width: 11.6433%; height: 52px;\" width=\"184\">2960<\/td>\n<td style=\"width: 12.675%; height: 52px;\" width=\"184\">2960<\/td>\n<\/tr>\n<tr style=\"height: 132px;\">\n<td style=\"width: 12.7487%; height: 420px;\" rowspan=\"5\" width=\"184\">&nbsp;<\/p>\n<p>&nbsp;<\/p>\n<p>&nbsp;<\/p>\n<p>Moteur principal<\/p>\n<p>&nbsp;<\/p>\n<p>&nbsp;<\/p>\n<p>&nbsp;<\/td>\n<td style=\"width: 12.5276%; height: 132px;\" width=\"184\">Alimentation \u00e9lectrique<\/td>\n<td style=\"width: 11.9381%; height: 132px;\" width=\"184\"><\/td>\n<td style=\"width: 37.067%; height: 132px;\" colspan=\"3\" width=\"184\">\n<p style=\"text-align: center;\">380V \/ 3PH \/ 50Hz<\/p>\n<\/td>\n<td style=\"width: 24.3183%; height: 132px;\" colspan=\"2\" width=\"184\">10kV \/ 3PH \/ 50Hz<\/td>\n<\/tr>\n<tr style=\"height: 132px;\">\n<td style=\"width: 12.5276%; height: 132px;\" width=\"184\">Explosion &#8211; qualit\u00e9 de preuve du moteur<\/td>\n<td style=\"width: 11.9381%; height: 132px;\" width=\"184\"><\/td>\n<td style=\"width: 61.3853%; height: 132px;\" colspan=\"5\" width=\"184\">\n<p style=\"text-align: center;\">EX dIIBT4<\/p>\n<\/td>\n<\/tr>\n<tr style=\"height: 52px;\">\n<td style=\"width: 12.5276%; height: 52px;\" width=\"184\">Puissance nominale du moteur<\/td>\n<td style=\"width: 11.9381%; height: 52px;\" width=\"184\">kW<\/td>\n<td style=\"width: 12.4539%; height: 52px;\" width=\"184\">90<\/td>\n<td style=\"width: 11.9381%; height: 52px;\" width=\"184\">180<\/td>\n<td style=\"width: 12.675%; height: 52px;\" width=\"184\">355<\/td>\n<td style=\"width: 11.6433%; height: 52px;\" width=\"184\">560<\/td>\n<td style=\"width: 12.675%; height: 52px;\" width=\"184\">1120<\/td>\n<\/tr>\n<tr style=\"height: 52px;\">\n<td style=\"width: 12.5276%; height: 52px;\" width=\"184\">Mode de d\u00e9marrage<\/td>\n<td style=\"width: 11.9381%; height: 52px;\" width=\"184\"><\/td>\n<td style=\"width: 37.067%; height: 52px;\" colspan=\"3\" width=\"184\">\n<p style=\"text-align: center;\">\u00c9toile &#8211; D\u00e9but du delta<\/p>\n<\/td>\n<td style=\"width: 24.3183%; height: 52px;\" colspan=\"2\" width=\"184\">\n<p style=\"text-align: center;\">D\u00e9marrage direct<\/p>\n<\/td>\n<\/tr>\n<tr style=\"height: 52px;\">\n<td style=\"width: 12.5276%; height: 52px;\" width=\"184\">Vitesse du moteur<\/td>\n<td style=\"width: 11.9381%; height: 52px;\" width=\"184\">r\/min<\/td>\n<td style=\"width: 12.4539%; height: 52px;\" width=\"184\">1460<\/td>\n<td style=\"width: 48.9314%; height: 52px;\" colspan=\"4\" width=\"184\">\n<p style=\"text-align: center;\">2960<\/p>\n<\/td>\n<\/tr>\n<tr style=\"height: 76px;\">\n<td style=\"width: 12.7487%; height: 76px;\" rowspan=\"3\" width=\"184\">Apr\u00e8s &#8211; refroidisseur<\/p>\n<p>&nbsp;<\/p>\n<p>&nbsp;<\/td>\n<td style=\"width: 12.5276%; height: 76px;\" width=\"184\">Type<\/td>\n<td style=\"width: 11.9381%; height: 76px;\" width=\"184\"><\/td>\n<td style=\"width: 12.4539%; height: 76px;\" colspan=\"5\" width=\"184\">\n<p style=\"text-align: center;\">Air &#8211; refroidi\/eau &#8211; refroidi<\/p>\n<\/td>\n<\/tr>\n<tr style=\"height: 76px;\">\n<td style=\"width: 12.5276%; height: 76px;\" width=\"184\">Temp\u00e9rature de sortie<\/td>\n<td style=\"width: 11.9381%; height: 76px;\" width=\"184\">\u2103<\/td>\n<td style=\"width: 12.4539%; height: 76px;\" colspan=\"5\" width=\"184\">\n<p style=\"text-align: center;\">50<\/p>\n<\/td>\n<\/tr>\n<tr style=\"height: 76px;\">\n<td style=\"width: 12.5276%; height: 76px;\" width=\"184\">Temp\u00e9rature de l'air d'entr\u00e9e<\/td>\n<td style=\"width: 11.9381%; height: 76px;\" width=\"184\">\u2103<\/td>\n<td style=\"width: 12.4539%; height: 76px;\" colspan=\"5\" width=\"184\">\n<p style=\"text-align: center;\">40<\/p>\n<\/td>\n<\/tr>\n<\/tbody>\n<\/table>\n<div class=\"host-lopnbnfpjmgpbppclhclehhgafnifija\" style=\"position: relative; z-index: 2147483647;\"><\/div>","protected":false},"excerpt":{"rendered":"<p>Cycle de refroidissement principal: Le r\u00e9frig\u00e9rant m\u00e9lang\u00e9 \u00e0 basse pression sort de l'utilisateur &#8217; s bo\u00eete froide et est tir\u00e9 dans le compresseur de refroidissement principal. Apr\u00e8s compression, il devient un gaz \u00e0 haute temp\u00e9rature et haute pression. Il entre ensuite dans un s\u00e9parateur d'huile pour enlever la plupart de l'huile lubrifiante, puis dans un degrassage \u00e0 haut rendement pour enlever toute huile lubrifiante restante. Il entre ensuite dans le syst\u00e8me de refroidissement principal&#8217; s apr\u00e8s-refroidisseur pour l'\u00e9change de chaleur avec l'air \/ l'eau. La chaleur lib\u00e9r\u00e9e est emport\u00e9e par l'air\/eau, et le r\u00e9frig\u00e9rant m\u00e9lang\u00e9 p\u00e9n\u00e8tre finalement dans la bo\u00eete froide.<\/p>\n<p>Cycle de pr\u00e9refroidissement: En utilisant le propane (R290) comme r\u00e9frig\u00e9rant, le r\u00e9frig\u00e9rant \u00e0 basse temp\u00e9rature et \u00e0 basse pression sort de l'utilisateur; s bo\u00eete froide et est tir\u00e9 dans le compresseur de pr\u00e9refroidissement. Apr\u00e8s compression, il devient un gaz \u00e0 haute temp\u00e9rature et haute pression. Il entre ensuite dans un s\u00e9parateur d'huile pour enlever la plupart de l'huile lubrifiante, puis dans un degrassage \u00e0 haut rendement pour enlever toute huile lubrifiante restante. Il p\u00e9n\u00e8tre ensuite dans un condensateur d'\u00e9change thermique air\/eau, o\u00f9 la chaleur lib\u00e9r\u00e9e est emport\u00e9e par l'air\/eau. Apr\u00e8s condensation en liquide, le r\u00e9frig\u00e9rant entre dans la bo\u00eete froide.<\/p>\n<div class=\"host-lopnbnfpjmgpbppclhclehhgafnifija\" style=\"position: relative; z-index: 2147483647;\"><\/div>","protected":false},"featured_media":5230,"comment_status":"closed","ping_status":"closed","template":"","meta":[],"product_brand":[],"product_cat":[39],"product_tag":[],"class_list":{"0":"post-4511","1":"product","2":"type-product","3":"status-publish","4":"has-post-thumbnail","6":"product_cat-energy-gas-compression-equipment","8":"first","9":"instock","10":"shipping-taxable","11":"product-type-simple"},"_links":{"self":[{"href":"https:\/\/www.moonepc.com\/fr\/wp-json\/wp\/v2\/product\/4511","targetHints":{"allow":["GET"]}}],"collection":[{"href":"https:\/\/www.moonepc.com\/fr\/wp-json\/wp\/v2\/product"}],"about":[{"href":"https:\/\/www.moonepc.com\/fr\/wp-json\/wp\/v2\/types\/product"}],"replies":[{"embeddable":true,"href":"https:\/\/www.moonepc.com\/fr\/wp-json\/wp\/v2\/comments?post=4511"}],"wp:featuredmedia":[{"embeddable":true,"href":"https:\/\/www.moonepc.com\/fr\/wp-json\/wp\/v2\/media\/5230"}],"wp:attachment":[{"href":"https:\/\/www.moonepc.com\/fr\/wp-json\/wp\/v2\/media?parent=4511"}],"wp:term":[{"taxonomy":"product_brand","embeddable":true,"href":"https:\/\/www.moonepc.com\/fr\/wp-json\/wp\/v2\/product_brand?post=4511"},{"taxonomy":"product_cat","embeddable":true,"href":"https:\/\/www.moonepc.com\/fr\/wp-json\/wp\/v2\/product_cat?post=4511"},{"taxonomy":"product_tag","embeddable":true,"href":"https:\/\/www.moonepc.com\/fr\/wp-json\/wp\/v2\/product_tag?post=4511"}],"curies":[{"name":"WP","href":"https:\/\/api.w.org\/{rel}","templated":true}]}}