{"id":4534,"date":"2025-07-30T10:14:39","date_gmt":"2025-07-30T02:14:39","guid":{"rendered":"https:\/\/www.moonepc.com\/?post_type=product&#038;p=4534"},"modified":"2025-09-23T14:32:31","modified_gmt":"2025-09-23T06:32:31","slug":"propane-pre-cooling-compressor","status":"publish","type":"product","link":"https:\/\/www.moonepc.com\/fr\/propane-pre-cooling-compressor\/","title":{"rendered":"Compresseur de pr\u00e9refroidissement de propane"},"content":{"rendered":"<p>Processus de base :<br \/>\nCe cycle de r\u00e9frig\u00e9ration utilise le propane (R290) comme fluide de travail. Gaz r\u00e9frig\u00e9rant \u00e0 basse temp\u00e9rature et basse pression de l'utilisateur&#8217; La bo\u00eete froide est tir\u00e9e dans le compresseur, comprim\u00e9e et convertie en gaz \u00e0 haute temp\u00e9rature et haute pression. Il entre ensuite dans le s\u00e9parateur d'huile, o\u00f9 la plupart de l'huile lubrifiante est s\u00e9par\u00e9e. Le gaz s'\u00e9coule ensuite dans le condensateur, o\u00f9 il \u00e9change de la chaleur avec l'air \/ l'eau. La chaleur lib\u00e9r\u00e9e est ensuite emport\u00e9e par l'air\/eau. Le propane est condens\u00e9 en liquide puis envoy\u00e9 \u00e0 la bo\u00eete froide pour assurer le pr\u00e9refroidissement du gaz naturel et du r\u00e9frig\u00e9rant mixte.<br \/>\nDans le circuit d'huile du compresseur, l'huile de l'unit\u00e9 de compresseur&#8217; s s\u00e9parateur d'huile p\u00e9n\u00e8tre dans le refroidisseur d'huile, o\u00f9 il \u00e9change de la chaleur avec l'air \/ l'eau. La chaleur est ensuite emport\u00e9e par l'air\/l'eau. L'huile refroidie traverse le filtre \u00e0 huile et p\u00e9n\u00e8tre dans la pompe \u00e0 huile, o\u00f9 elle est pressuris\u00e9e et retourn\u00e9e au compresseur, assurant la lubrification et le refroidissement. La temp\u00e9rature d'alimentation en huile est contr\u00f4l\u00e9e par une vanne de r\u00e9gulation de la temp\u00e9rature de l'huile.<br \/>\n<img fetchpriority=\"high\" decoding=\"async\" src=\"https:\/\/www.moonepc.com\/wp-content\/uploads\/2025\/07\/Propane-Pre-Cooling-Compressor-1.jpg\" alt=\"Compresseur de pr\u00e9refroidissement de propane\" width=\"1027\" height=\"602\" \/><\/p>\n<p>Conditions applicables de l'unit\u00e9<\/p>\n<table>\n<tbody>\n<tr>\n<td width=\"509\">Projet<\/td>\n<td width=\"505\"><\/td>\n<\/tr>\n<tr>\n<td width=\"509\">Pression d'entr\u00e9e MPa(G)<\/td>\n<td width=\"505\">0~0.5<\/td>\n<\/tr>\n<tr>\n<td width=\"509\">Pression de sortie MPa(G)<\/td>\n<td width=\"505\">0.5~2.0<\/td>\n<\/tr>\n<tr>\n<td width=\"509\">Temp\u00e9rature d'entr\u00e9e \u2103<\/td>\n<td width=\"505\">&gt; -50<\/td>\n<\/tr>\n<tr>\n<td width=\"509\">Temp\u00e9rature de sortie \u2103<\/td>\n<td width=\"505\">&lt; 90<\/td>\n<\/tr>\n<tr>\n<td width=\"509\">Plage de r\u00e9gulation du d\u00e9bit %<\/td>\n<td width=\"505\">10~100<\/td>\n<\/tr>\n<tr>\n<td width=\"509\">Mode de r\u00e9gulation du d\u00e9bit du compresseur<\/td>\n<td width=\"505\">Valve coulissante*<\/td>\n<\/tr>\n<\/tbody>\n<\/table>\n<p>*: d\u00e9bit du compresseur: vanne coulissante \u00e0 fr\u00e9quence variable combin\u00e9e pour la r\u00e9gulation<\/p>\n<p>Tableau des param\u00e8tres techniques<\/p>\n<p>Compresseur BOG\/pression d'\u00e9chappement 1.6MPa(G)<\/p>\n<table>\n<tbody>\n<tr>\n<td colspan=\"2\" width=\"180\">Article<\/td>\n<td width=\"41\">Unit\u00e9<\/td>\n<td width=\"54\">NJLG450<\/td>\n<td width=\"54\">NUJLG550<\/td>\n<td width=\"54\">du NJLG650<\/td>\n<td width=\"54\">du NJLG850<\/td>\n<td width=\"64\">NJLG1050<\/td>\n<td colspan=\"2\" width=\"61\">NJLG1250<\/td>\n<td colspan=\"2\" width=\"60\">NUJLG1450<\/td>\n<td width=\"61\">NJLG1650<\/td>\n<\/tr>\n<tr>\n<td rowspan=\"6\" width=\"36\">COMPRESSION<\/p>\n<p>&nbsp;<\/td>\n<td width=\"144\">Mod\u00e8le de compresseur<\/td>\n<td width=\"41\"><\/td>\n<td width=\"54\">LG25(V) BS<\/td>\n<td width=\"54\">LG25(V) BM<\/td>\n<td width=\"54\">LG25(V) BL<\/td>\n<td width=\"54\">LG32(V) BS<\/td>\n<td width=\"64\">LG32(V) BM<\/td>\n<td colspan=\"2\" width=\"61\">LG32(V)BL<\/td>\n<td colspan=\"2\" width=\"60\">LG40(V)<\/td>\n<td width=\"61\">LG40(V) BM<\/td>\n<\/tr>\n<tr>\n<td width=\"144\">Capacit\u00e9 de refroidissement<\/td>\n<td width=\"41\">kW<\/td>\n<td width=\"54\">439.2<\/td>\n<td width=\"54\">550.7<\/td>\n<td width=\"54\">681.8<\/td>\n<td width=\"54\">855.9<\/td>\n<td width=\"64\">1048.4<\/td>\n<td colspan=\"2\" width=\"61\">1220.5<\/td>\n<td colspan=\"2\" width=\"60\">1492.2<\/td>\n<td width=\"61\">1694<\/td>\n<\/tr>\n<tr>\n<td width=\"144\">Pression d'entr\u00e9e du compresseur<\/td>\n<td width=\"41\">MPa(G)<\/td>\n<td colspan=\"10\" width=\"465\">&nbsp;<\/p>\n<p>0.02~0.04<\/td>\n<\/tr>\n<tr>\n<td width=\"144\">Pression de sortie du compresseur<\/td>\n<td width=\"41\">MPa(G)<\/td>\n<td colspan=\"10\" width=\"465\">1.4~1.6<\/td>\n<\/tr>\n<tr>\n<td width=\"144\">Puissance de transmission de l'arbre<\/td>\n<td width=\"41\">kW<\/td>\n<td width=\"54\">298<\/td>\n<td width=\"54\">366.4<\/td>\n<td width=\"54\">453.3<\/td>\n<td width=\"54\">574.3<\/td>\n<td width=\"64\">701.9<\/td>\n<td colspan=\"2\" width=\"61\">819.5<\/td>\n<td colspan=\"2\" width=\"60\">1072<\/td>\n<td width=\"61\">1242.7<\/td>\n<\/tr>\n<tr>\n<td width=\"144\">Vitesse de rotation<\/td>\n<td width=\"41\">rpm<\/td>\n<td width=\"54\">2960<\/td>\n<td width=\"54\">2960<\/td>\n<td width=\"54\">2960<\/td>\n<td width=\"54\">2960<\/td>\n<td width=\"64\">2960<\/td>\n<td colspan=\"2\" width=\"61\">2960<\/td>\n<td colspan=\"2\" width=\"60\">2960<\/td>\n<td width=\"61\">2960<\/td>\n<\/tr>\n<tr>\n<td rowspan=\"5\" width=\"36\">&nbsp;<\/p>\n<p>Moteur principal<\/td>\n<td width=\"144\">Alimentation \u00e9lectrique<\/td>\n<td width=\"41\"><\/td>\n<td colspan=\"10\" width=\"465\">10KV \/ 3PH \/ 50Hz<\/td>\n<\/tr>\n<tr>\n<td width=\"144\">qualit\u00e9 \u00e0 l'explosion de<\/p>\n<p>moteur<\/td>\n<td width=\"41\"><\/td>\n<td colspan=\"10\" width=\"465\">EX dIIBT4<\/td>\n<\/tr>\n<tr>\n<td width=\"144\">Puissance nominale du moteur<\/td>\n<td width=\"41\">kW<\/td>\n<td width=\"54\">355<\/td>\n<td width=\"54\">400<\/td>\n<td width=\"54\">500<\/td>\n<td width=\"54\">630<\/td>\n<td width=\"64\">800<\/td>\n<td colspan=\"2\" width=\"61\">900<\/td>\n<td colspan=\"2\" width=\"60\">1250<\/td>\n<td width=\"61\">1400<\/td>\n<\/tr>\n<tr>\n<td width=\"144\">Mode de d\u00e9marrage<\/td>\n<td width=\"41\"><\/td>\n<td colspan=\"10\" width=\"465\">D\u00e9marrage direct<\/td>\n<\/tr>\n<tr>\n<td width=\"144\">Vitesse du moteur<\/td>\n<td width=\"41\">r\/min<\/td>\n<td colspan=\"10\" width=\"465\">2960<\/td>\n<\/tr>\n<tr>\n<td rowspan=\"6\" width=\"36\">&nbsp;<\/p>\n<p>&nbsp;<\/p>\n<p>condensateur<\/td>\n<td width=\"144\">Type<\/td>\n<td width=\"41\"><\/td>\n<td colspan=\"10\" width=\"465\">Refroidi \u00e0 l'air\/refroidi \u00e0 l'eau<\/td>\n<\/tr>\n<tr>\n<td width=\"144\">Temp\u00e9rature d'entr\u00e9e de gaz<\/td>\n<td width=\"41\">\u2103<\/td>\n<td colspan=\"10\" width=\"465\">80<\/td>\n<\/tr>\n<tr>\n<td width=\"144\">Condensation de gaz<\/p>\n<p>temp\u00e9rature<\/td>\n<td width=\"41\">&nbsp;<\/p>\n<p>\u2103<\/td>\n<td colspan=\"10\" width=\"465\">&nbsp;<\/p>\n<p>50\/40<\/td>\n<\/tr>\n<tr>\n<td width=\"144\">Air\/eau d'entr\u00e9e<\/p>\n<p>temp\u00e9rature<\/td>\n<td width=\"41\">&nbsp;<\/p>\n<p>\u2103<\/td>\n<td colspan=\"10\" width=\"465\">&nbsp;<\/p>\n<p>40\/32<\/td>\n<\/tr>\n<tr>\n<td width=\"144\">Classe anti-explosion du moteur de ventilateur<\/td>\n<td width=\"41\"><\/td>\n<td colspan=\"10\" width=\"465\">&nbsp;<\/p>\n<p>EX dIIBT4<\/td>\n<\/tr>\n<tr>\n<td width=\"144\">Charge de condensation<\/td>\n<td width=\"41\">kW<\/td>\n<td width=\"54\">737<\/td>\n<td width=\"54\">917<\/td>\n<td width=\"54\">1135<\/td>\n<td width=\"54\">1430<\/td>\n<td width=\"64\">1750<\/td>\n<td width=\"58\">2040<\/td>\n<td colspan=\"2\" width=\"61\">2564<\/td>\n<td colspan=\"2\" width=\"62\">2937<\/td>\n<\/tr>\n<\/tbody>\n<\/table>\n<table>\n<tbody>\n<tr>\n<td colspan=\"3\" width=\"262\">Article<\/td>\n<td width=\"61\">Unit\u00e9<\/td>\n<td width=\"82\">NULG450<\/td>\n<td width=\"81\">du NJLG550<\/td>\n<td width=\"78\">du NJLG650<\/td>\n<td width=\"81\">du NJLG850<\/td>\n<td width=\"94\">NJLG1050<\/td>\n<td width=\"89\">NUJLG1250<\/td>\n<td width=\"89\">NJLG1450<\/td>\n<td width=\"90\">NJLG1650<\/td>\n<\/tr>\n<tr>\n<td rowspan=\"7\" width=\"50\">Syst\u00e8me d'huile lubrifiante<\/td>\n<td colspan=\"2\" width=\"212\">D\u00e9bit de pompe \u00e0 huile<\/td>\n<td width=\"61\">L\/min<\/td>\n<td width=\"82\">220<\/td>\n<td width=\"81\">220<\/td>\n<td width=\"78\">220<\/td>\n<td width=\"81\">400<\/td>\n<td width=\"94\">400<\/td>\n<td width=\"89\">400<\/td>\n<td width=\"89\">800<\/td>\n<td width=\"90\">800<\/td>\n<\/tr>\n<tr>\n<td colspan=\"2\" width=\"212\">Nombre de pompe(s) \u00e0 huile<\/td>\n<td width=\"61\">pi\u00e8ce<\/td>\n<td colspan=\"8\" width=\"688\">2 (l'un en utilisation et l'autre pour l'utilisation en attente)<\/td>\n<\/tr>\n<tr>\n<td rowspan=\"5\" width=\"64\">&nbsp;<\/p>\n<p>Pompe \u00e0 huile\/moteur<\/td>\n<td width=\"148\">Puissance<\/td>\n<td width=\"61\">kW\/pi\u00e8ce<\/td>\n<td width=\"82\">4<\/td>\n<td width=\"81\">4<\/td>\n<td width=\"78\">4<\/td>\n<td width=\"81\">7.5<\/td>\n<td width=\"94\">7.5<\/td>\n<td width=\"89\">7.5<\/td>\n<td width=\"89\">11<\/td>\n<td width=\"90\">11<\/td>\n<\/tr>\n<tr>\n<td width=\"148\">Syst\u00e8me \u00e9lectrique<\/td>\n<td width=\"61\"><\/td>\n<td colspan=\"8\" width=\"688\">380KV \/ 3PH \/ 50Hz<\/td>\n<\/tr>\n<tr>\n<td width=\"148\">Prot\u00e9g\u00e9 aux explosions<\/p>\n<p>qualit\u00e9<\/td>\n<td width=\"61\"><\/td>\n<td colspan=\"8\" width=\"688\">&nbsp;<\/p>\n<p>EX dIIBT4<\/td>\n<\/tr>\n<tr>\n<td width=\"148\">Mode de d\u00e9marrage<\/td>\n<td width=\"61\"><\/td>\n<td colspan=\"8\" width=\"688\">D\u00e9marrage direct<\/td>\n<\/tr>\n<tr>\n<td width=\"148\">Vitesse de rotation<\/td>\n<td width=\"61\">r\/min<\/td>\n<td colspan=\"8\" width=\"688\">1450<\/td>\n<\/tr>\n<\/tbody>\n<\/table>\n<p>* La temp\u00e9rature d'\u00e9vaporation est -35&#8217; C et la temp\u00e9rature de condensation 40&#8217; C \u00e0 la capacit\u00e9 de refroidissement (la temp\u00e9rature d'\u00e9vaporation peut \u00eatre ajust\u00e9e en fonction du processus de l'utilisateur).<\/p>\n<div class=\"host-lopnbnfpjmgpbppclhclehhgafnifija\" style=\"position: relative; z-index: 2147483647;\"><\/div>","protected":false},"excerpt":{"rendered":"<p>Ce cycle de r\u00e9frig\u00e9ration utilise le propane (R290) comme fluide de travail. Gaz r\u00e9frig\u00e9rant \u00e0 basse temp\u00e9rature et basse pression de l'utilisateur&#8217; La bo\u00eete froide est tir\u00e9e dans le compresseur, comprim\u00e9e et convertie en gaz \u00e0 haute temp\u00e9rature et haute pression. Il entre ensuite dans le s\u00e9parateur d'huile, o\u00f9 la plupart de l'huile lubrifiante est s\u00e9par\u00e9e. Le gaz s'\u00e9coule ensuite dans le condensateur, o\u00f9 il \u00e9change de la chaleur avec l'air \/ l'eau. La chaleur lib\u00e9r\u00e9e est ensuite emport\u00e9e par l'air\/eau, condensant le propane en liquide. Ce liquide est ensuite envoy\u00e9 dans la bo\u00eete froide pour assurer le pr\u00e9refroidissement du gaz naturel et du r\u00e9frig\u00e9rant mixte.<\/p>\n<p>Dans le circuit d'huile du compresseur, l'huile de l'unit\u00e9 de compresseur&#8217; s s\u00e9parateur d'huile p\u00e9n\u00e8tre dans le refroidisseur d'huile, o\u00f9 il \u00e9change de la chaleur avec l'air\/eau, o\u00f9 la chaleur est emport\u00e9e. L'huile refroidie traverse le filtre \u00e0 huile puis p\u00e9n\u00e8tre dans la pompe \u00e0 huile, o\u00f9 elle est pressuris\u00e9e et retourn\u00e9e au compresseur, assurant la lubrification et le refroidissement. La temp\u00e9rature d'alimentation en huile est contr\u00f4l\u00e9e par une vanne de r\u00e9gulation de la temp\u00e9rature de l'huile.<\/p>\n<div class=\"host-lopnbnfpjmgpbppclhclehhgafnifija\" style=\"position: relative; z-index: 2147483647;\"><\/div>","protected":false},"featured_media":5239,"comment_status":"closed","ping_status":"closed","template":"","meta":[],"product_brand":[],"product_cat":[39],"product_tag":[],"class_list":{"0":"post-4534","1":"product","2":"type-product","3":"status-publish","4":"has-post-thumbnail","6":"product_cat-energy-gas-compression-equipment","8":"first","9":"instock","10":"shipping-taxable","11":"product-type-simple"},"_links":{"self":[{"href":"https:\/\/www.moonepc.com\/fr\/wp-json\/wp\/v2\/product\/4534","targetHints":{"allow":["GET"]}}],"collection":[{"href":"https:\/\/www.moonepc.com\/fr\/wp-json\/wp\/v2\/product"}],"about":[{"href":"https:\/\/www.moonepc.com\/fr\/wp-json\/wp\/v2\/types\/product"}],"replies":[{"embeddable":true,"href":"https:\/\/www.moonepc.com\/fr\/wp-json\/wp\/v2\/comments?post=4534"}],"wp:featuredmedia":[{"embeddable":true,"href":"https:\/\/www.moonepc.com\/fr\/wp-json\/wp\/v2\/media\/5239"}],"wp:attachment":[{"href":"https:\/\/www.moonepc.com\/fr\/wp-json\/wp\/v2\/media?parent=4534"}],"wp:term":[{"taxonomy":"product_brand","embeddable":true,"href":"https:\/\/www.moonepc.com\/fr\/wp-json\/wp\/v2\/product_brand?post=4534"},{"taxonomy":"product_cat","embeddable":true,"href":"https:\/\/www.moonepc.com\/fr\/wp-json\/wp\/v2\/product_cat?post=4534"},{"taxonomy":"product_tag","embeddable":true,"href":"https:\/\/www.moonepc.com\/fr\/wp-json\/wp\/v2\/product_tag?post=4534"}],"curies":[{"name":"WP","href":"https:\/\/api.w.org\/{rel}","templated":true}]}}