{"id":4535,"date":"2025-07-30T10:17:23","date_gmt":"2025-07-30T02:17:23","guid":{"rendered":"https:\/\/www.moonepc.com\/?post_type=product&#038;p=4535"},"modified":"2025-09-23T14:34:24","modified_gmt":"2025-09-23T06:34:24","slug":"coz-compressor","status":"publish","type":"product","link":"https:\/\/www.moonepc.com\/fr\/coz-compressor\/","title":{"rendered":"CO\u2082  Compresseur"},"content":{"rendered":"<p style=\"text-align: center;\">Conditions applicables au produit<\/p>\n<table style=\"border-collapse: collapse; width: 100%;\">\n<tbody>\n<tr>\n<td style=\"width: 50%;\">Pression d'aspiration<\/td>\n<td style=\"width: 50%;\">0,04-2,0 MPa(a)<\/td>\n<\/tr>\n<tr>\n<td style=\"width: 50%;\">Pression de d\u00e9charge<\/td>\n<td style=\"width: 50%;\">Max. 5,2 MPa(a)<\/td>\n<\/tr>\n<tr>\n<td style=\"width: 50%;\">Etape de compression<\/td>\n<td style=\"width: 50%;\">\u00c9tape unique, double \u00e9tage<\/td>\n<\/tr>\n<tr>\n<td style=\"width: 50%;\">D\u00e9bit de volume<\/td>\n<td style=\"width: 50%;\">150 \u00e0 10000m\u00b3\/h<\/td>\n<\/tr>\n<tr>\n<td style=\"width: 50%;\">Temp\u00e9rature d'aspiration<\/td>\n<td style=\"width: 50%;\">-50~50\u2103<\/td>\n<\/tr>\n<tr>\n<td style=\"width: 50%;\" rowspan=\"2\">Temp\u00e9rature de d\u00e9charge<\/td>\n<td style=\"width: 50%;\">\u2264 40\u2103 (refroidi par l'eau)<\/td>\n<\/tr>\n<tr>\n<td style=\"width: 50%;\">Temp\u00e9rature ambiante: 15\u2103 (refroidi par air)<\/td>\n<\/tr>\n<tr>\n<td style=\"width: 50%;\">M\u00e9thode de refroidissement<\/td>\n<td style=\"width: 50%;\">Refroidissement par eau, refroidissement par air<\/td>\n<\/tr>\n<tr>\n<td style=\"width: 50%;\" rowspan=\"3\">Ajustement du d\u00e9bit volumique (facultatif)<\/td>\n<td style=\"width: 50%;\">Valve coulissante: 15 ~ 100%<\/td>\n<\/tr>\n<tr>\n<td style=\"width: 50%;\">Bypass de la vanne coulissante: 0 ~ 100%<\/td>\n<\/tr>\n<tr>\n<td style=\"width: 50%;\">Mouvement de fr\u00e9quence variable de la vanne coulissante: 10 ~ 100%<\/td>\n<\/tr>\n<tr>\n<td style=\"width: 50%;\">Qualit\u00e9 \u00e0 l'explosion<\/td>\n<td style=\"width: 50%;\">Ex IIBT4, Ex IICT4<\/td>\n<\/tr>\n<\/tbody>\n<\/table>\n<p style=\"text-align: center;\">Cas de projet<\/p>\n<p><img fetchpriority=\"high\" decoding=\"async\" class=\"wp-image-5244 aligncenter\" src=\"https:\/\/www.moonepc.com\/wp-content\/uploads\/2025\/07\/Project-Cases.jpg\" alt=\"Cas de projet\" width=\"1100\" height=\"1479\" srcset=\"https:\/\/www.moonepc.com\/wp-content\/uploads\/2025\/07\/Project-Cases.jpg 604w, https:\/\/www.moonepc.com\/wp-content\/uploads\/2025\/07\/Project-Cases-223x300.jpg 223w, https:\/\/www.moonepc.com\/wp-content\/uploads\/2025\/07\/Project-Cases-600x807.jpg 600w\" sizes=\"(max-width: 1100px) 100vw, 1100px\" \/><\/p>\n<div class=\"host-lopnbnfpjmgpbppclhclehhgafnifija\" style=\"position: relative; z-index: 2147483647;\"><\/div>","protected":false},"excerpt":{"rendered":"<p>vis CO \u2082  les compresseurs sont largement utilis\u00e9s dans les industries du p\u00e9trole, de la p\u00e9trochimie, du gaz naturel, du charbon, de la chimie, de l'ammoniac synth\u00e9tique, de la production d'\u00e9lectricit\u00e9, de l'acier et de la fermentation alimentaire pour la r\u00e9cup\u00e9ration et la compression du CO \u2082 gas. Ils sont des \u00e9quipements cl\u00e9s pour la production de CO de qualit\u00e9 industrielle ou alimentaire \u2082  et ont \u00e9t\u00e9 mis en \u0153uvre avec succ\u00e8s dans de multiples projets CCUS (Capture, Utilization et Stockage du Carbone).<br \/>\nPour r\u00e9pondre aux exigences strictes de qualit\u00e9 des lubrifiants de l'industrie alimentaire, les compresseurs sont \u00e9quip\u00e9s de lubrifiants de qualit\u00e9 alimentaire et de s\u00e9parateurs d'huile \u00e0 plusieurs \u00e9tapes pour r\u00e9duire efficacement la teneur en huile dans le CO \u2082  sortie de gaz. Cela garantit la conformit\u00e9 aux normes de s\u00e9curit\u00e9 alimentaire tout en maintenant un fonctionnement efficace et fiable.<\/p>\n<div class=\"host-lopnbnfpjmgpbppclhclehhgafnifija\" style=\"position: relative; z-index: 2147483647;\"><\/div>","protected":false},"featured_media":5242,"comment_status":"closed","ping_status":"closed","template":"","meta":[],"product_brand":[],"product_cat":[35],"product_tag":[],"class_list":{"0":"post-4535","1":"product","2":"type-product","3":"status-publish","4":"has-post-thumbnail","6":"product_cat-non-energy-gas-compression-equipment","8":"first","9":"instock","10":"shipping-taxable","11":"product-type-simple"},"_links":{"self":[{"href":"https:\/\/www.moonepc.com\/fr\/wp-json\/wp\/v2\/product\/4535","targetHints":{"allow":["GET"]}}],"collection":[{"href":"https:\/\/www.moonepc.com\/fr\/wp-json\/wp\/v2\/product"}],"about":[{"href":"https:\/\/www.moonepc.com\/fr\/wp-json\/wp\/v2\/types\/product"}],"replies":[{"embeddable":true,"href":"https:\/\/www.moonepc.com\/fr\/wp-json\/wp\/v2\/comments?post=4535"}],"wp:featuredmedia":[{"embeddable":true,"href":"https:\/\/www.moonepc.com\/fr\/wp-json\/wp\/v2\/media\/5242"}],"wp:attachment":[{"href":"https:\/\/www.moonepc.com\/fr\/wp-json\/wp\/v2\/media?parent=4535"}],"wp:term":[{"taxonomy":"product_brand","embeddable":true,"href":"https:\/\/www.moonepc.com\/fr\/wp-json\/wp\/v2\/product_brand?post=4535"},{"taxonomy":"product_cat","embeddable":true,"href":"https:\/\/www.moonepc.com\/fr\/wp-json\/wp\/v2\/product_cat?post=4535"},{"taxonomy":"product_tag","embeddable":true,"href":"https:\/\/www.moonepc.com\/fr\/wp-json\/wp\/v2\/product_tag?post=4535"}],"curies":[{"name":"WP","href":"https:\/\/api.w.org\/{rel}","templated":true}]}}