{"id":4538,"date":"2025-07-30T10:21:55","date_gmt":"2025-07-30T02:21:55","guid":{"rendered":"https:\/\/www.moonepc.com\/?post_type=product&#038;p=4538"},"modified":"2025-09-23T14:35:49","modified_gmt":"2025-09-23T06:35:49","slug":"helium-compressor-unit","status":"publish","type":"product","link":"https:\/\/www.moonepc.com\/fr\/helium-compressor-unit\/","title":{"rendered":"Unit\u00e9 compresseur h\u00e9lium"},"content":{"rendered":"<p style=\"text-align: center;\">Conditions applicables au produit<\/p>\n<table style=\"border-collapse: collapse; width: 100%; height: 264px;\">\n<tbody>\n<tr style=\"height: 24px;\">\n<td style=\"width: 50%; height: 24px;\">Pression d'aspiration<\/td>\n<td style=\"width: 50%; height: 24px;\">0,04-1,6 MPa(a)<\/td>\n<\/tr>\n<tr style=\"height: 24px;\">\n<td style=\"width: 50%; height: 24px;\">Pression de d\u00e9charge<\/td>\n<td style=\"width: 50%; height: 24px;\">0,1-2,5 MPa(a)<\/td>\n<\/tr>\n<tr style=\"height: 24px;\">\n<td style=\"width: 50%; height: 24px;\">Etape de compression<\/td>\n<td style=\"width: 50%; height: 24px;\">\u00c9tape unique, double \u00e9tage<\/td>\n<\/tr>\n<tr style=\"height: 24px;\">\n<td style=\"width: 50%; height: 24px;\">D\u00e9bit de volume<\/td>\n<td style=\"width: 50%; height: 24px;\">150 \u00e0 10000m\u00b3\/h<\/td>\n<\/tr>\n<tr style=\"height: 24px;\">\n<td style=\"width: 50%; height: 24px;\">Temp\u00e9rature d'aspiration<\/td>\n<td style=\"width: 50%; height: 24px;\">0~40\u2103<\/td>\n<\/tr>\n<tr style=\"height: 24px;\">\n<td style=\"width: 50%; height: 48px;\" rowspan=\"2\">Temp\u00e9rature de d\u00e9charge<\/td>\n<td style=\"width: 50%; height: 24px;\">\u2264 40\u2103 (refroidi par l'eau)<\/td>\n<\/tr>\n<tr style=\"height: 24px;\">\n<td style=\"width: 50%; height: 24px;\">Temp\u00e9rature ambiante: 15\u2103 (refroidi par air)<\/td>\n<\/tr>\n<tr style=\"height: 24px;\">\n<td style=\"width: 50%; height: 24px;\">M\u00e9thode de refroidissement<\/td>\n<td style=\"width: 50%; height: 24px;\">Refroidissement par eau, refroidissement par air<\/td>\n<\/tr>\n<tr style=\"height: 24px;\">\n<td style=\"width: 50%; height: 72px;\" rowspan=\"3\">Ajustement du d\u00e9bit volumique (facultatif)<\/td>\n<td style=\"width: 50%; height: 24px;\">Valve coulissante: 15 ~ 100%<\/td>\n<\/tr>\n<tr style=\"height: 24px;\">\n<td style=\"width: 50%; height: 24px;\">Bypass de la vanne coulissante: 0 ~ 100%<\/td>\n<\/tr>\n<tr style=\"height: 24px;\">\n<td style=\"width: 50%; height: 24px;\">Mouvement de fr\u00e9quence variable de la vanne coulissante: 10 ~ 100%<\/td>\n<\/tr>\n<\/tbody>\n<\/table>\n<div class=\"host-lopnbnfpjmgpbppclhclehhgafnifija\" style=\"position: relative; z-index: 2147483647;\"><\/div>","protected":false},"excerpt":{"rendered":"<p>Le compresseur d'h\u00e9lium est utilis\u00e9 dans la r\u00e9cup\u00e9ration d'h\u00e9lium \u00e0 partir du gaz naturel, la recherche sur la superconductivit\u00e9 cryog\u00e9nique et la production d'hydrog\u00e8ne liquide dans les processus cryog\u00e9niques. Il est con\u00e7u pour accueillir les fluctuations de la pression d'aspiration, de la pression de d\u00e9charge et du d\u00e9bit d'admission pendant le fonctionnement.<\/p>\n<p>\u00c9tant donn\u00e9 l'h\u00e9lium&#8217; petite taille mol\u00e9culaire et potentiel de fuite \u00e9lev\u00e9, le compresseur est sp\u00e9cialement con\u00e7u avec des caract\u00e9ristiques de conception avanc\u00e9es et des techniques de fabrication sp\u00e9cialis\u00e9es. Cela garantit que l'unit\u00e9 fonctionne efficacement, \u00e9conomise de l'\u00e9nergie et minimise le risque de fuite, ce qui en fait un choix fiable pour les applications industrielles et de recherche exigeantes.<\/p>\n<div class=\"host-lopnbnfpjmgpbppclhclehhgafnifija\" style=\"position: relative; z-index: 2147483647;\"><\/div>","protected":false},"featured_media":4537,"comment_status":"closed","ping_status":"closed","template":"","meta":[],"product_brand":[],"product_cat":[35],"product_tag":[],"class_list":{"0":"post-4538","1":"product","2":"type-product","3":"status-publish","4":"has-post-thumbnail","6":"product_cat-non-energy-gas-compression-equipment","8":"first","9":"instock","10":"shipping-taxable","11":"product-type-simple"},"_links":{"self":[{"href":"https:\/\/www.moonepc.com\/fr\/wp-json\/wp\/v2\/product\/4538","targetHints":{"allow":["GET"]}}],"collection":[{"href":"https:\/\/www.moonepc.com\/fr\/wp-json\/wp\/v2\/product"}],"about":[{"href":"https:\/\/www.moonepc.com\/fr\/wp-json\/wp\/v2\/types\/product"}],"replies":[{"embeddable":true,"href":"https:\/\/www.moonepc.com\/fr\/wp-json\/wp\/v2\/comments?post=4538"}],"wp:featuredmedia":[{"embeddable":true,"href":"https:\/\/www.moonepc.com\/fr\/wp-json\/wp\/v2\/media\/4537"}],"wp:attachment":[{"href":"https:\/\/www.moonepc.com\/fr\/wp-json\/wp\/v2\/media?parent=4538"}],"wp:term":[{"taxonomy":"product_brand","embeddable":true,"href":"https:\/\/www.moonepc.com\/fr\/wp-json\/wp\/v2\/product_brand?post=4538"},{"taxonomy":"product_cat","embeddable":true,"href":"https:\/\/www.moonepc.com\/fr\/wp-json\/wp\/v2\/product_cat?post=4538"},{"taxonomy":"product_tag","embeddable":true,"href":"https:\/\/www.moonepc.com\/fr\/wp-json\/wp\/v2\/product_tag?post=4538"}],"curies":[{"name":"WP","href":"https:\/\/api.w.org\/{rel}","templated":true}]}}